{"id":3410,"date":"2024-10-15T14:51:38","date_gmt":"2024-10-15T06:51:38","guid":{"rendered":"https:\/\/wxplastmachine.com\/?post_type=product&#038;p=3410"},"modified":"2024-10-15T14:51:38","modified_gmt":"2024-10-15T06:51:38","slug":"plastic-grass-silage-film-making-machine-forage-film-machine","status":"publish","type":"product","link":"https:\/\/wxplastmachine.com\/pt\/produto\/plastic-grass-silage-film-making-machine-forage-film-machine","title":{"rendered":"M\u00e1quina para produ\u00e7\u00e3o de pel\u00edcula de silagem de relva pl\u00e1stica M\u00e1quina para produ\u00e7\u00e3o de pel\u00edcula de forragem"},"content":{"rendered":"<p>A nossa m\u00e1quina est\u00e1 dispon\u00edvel para pel\u00edcula estir\u00e1vel, pel\u00edcula aderente e pel\u00edcula de silagem<\/p>\n<p>A erva pode ser embalada e selada por pel\u00edcula de silagem. E pode manter-se fresco durante mais de 3 anos.<\/p>\n<p>A forma de embrulhar a pel\u00edcula de silagem \u00e9 um feixe redondo. No in\u00edcio, a m\u00e1quina pressiona as plantas verdes com for\u00e7a e torna-as cil\u00edndricas. Depois, a m\u00e1quina de embrulhar vai envolv\u00ea-la firmemente com uma pel\u00edcula de silagem especial. As melhores vantagens da pel\u00edcula de silagem s\u00e3o as seguintes:<\/p>\n<p>1&gt; a qualidade das plantas verdes \u00e9 muito boa;<\/p>\n<p>2&gt; a velocidade de produ\u00e7\u00e3o \u00e9 r\u00e1pida;<\/p>\n<p>3&gt; a erva verde \u00e9 pressionada com muita for\u00e7a e o desempenho de veda\u00e7\u00e3o \u00e9 perfeito;<\/p>\n<p>4&gt; Todo o \u00e1cido l\u00e1tico pode ser totalmente fermentado.<\/p>\n<p>A m\u00e1quina para fabricar filme estir\u00e1vel utiliza principalmente material LLDPE, LDPE ou LLDPE reciclado para produzir filme de relva pegajoso de um lado ou de dois lados, filme estir\u00e1vel, filme pl\u00e1stico, filme estir\u00e1vel fundido, etc.<\/p>\n<p>Esta unidade \u00e9 baseada na nossa longa experi\u00eancia de fabrica\u00e7\u00e3o e opera\u00e7\u00e3o real do cliente, combinada com a alta tecnologia italiana e americana para produzir alta plasticidade, f\u00e1cil de operar, longa vida \u00fatil e m\u00e1quina de economia de energia. Esta m\u00e1quina \u00e9 adequada para fazer pel\u00edcula extens\u00edvel, pel\u00edcula aderente e pel\u00edcula de prote\u00e7\u00e3o. A largura de 20mm a 2000mm, camada \u00fanica a 2 camadas, 3 camadas, 5 camadas e assim por diante.<\/p>\n<p>&nbsp;<\/p>\n<p><strong><b>Personagens<\/b><\/strong><\/p>\n<table>\n<tbody>\n<tr>\n<td width=\"48.4200%\"><strong><b>Artigos<\/b><\/strong><\/td>\n<td width=\"51.5600%\"><strong><b>Utiliza\u00e7\u00e3o<\/b><\/strong><\/td>\n<\/tr>\n<tr>\n<td width=\"48.4200%\"><strong><b>1&gt;Corte e rebobinagem autom\u00e1ticos<\/b><\/strong><\/td>\n<td width=\"51.5600%\">Para cortar e rebobinar automaticamente a pel\u00edcula extens\u00edvel<\/td>\n<\/tr>\n<tr>\n<td width=\"48.4200%\"><strong><b>2&gt;PLC japon\u00eas da Mitsubishi com contagem e regula\u00e7\u00e3o de contadores<\/b><\/strong><\/td>\n<td width=\"51.5600%\">Os medidores da m\u00e1quina de pel\u00edcula extens\u00edvel podem ser mostrados claramente<\/td>\n<\/tr>\n<tr>\n<td width=\"48.4200%\"><strong><b>3&gt;Sub-m\u00e1quina Trilho de luz<\/b><\/strong><\/td>\n<td width=\"51.5600%\">Desloca\u00e7\u00e3o autom\u00e1tica da sub-m\u00e1quina para facilitar a limpeza da matriz em T<\/td>\n<\/tr>\n<tr>\n<td width=\"48.4200%\"><strong><b>4&gt;A sub-m\u00e1quina com sistema de balan\u00e7o<\/b><\/strong><\/td>\n<td width=\"51.5600%\">Tornar a pel\u00edcula extens\u00edvel mais uniforme e s\u00f3lida atrav\u00e9s da oscila\u00e7\u00e3o da sub-m\u00e1quina<\/td>\n<\/tr>\n<tr>\n<td width=\"48.4200%\"><strong><b>5&gt;Carregador autom\u00e1tico de material individual<\/b><\/strong><\/td>\n<td width=\"51.5600%\">Carregamento autom\u00e1tico de material<\/td>\n<\/tr>\n<tr>\n<td width=\"48.4200%\"><strong><b>6&gt;M\u00e1quina de reciclagem de materiais em linha<\/b><\/strong><\/td>\n<td width=\"51.5600%\">Reciclagem de material extra<\/td>\n<\/tr>\n<tr>\n<td width=\"48.4200%\"><strong><b>7&gt;1<\/b><\/strong><strong><b>ST<\/b><\/strong><strong><b>\u00a0Rolo de arrefecimento: \u03c6600mm;2<\/b><\/strong><strong><b>ND <\/b><\/strong><strong><b>tamanho do rolo de arrefecimento:\u03c6370MM<\/b><\/strong><\/td>\n<td width=\"51.5600%\">Assegurar um bom arrefecimento, adotar a tecnologia importada<\/td>\n<\/tr>\n<\/tbody>\n<\/table>\n<p><strong><b>T\u00e9cnica <\/b><\/strong><strong><b>Par\u00e2metros<\/b><\/strong><\/p>\n<table>\n<tbody>\n<tr>\n<td>Modelo<\/td>\n<td>WX-L\u03c655\/75\u00d71250<\/td>\n<\/tr>\n<tr>\n<td>Di\u00e2metro do parafuso<\/td>\n<td>\u03c655\/75mm<\/td>\n<\/tr>\n<tr>\n<td>ParafusoL \/ D<\/td>\n<td>30:1<\/td>\n<\/tr>\n<tr>\n<td>Velocidade do parafuso<\/td>\n<td>50-150rpm<\/td>\n<\/tr>\n<tr>\n<td>Largura<\/td>\n<td>1000mm ( 2x500mm )<\/td>\n<\/tr>\n<tr>\n<td>Pot\u00eancia total<\/td>\n<td>75kw<\/td>\n<\/tr>\n<tr>\n<td>Espessura<\/td>\n<td>0,01-0,05mm<\/td>\n<\/tr>\n<tr>\n<td>Capacidade<\/td>\n<td>80-150kg\/h<\/td>\n<\/tr>\n<tr>\n<td>Estrutura de camadas<\/td>\n<td>AB\/ABA<\/td>\n<\/tr>\n<tr>\n<td>Peso total<\/td>\n<td>8T<\/td>\n<\/tr>\n<tr>\n<td>Dimens\u00e3o (mm)<\/td>\n<td>(L)7500x(W)3000x(H)3400<\/td>\n<\/tr>\n<\/tbody>\n<\/table>\n<p><img fetchpriority=\"high\" decoding=\"async\" class=\"alignnone size-full wp-image-3411\" src=\"https:\/\/wxplastmachine.com\/wp-content\/uploads\/2024\/10\/\u5fae\u4fe1\u622a\u56fe_20241011102347.png\" alt=\"\" width=\"800\" height=\"800\" srcset=\"https:\/\/wxplastmachine.com\/wp-content\/uploads\/2024\/10\/\u5fae\u4fe1\u622a\u56fe_20241011102347.png 800w, https:\/\/wxplastmachine.com\/wp-content\/uploads\/2024\/10\/\u5fae\u4fe1\u622a\u56fe_20241011102347-300x300.png 300w, https:\/\/wxplastmachine.com\/wp-content\/uploads\/2024\/10\/\u5fae\u4fe1\u622a\u56fe_20241011102347-150x150.png 150w, https:\/\/wxplastmachine.com\/wp-content\/uploads\/2024\/10\/\u5fae\u4fe1\u622a\u56fe_20241011102347-768x768.png 768w, https:\/\/wxplastmachine.com\/wp-content\/uploads\/2024\/10\/\u5fae\u4fe1\u622a\u56fe_20241011102347-12x12.png 12w, https:\/\/wxplastmachine.com\/wp-content\/uploads\/2024\/10\/\u5fae\u4fe1\u622a\u56fe_20241011102347-600x600.png 600w, https:\/\/wxplastmachine.com\/wp-content\/uploads\/2024\/10\/\u5fae\u4fe1\u622a\u56fe_20241011102347-100x100.png 100w\" sizes=\"(max-width: 800px) 100vw, 800px\" \/><\/p>","protected":false},"excerpt":{"rendered":"<p>Our machine is available for\u00a0Stretch Film,Cling Film and Silage Film The grass can be packed and sealed by silage film. And it can keep it fresh for more than 3 years. The wrapping way of silage film is round bundle. At first, the machine will press the green plants tightly and make it cylindrically. And [&hellip;]<\/p>","protected":false},"featured_media":3412,"comment_status":"open","ping_status":"closed","template":"","meta":{"site-sidebar-layout":"default","site-content-layout":"","ast-site-content-layout":"default","site-content-style":"default","site-sidebar-style":"default","ast-global-header-display":"","ast-banner-title-visibility":"","ast-main-header-display":"","ast-hfb-above-header-display":"","ast-hfb-below-header-display":"","ast-hfb-mobile-header-display":"","site-post-title":"","ast-breadcrumbs-content":"","ast-featured-img":"","footer-sml-layout":"","theme-transparent-header-meta":"default","adv-header-id-meta":"","stick-header-meta":"","header-above-stick-meta":"","header-main-stick-meta":"","header-below-stick-meta":"","astra-migrate-meta-layouts":"set","ast-page-background-enabled":"default","ast-page-background-meta":{"desktop":{"background-color":"","background-image":"","background-repeat":"repeat","background-position":"center center","background-size":"auto","background-attachment":"scroll","background-type":"","background-media":"","overlay-type":"","overlay-color":"","overlay-gradient":""},"tablet":{"background-color":"","background-image":"","background-repeat":"repeat","background-position":"center center","background-size":"auto","background-attachment":"scroll","background-type":"","background-media":"","overlay-type":"","overlay-color":"","overlay-gradient":""},"mobile":{"background-color":"","background-image":"","background-repeat":"repeat","background-position":"center center","background-size":"auto","background-attachment":"scroll","background-type":"","background-media":"","overlay-type":"","overlay-color":"","overlay-gradient":""}},"ast-content-background-meta":{"desktop":{"background-color":"var(--ast-global-color-5)","background-image":"","background-repeat":"repeat","background-position":"center center","background-size":"auto","background-attachment":"scroll","background-type":"","background-media":"","overlay-type":"","overlay-color":"","overlay-gradient":""},"tablet":{"background-color":"var(--ast-global-color-5)","background-image":"","background-repeat":"repeat","background-position":"center center","background-size":"auto","background-attachment":"scroll","background-type":"","background-media":"","overlay-type":"","overlay-color":"","overlay-gradient":""},"mobile":{"background-color":"var(--ast-global-color-5)","background-image":"","background-repeat":"repeat","background-position":"center center","background-size":"auto","background-attachment":"scroll","background-type":"","background-media":"","overlay-type":"","overlay-color":"","overlay-gradient":""}}},"product_cat":[140],"product_tag":[],"jetpack_sharing_enabled":true,"_links":{"self":[{"href":"https:\/\/wxplastmachine.com\/pt\/wp-json\/wp\/v2\/product\/3410"}],"collection":[{"href":"https:\/\/wxplastmachine.com\/pt\/wp-json\/wp\/v2\/product"}],"about":[{"href":"https:\/\/wxplastmachine.com\/pt\/wp-json\/wp\/v2\/types\/product"}],"replies":[{"embeddable":true,"href":"https:\/\/wxplastmachine.com\/pt\/wp-json\/wp\/v2\/comments?post=3410"}],"wp:featuredmedia":[{"embeddable":true,"href":"https:\/\/wxplastmachine.com\/pt\/wp-json\/wp\/v2\/media\/3412"}],"wp:attachment":[{"href":"https:\/\/wxplastmachine.com\/pt\/wp-json\/wp\/v2\/media?parent=3410"}],"wp:term":[{"taxonomy":"product_cat","embeddable":true,"href":"https:\/\/wxplastmachine.com\/pt\/wp-json\/wp\/v2\/product_cat?post=3410"},{"taxonomy":"product_tag","embeddable":true,"href":"https:\/\/wxplastmachine.com\/pt\/wp-json\/wp\/v2\/product_tag?post=3410"}],"curies":[{"name":"wp","href":"https:\/\/api.w.org\/{rel}","templated":true}]}}