{"id":3413,"date":"2024-10-15T15:11:43","date_gmt":"2024-10-15T07:11:43","guid":{"rendered":"https:\/\/wxplastmachine.com\/?post_type=product&#038;p=3413"},"modified":"2024-10-15T15:11:43","modified_gmt":"2024-10-15T07:11:43","slug":"pvc-cling-film-fresh-keeping-film-clear-wrapping-film-extrusion-machine","status":"publish","type":"product","link":"https:\/\/wxplastmachine.com\/pt\/produto\/pvc-cling-film-fresh-keeping-film-clear-wrapping-film-extrusion-machine","title":{"rendered":"M\u00e1quina de extrus\u00e3o de pel\u00edcula aderente de PVC\/filme de conserva\u00e7\u00e3o fresco\/m\u00e1quina de embalagem transparente"},"content":{"rendered":"<p>Com cloreto de polivinilo (PVC) como a principal mat\u00e9ria-prima, plastificante, estabilizador, agente anti-embaciamento, \u00f3leo de soja como ingredientes para a rea\u00e7\u00e3o de polimeriza\u00e7\u00e3o, a m\u00e1quina de pel\u00edcula aderente de PVC pode fabricar boa transpar\u00eancia, alta resist\u00eancia \u00e0 tra\u00e7\u00e3o, pel\u00edcula aderente auto-adesiva de PVC para alimentos. V\u00e1rias mat\u00e9rias-primas s\u00e3o misturadas em propor\u00e7\u00e3o num misturador preciso de PVC de pesagem autom\u00e1tica de alta e baixa temperatura. Ap\u00f3s a mistura, o material arrefece e entra no motor principal. Na m\u00e1quina principal, o parafuso do barril \u00e9 aquecido e a mat\u00e9ria-prima \u00e9 derretida e plastificada para extrudir pel\u00edcula aderente de alta qualidade atrav\u00e9s da cabe\u00e7a da pel\u00edcula.<\/p>\n<p><strong><b>ESPECIFICA\u00c7\u00d5ES DO PRODUTO<\/b><\/strong><\/p>\n<table>\n<tbody>\n<tr>\n<td width=\"31.1000%\">Modelo<\/td>\n<td width=\"22.0800%\">WX-1200mm<\/td>\n<td width=\"23.3800%\">WX-1600mm<\/td>\n<td width=\"23.3800%\">WX-1800mm<\/td>\n<\/tr>\n<tr>\n<td width=\"31.1000%\">Di\u00e2metro do parafuso<\/td>\n<td width=\"22.0800%\">90mm<\/td>\n<td width=\"23.3800%\">105 mm<\/td>\n<td width=\"23.3800%\">115 mm<\/td>\n<\/tr>\n<tr>\n<td width=\"31.1000%\">Parafuso L:D<\/td>\n<td width=\"22.0800%\">30:1<\/td>\n<td width=\"23.3800%\">30:1<\/td>\n<td width=\"23.3800%\">30:1<\/td>\n<\/tr>\n<tr>\n<td width=\"31.1000%\">Largura da matriz<\/td>\n<td width=\"22.0800%\">1700 mm<\/td>\n<td width=\"23.3800%\">2150mm<\/td>\n<td width=\"23.3800%\">2350mm<\/td>\n<\/tr>\n<tr>\n<td width=\"31.1000%\">Espessura<\/td>\n<td width=\"22.0800%\">0,009-0,05mm<\/td>\n<td width=\"23.3800%\">0,009-0,05mm<\/td>\n<td width=\"23.3800%\">0,009-0,05mm<\/td>\n<\/tr>\n<tr>\n<td width=\"31.1000%\">Estrutura das camadas de pel\u00edcula<\/td>\n<td width=\"22.0800%\">Uma camada<\/td>\n<td width=\"23.3800%\">Uma camada<\/td>\n<td width=\"23.3800%\">Uma camada<\/td>\n<\/tr>\n<tr>\n<td width=\"31.1000%\">Velocidade de tra\u00e7\u00e3o<\/td>\n<td width=\"22.0800%\">0-150m\/min<\/td>\n<td width=\"23.3800%\">0-200m\/min<\/td>\n<td width=\"23.3800%\">0-250m\/min<\/td>\n<\/tr>\n<tr>\n<td width=\"31.1000%\">Sa\u00edda<\/td>\n<td width=\"22.0800%\">130kg\/h<\/td>\n<td width=\"23.3800%\">280kg\/h<\/td>\n<td width=\"23.3800%\">350kg\/h<\/td>\n<\/tr>\n<tr>\n<td width=\"31.1000%\">Pot\u00eancia total<\/td>\n<td width=\"22.0800%\">250KW<\/td>\n<td width=\"23.3800%\">280KW<\/td>\n<td width=\"23.3800%\">300KW<\/td>\n<\/tr>\n<tr>\n<td width=\"31.1000%\">Peso<\/td>\n<td width=\"22.0800%\">23000kg<\/td>\n<td width=\"23.3800%\">28000kg<\/td>\n<td width=\"23.3800%\">33000kg<\/td>\n<\/tr>\n<tr>\n<td width=\"31.1000%\">Dimens\u00e3o<\/td>\n<td width=\"22.0800%\">13000*8000*4800mm<\/td>\n<td width=\"23.3800%\">15000*10000*4800mm<\/td>\n<td width=\"23.3800%\">15000*10000*4800mm<\/td>\n<\/tr>\n<\/tbody>\n<\/table>","protected":false},"excerpt":{"rendered":"<p>With polyvinyl chloride(PVC) as the main raw material, plasticizer, stabilizer, anti-fogging agent, soybean oil as ingredients for polymerization reaction, PVC Cling Film Machine can manufacture good transparency, high tensile strength, self-adhesive PVC food cling film. Various raw materials are mixed in proportion in a precise PVC automatic weighing high and low temperature mixer. After mixing, [&hellip;]<\/p>","protected":false},"featured_media":3414,"comment_status":"open","ping_status":"closed","template":"","meta":{"site-sidebar-layout":"default","site-content-layout":"","ast-site-content-layout":"default","site-content-style":"default","site-sidebar-style":"default","ast-global-header-display":"","ast-banner-title-visibility":"","ast-main-header-display":"","ast-hfb-above-header-display":"","ast-hfb-below-header-display":"","ast-hfb-mobile-header-display":"","site-post-title":"","ast-breadcrumbs-content":"","ast-featured-img":"","footer-sml-layout":"","theme-transparent-header-meta":"default","adv-header-id-meta":"","stick-header-meta":"","header-above-stick-meta":"","header-main-stick-meta":"","header-below-stick-meta":"","astra-migrate-meta-layouts":"set","ast-page-background-enabled":"default","ast-page-background-meta":{"desktop":{"background-color":"","background-image":"","background-repeat":"repeat","background-position":"center center","background-size":"auto","background-attachment":"scroll","background-type":"","background-media":"","overlay-type":"","overlay-color":"","overlay-gradient":""},"tablet":{"background-color":"","background-image":"","background-repeat":"repeat","background-position":"center center","background-size":"auto","background-attachment":"scroll","background-type":"","background-media":"","overlay-type":"","overlay-color":"","overlay-gradient":""},"mobile":{"background-color":"","background-image":"","background-repeat":"repeat","background-position":"center center","background-size":"auto","background-attachment":"scroll","background-type":"","background-media":"","overlay-type":"","overlay-color":"","overlay-gradient":""}},"ast-content-background-meta":{"desktop":{"background-color":"var(--ast-global-color-5)","background-image":"","background-repeat":"repeat","background-position":"center center","background-size":"auto","background-attachment":"scroll","background-type":"","background-media":"","overlay-type":"","overlay-color":"","overlay-gradient":""},"tablet":{"background-color":"var(--ast-global-color-5)","background-image":"","background-repeat":"repeat","background-position":"center center","background-size":"auto","background-attachment":"scroll","background-type":"","background-media":"","overlay-type":"","overlay-color":"","overlay-gradient":""},"mobile":{"background-color":"var(--ast-global-color-5)","background-image":"","background-repeat":"repeat","background-position":"center center","background-size":"auto","background-attachment":"scroll","background-type":"","background-media":"","overlay-type":"","overlay-color":"","overlay-gradient":""}}},"product_cat":[141],"product_tag":[],"jetpack_sharing_enabled":true,"_links":{"self":[{"href":"https:\/\/wxplastmachine.com\/pt\/wp-json\/wp\/v2\/product\/3413"}],"collection":[{"href":"https:\/\/wxplastmachine.com\/pt\/wp-json\/wp\/v2\/product"}],"about":[{"href":"https:\/\/wxplastmachine.com\/pt\/wp-json\/wp\/v2\/types\/product"}],"replies":[{"embeddable":true,"href":"https:\/\/wxplastmachine.com\/pt\/wp-json\/wp\/v2\/comments?post=3413"}],"wp:featuredmedia":[{"embeddable":true,"href":"https:\/\/wxplastmachine.com\/pt\/wp-json\/wp\/v2\/media\/3414"}],"wp:attachment":[{"href":"https:\/\/wxplastmachine.com\/pt\/wp-json\/wp\/v2\/media?parent=3413"}],"wp:term":[{"taxonomy":"product_cat","embeddable":true,"href":"https:\/\/wxplastmachine.com\/pt\/wp-json\/wp\/v2\/product_cat?post=3413"},{"taxonomy":"product_tag","embeddable":true,"href":"https:\/\/wxplastmachine.com\/pt\/wp-json\/wp\/v2\/product_tag?post=3413"}],"curies":[{"name":"wp","href":"https:\/\/api.w.org\/{rel}","templated":true}]}}