{"id":3542,"date":"2024-10-16T16:43:37","date_gmt":"2024-10-16T08:43:37","guid":{"rendered":"https:\/\/wxplastmachine.com\/?post_type=product&#038;p=3542"},"modified":"2024-10-16T16:43:37","modified_gmt":"2024-10-16T08:43:37","slug":"two-rolls-garbage-bag-t-shirt-vest-bag-flat-bag-rolling-bag-making-machine","status":"publish","type":"product","link":"https:\/\/wxplastmachine.com\/pt\/produto\/two-rolls-garbage-bag-t-shirt-vest-bag-flat-bag-rolling-bag-making-machine","title":{"rendered":"Saco de lixo de dois rolos Saco de colete de t-shirt Saco plano Saco de rolamento M\u00e1quina de fazer saco"},"content":{"rendered":"<p>Modelo\uff1aWX-A500<br \/>\nNome do produto: M\u00e1quina para fabrica\u00e7\u00e3o de saco pl\u00e1stico de camada dupla (com e sem n\u00facleo, camiseta e plano)<\/p>\n<p>Esta m\u00e1quina para fabricar sacos de enrolar \u00e9 uma m\u00e1quina de enrolar especialmente concebida para sacos planos e de colete, \u00e9 controlada por um computador, o sistema de regula\u00e7\u00e3o do comprimento por passos (servo) reduz os erros nas dimens\u00f5es de corte e selagem, e a instala\u00e7\u00e3o de olhos fotoel\u00e9ctricos ajuda a definir a posi\u00e7\u00e3o da figura dos sacos de impress\u00e3o com precis\u00e3o, o controlo num\u00e9rico do computador pode ser selecionado para ajustar o comprimento do saco, a m\u00e1quina p\u00e1ra automaticamente e emite um aviso sonoro se houver algo de errado com os sacos de impress\u00e3o.<\/p>\n<p><strong><b>Carater\u00edsticas principais<\/b><\/strong><strong><b>:<\/b><\/strong><\/p>\n<p>1) Entrega em conjunto completo, sem necessidade de instala\u00e7\u00e3o e de f\u00e1cil manuten\u00e7\u00e3o.<\/p>\n<p>2) Ado\u00e7\u00e3o de componentes avan\u00e7ados de marca de alta qualidade em pe\u00e7as pneum\u00e1ticas, pe\u00e7as el\u00e9ctricas e pe\u00e7as de funcionamento.<\/p>\n<p>3) Configura\u00e7\u00e3o computorizada ou PLc com opera\u00e7\u00e3o f\u00e1cil.<\/p>\n<p>4) Funcionamento em alta automatiza\u00e7\u00e3o e intelectualiza\u00e7\u00e3o, sem desperd\u00edcio de filme.<\/p>\n<p>5) Funcionamento est\u00e1vel a alta velocidade, funcionando sem ru\u00eddo.<\/p>\n<p>6) Perfura\u00e7\u00e3o autom\u00e1tica<\/p>\n<p>7) Carregador de material autom\u00e1tico ou carregador de material manual<\/p>\n<p>8) Facas de corte e de selagem em liga dura de alta qualidade<\/p>\n<p>9) Garantia de 1 ano para pe\u00e7as sobressalentes gratuitas<\/p>\n<p>10) F\u00e1brica feita direact venda com melhor pre\u00e7o e melhor servi\u00e7o.<\/p>\n<p><strong><b>Principais par\u00e2metros t\u00e9cnicos<\/b><\/strong><strong><b>:<\/b><\/strong><\/p>\n<table>\n<tbody>\n<tr>\n<td width=\"22.3800%\">Modelo<\/td>\n<td width=\"77.6000%\">WX-A500<\/td>\n<\/tr>\n<tr>\n<td width=\"22.3800%\">Material adequado<\/td>\n<td width=\"77.6000%\">\u00a0HDPE\/LDPE\/LLDPE<\/td>\n<\/tr>\n<tr>\n<td width=\"22.3800%\">Camada<\/td>\n<td width=\"77.6000%\">Camadas duplas<\/td>\n<\/tr>\n<tr>\n<td width=\"22.3800%\">Tipo de saco<\/td>\n<td width=\"77.6000%\">Sacos de n\u00facleo\/coroa\/camisola\/sacos de rolo planos (sacos do lixo)<\/td>\n<\/tr>\n<tr>\n<td width=\"22.3800%\">Largura de corte<\/td>\n<td width=\"77.6000%\">60-400 mm<\/td>\n<\/tr>\n<tr>\n<td width=\"22.3800%\">Comprimento de corte<\/td>\n<td width=\"77.6000%\">100-1200mm<\/td>\n<\/tr>\n<tr>\n<td width=\"22.3800%\">Capacidade<\/td>\n<td width=\"77.6000%\">30-150 pe\u00e7as\/min*2 camadas<\/td>\n<\/tr>\n<tr>\n<td width=\"22.3800%\">Motor principal<\/td>\n<td width=\"77.6000%\">1,5kw<\/td>\n<\/tr>\n<tr>\n<td width=\"22.3800%\">Tamanho da m\u00e1quina<\/td>\n<td width=\"77.6000%\">4000*1300*1800mm<\/td>\n<\/tr>\n<tr>\n<td width=\"22.3800%\">Pot\u00eancia total<\/td>\n<td width=\"77.6000%\">5kw<\/td>\n<\/tr>\n<tr>\n<td width=\"22.3800%\">Peso da m\u00e1quina<\/td>\n<td width=\"77.6000%\">1000kg<\/td>\n<\/tr>\n<tr>\n<td width=\"22.3800%\">Tens\u00e3o<\/td>\n<td width=\"77.6000%\">Monof\u00e1sico, 220V\/50HZ (pode ser personalizado)<\/td>\n<\/tr>\n<\/tbody>\n<\/table>\n<p><strong><b>FAQ:<\/b><\/strong><\/p>\n<p>1. como sobre a garantia de seus produtos?<br \/>\nUm ano (12 meses) de garantia ser\u00e1 fornecido a partir da data de chegada do contentor \u00e0 f\u00e1brica do cliente. Se as pe\u00e7as da m\u00e1quina estiverem avariadas devido a problemas de qualidade dentro do per\u00edodo de garantia, enviaremos uma nova pe\u00e7a gratuitamente (qualquer uso indevido artificial ou destrui\u00e7\u00e3o n\u00e3o est\u00e1 inclu\u00eddo na limita\u00e7\u00e3o da Garantia de Qualidade).<\/p>\n<p>2. quais s\u00e3o as vossas condi\u00e7\u00f5es de pagamento e de entrega?<br \/>\nPrazo de pagamento:<br \/>\n1) T\/T, 30% como pr\u00e9-pago, 70% antes da entrega<br \/>\n2) L\/C, 30% por T\/T ,70% como L\/C \u00e0 vista<br \/>\nPrazo de entrega: O prazo normal \u00e9 de 30-40 dias \u00fateis<\/p>\n<p>3. que apoio t\u00e9cnico podemos obter se encomendarmos m\u00e1quinas?<br \/>\nPodemos fornecer desenhos de instala\u00e7\u00e3o, instru\u00e7\u00f5es b\u00e1sicas de funcionamento, explica\u00e7\u00e3o de funcionamento atrav\u00e9s de v\u00eddeo e fotografias, videochamada online para apoio t\u00e9cnico, se necess\u00e1rio.<\/p>\n<p><img fetchpriority=\"high\" decoding=\"async\" class=\"alignnone  wp-image-3549\" src=\"https:\/\/wxplastmachine.com\/wp-content\/uploads\/2024\/10\/\u5fae\u4fe1\u622a\u56fe_20240914092629.png\" alt=\"\" width=\"637\" height=\"637\" srcset=\"https:\/\/wxplastmachine.com\/wp-content\/uploads\/2024\/10\/\u5fae\u4fe1\u622a\u56fe_20240914092629.png 800w, https:\/\/wxplastmachine.com\/wp-content\/uploads\/2024\/10\/\u5fae\u4fe1\u622a\u56fe_20240914092629-300x300.png 300w, https:\/\/wxplastmachine.com\/wp-content\/uploads\/2024\/10\/\u5fae\u4fe1\u622a\u56fe_20240914092629-150x150.png 150w, https:\/\/wxplastmachine.com\/wp-content\/uploads\/2024\/10\/\u5fae\u4fe1\u622a\u56fe_20240914092629-768x768.png 768w, https:\/\/wxplastmachine.com\/wp-content\/uploads\/2024\/10\/\u5fae\u4fe1\u622a\u56fe_20240914092629-12x12.png 12w, https:\/\/wxplastmachine.com\/wp-content\/uploads\/2024\/10\/\u5fae\u4fe1\u622a\u56fe_20240914092629-600x600.png 600w, https:\/\/wxplastmachine.com\/wp-content\/uploads\/2024\/10\/\u5fae\u4fe1\u622a\u56fe_20240914092629-100x100.png 100w\" sizes=\"(max-width: 637px) 100vw, 637px\" \/><img decoding=\"async\" class=\"alignnone  wp-image-3555\" src=\"https:\/\/wxplastmachine.com\/wp-content\/uploads\/2024\/10\/\u5fae\u4fe1\u622a\u56fe_20240914092336.jpg\" alt=\"\" width=\"557\" height=\"292\" srcset=\"https:\/\/wxplastmachine.com\/wp-content\/uploads\/2024\/10\/\u5fae\u4fe1\u622a\u56fe_20240914092336.jpg 585w, https:\/\/wxplastmachine.com\/wp-content\/uploads\/2024\/10\/\u5fae\u4fe1\u622a\u56fe_20240914092336-300x157.jpg 300w, https:\/\/wxplastmachine.com\/wp-content\/uploads\/2024\/10\/\u5fae\u4fe1\u622a\u56fe_20240914092336-18x9.jpg 18w\" sizes=\"(max-width: 557px) 100vw, 557px\" \/> <img decoding=\"async\" class=\"alignnone  wp-image-3556\" src=\"https:\/\/wxplastmachine.com\/wp-content\/uploads\/2024\/10\/\u5fae\u4fe1\u622a\u56fe_20240914092656.jpg\" alt=\"\" width=\"557\" height=\"560\" srcset=\"https:\/\/wxplastmachine.com\/wp-content\/uploads\/2024\/10\/\u5fae\u4fe1\u622a\u56fe_20240914092656.jpg 578w, https:\/\/wxplastmachine.com\/wp-content\/uploads\/2024\/10\/\u5fae\u4fe1\u622a\u56fe_20240914092656-298x300.jpg 298w, https:\/\/wxplastmachine.com\/wp-content\/uploads\/2024\/10\/\u5fae\u4fe1\u622a\u56fe_20240914092656-150x150.jpg 150w, https:\/\/wxplastmachine.com\/wp-content\/uploads\/2024\/10\/\u5fae\u4fe1\u622a\u56fe_20240914092656-12x12.jpg 12w, https:\/\/wxplastmachine.com\/wp-content\/uploads\/2024\/10\/\u5fae\u4fe1\u622a\u56fe_20240914092656-100x100.jpg 100w\" sizes=\"(max-width: 557px) 100vw, 557px\" \/><\/p>","protected":false},"excerpt":{"rendered":"<p>Model\uff1aWX-A500 Product Name\uff1aDouble layer plastic rolling bag making machine (Core &amp; coreless ,T-shirt&amp;Flat ) This Rolling\u00a0Bag Making machine a specially-designed point-cut rolling dual-purpose for vest &amp; flat bags,is controlled by a computer, the step(servo) setting length system reduces the sealing-cutting dimensions errors, and the installation of photoelectric eyes track help make the position of figure [&hellip;]<\/p>","protected":false},"featured_media":3544,"comment_status":"open","ping_status":"closed","template":"","meta":{"site-sidebar-layout":"default","site-content-layout":"","ast-site-content-layout":"default","site-content-style":"default","site-sidebar-style":"default","ast-global-header-display":"","ast-banner-title-visibility":"","ast-main-header-display":"","ast-hfb-above-header-display":"","ast-hfb-below-header-display":"","ast-hfb-mobile-header-display":"","site-post-title":"","ast-breadcrumbs-content":"","ast-featured-img":"","footer-sml-layout":"","theme-transparent-header-meta":"default","adv-header-id-meta":"","stick-header-meta":"","header-above-stick-meta":"","header-main-stick-meta":"","header-below-stick-meta":"","astra-migrate-meta-layouts":"set","ast-page-background-enabled":"default","ast-page-background-meta":{"desktop":{"background-color":"","background-image":"","background-repeat":"repeat","background-position":"center center","background-size":"auto","background-attachment":"scroll","background-type":"","background-media":"","overlay-type":"","overlay-color":"","overlay-gradient":""},"tablet":{"background-color":"","background-image":"","background-repeat":"repeat","background-position":"center center","background-size":"auto","background-attachment":"scroll","background-type":"","background-media":"","overlay-type":"","overlay-color":"","overlay-gradient":""},"mobile":{"background-color":"","background-image":"","background-repeat":"repeat","background-position":"center center","background-size":"auto","background-attachment":"scroll","background-type":"","background-media":"","overlay-type":"","overlay-color":"","overlay-gradient":""}},"ast-content-background-meta":{"desktop":{"background-color":"var(--ast-global-color-5)","background-image":"","background-repeat":"repeat","background-position":"center center","background-size":"auto","background-attachment":"scroll","background-type":"","background-media":"","overlay-type":"","overlay-color":"","overlay-gradient":""},"tablet":{"background-color":"var(--ast-global-color-5)","background-image":"","background-repeat":"repeat","background-position":"center center","background-size":"auto","background-attachment":"scroll","background-type":"","background-media":"","overlay-type":"","overlay-color":"","overlay-gradient":""},"mobile":{"background-color":"var(--ast-global-color-5)","background-image":"","background-repeat":"repeat","background-position":"center center","background-size":"auto","background-attachment":"scroll","background-type":"","background-media":"","overlay-type":"","overlay-color":"","overlay-gradient":""}}},"product_cat":[176,181,144],"product_tag":[],"jetpack_sharing_enabled":true,"_links":{"self":[{"href":"https:\/\/wxplastmachine.com\/pt\/wp-json\/wp\/v2\/product\/3542"}],"collection":[{"href":"https:\/\/wxplastmachine.com\/pt\/wp-json\/wp\/v2\/product"}],"about":[{"href":"https:\/\/wxplastmachine.com\/pt\/wp-json\/wp\/v2\/types\/product"}],"replies":[{"embeddable":true,"href":"https:\/\/wxplastmachine.com\/pt\/wp-json\/wp\/v2\/comments?post=3542"}],"wp:featuredmedia":[{"embeddable":true,"href":"https:\/\/wxplastmachine.com\/pt\/wp-json\/wp\/v2\/media\/3544"}],"wp:attachment":[{"href":"https:\/\/wxplastmachine.com\/pt\/wp-json\/wp\/v2\/media?parent=3542"}],"wp:term":[{"taxonomy":"product_cat","embeddable":true,"href":"https:\/\/wxplastmachine.com\/pt\/wp-json\/wp\/v2\/product_cat?post=3542"},{"taxonomy":"product_tag","embeddable":true,"href":"https:\/\/wxplastmachine.com\/pt\/wp-json\/wp\/v2\/product_tag?post=3542"}],"curies":[{"name":"wp","href":"https:\/\/api.w.org\/{rel}","templated":true}]}}