{"id":3597,"date":"2024-10-17T10:28:53","date_gmt":"2024-10-17T02:28:53","guid":{"rendered":"https:\/\/wxplastmachine.com\/?post_type=product&#038;p=3597"},"modified":"2024-10-17T10:28:53","modified_gmt":"2024-10-17T02:28:53","slug":"high-speed-kraft-paper-air-bubble-courier-mailer-envelope-bag-making-machine","status":"publish","type":"product","link":"https:\/\/wxplastmachine.com\/pt\/produto\/high-speed-kraft-paper-air-bubble-courier-mailer-envelope-bag-making-machine","title":{"rendered":"M\u00e1quina para fabricar saco de envelope de papel bolha de alta velocidade para correio"},"content":{"rendered":"<p>A m\u00e1quina para fabrica\u00e7\u00e3o de envelope de pl\u00e1stico bolha \u00e9 especial para espuma epe, saco de pl\u00e1stico bolha que \u00e9 amplamente utilizado como sacos \u00e0 prova de choque, embalagem de produtos fr\u00e1geis. Esta m\u00e1quina \u00e9 usada para fazer saco envelope de bolha de ar laminado de papel\/kraft\/filme, que tipo de sacos s\u00e3o amplamente utilizados para proteger produtos e enviar.<\/p>\n<p><strong><b>M\u00e1quina para Fabrica\u00e7\u00e3o de Saco de Pl\u00e1stico BolhaPar\u00e2metros T\u00e9cnicos\uff1a<\/b><\/strong><\/p>\n<p>1. sacos adequados: Poli bolha de ar e Kraft bolha de ar.<\/p>\n<p>(A m\u00e1quina pode fazer lamina\u00e7\u00e3o e dobrar envelope de bolha de veda\u00e7\u00e3o de dois lados).<\/p>\n<p>2. velocidade de execu\u00e7\u00e3o mec\u00e2nica: 90 pcs\/min<\/p>\n<p>(A velocidade real de fabrico dos sacos pode variar consoante o tamanho dos sacos, a espessura dos materiais e o tempo de fus\u00e3o).<\/p>\n<p>3. Largura m\u00e1xima do saco:<\/p>\n<p>Uma linha: 800 mm (incluindo a aba do envelope)<\/p>\n<p>Linha dupla: 400 mm (incluindo a aba do envelope)<\/p>\n<p>4. comprimento m\u00e1ximo do saco:    400mm<\/p>\n<p>5. largura m\u00e1xima de desenrolamento: papel ou filme: 1400mm bolha 1350mm<\/p>\n<p>6. di\u00e2metro m\u00e1ximo de desenrolamento: papel ou filme \u03a6800mm, bolha \u03a61300mm<\/p>\n<p>7. peso da m\u00e1quina: 8500kg<\/p>\n<p>8. dimens\u00e3o total: 23000X2600X2400mm (L\u00d7W\u00d7H)<\/p>\n<p>9. pot\u00eancia necess\u00e1ria: 80KW<\/p>\n<p>10. tens\u00e3o: trif\u00e1sica a cinco fios, AC 380V 50Hz<\/p>\n<p>(tr\u00eas linhas de disparo, uma linha nula, um fio de terra)<\/p>\n<p><strong><b>M\u00e1quina para Fabrica\u00e7\u00e3o de Saco de Pl\u00e1stico Bolha Configura\u00e7\u00e3o principal\uff1a<\/b><\/strong><\/p>\n<p>1.CONTROLO INFORM\u00c1TICO<\/p>\n<p>2. cortador<\/p>\n<p>3. puxar material<\/p>\n<p>4. colagem<\/p>\n<p>5. a principal fun\u00e7\u00e3o do motor principal \u00e9 moldar o material composto por aquecimento, prensagem e selagem.<\/p>\n<p>6. parte dobr\u00e1vel<\/p>\n<p>7. parte de alimenta\u00e7\u00e3o<\/p>\n<p><strong><b>FAQ:<\/b><\/strong><\/p>\n<p>1. como sobre a garantia de seus produtos?<br \/>\nUm ano (12 meses) de garantia ser\u00e1 fornecido a partir da data de chegada do contentor \u00e0 f\u00e1brica do cliente. Se as pe\u00e7as da m\u00e1quina estiverem avariadas devido a problemas de qualidade dentro do per\u00edodo de garantia, enviaremos uma nova pe\u00e7a gratuitamente (qualquer uso indevido artificial ou destrui\u00e7\u00e3o n\u00e3o est\u00e1 inclu\u00eddo na limita\u00e7\u00e3o da Garantia de Qualidade).<\/p>\n<p>2. quais s\u00e3o as vossas condi\u00e7\u00f5es de pagamento e de entrega?<br \/>\nPrazo de pagamento:<br \/>\n1) T\/T, 30% como pr\u00e9-pago, 70% antes da entrega<br \/>\n2) L\/C, 30% por T\/T ,70% como L\/C \u00e0 vista<br \/>\nPrazo de entrega: O prazo normal \u00e9 de 30-40 dias \u00fateis<\/p>\n<p>3. que apoio t\u00e9cnico podemos obter se encomendarmos m\u00e1quinas?<br \/>\nPodemos fornecer desenhos de instala\u00e7\u00e3o, instru\u00e7\u00f5es b\u00e1sicas de funcionamento, explica\u00e7\u00e3o de funcionamento atrav\u00e9s de v\u00eddeo e fotografias, videochamada online para apoio t\u00e9cnico, se necess\u00e1rio.<\/p>","protected":false},"excerpt":{"rendered":"<p>Air bubble film envelop making machine is special for epe foam, air bubble film bag which widely used as shockproof bags, fragile products packing. This machine is used for making paper\/kraft\/film laminated bubble envelope bag, which kind of bags are widely used for protect products and mailing. Air Bubble Bag Making MachineTechnical Parameters\uff1a 1.Suitable bags: [&hellip;]<\/p>","protected":false},"featured_media":3598,"comment_status":"open","ping_status":"closed","template":"","meta":{"site-sidebar-layout":"default","site-content-layout":"","ast-site-content-layout":"default","site-content-style":"default","site-sidebar-style":"default","ast-global-header-display":"","ast-banner-title-visibility":"","ast-main-header-display":"","ast-hfb-above-header-display":"","ast-hfb-below-header-display":"","ast-hfb-mobile-header-display":"","site-post-title":"","ast-breadcrumbs-content":"","ast-featured-img":"","footer-sml-layout":"","theme-transparent-header-meta":"default","adv-header-id-meta":"","stick-header-meta":"","header-above-stick-meta":"","header-main-stick-meta":"","header-below-stick-meta":"","astra-migrate-meta-layouts":"set","ast-page-background-enabled":"default","ast-page-background-meta":{"desktop":{"background-color":"","background-image":"","background-repeat":"repeat","background-position":"center center","background-size":"auto","background-attachment":"scroll","background-type":"","background-media":"","overlay-type":"","overlay-color":"","overlay-gradient":""},"tablet":{"background-color":"","background-image":"","background-repeat":"repeat","background-position":"center center","background-size":"auto","background-attachment":"scroll","background-type":"","background-media":"","overlay-type":"","overlay-color":"","overlay-gradient":""},"mobile":{"background-color":"","background-image":"","background-repeat":"repeat","background-position":"center center","background-size":"auto","background-attachment":"scroll","background-type":"","background-media":"","overlay-type":"","overlay-color":"","overlay-gradient":""}},"ast-content-background-meta":{"desktop":{"background-color":"var(--ast-global-color-5)","background-image":"","background-repeat":"repeat","background-position":"center center","background-size":"auto","background-attachment":"scroll","background-type":"","background-media":"","overlay-type":"","overlay-color":"","overlay-gradient":""},"tablet":{"background-color":"var(--ast-global-color-5)","background-image":"","background-repeat":"repeat","background-position":"center center","background-size":"auto","background-attachment":"scroll","background-type":"","background-media":"","overlay-type":"","overlay-color":"","overlay-gradient":""},"mobile":{"background-color":"var(--ast-global-color-5)","background-image":"","background-repeat":"repeat","background-position":"center center","background-size":"auto","background-attachment":"scroll","background-type":"","background-media":"","overlay-type":"","overlay-color":"","overlay-gradient":""}}},"product_cat":[185,144],"product_tag":[],"jetpack_sharing_enabled":true,"_links":{"self":[{"href":"https:\/\/wxplastmachine.com\/pt\/wp-json\/wp\/v2\/product\/3597"}],"collection":[{"href":"https:\/\/wxplastmachine.com\/pt\/wp-json\/wp\/v2\/product"}],"about":[{"href":"https:\/\/wxplastmachine.com\/pt\/wp-json\/wp\/v2\/types\/product"}],"replies":[{"embeddable":true,"href":"https:\/\/wxplastmachine.com\/pt\/wp-json\/wp\/v2\/comments?post=3597"}],"wp:featuredmedia":[{"embeddable":true,"href":"https:\/\/wxplastmachine.com\/pt\/wp-json\/wp\/v2\/media\/3598"}],"wp:attachment":[{"href":"https:\/\/wxplastmachine.com\/pt\/wp-json\/wp\/v2\/media?parent=3597"}],"wp:term":[{"taxonomy":"product_cat","embeddable":true,"href":"https:\/\/wxplastmachine.com\/pt\/wp-json\/wp\/v2\/product_cat?post=3597"},{"taxonomy":"product_tag","embeddable":true,"href":"https:\/\/wxplastmachine.com\/pt\/wp-json\/wp\/v2\/product_tag?post=3597"}],"curies":[{"name":"wp","href":"https:\/\/api.w.org\/{rel}","templated":true}]}}