{"id":3611,"date":"2024-10-17T16:55:03","date_gmt":"2024-10-17T08:55:03","guid":{"rendered":"https:\/\/wxplastmachine.com\/?post_type=product&#038;p=3611"},"modified":"2024-10-17T16:55:04","modified_gmt":"2024-10-17T08:55:04","slug":"ss-sms-non-woven-fabric-production-line-spunbond-nonwoven-fabric-machine","status":"publish","type":"product","link":"https:\/\/wxplastmachine.com\/pt\/produto\/ss-sms-non-woven-fabric-production-line-spunbond-nonwoven-fabric-machine","title":{"rendered":"Linha de Produ\u00e7\u00e3o de Tecido N\u00e3o Tecido SS\/SMS M\u00e1quina para Tecido N\u00e3o Tecido Spunbond"},"content":{"rendered":"<p>Somos um fabricante de m\u00e1quinas n\u00e3o tecidas com mais de 10 anos de experi\u00eancia em produ\u00e7\u00e3o e instala\u00e7\u00e3o.<br \/>\nIncluem-se principalmente:<\/p>\n<p>M\u00e1quinas Spunbond (S, SS, SSS),<\/p>\n<p>M\u00e1quinas Meltblown (M),<\/p>\n<p>M\u00e1quinas de fiar (SMS, SMMS, SSMMS),<\/p>\n<p>M\u00e1quina de n\u00e3o-tecido PET,<\/p>\n<p>M\u00e1quina de n\u00e3o-tecido PLA,<\/p>\n<p>M\u00e1quina de n\u00e3o tecido bicomponente, etc.<\/p>\n<p><strong><b>\u00a0<\/b><\/strong>A vantagem das m\u00e1quinas de fabrico de tecido n\u00e3o tecido HG: 1. misturador de mat\u00e9ria-prima de alta precis\u00e3o para polipropileno e aditivos; 2. m\u00e1quina de extrus\u00e3o de alta capacidade com bom parafuso e barril; 3. sistema de filtragem de derretimento de alto desempenho; 4. alta velocidade com bomba de derretimento de alta precis\u00e3o; 5. design de fluxo de derretimento mais recente e sistema de fia\u00e7\u00e3o; 6. sistema de controle PLC bem conhecido e motores; 7. programa de opera\u00e7\u00e3o inteligente e sistema de monitoramento;<\/p>\n<p><strong><b>Par\u00e2metros t\u00e9cnicos:<\/b><\/strong><\/p>\n<table>\n<tbody>\n<tr>\n<td width=\"14.6800%\">Modelo<\/td>\n<td width=\"14.1800%\">Largura efectiva<\/td>\n<td width=\"13.1600%\">Capacidade di\u00e1ria<\/td>\n<td width=\"10.3800%\">Velocidade<\/td>\n<td width=\"15.4200%\">Sistema de fia\u00e7\u00e3o<\/td>\n<td width=\"11.1000%\">Gama GSM<\/td>\n<td width=\"21.0200%\">Dimens\u00e3o da m\u00e1quina<br \/>\nComprimento*Largura*Altura<\/td>\n<\/tr>\n<tr>\n<td width=\"14.6800%\">WX-1600M<\/td>\n<td width=\"14.1800%\">1600MM<\/td>\n<td width=\"13.1600%\">2000Kg<\/td>\n<td rowspan=\"3\" width=\"10.3800%\">100M\/Min<\/td>\n<td rowspan=\"3\" width=\"15.4200%\">Derretido<\/td>\n<td rowspan=\"3\" width=\"11.1000%\">10-200<\/td>\n<td width=\"21.0200%\">15*8*8 metros<\/td>\n<\/tr>\n<tr>\n<td width=\"14.6800%\">WX-2400M<\/td>\n<td width=\"14.1800%\">2400MM<\/td>\n<td width=\"13.1600%\">3000Kg<\/td>\n<td width=\"21.0200%\">15*10*8 metros<\/td>\n<\/tr>\n<tr>\n<td width=\"14.6800%\">WX-3200M<\/td>\n<td width=\"14.1800%\">3200MM<\/td>\n<td width=\"13.1600%\">4000Kg<\/td>\n<td width=\"21.0200%\">15*12*8 metros<\/td>\n<\/tr>\n<tr>\n<td width=\"14.6800%\">WX-1600S<\/td>\n<td width=\"14.1800%\">1600MM<\/td>\n<td width=\"13.1600%\">5000Kg<\/td>\n<td rowspan=\"3\" width=\"10.3800%\">200M\/Min<\/td>\n<td rowspan=\"3\" width=\"15.4200%\">Spunbond<\/p>\n<p>(S)<\/td>\n<td rowspan=\"3\" width=\"11.1000%\">10-200<\/td>\n<td width=\"21.0200%\">20*8*11 metros<\/td>\n<\/tr>\n<tr>\n<td width=\"14.6800%\">WX-2400S<\/td>\n<td width=\"14.1800%\">2400MM<\/td>\n<td width=\"13.1600%\">7000Kg<\/td>\n<td width=\"21.0200%\">20*11*11metros<\/td>\n<\/tr>\n<tr>\n<td width=\"14.6800%\">WX-3200S<\/td>\n<td width=\"14.1800%\">3200MM<\/td>\n<td width=\"13.1600%\">10000Kg<\/td>\n<td width=\"21.0200%\">20*15*11metros<\/td>\n<\/tr>\n<tr>\n<td width=\"14.6800%\">WX-1600SS<\/td>\n<td width=\"14.1800%\">1600MM<\/td>\n<td width=\"13.1600%\">9000Kg<\/td>\n<td rowspan=\"3\" width=\"10.3800%\">350M\/Min<\/td>\n<td rowspan=\"3\" width=\"15.4200%\">Spunbond<\/p>\n<p>(SS)<\/td>\n<td rowspan=\"3\" width=\"11.1000%\">8-150<\/td>\n<td width=\"21.0200%\">35*10*11metros<\/td>\n<\/tr>\n<tr>\n<td width=\"14.6800%\">WX-2400SS<\/td>\n<td width=\"14.1800%\">2400MM<\/td>\n<td width=\"13.1600%\">13000Kg<\/td>\n<td width=\"21.0200%\">35*12*11metros<\/td>\n<\/tr>\n<tr>\n<td width=\"14.6800%\">WX-3200SS<\/td>\n<td width=\"14.1800%\">3200MM<\/td>\n<td width=\"13.1600%\">16000Kg<\/td>\n<td width=\"21.0200%\">35*15*11metros<\/td>\n<\/tr>\n<tr>\n<td width=\"14.6800%\">WX-1600SSS<\/td>\n<td width=\"14.1800%\">1600MM<\/td>\n<td width=\"13.1600%\">12000Kg<\/td>\n<td rowspan=\"3\" width=\"10.3800%\">400M\/Min<\/td>\n<td rowspan=\"3\" width=\"15.4200%\">Spunbond<\/p>\n<p>(SSS)<\/td>\n<td rowspan=\"3\" width=\"11.1000%\">8-100<\/td>\n<td width=\"21.0200%\">40*10*11metros<\/td>\n<\/tr>\n<tr>\n<td width=\"14.6800%\">WX-2400SSS<\/td>\n<td width=\"14.1800%\">2400MM<\/td>\n<td width=\"13.1600%\">16000Kg<\/td>\n<td width=\"21.0200%\">40*12*11metros<\/td>\n<\/tr>\n<tr>\n<td width=\"14.6800%\">WX-3200SSS<\/td>\n<td width=\"14.1800%\">3200MM<\/td>\n<td width=\"13.1600%\">23000Kg<\/td>\n<td width=\"21.0200%\">40*15*11metros<\/td>\n<\/tr>\n<tr>\n<td width=\"14.6800%\">WX-1600SMS<\/td>\n<td width=\"14.1800%\">1600MM<\/td>\n<td width=\"13.1600%\">10000Kg<\/td>\n<td rowspan=\"3\" width=\"10.3800%\">400M\/Min<\/td>\n<td rowspan=\"3\" width=\"15.4200%\">Spunbond\/<\/p>\n<p>Derretido\/<\/p>\n<p>Spunbond\/<\/td>\n<td rowspan=\"3\" width=\"11.1000%\">8-80<\/td>\n<td width=\"21.0200%\">40*15*11metros<\/td>\n<\/tr>\n<tr>\n<td width=\"14.6800%\">WX-2400SMS<\/td>\n<td width=\"14.1800%\">2400MM<\/td>\n<td width=\"13.1600%\">14000Kg<\/td>\n<td width=\"21.0200%\">40*18*11metros<\/td>\n<\/tr>\n<tr>\n<td width=\"14.6800%\">WX-3200SMS<\/td>\n<td width=\"14.1800%\">3200MM<\/td>\n<td width=\"13.1600%\">18000Kg<\/td>\n<td width=\"21.0200%\">40*25*11metros<\/td>\n<\/tr>\n<tr>\n<td width=\"14.6800%\">WX-1600SMMS<\/td>\n<td width=\"14.1800%\">1600MM<\/td>\n<td width=\"13.1600%\">12000Kg<\/td>\n<td rowspan=\"3\" width=\"10.3800%\">500M\/Min<\/td>\n<td rowspan=\"3\" width=\"15.4200%\">Spunbond<\/p>\n<p>Derretido<\/p>\n<p>Derretido<\/p>\n<p>Spunbond<\/td>\n<td rowspan=\"3\" width=\"11.1000%\">8-80<\/td>\n<td width=\"21.0200%\">45*15*11metros<\/td>\n<\/tr>\n<tr>\n<td width=\"14.6800%\">WX-2400SMMS<\/td>\n<td width=\"14.1800%\">2400MM<\/td>\n<td width=\"13.1600%\">17000Kg<\/td>\n<td width=\"21.0200%\">45*18*11metros<\/td>\n<\/tr>\n<tr>\n<td width=\"14.6800%\">WX-3200SMMS<\/td>\n<td width=\"14.1800%\">3200MM<\/td>\n<td width=\"13.1600%\">23000Kg<\/td>\n<td width=\"21.0200%\">45*25*11metros<\/td>\n<\/tr>\n<\/tbody>\n<\/table>\n<p><strong>Processo:<\/strong><\/p>\n<p><img fetchpriority=\"high\" decoding=\"async\" class=\"alignnone size-full wp-image-3618\" src=\"https:\/\/wxplastmachine.com\/wp-content\/uploads\/2024\/10\/\u5fae\u4fe1\u622a\u56fe_20241017160029.jpg\" alt=\"\" width=\"994\" height=\"460\" srcset=\"https:\/\/wxplastmachine.com\/wp-content\/uploads\/2024\/10\/\u5fae\u4fe1\u622a\u56fe_20241017160029.jpg 994w, https:\/\/wxplastmachine.com\/wp-content\/uploads\/2024\/10\/\u5fae\u4fe1\u622a\u56fe_20241017160029-300x139.jpg 300w, https:\/\/wxplastmachine.com\/wp-content\/uploads\/2024\/10\/\u5fae\u4fe1\u622a\u56fe_20241017160029-768x355.jpg 768w, https:\/\/wxplastmachine.com\/wp-content\/uploads\/2024\/10\/\u5fae\u4fe1\u622a\u56fe_20241017160029-18x8.jpg 18w, https:\/\/wxplastmachine.com\/wp-content\/uploads\/2024\/10\/\u5fae\u4fe1\u622a\u56fe_20241017160029-600x278.jpg 600w\" sizes=\"(max-width: 994px) 100vw, 994px\" \/> <img decoding=\"async\" class=\"alignnone size-full wp-image-3626\" src=\"https:\/\/wxplastmachine.com\/wp-content\/uploads\/2024\/10\/\u5fae\u4fe1\u622a\u56fe_20241017161306.jpg\" alt=\"\" width=\"492\" height=\"553\" srcset=\"https:\/\/wxplastmachine.com\/wp-content\/uploads\/2024\/10\/\u5fae\u4fe1\u622a\u56fe_20241017161306.jpg 492w, https:\/\/wxplastmachine.com\/wp-content\/uploads\/2024\/10\/\u5fae\u4fe1\u622a\u56fe_20241017161306-267x300.jpg 267w, https:\/\/wxplastmachine.com\/wp-content\/uploads\/2024\/10\/\u5fae\u4fe1\u622a\u56fe_20241017161306-11x12.jpg 11w\" sizes=\"(max-width: 492px) 100vw, 492px\" \/><\/p>\n<p><strong>Pe\u00e7as de m\u00e1quinas:<\/strong><\/p>\n<p><img decoding=\"async\" class=\"alignnone  wp-image-3621\" src=\"https:\/\/wxplastmachine.com\/wp-content\/uploads\/2024\/10\/\u5fae\u4fe1\u622a\u56fe_20241017160504.jpg\" alt=\"\" width=\"474\" height=\"826\" srcset=\"https:\/\/wxplastmachine.com\/wp-content\/uploads\/2024\/10\/\u5fae\u4fe1\u622a\u56fe_20241017160504.jpg 346w, https:\/\/wxplastmachine.com\/wp-content\/uploads\/2024\/10\/\u5fae\u4fe1\u622a\u56fe_20241017160504-172x300.jpg 172w, https:\/\/wxplastmachine.com\/wp-content\/uploads\/2024\/10\/\u5fae\u4fe1\u622a\u56fe_20241017160504-7x12.jpg 7w\" sizes=\"(max-width: 474px) 100vw, 474px\" \/> <img loading=\"lazy\" decoding=\"async\" class=\"alignnone  wp-image-3631\" src=\"https:\/\/wxplastmachine.com\/wp-content\/uploads\/2024\/10\/\u5fae\u4fe1\u622a\u56fe_2024101716.jpg\" alt=\"\" width=\"702\" height=\"396\" srcset=\"https:\/\/wxplastmachine.com\/wp-content\/uploads\/2024\/10\/\u5fae\u4fe1\u622a\u56fe_2024101716.jpg 749w, https:\/\/wxplastmachine.com\/wp-content\/uploads\/2024\/10\/\u5fae\u4fe1\u622a\u56fe_2024101716-300x169.jpg 300w, https:\/\/wxplastmachine.com\/wp-content\/uploads\/2024\/10\/\u5fae\u4fe1\u622a\u56fe_2024101716-18x10.jpg 18w, https:\/\/wxplastmachine.com\/wp-content\/uploads\/2024\/10\/\u5fae\u4fe1\u622a\u56fe_2024101716-600x338.jpg 600w\" sizes=\"(max-width: 702px) 100vw, 702px\" \/><\/p>","protected":false},"excerpt":{"rendered":"<p>We are a nonwoven machine manufacturer with 10+ years experience in production and installation. Mainly include: Spunbond Machines (S, SS, SSS), Meltblown Machines (M), Spun-melt Machines (SMS, SMMS, SSMMS), PET Nonwoven Machine, PLA Nonwoven Machine, Bicomponent Nonwoven Machine, etc. \u00a0The Advantage of HG Nonwoven Fabric Making Machines: 1.High accurate raw material blender for polyproplyene and [&hellip;]<\/p>","protected":false},"featured_media":3622,"comment_status":"open","ping_status":"closed","template":"","meta":{"site-sidebar-layout":"default","site-content-layout":"","ast-site-content-layout":"default","site-content-style":"default","site-sidebar-style":"default","ast-global-header-display":"","ast-banner-title-visibility":"","ast-main-header-display":"","ast-hfb-above-header-display":"","ast-hfb-below-header-display":"","ast-hfb-mobile-header-display":"","site-post-title":"","ast-breadcrumbs-content":"","ast-featured-img":"","footer-sml-layout":"","theme-transparent-header-meta":"default","adv-header-id-meta":"","stick-header-meta":"","header-above-stick-meta":"","header-main-stick-meta":"","header-below-stick-meta":"","astra-migrate-meta-layouts":"set","ast-page-background-enabled":"default","ast-page-background-meta":{"desktop":{"background-color":"","background-image":"","background-repeat":"repeat","background-position":"center center","background-size":"auto","background-attachment":"scroll","background-type":"","background-media":"","overlay-type":"","overlay-color":"","overlay-gradient":""},"tablet":{"background-color":"","background-image":"","background-repeat":"repeat","background-position":"center center","background-size":"auto","background-attachment":"scroll","background-type":"","background-media":"","overlay-type":"","overlay-color":"","overlay-gradient":""},"mobile":{"background-color":"","background-image":"","background-repeat":"repeat","background-position":"center center","background-size":"auto","background-attachment":"scroll","background-type":"","background-media":"","overlay-type":"","overlay-color":"","overlay-gradient":""}},"ast-content-background-meta":{"desktop":{"background-color":"var(--ast-global-color-5)","background-image":"","background-repeat":"repeat","background-position":"center center","background-size":"auto","background-attachment":"scroll","background-type":"","background-media":"","overlay-type":"","overlay-color":"","overlay-gradient":""},"tablet":{"background-color":"var(--ast-global-color-5)","background-image":"","background-repeat":"repeat","background-position":"center center","background-size":"auto","background-attachment":"scroll","background-type":"","background-media":"","overlay-type":"","overlay-color":"","overlay-gradient":""},"mobile":{"background-color":"var(--ast-global-color-5)","background-image":"","background-repeat":"repeat","background-position":"center center","background-size":"auto","background-attachment":"scroll","background-type":"","background-media":"","overlay-type":"","overlay-color":"","overlay-gradient":""}}},"product_cat":[206],"product_tag":[],"jetpack_sharing_enabled":true,"_links":{"self":[{"href":"https:\/\/wxplastmachine.com\/pt\/wp-json\/wp\/v2\/product\/3611"}],"collection":[{"href":"https:\/\/wxplastmachine.com\/pt\/wp-json\/wp\/v2\/product"}],"about":[{"href":"https:\/\/wxplastmachine.com\/pt\/wp-json\/wp\/v2\/types\/product"}],"replies":[{"embeddable":true,"href":"https:\/\/wxplastmachine.com\/pt\/wp-json\/wp\/v2\/comments?post=3611"}],"wp:featuredmedia":[{"embeddable":true,"href":"https:\/\/wxplastmachine.com\/pt\/wp-json\/wp\/v2\/media\/3622"}],"wp:attachment":[{"href":"https:\/\/wxplastmachine.com\/pt\/wp-json\/wp\/v2\/media?parent=3611"}],"wp:term":[{"taxonomy":"product_cat","embeddable":true,"href":"https:\/\/wxplastmachine.com\/pt\/wp-json\/wp\/v2\/product_cat?post=3611"},{"taxonomy":"product_tag","embeddable":true,"href":"https:\/\/wxplastmachine.com\/pt\/wp-json\/wp\/v2\/product_tag?post=3611"}],"curies":[{"name":"wp","href":"https:\/\/api.w.org\/{rel}","templated":true}]}}