{"id":3816,"date":"2024-10-31T16:15:37","date_gmt":"2024-10-31T08:15:37","guid":{"rendered":"https:\/\/wxplastmachine.com\/?post_type=product&#038;p=3816"},"modified":"2024-11-01T11:14:43","modified_gmt":"2024-11-01T03:14:43","slug":"automatic-horizontal-pe-bopp-pvc-plastic-film-paper-cloth-non-woven-roll-slitting-rewinding-machine","status":"publish","type":"product","link":"https:\/\/wxplastmachine.com\/pt\/produto\/automatic-horizontal-pe-bopp-pvc-plastic-film-paper-cloth-non-woven-roll-slitting-rewinding-machine","title":{"rendered":"M\u00e1quina de rebobinar e cortar rolos autom\u00e1tica horizontal PE BOPP PVC Pl\u00e1stico Filme Papel Pano N\u00e3o Tecido"},"content":{"rendered":"<p><strong><b>Utiliza\u00e7\u00e3o:<\/b><\/strong><\/p>\n<p>Esta m\u00e1quina de corte \u00e9 adequada para cortar e rebobinar v\u00e1rios materiais em rolo como BOPP, PET, CPP, CPE, PVC, folha de alum\u00ednio laminada com filme e papel, etc. E pode cortar a borda, separar e cortar o material de acordo com diferentes requisitos durante a produ\u00e7\u00e3o.<\/p>\n<p><strong><b>Introdu\u00e7\u00e3o:<\/b><\/strong><\/p>\n<p>Esta m\u00e1quina \u00e9 usada principalmente na ind\u00fastria de embalagens; ela pode, de acordo com a necessidade do cliente, cortar e rebobinar rolos de especifica\u00e7\u00f5es diferentes. Seja qual for o material impresso ou material branco. Alta velocidade e precis\u00e3o \u00e9 a sua vantagem.<\/p>\n<p>Adequado para 30-400 g\/m2 Papel como papel crepe, papel de condensador, papel de condensador, papel de touro, fita adesiva de dupla face, etiqueta de papel, etiqueta de pl\u00e1stico, papel revestido; algumas pel\u00edculas de pl\u00e1stico de PVC, BOPP, PE etc. tamb\u00e9m podem ser adequadas.<\/p>\n<p><strong>Carater\u00edstica principal:<\/strong><\/p>\n<p>1) A m\u00e1quina adopta o motor de frequ\u00eancia para controlar, pode garantir o funcionamento est\u00e1vel da m\u00e1quina.<br \/>\n2) A m\u00e1quina adopta a marca China PLC, atrav\u00e9s do PLC para ajustar o par\u00e2metro (inclui medidor, tens\u00e3o, soprador, etc.).<br \/>\n3) O dispositivo de desenrolamento e rebobinagem adopta um eixo de 3 polegadas, sistema de carregamento pneum\u00e1tico.<br \/>\n4) O dispositivo de desenrolamento tem controlo EPC, atrav\u00e9s do sensor de importa\u00e7\u00e3o para corrigir a borda da alimenta\u00e7\u00e3o, para garantir que a alimenta\u00e7\u00e3o \u00e9 muito exacta.<br \/>\n5) A l\u00e2mina de corte da m\u00e1quina padr\u00e3o adopta a l\u00e2mina de corte circular e a l\u00e2mina de barbear.<br \/>\n6) A tens\u00e3o de rebobinagem utiliza o controlo do trav\u00e3o de p\u00f3 magn\u00e9tico.<br \/>\n7) A m\u00e1quina tem contador autom\u00e1tico, alarme autom\u00e1tico, etc.<\/p>\n<p><strong><b>\u00a0<\/b><\/strong><strong><b>Especifica\u00e7\u00e3o da m\u00e1quina:<\/b><\/strong><\/p>\n<table>\n<tbody>\n<tr>\n<td width=\"18.1200%\">Modelo<\/td>\n<td width=\"27.2800%\">WX-1100<\/td>\n<td width=\"27.5000%\">WX-1300<\/td>\n<td width=\"27.0600%\">WX-1600<\/td>\n<\/tr>\n<tr>\n<td width=\"18.1200%\">Largura m\u00e1xima de desenrolamento<\/td>\n<td width=\"27.2800%\">1100 mm<\/td>\n<td width=\"27.5000%\">1300mm<\/td>\n<td width=\"27.0600%\">1600mm<\/td>\n<\/tr>\n<tr>\n<td width=\"18.1200%\">Di\u00e2metro m\u00e1ximo de desenrolamento<\/td>\n<td width=\"27.2800%\">1400mm<\/td>\n<td width=\"27.5000%\">1400mm<\/td>\n<td width=\"27.0600%\">1400mm<\/td>\n<\/tr>\n<tr>\n<td width=\"18.1200%\">Di\u00e2metro m\u00e1ximo de rebobinagem<\/td>\n<td width=\"27.2800%\">800 mm<\/td>\n<td width=\"27.5000%\">800 mm<\/td>\n<td width=\"27.0600%\">800 mm<\/td>\n<\/tr>\n<tr>\n<td width=\"18.1200%\">Largura do rolo de rebobinagem<\/td>\n<td width=\"27.2800%\">30-1100 mm<\/td>\n<td width=\"27.5000%\">30-1300mm<\/td>\n<td width=\"27.0600%\">30-1600mm<\/td>\n<\/tr>\n<tr>\n<td width=\"18.1200%\">Largura m\u00ednima de corte<\/td>\n<td width=\"27.2800%\">30 mm<\/td>\n<td width=\"27.5000%\">30 mm<\/td>\n<td width=\"27.0600%\">30 mm<\/td>\n<\/tr>\n<tr>\n<td width=\"18.1200%\">Peso m\u00e1ximo do rolo de desenrolamento<\/p>\n<p>Op\u00e7\u00e3o: Carregamento hidr\u00e1ulico<\/td>\n<td width=\"27.2800%\">1200KG<\/p>\n<p>2000KG<\/td>\n<td width=\"27.5000%\">1200KG<\/p>\n<p>2000KG<\/td>\n<td width=\"27.0600%\">1200KG<\/p>\n<p>2000KG<\/td>\n<\/tr>\n<tr>\n<td width=\"18.1200%\">Velocidade de trabalho da m\u00e1quina<\/td>\n<td width=\"27.2800%\">150-200 metros por minuto<\/td>\n<td width=\"27.5000%\">150-200 metros por minuto<\/td>\n<td width=\"27.0600%\">150-200 metros por minuto<\/td>\n<\/tr>\n<tr>\n<td width=\"18.1200%\">Velocidade m\u00e1xima da m\u00e1quina<\/td>\n<td width=\"27.2800%\">200 metros por minuto<\/td>\n<td width=\"27.5000%\">200 metros por minuto<\/td>\n<td width=\"27.0600%\">200 metros por minuto<\/td>\n<\/tr>\n<tr>\n<td width=\"18.1200%\">M\u00e1quina Volatge<\/td>\n<td width=\"27.2800%\">380V50HZ<\/td>\n<td width=\"27.5000%\">380V50HZ<\/td>\n<td width=\"27.0600%\">380V50HZ<\/td>\n<\/tr>\n<tr>\n<td width=\"18.1200%\">Pot\u00eancia da m\u00e1quina<\/td>\n<td width=\"27.2800%\">6KW<\/td>\n<td width=\"27.5000%\">6KW<\/td>\n<td width=\"27.0600%\">8KW<\/td>\n<\/tr>\n<tr>\n<td width=\"18.1200%\">Tamanho da m\u00e1quina<\/td>\n<td width=\"27.2800%\">2850mm*1400*1500mm<\/td>\n<td width=\"27.5000%\">2850mm*1500*1500mm<\/td>\n<td width=\"27.0600%\">2850mm*1800*1500mm<\/td>\n<\/tr>\n<\/tbody>\n<\/table>\n<p>Detalhes da m\u00e1quina: (A m\u00e1quina foi actualizada e melhorada todos os anos, mais detalhes, por favor contacte as vendas)<\/p>\n<p><img fetchpriority=\"high\" decoding=\"async\" class=\"alignnone size-full wp-image-3817\" src=\"https:\/\/wxplastmachine.com\/wp-content\/uploads\/2024\/10\/\u5fae\u4fe1\u622a\u56fe_20241031155809.png\" alt=\"\" width=\"800\" height=\"800\" srcset=\"https:\/\/wxplastmachine.com\/wp-content\/uploads\/2024\/10\/\u5fae\u4fe1\u622a\u56fe_20241031155809.png 800w, https:\/\/wxplastmachine.com\/wp-content\/uploads\/2024\/10\/\u5fae\u4fe1\u622a\u56fe_20241031155809-300x300.png 300w, https:\/\/wxplastmachine.com\/wp-content\/uploads\/2024\/10\/\u5fae\u4fe1\u622a\u56fe_20241031155809-150x150.png 150w, https:\/\/wxplastmachine.com\/wp-content\/uploads\/2024\/10\/\u5fae\u4fe1\u622a\u56fe_20241031155809-768x768.png 768w, https:\/\/wxplastmachine.com\/wp-content\/uploads\/2024\/10\/\u5fae\u4fe1\u622a\u56fe_20241031155809-12x12.png 12w, https:\/\/wxplastmachine.com\/wp-content\/uploads\/2024\/10\/\u5fae\u4fe1\u622a\u56fe_20241031155809-600x600.png 600w, https:\/\/wxplastmachine.com\/wp-content\/uploads\/2024\/10\/\u5fae\u4fe1\u622a\u56fe_20241031155809-100x100.png 100w\" sizes=\"(max-width: 800px) 100vw, 800px\" \/><\/p>","protected":false},"excerpt":{"rendered":"<p>Usage: This\u00a0Slitting Machine\u00a0is\u00a0suitable\u00a0for\u00a0slitting\u00a0and\u00a0rewinding\u00a0such\u00a0various\u00a0roll\u00a0materials\u00a0as \u00a0BOPP,\u00a0PET,\u00a0CPP,CPE,\u00a0PVC,\u00a0aluminum\u00a0foil\u00a0laminated\u00a0with\u00a0film\u00a0and\u00a0paper,\u00a0etc.\u00a0And\u00a0can\u00a0cut\u00a0edge,\u00a0separate\u00a0and\u00a0cut\u00a0material\u00a0according\u00a0to\u00a0different\u00a0requirements\u00a0during\u00a0production. Introduction: This Machine main use on packaging industry;it can according customer require to slitting rewinding different specification roll. Whatever it is printed material or white material. High Speed and Accuracy is it\u2019s advantage. Suitable for 30-400 g\/m2\u00a0Paper such as crepe paper,condenser paper,capacitor paper, bull paper, double-face adhesive tape,paper label ,plastic label,coated [&hellip;]<\/p>","protected":false},"featured_media":3818,"comment_status":"open","ping_status":"closed","template":"","meta":{"site-sidebar-layout":"default","site-content-layout":"","ast-site-content-layout":"default","site-content-style":"default","site-sidebar-style":"default","ast-global-header-display":"","ast-banner-title-visibility":"","ast-main-header-display":"","ast-hfb-above-header-display":"","ast-hfb-below-header-display":"","ast-hfb-mobile-header-display":"","site-post-title":"","ast-breadcrumbs-content":"","ast-featured-img":"","footer-sml-layout":"","theme-transparent-header-meta":"default","adv-header-id-meta":"","stick-header-meta":"","header-above-stick-meta":"","header-main-stick-meta":"","header-below-stick-meta":"","astra-migrate-meta-layouts":"set","ast-page-background-enabled":"default","ast-page-background-meta":{"desktop":{"background-color":"","background-image":"","background-repeat":"repeat","background-position":"center center","background-size":"auto","background-attachment":"scroll","background-type":"","background-media":"","overlay-type":"","overlay-color":"","overlay-gradient":""},"tablet":{"background-color":"","background-image":"","background-repeat":"repeat","background-position":"center center","background-size":"auto","background-attachment":"scroll","background-type":"","background-media":"","overlay-type":"","overlay-color":"","overlay-gradient":""},"mobile":{"background-color":"","background-image":"","background-repeat":"repeat","background-position":"center center","background-size":"auto","background-attachment":"scroll","background-type":"","background-media":"","overlay-type":"","overlay-color":"","overlay-gradient":""}},"ast-content-background-meta":{"desktop":{"background-color":"var(--ast-global-color-5)","background-image":"","background-repeat":"repeat","background-position":"center center","background-size":"auto","background-attachment":"scroll","background-type":"","background-media":"","overlay-type":"","overlay-color":"","overlay-gradient":""},"tablet":{"background-color":"var(--ast-global-color-5)","background-image":"","background-repeat":"repeat","background-position":"center center","background-size":"auto","background-attachment":"scroll","background-type":"","background-media":"","overlay-type":"","overlay-color":"","overlay-gradient":""},"mobile":{"background-color":"var(--ast-global-color-5)","background-image":"","background-repeat":"repeat","background-position":"center center","background-size":"auto","background-attachment":"scroll","background-type":"","background-media":"","overlay-type":"","overlay-color":"","overlay-gradient":""}}},"product_cat":[205,203],"product_tag":[],"jetpack_sharing_enabled":true,"_links":{"self":[{"href":"https:\/\/wxplastmachine.com\/pt\/wp-json\/wp\/v2\/product\/3816"}],"collection":[{"href":"https:\/\/wxplastmachine.com\/pt\/wp-json\/wp\/v2\/product"}],"about":[{"href":"https:\/\/wxplastmachine.com\/pt\/wp-json\/wp\/v2\/types\/product"}],"replies":[{"embeddable":true,"href":"https:\/\/wxplastmachine.com\/pt\/wp-json\/wp\/v2\/comments?post=3816"}],"wp:featuredmedia":[{"embeddable":true,"href":"https:\/\/wxplastmachine.com\/pt\/wp-json\/wp\/v2\/media\/3818"}],"wp:attachment":[{"href":"https:\/\/wxplastmachine.com\/pt\/wp-json\/wp\/v2\/media?parent=3816"}],"wp:term":[{"taxonomy":"product_cat","embeddable":true,"href":"https:\/\/wxplastmachine.com\/pt\/wp-json\/wp\/v2\/product_cat?post=3816"},{"taxonomy":"product_tag","embeddable":true,"href":"https:\/\/wxplastmachine.com\/pt\/wp-json\/wp\/v2\/product_tag?post=3816"}],"curies":[{"name":"wp","href":"https:\/\/api.w.org\/{rel}","templated":true}]}}