{"id":3854,"date":"2024-11-01T15:35:10","date_gmt":"2024-11-01T07:35:10","guid":{"rendered":"https:\/\/wxplastmachine.com\/?post_type=product&#038;p=3854"},"modified":"2024-11-01T15:59:09","modified_gmt":"2024-11-01T07:59:09","slug":"high-speed-pe-stretch-film-slitting-and-rewinding-machine","status":"publish","type":"product","link":"https:\/\/wxplastmachine.com\/pt\/produto\/high-speed-pe-stretch-film-slitting-and-rewinding-machine","title":{"rendered":"M\u00e1quina de corte e rebobinagem de filme estir\u00e1vel PE de alta velocidade"},"content":{"rendered":"<p><strong>Descri\u00e7\u00e3o do produto:<\/strong><\/p>\n<p><span data-spm-anchor-id=\"a2700.details.0.i43.3b5f3cc5cPucgF\">Equipamento multifuncional, como corte e rebobinagem. O principal objetivo \u00e9 dividir o grande di\u00e2metro do rolo de pel\u00edcula extens\u00edvel em pequenos di\u00e2metros de rolo. Atrav\u00e9s de corte e rebobinagem, a camada escalonada do produto pode ser corrigida, e a planicidade e a qualidade de apar\u00eancia da bobina podem ser melhoradas.<\/span><\/p>\n<p><strong><b>Carater\u00edsticas:<\/b><\/strong><br \/>\n1. Esta m\u00e1quina \u00e9 um equipamento multifuncional, como rebobinamento, contagem de metros, corte autom\u00e1tico, etc.<br \/>\n2. O principal objetivo \u00e9 dividir a pel\u00edcula de grande di\u00e2metro em v\u00e1rios rolos de pequeno di\u00e2metro<br \/>\n3. Atrav\u00e9s do rebobinamento, a camada escalonada do produto pode ser corrigida, e a planicidade e a qualidade da apar\u00eancia da bobina podem ser melhoradas. \u00c9 adequado para pel\u00edcula extens\u00edvel, pel\u00edcula extens\u00edvel, pel\u00edcula aderente, pel\u00edcula aluminizada, etc.<br \/>\n4. Amplamente utilizado em embalagens, supermercados, hot\u00e9is, restaurantes, alimentos cozinhados, alimentos crus, carne, frutas e legumes, marisco, etc.<\/p>\n<p>Esta m\u00e1quina adopta tecnologia italiana avan\u00e7ada, que \u00e9 mais f\u00e1cil de operar ap\u00f3s a melhoria dom\u00e9stica, o que aumenta ainda mais a capacidade de produ\u00e7\u00e3o.<br \/>\nQuando o comprimento definido \u00e9 atingido, o tubo de papel \u00e9 automaticamente carregado, o rolo \u00e9 mudado, o n\u00facleo \u00e9 mudado e o material \u00e9 cortado e apagado.<br \/>\nEsta m\u00e1quina adopta a interface homem-m\u00e1quina PLC, sistema de controlo do inversor, ecr\u00e3 t\u00e1til LCD, elevado grau de automatiza\u00e7\u00e3o, f\u00e1cil opera\u00e7\u00e3o e basicamente sem manuten\u00e7\u00e3o.<br \/>\nUma pessoa pode operar 2-3 m\u00e1quinas, reduzindo os custos de m\u00e3o de obra.<br \/>\nEsta m\u00e1quina \u00e9 usada principalmente para filme estir\u00e1vel, filme pl\u00e1stico PE, filme pl\u00e1stico PVC, filme industrial, filme para alimentos, etc.<\/p>\n<p>&nbsp;<\/p>\n<table>\n<tbody>\n<tr>\n<td width=\"37.2000%\">Modelo<\/td>\n<td width=\"62.7800%\">SFQ1300<\/td>\n<\/tr>\n<tr>\n<td width=\"37.2000%\">Largura<\/td>\n<td width=\"62.7800%\">500 mm<\/td>\n<\/tr>\n<tr>\n<td width=\"37.2000%\">Di\u00e2metro de desenrolamento<\/td>\n<td width=\"62.7800%\">400mm<\/td>\n<\/tr>\n<tr>\n<td width=\"37.2000%\">Di\u00e2metro de rebobinagem<\/td>\n<td width=\"62.7800%\">220 mm<\/td>\n<\/tr>\n<tr>\n<td width=\"37.2000%\">Di\u00e2metro do n\u00facleo do papel desenrolado<\/td>\n<td width=\"62.7800%\">3 polegadas<\/td>\n<\/tr>\n<tr>\n<td width=\"37.2000%\">Di\u00e2metro do n\u00facleo do papel de rebobinagem<\/td>\n<td width=\"62.7800%\">3 polegadas, 2 polegadas, 1 polegada<\/td>\n<\/tr>\n<tr>\n<td width=\"37.2000%\">Velocidade de corte<\/td>\n<td width=\"62.7800%\">500m\/min<\/td>\n<\/tr>\n<tr>\n<td width=\"37.2000%\">Largura m\u00ednima de corte<\/td>\n<td width=\"62.7800%\">25 mm<\/td>\n<\/tr>\n<tr>\n<td width=\"37.2000%\">Pot\u00eancia<\/td>\n<td width=\"62.7800%\">3KW<\/td>\n<\/tr>\n<tr>\n<td width=\"37.2000%\">Peso<\/td>\n<td width=\"62.7800%\">500KG<\/td>\n<\/tr>\n<tr>\n<td width=\"37.2000%\">Dimens\u00e3o<\/td>\n<td width=\"62.7800%\">1400*1100*1100mm<\/td>\n<\/tr>\n<\/tbody>\n<\/table>\n<p>&nbsp;<\/p>\n<p><img fetchpriority=\"high\" decoding=\"async\" class=\"alignnone size-full wp-image-3862\" src=\"https:\/\/wxplastmachine.com\/wp-content\/uploads\/2024\/11\/\u5fae\u4fe1\u622a\u56fe_20241101154053.jpg\" alt=\"\" width=\"722\" height=\"432\" srcset=\"https:\/\/wxplastmachine.com\/wp-content\/uploads\/2024\/11\/\u5fae\u4fe1\u622a\u56fe_20241101154053.jpg 722w, https:\/\/wxplastmachine.com\/wp-content\/uploads\/2024\/11\/\u5fae\u4fe1\u622a\u56fe_20241101154053-300x180.jpg 300w, https:\/\/wxplastmachine.com\/wp-content\/uploads\/2024\/11\/\u5fae\u4fe1\u622a\u56fe_20241101154053-18x12.jpg 18w, https:\/\/wxplastmachine.com\/wp-content\/uploads\/2024\/11\/\u5fae\u4fe1\u622a\u56fe_20241101154053-600x359.jpg 600w\" sizes=\"(max-width: 722px) 100vw, 722px\" \/><\/p>\n<p><img decoding=\"async\" class=\"alignnone size-full wp-image-3859\" src=\"https:\/\/wxplastmachine.com\/wp-content\/uploads\/2024\/11\/\u5fae\u4fe1\u622a\u56fe_20241101152205.png\" alt=\"\" width=\"800\" height=\"800\" srcset=\"https:\/\/wxplastmachine.com\/wp-content\/uploads\/2024\/11\/\u5fae\u4fe1\u622a\u56fe_20241101152205.png 800w, https:\/\/wxplastmachine.com\/wp-content\/uploads\/2024\/11\/\u5fae\u4fe1\u622a\u56fe_20241101152205-300x300.png 300w, https:\/\/wxplastmachine.com\/wp-content\/uploads\/2024\/11\/\u5fae\u4fe1\u622a\u56fe_20241101152205-150x150.png 150w, https:\/\/wxplastmachine.com\/wp-content\/uploads\/2024\/11\/\u5fae\u4fe1\u622a\u56fe_20241101152205-768x768.png 768w, https:\/\/wxplastmachine.com\/wp-content\/uploads\/2024\/11\/\u5fae\u4fe1\u622a\u56fe_20241101152205-12x12.png 12w, https:\/\/wxplastmachine.com\/wp-content\/uploads\/2024\/11\/\u5fae\u4fe1\u622a\u56fe_20241101152205-600x600.png 600w, https:\/\/wxplastmachine.com\/wp-content\/uploads\/2024\/11\/\u5fae\u4fe1\u622a\u56fe_20241101152205-100x100.png 100w\" sizes=\"(max-width: 800px) 100vw, 800px\" \/><\/p>","protected":false},"excerpt":{"rendered":"<p>Product Description: Multifunctional equipment such as slitting and rewinding. The main purpose is to divide the large roll diameter of the stretch film into small roll diameters. Through slitting and rewinding, the staggered layer of the product can be corrected, and the flatness and appearance quality of the coil can be improved. Features: 1. This [&hellip;]<\/p>","protected":false},"featured_media":3856,"comment_status":"open","ping_status":"closed","template":"","meta":{"site-sidebar-layout":"default","site-content-layout":"","ast-site-content-layout":"default","site-content-style":"default","site-sidebar-style":"default","ast-global-header-display":"","ast-banner-title-visibility":"","ast-main-header-display":"","ast-hfb-above-header-display":"","ast-hfb-below-header-display":"","ast-hfb-mobile-header-display":"","site-post-title":"","ast-breadcrumbs-content":"","ast-featured-img":"","footer-sml-layout":"","theme-transparent-header-meta":"default","adv-header-id-meta":"","stick-header-meta":"","header-above-stick-meta":"","header-main-stick-meta":"","header-below-stick-meta":"","astra-migrate-meta-layouts":"set","ast-page-background-enabled":"default","ast-page-background-meta":{"desktop":{"background-color":"","background-image":"","background-repeat":"repeat","background-position":"center center","background-size":"auto","background-attachment":"scroll","background-type":"","background-media":"","overlay-type":"","overlay-color":"","overlay-gradient":""},"tablet":{"background-color":"","background-image":"","background-repeat":"repeat","background-position":"center center","background-size":"auto","background-attachment":"scroll","background-type":"","background-media":"","overlay-type":"","overlay-color":"","overlay-gradient":""},"mobile":{"background-color":"","background-image":"","background-repeat":"repeat","background-position":"center center","background-size":"auto","background-attachment":"scroll","background-type":"","background-media":"","overlay-type":"","overlay-color":"","overlay-gradient":""}},"ast-content-background-meta":{"desktop":{"background-color":"var(--ast-global-color-5)","background-image":"","background-repeat":"repeat","background-position":"center center","background-size":"auto","background-attachment":"scroll","background-type":"","background-media":"","overlay-type":"","overlay-color":"","overlay-gradient":""},"tablet":{"background-color":"var(--ast-global-color-5)","background-image":"","background-repeat":"repeat","background-position":"center center","background-size":"auto","background-attachment":"scroll","background-type":"","background-media":"","overlay-type":"","overlay-color":"","overlay-gradient":""},"mobile":{"background-color":"var(--ast-global-color-5)","background-image":"","background-repeat":"repeat","background-position":"center center","background-size":"auto","background-attachment":"scroll","background-type":"","background-media":"","overlay-type":"","overlay-color":"","overlay-gradient":""}}},"product_cat":[203,212],"product_tag":[],"jetpack_sharing_enabled":true,"_links":{"self":[{"href":"https:\/\/wxplastmachine.com\/pt\/wp-json\/wp\/v2\/product\/3854"}],"collection":[{"href":"https:\/\/wxplastmachine.com\/pt\/wp-json\/wp\/v2\/product"}],"about":[{"href":"https:\/\/wxplastmachine.com\/pt\/wp-json\/wp\/v2\/types\/product"}],"replies":[{"embeddable":true,"href":"https:\/\/wxplastmachine.com\/pt\/wp-json\/wp\/v2\/comments?post=3854"}],"wp:featuredmedia":[{"embeddable":true,"href":"https:\/\/wxplastmachine.com\/pt\/wp-json\/wp\/v2\/media\/3856"}],"wp:attachment":[{"href":"https:\/\/wxplastmachine.com\/pt\/wp-json\/wp\/v2\/media?parent=3854"}],"wp:term":[{"taxonomy":"product_cat","embeddable":true,"href":"https:\/\/wxplastmachine.com\/pt\/wp-json\/wp\/v2\/product_cat?post=3854"},{"taxonomy":"product_tag","embeddable":true,"href":"https:\/\/wxplastmachine.com\/pt\/wp-json\/wp\/v2\/product_tag?post=3854"}],"curies":[{"name":"wp","href":"https:\/\/api.w.org\/{rel}","templated":true}]}}