{"id":2646,"date":"2024-07-16T10:27:08","date_gmt":"2024-07-16T02:27:08","guid":{"rendered":"https:\/\/wxplastmachine.com\/?post_type=product&#038;p=2646"},"modified":"2024-08-03T02:39:44","modified_gmt":"2024-08-02T18:39:44","slug":"wx-mn45-50-55-high-speed-500-600-800mm-mini-film-blowing-machine-plastic-packaging-film-machine","status":"publish","type":"product","link":"https:\/\/wxplastmachine.com\/tr\/urun\/wx-mn45-50-55-high-speed-500-600-800mm-mini-film-blowing-machine-plastic-packaging-film-machine","title":{"rendered":"WX-MN45\/50\/55 Y\u00fcksek H\u0131zl\u0131 500\/600\/800mm Mini Film \u015ei\u015firme Makinesi Plastik Ambalaj Film Makinesi"},"content":{"rendered":"<p><strong><b>\u00dcr\u00fcn <\/b><\/strong><strong><b>I<\/b><\/strong><strong><b>B\u0130LG\u0130<\/b><\/strong><strong><b>\uff1a<\/b><\/strong><\/p>\n<p>\u00dcr\u00fcn Ad\u0131 \uff1a 500MM\/600MM\/800MM PE Mini Film \u015ei\u015firme Makinesi<\/p>\n<p>Model\uff1a WX-MN45\/50\/55<br \/>\nFilm Geni\u015fli\u011fi\uff1a 100-800mm<\/p>\n<p>Film Kal\u0131nl\u0131\u011f\u0131 \uff1a 0,008-0,1 mm<\/p>\n<p>&nbsp;<\/p>\n<p><strong><b>\u00dcr\u00fcn Tan\u0131t\u0131m\u0131\uff1a<\/b><\/strong><\/p>\n<p>Ana motor ve \u00e7eki\u015f \u00fcnitesi, h\u0131z\u0131 ayarlamak ve enerji tasarrufu sa\u011flamak i\u00e7in invert\u00f6r kullan\u0131r. Y\u00fczey s\u00fcrt\u00fcnmeli tek silindir, plastik filmi p\u00fcr\u00fczs\u00fcz, d\u00fczg\u00fcn ve temiz hale getirmek i\u00e7in kullan\u0131l\u0131r. Bu makine, verimlili\u011fi art\u0131rmak, maliyet ve yat\u0131r\u0131mlardan tasarruf etmek, i\u015f\u00e7ilik ve arazi maliyetlerinden tasarruf etmek gibi bir\u00e7ok avantaja sahiptir. Bu makine LDPE, HDPE ve LLDPE gibi plastik filmleri \u015fi\u015firmek i\u00e7in kullan\u0131l\u0131r. G\u0131da maddeleri, giysiler, \u00e7\u00f6p torbalar\u0131 ve yelekler i\u00e7in ambalaj po\u015fetleri \u00fcretmek i\u00e7in yayg\u0131n olarak uygulan\u0131r.<\/p>\n<p>&nbsp;<\/p>\n<p>\u0130ste\u011fe ba\u011fl\u0131 donan\u0131m:<br \/>\n1). Otomatik y\u00fckleme<br \/>\n2). Hava kompres\u00f6r\u00fc<br \/>\n3). \u00d6zel kal\u0131p<br \/>\n4). Kal\u0131p d\u00f6nd\u00fcrme cihaz\u0131<br \/>\n5). \u00c7ift tarafl\u0131 sar\u0131c\u0131<br \/>\n6). Yukar\u0131 ve a\u015fa\u011f\u0131<\/p>\n<p>&nbsp;<\/p>\n<p><strong><b>Ana Teknik Parametreler\uff1a<\/b><\/strong><\/p>\n<table>\n<tbody>\n<tr>\n<td width=\"91\">Model<\/td>\n<td width=\"106\">WX-MN45<\/td>\n<td width=\"96\">WX-MN50<\/td>\n<td width=\"100\">WX-MN55<\/td>\n<\/tr>\n<tr>\n<td width=\"91\">Uygun malzeme<\/td>\n<td colspan=\"3\" width=\"302\">HDPE\/LDPE\/LLDPE<\/td>\n<\/tr>\n<tr>\n<td width=\"91\">Film geni\u015fli\u011fi<\/td>\n<td width=\"106\">100-500mm<\/td>\n<td width=\"96\">100-600mm<\/td>\n<td width=\"100\">300-800mm<\/td>\n<\/tr>\n<tr>\n<td width=\"91\">Film kal\u0131nl\u0131\u011f\u0131<\/td>\n<td colspan=\"3\" width=\"302\">0,008-0,1 mm<\/td>\n<\/tr>\n<tr>\n<td width=\"91\">Maks. \u00e7\u0131kt\u0131<\/td>\n<td width=\"106\">40kg<\/td>\n<td width=\"96\">45kg<\/td>\n<td width=\"100\">60kg<\/td>\n<\/tr>\n<tr>\n<td width=\"91\">Vida \u00e7ap\u0131<\/td>\n<td width=\"106\">45mm<\/td>\n<td width=\"96\">50mm<\/td>\n<td width=\"100\">55 mm<\/td>\n<\/tr>\n<tr>\n<td width=\"91\">Vida L\/D<\/td>\n<td colspan=\"3\" width=\"302\">30:1<\/td>\n<\/tr>\n<tr>\n<td width=\"91\">Silindir so\u011futma<\/td>\n<td colspan=\"3\" width=\"302\">250w*2<\/td>\n<\/tr>\n<tr>\n<td width=\"91\">Ana motor<\/td>\n<td width=\"106\">11kw<\/td>\n<td width=\"96\">15kw<\/td>\n<td width=\"100\">18.5kw<\/td>\n<\/tr>\n<tr>\n<td width=\"91\">Hava halkas\u0131<\/td>\n<td width=\"106\">620mm<\/td>\n<td width=\"96\">780mm<\/td>\n<td width=\"100\">780mm<\/td>\n<\/tr>\n<tr>\n<td width=\"91\">Hava \u00fcfleyici<\/td>\n<td width=\"106\">1.5kw<\/td>\n<td width=\"96\">2.2kw<\/td>\n<td width=\"100\">2.2kw<\/td>\n<\/tr>\n<tr>\n<td width=\"91\">Makara geni\u015fli\u011fi<\/td>\n<td width=\"106\">600mm<\/td>\n<td width=\"96\">700mm<\/td>\n<td width=\"100\">900mm<\/td>\n<\/tr>\n<tr>\n<td width=\"91\">Makine boyutu<\/td>\n<td width=\"106\">2.6m*2.0m*3.9m<\/td>\n<td width=\"96\">2.8m*2.2m*3.9m<\/td>\n<td width=\"100\">2.8m*2.2m*3.9m<\/td>\n<\/tr>\n<tr>\n<td width=\"91\">Makine a\u011f\u0131rl\u0131\u011f\u0131<\/td>\n<td width=\"106\">2000kg<\/td>\n<td width=\"96\">2200kg<\/td>\n<td width=\"100\">2500kg<\/td>\n<\/tr>\n<\/tbody>\n<\/table>\n<p>&nbsp;<\/p>\n<p><strong><b>SSS:<\/b><\/strong><\/p>\n<p>1. \u00dcr\u00fcnlerinizin garantisi nas\u0131l?<br \/>\nBir y\u0131l (12 ay) Garanti, konteynerin M\u00fc\u015fterilerin fabrikas\u0131na ula\u015ft\u0131\u011f\u0131 tarihten itibaren sa\u011flanacakt\u0131r. garanti s\u00fcresi i\u00e7inde kalite sorunu nedeniyle makine par\u00e7alar\u0131 k\u0131r\u0131l\u0131rsa, \u00fccretsiz olarak yeni par\u00e7a g\u00f6nderece\u011fiz (Herhangi bir yapay yanl\u0131\u015f kullan\u0131m veya tahribat, Kalite Garantisi s\u0131n\u0131rlamas\u0131na dahil de\u011fildir).<\/p>\n<p>2. \u00d6deme ve teslimat ko\u015fullar\u0131n\u0131z nelerdir?<br \/>\n\u00d6deme s\u00fcresi:<br \/>\n1) T \/ T, \u00f6n \u00f6demeli olarak 30%, teslimattan \u00f6nce 70%<br \/>\n2) L \/ C, T \/ T ile 30%, g\u00f6r\u00fcn\u00fcrde L \/ C olarak 70%<br \/>\nTeslimat s\u00fcresi: Standart 30-40 i\u015f g\u00fcn\u00fc i\u00e7inde olacakt\u0131r<\/p>\n<p>3. Makine sipari\u015f edersek hangi Teknik Deste\u011fi alabiliriz?<br \/>\nKurulum \u00c7izimleri, Temel kullan\u0131m talimatlar\u0131, Video ve Foto\u011fraflar arac\u0131l\u0131\u011f\u0131yla operasyon a\u00e7\u0131klamas\u0131, Gerekirse teknik destek i\u00e7in \u00e7evrimi\u00e7i g\u00f6r\u00fcnt\u00fcl\u00fc arama sa\u011flayabiliriz.<\/p>","protected":false},"excerpt":{"rendered":"<p>Product Information\uff1a Product Name\uff1a 500MM\/600MM\/800MM PE Mini Film Blowing Machine Model\uff1a WX-MN45\/50\/55 Film Width\uff1a 100-800mm Film Thickness\uff1a 0.008-0.1mm &nbsp; Products Introduction\uff1a Main engine and traction unit adopts inverter to adjust speed and save energy. Surface friction single roller is used to make plastic film smooth and neat, and clean. This machine enjoys many advantages, such [&hellip;]<\/p>","protected":false},"featured_media":2956,"comment_status":"open","ping_status":"closed","template":"","meta":{"site-sidebar-layout":"default","site-content-layout":"","ast-site-content-layout":"default","site-content-style":"default","site-sidebar-style":"default","ast-global-header-display":"","ast-banner-title-visibility":"","ast-main-header-display":"","ast-hfb-above-header-display":"","ast-hfb-below-header-display":"","ast-hfb-mobile-header-display":"","site-post-title":"","ast-breadcrumbs-content":"","ast-featured-img":"","footer-sml-layout":"","theme-transparent-header-meta":"default","adv-header-id-meta":"","stick-header-meta":"","header-above-stick-meta":"","header-main-stick-meta":"","header-below-stick-meta":"","astra-migrate-meta-layouts":"set","ast-page-background-enabled":"default","ast-page-background-meta":{"desktop":{"background-color":"","background-image":"","background-repeat":"repeat","background-position":"center center","background-size":"auto","background-attachment":"scroll","background-type":"","background-media":"","overlay-type":"","overlay-color":"","overlay-gradient":""},"tablet":{"background-color":"","background-image":"","background-repeat":"repeat","background-position":"center center","background-size":"auto","background-attachment":"scroll","background-type":"","background-media":"","overlay-type":"","overlay-color":"","overlay-gradient":""},"mobile":{"background-color":"","background-image":"","background-repeat":"repeat","background-position":"center center","background-size":"auto","background-attachment":"scroll","background-type":"","background-media":"","overlay-type":"","overlay-color":"","overlay-gradient":""}},"ast-content-background-meta":{"desktop":{"background-color":"var(--ast-global-color-5)","background-image":"","background-repeat":"repeat","background-position":"center center","background-size":"auto","background-attachment":"scroll","background-type":"","background-media":"","overlay-type":"","overlay-color":"","overlay-gradient":""},"tablet":{"background-color":"var(--ast-global-color-5)","background-image":"","background-repeat":"repeat","background-position":"center center","background-size":"auto","background-attachment":"scroll","background-type":"","background-media":"","overlay-type":"","overlay-color":"","overlay-gradient":""},"mobile":{"background-color":"var(--ast-global-color-5)","background-image":"","background-repeat":"repeat","background-position":"center center","background-size":"auto","background-attachment":"scroll","background-type":"","background-media":"","overlay-type":"","overlay-color":"","overlay-gradient":""}}},"product_cat":[23,126,127],"product_tag":[],"jetpack_sharing_enabled":true,"_links":{"self":[{"href":"https:\/\/wxplastmachine.com\/tr\/wp-json\/wp\/v2\/product\/2646"}],"collection":[{"href":"https:\/\/wxplastmachine.com\/tr\/wp-json\/wp\/v2\/product"}],"about":[{"href":"https:\/\/wxplastmachine.com\/tr\/wp-json\/wp\/v2\/types\/product"}],"replies":[{"embeddable":true,"href":"https:\/\/wxplastmachine.com\/tr\/wp-json\/wp\/v2\/comments?post=2646"}],"wp:featuredmedia":[{"embeddable":true,"href":"https:\/\/wxplastmachine.com\/tr\/wp-json\/wp\/v2\/media\/2956"}],"wp:attachment":[{"href":"https:\/\/wxplastmachine.com\/tr\/wp-json\/wp\/v2\/media?parent=2646"}],"wp:term":[{"taxonomy":"product_cat","embeddable":true,"href":"https:\/\/wxplastmachine.com\/tr\/wp-json\/wp\/v2\/product_cat?post=2646"},{"taxonomy":"product_tag","embeddable":true,"href":"https:\/\/wxplastmachine.com\/tr\/wp-json\/wp\/v2\/product_tag?post=2646"}],"curies":[{"name":"wp","href":"https:\/\/api.w.org\/{rel}","templated":true}]}}