{"id":2651,"date":"2024-07-16T10:34:43","date_gmt":"2024-07-16T02:34:43","guid":{"rendered":"https:\/\/wxplastmachine.com\/?post_type=product&#038;p=2651"},"modified":"2024-08-03T00:21:22","modified_gmt":"2024-08-02T16:21:22","slug":"wx-dh65-75-double-die-head-film-blowing-machine-plastic-packaging-film-machine","status":"publish","type":"product","link":"https:\/\/wxplastmachine.com\/tr\/urun\/wx-dh65-75-double-die-head-film-blowing-machine-plastic-packaging-film-machine","title":{"rendered":"WX-DH65\/75 \u00c7ift Kal\u0131p Kafal\u0131 Film \u015ei\u015firme Makinesi Plastik Ambalaj Film Makinesi"},"content":{"rendered":"<h2><strong><b>\u00dcr\u00fcn A\u00e7\u0131klamas\u0131<\/b><\/strong><strong><b>:<\/b><\/strong><\/h2>\n<p>\u00dcr\u00fcn Ad\u0131\uff1aWX-DH65\/75 \u00c7ift kal\u0131p kafal\u0131 film \u00fcfleme makinesi<\/p>\n<p>Model:WX-DH65\/75<br \/>\nFilm Geni\u015fli\u011fi\uff1a200-800mm<\/p>\n<p><strong><b>\u00a0<\/b><\/strong><\/p>\n<p><strong><b>Ana Teknik Parametreler\uff1a<\/b><\/strong><\/p>\n<table>\n<tbody>\n<tr>\n<td width=\"34.0600%\">Model<\/td>\n<td width=\"33.6200%\">WX-DH65<\/td>\n<td width=\"32.3000%\">\u00a0WX-DH75<\/td>\n<\/tr>\n<tr>\n<td width=\"34.0600%\">Film geni\u015fli\u011fi<\/td>\n<td width=\"33.6200%\">200-600mm<\/td>\n<td width=\"32.3000%\">300-800mm<\/td>\n<\/tr>\n<tr>\n<td width=\"34.0600%\">Film kal\u0131nl\u0131\u011f\u0131<\/td>\n<td colspan=\"2\" width=\"65.9200%\">0.008-0.1mm<\/td>\n<\/tr>\n<tr>\n<td width=\"34.0600%\">Uygun malzeme<\/td>\n<td colspan=\"2\" width=\"65.9200%\">HDPE\/LDPE\/LLDPE<\/td>\n<\/tr>\n<tr>\n<td width=\"34.0600%\">Maksimum Ekstr\u00fczyon<\/td>\n<td width=\"33.6200%\">80kg\/saat<\/td>\n<td width=\"32.3000%\">90kh\/h<\/td>\n<\/tr>\n<tr>\n<td width=\"34.0600%\">Vida \u00e7ap\u0131<\/td>\n<td width=\"33.6200%\">65 mm<\/td>\n<td width=\"32.3000%\">\u00a075 mm<\/td>\n<\/tr>\n<tr>\n<td width=\"34.0600%\">Ana motor<\/td>\n<td width=\"33.6200%\">37kw<\/td>\n<td width=\"32.3000%\">45kw<\/td>\n<\/tr>\n<tr>\n<td width=\"34.0600%\">Hava halkas\u0131<\/td>\n<td width=\"33.6200%\">620mm*2<\/td>\n<td width=\"32.3000%\">780mm*2<\/td>\n<\/tr>\n<tr>\n<td width=\"34.0600%\">Kal\u0131p boyutu<\/td>\n<td width=\"33.6200%\">60\/120mm<\/td>\n<td width=\"32.3000%\">80 \/150mm<\/td>\n<\/tr>\n<tr>\n<td width=\"34.0600%\">Hava \u00fcfleyici<\/td>\n<td width=\"33.6200%\">3kw*2<\/td>\n<td width=\"32.3000%\">3.7kw*2<\/td>\n<\/tr>\n<tr>\n<td width=\"34.0600%\">Makara geni\u015fli\u011fi<\/td>\n<td width=\"33.6200%\">700mm<\/td>\n<td width=\"32.3000%\">900mm<\/td>\n<\/tr>\n<tr>\n<td width=\"34.0600%\">Makine boyutu<\/td>\n<td width=\"33.6200%\">4.8m*2.5m*4.3m<\/td>\n<td width=\"32.3000%\">5.2m*3.0m*4.5m<\/td>\n<\/tr>\n<tr>\n<td width=\"34.0600%\">Makine a\u011f\u0131rl\u0131\u011f\u0131<\/td>\n<td width=\"33.6200%\">3000kg<\/td>\n<td width=\"32.3000%\">4000kg<\/td>\n<\/tr>\n<\/tbody>\n<\/table>\n<p><strong><b>\u00a0<\/b><\/strong><\/p>\n<p><strong><b>SSS:<\/b><\/strong><\/p>\n<p>1. \u00dcr\u00fcnlerinizin garantisi nas\u0131l?<br \/>\nBir y\u0131l (12 ay) Garanti, konteynerin M\u00fc\u015fterilerin fabrikas\u0131na ula\u015ft\u0131\u011f\u0131 tarihten itibaren sa\u011flanacakt\u0131r. garanti s\u00fcresi i\u00e7inde kalite sorunu nedeniyle makine par\u00e7alar\u0131 k\u0131r\u0131l\u0131rsa, \u00fccretsiz olarak yeni par\u00e7a g\u00f6nderece\u011fiz (Herhangi bir yapay yanl\u0131\u015f kullan\u0131m veya tahribat, Kalite Garantisi s\u0131n\u0131rlamas\u0131na dahil de\u011fildir).<\/p>\n<p>2. \u00d6deme ve teslimat ko\u015fullar\u0131n\u0131z nelerdir?<br \/>\n\u00d6deme s\u00fcresi:<br \/>\n1) T \/ T, \u00f6n \u00f6demeli olarak 30%, teslimattan \u00f6nce 70%<br \/>\n2) L \/ C, T \/ T ile 30%, g\u00f6r\u00fcn\u00fcrde L \/ C olarak 70%<br \/>\nTeslimat s\u00fcresi: Standart 30-40 i\u015f g\u00fcn\u00fc i\u00e7inde olacakt\u0131r<\/p>\n<p>3. Makine sipari\u015f edersek hangi Teknik Deste\u011fi alabiliriz?<br \/>\nKurulum \u00c7izimleri, Temel kullan\u0131m talimatlar\u0131, Video ve Foto\u011fraflar arac\u0131l\u0131\u011f\u0131yla operasyon a\u00e7\u0131klamas\u0131, Gerekirse teknik destek i\u00e7in \u00e7evrimi\u00e7i g\u00f6r\u00fcnt\u00fcl\u00fc arama sa\u011flayabiliriz.<\/p>","protected":false},"excerpt":{"rendered":"<p>Product Description: Product Name\uff1aWX-DH65\/75 Double die head film blowing machine Model:WX-DH65\/75 Film Width\uff1a200-800mm \u00a0 Main Technical Parameters\uff1a Model WX-DH65 \u00a0WX-DH75 Film width 200-600mm 300-800mm Film thickness 0.008-0.1mm Suitable material HDPE\/LDPE\/LLDPE Max.Extrusion 80kg\/h 90kh\/h Screw diameter 65mm \u00a075mm Main motor 37kw 45kw Air ring 620mm*2 780mm*2 Die size 60\/120mm 80 \/150mm Air blower 3kw*2 3.7kw*2 Roller [&hellip;]<\/p>","protected":false},"featured_media":2938,"comment_status":"open","ping_status":"closed","template":"","meta":{"site-sidebar-layout":"default","site-content-layout":"","ast-site-content-layout":"default","site-content-style":"default","site-sidebar-style":"default","ast-global-header-display":"","ast-banner-title-visibility":"","ast-main-header-display":"","ast-hfb-above-header-display":"","ast-hfb-below-header-display":"","ast-hfb-mobile-header-display":"","site-post-title":"","ast-breadcrumbs-content":"","ast-featured-img":"","footer-sml-layout":"","theme-transparent-header-meta":"default","adv-header-id-meta":"","stick-header-meta":"","header-above-stick-meta":"","header-main-stick-meta":"","header-below-stick-meta":"","astra-migrate-meta-layouts":"set","ast-page-background-enabled":"default","ast-page-background-meta":{"desktop":{"background-color":"","background-image":"","background-repeat":"repeat","background-position":"center center","background-size":"auto","background-attachment":"scroll","background-type":"","background-media":"","overlay-type":"","overlay-color":"","overlay-gradient":""},"tablet":{"background-color":"","background-image":"","background-repeat":"repeat","background-position":"center center","background-size":"auto","background-attachment":"scroll","background-type":"","background-media":"","overlay-type":"","overlay-color":"","overlay-gradient":""},"mobile":{"background-color":"","background-image":"","background-repeat":"repeat","background-position":"center center","background-size":"auto","background-attachment":"scroll","background-type":"","background-media":"","overlay-type":"","overlay-color":"","overlay-gradient":""}},"ast-content-background-meta":{"desktop":{"background-color":"var(--ast-global-color-5)","background-image":"","background-repeat":"repeat","background-position":"center center","background-size":"auto","background-attachment":"scroll","background-type":"","background-media":"","overlay-type":"","overlay-color":"","overlay-gradient":""},"tablet":{"background-color":"var(--ast-global-color-5)","background-image":"","background-repeat":"repeat","background-position":"center center","background-size":"auto","background-attachment":"scroll","background-type":"","background-media":"","overlay-type":"","overlay-color":"","overlay-gradient":""},"mobile":{"background-color":"var(--ast-global-color-5)","background-image":"","background-repeat":"repeat","background-position":"center center","background-size":"auto","background-attachment":"scroll","background-type":"","background-media":"","overlay-type":"","overlay-color":"","overlay-gradient":""}}},"product_cat":[23,126,128],"product_tag":[],"jetpack_sharing_enabled":true,"_links":{"self":[{"href":"https:\/\/wxplastmachine.com\/tr\/wp-json\/wp\/v2\/product\/2651"}],"collection":[{"href":"https:\/\/wxplastmachine.com\/tr\/wp-json\/wp\/v2\/product"}],"about":[{"href":"https:\/\/wxplastmachine.com\/tr\/wp-json\/wp\/v2\/types\/product"}],"replies":[{"embeddable":true,"href":"https:\/\/wxplastmachine.com\/tr\/wp-json\/wp\/v2\/comments?post=2651"}],"wp:featuredmedia":[{"embeddable":true,"href":"https:\/\/wxplastmachine.com\/tr\/wp-json\/wp\/v2\/media\/2938"}],"wp:attachment":[{"href":"https:\/\/wxplastmachine.com\/tr\/wp-json\/wp\/v2\/media?parent=2651"}],"wp:term":[{"taxonomy":"product_cat","embeddable":true,"href":"https:\/\/wxplastmachine.com\/tr\/wp-json\/wp\/v2\/product_cat?post=2651"},{"taxonomy":"product_tag","embeddable":true,"href":"https:\/\/wxplastmachine.com\/tr\/wp-json\/wp\/v2\/product_tag?post=2651"}],"curies":[{"name":"wp","href":"https:\/\/api.w.org\/{rel}","templated":true}]}}