{"id":2654,"date":"2024-07-16T10:37:15","date_gmt":"2024-07-16T02:37:15","guid":{"rendered":"https:\/\/wxplastmachine.com\/?post_type=product&#038;p=2654"},"modified":"2024-08-03T00:01:29","modified_gmt":"2024-08-02T16:01:29","slug":"1500mm-pe-film-blowing-machine-plastic-packaging-film-machine","status":"publish","type":"product","link":"https:\/\/wxplastmachine.com\/tr\/urun\/1500mm-pe-film-blowing-machine-plastic-packaging-film-machine","title":{"rendered":"1500mm PE Film \u015ei\u015firme Makinesi Plastik Ambalaj Film Makinesi"},"content":{"rendered":"<h2><strong><b>\u00dcr\u00fcn A\u00e7\u0131klamas\u0131<\/b><\/strong><strong><b>:<\/b><\/strong><\/h2>\n<p>WX-SL1500 PE film \u00fcfleme makinesi plastik film makinesi<\/p>\n<p>Bu makine HDPE LDPE LLDPE filmi \u00fcflemek i\u00e7in kullan\u0131l\u0131r. \u00dcr\u00fcnler bile\u015fik film, ambalaj filmi, tar\u0131msal film vb. alanlarda yayg\u0131n olarak kullan\u0131lmaktad\u0131r. Makine, \u00e7al\u0131\u015f\u0131rken filmin dengeli bir \u015fekilde \u00fcflenmesini sa\u011flamak i\u00e7in sa\u011flam bir raf kullan\u0131r.<br \/>\nD\u00f6ner kal\u0131p kafas\u0131 ve \u00e7ift hava halkas\u0131 tasar\u0131m\u0131, kabarc\u0131k kal\u0131nl\u0131\u011f\u0131n\u0131 sabit ve p\u00fcr\u00fczs\u00fcz hale getirebilir.<\/p>\n<p><strong><b>Ana Teknik Parametreler\uff1a<\/b><\/strong><\/p>\n<table>\n<tbody>\n<tr>\n<td width=\"88\">Model<\/td>\n<td width=\"84\">WX-SL1500<\/td>\n<td width=\"84\">WX-SL2000<\/td>\n<td width=\"84\">WX-SL2500<\/td>\n<td width=\"79\">WX-SL3000<\/td>\n<\/tr>\n<tr>\n<td width=\"88\">Hammadde<\/td>\n<td colspan=\"4\" width=\"334\">HDPE\/LDPE\/LLDPE<\/td>\n<\/tr>\n<tr>\n<td width=\"88\">Film geni\u015fli\u011fi<\/td>\n<td width=\"84\">800-1500 mm<\/td>\n<td width=\"84\">1000-2000mm<\/td>\n<td width=\"84\">1500-2500mm<\/td>\n<td width=\"79\">2000-3000mm<\/td>\n<\/tr>\n<tr>\n<td width=\"88\">Film kal\u0131nl\u0131\u011f\u0131<\/td>\n<td colspan=\"4\" width=\"334\">0,01-0,1 mm<\/td>\n<\/tr>\n<tr>\n<td width=\"88\">Maksimum kapasite<\/td>\n<td width=\"84\">100kg\/saat<\/td>\n<td width=\"84\">150kg\/saat<\/td>\n<td width=\"84\">200kg\/saat<\/td>\n<td width=\"79\">250kg\/saat<\/td>\n<\/tr>\n<tr>\n<td width=\"88\">Vida \u00e7ap\u0131<\/td>\n<td width=\"84\">75 mm<\/td>\n<td width=\"84\">100 mm<\/td>\n<td width=\"84\">110 mm<\/td>\n<td width=\"79\">120 mm<\/td>\n<\/tr>\n<tr>\n<td width=\"88\">Ana motor<\/td>\n<td width=\"84\">37kw<\/td>\n<td width=\"84\">55kw<\/td>\n<td width=\"84\">75kw<\/td>\n<td width=\"79\">90kw<\/td>\n<\/tr>\n<tr>\n<td width=\"88\">Di\u015fli kutusu<\/td>\n<td width=\"84\">#200<\/td>\n<td width=\"84\">#225<\/td>\n<td width=\"84\">#250<\/td>\n<td width=\"79\">#280<\/td>\n<\/tr>\n<tr>\n<td width=\"88\">Pafta kafas\u0131 \u00e7ap\u0131<\/td>\n<td width=\"84\">350mm<\/td>\n<td width=\"84\">500mm<\/td>\n<td width=\"84\">600mm<\/td>\n<td width=\"79\">800mm<\/td>\n<\/tr>\n<tr>\n<td width=\"88\">Hava \u00fcfleyici<\/td>\n<td width=\"84\">5.5kw<\/td>\n<td width=\"84\">7.5kw<\/td>\n<td width=\"84\">11kw<\/td>\n<td width=\"79\">15kw<\/td>\n<\/tr>\n<tr>\n<td width=\"88\">Makine boyutu<\/td>\n<td width=\"84\">7.0m*3.2m*6.4m<\/td>\n<td width=\"84\">8.0m*3.8m*8.6m<\/td>\n<td width=\"84\">9.0m*4.5m*11m<\/td>\n<td width=\"79\">11m*5.5m*12m<\/td>\n<\/tr>\n<tr>\n<td width=\"88\">Makine a\u011f\u0131rl\u0131\u011f\u0131<\/td>\n<td width=\"84\">3,5 ton<\/td>\n<td width=\"84\">5ton<\/td>\n<td width=\"84\">6,5 ton<\/td>\n<td width=\"79\">8ton<\/td>\n<\/tr>\n<\/tbody>\n<\/table>\n<p>&nbsp;<\/p>\n<p><strong><b>SSS:<\/b><\/strong><\/p>\n<p>1. \u00dcr\u00fcnlerinizin garantisi nas\u0131l?<br \/>\nBir y\u0131l (12 ay) Garanti, konteynerin M\u00fc\u015fterilerin fabrikas\u0131na ula\u015ft\u0131\u011f\u0131 tarihten itibaren sa\u011flanacakt\u0131r. garanti s\u00fcresi i\u00e7inde kalite sorunu nedeniyle makine par\u00e7alar\u0131 k\u0131r\u0131l\u0131rsa, \u00fccretsiz olarak yeni par\u00e7a g\u00f6nderece\u011fiz (Herhangi bir yapay yanl\u0131\u015f kullan\u0131m veya tahribat, Kalite Garantisi s\u0131n\u0131rlamas\u0131na dahil de\u011fildir).<\/p>\n<p>2. \u00d6deme ve teslimat ko\u015fullar\u0131n\u0131z nelerdir?<br \/>\n\u00d6deme s\u00fcresi:<br \/>\n1) T \/ T, \u00f6n \u00f6demeli olarak 30%, teslimattan \u00f6nce 70%<br \/>\n2) L \/ C, T \/ T ile 30%, g\u00f6r\u00fcn\u00fcrde L \/ C olarak 70%<br \/>\nTeslimat s\u00fcresi: Standart 30-40 i\u015f g\u00fcn\u00fc i\u00e7inde olacakt\u0131r<\/p>\n<p>3. Makine sipari\u015f edersek hangi Teknik Deste\u011fi alabiliriz?<br \/>\nKurulum \u00c7izimleri, Temel kullan\u0131m talimatlar\u0131, Video ve Foto\u011fraflar arac\u0131l\u0131\u011f\u0131yla operasyon a\u00e7\u0131klamas\u0131, Gerekirse teknik destek i\u00e7in \u00e7evrimi\u00e7i g\u00f6r\u00fcnt\u00fcl\u00fc arama sa\u011flayabiliriz.<\/p>","protected":false},"excerpt":{"rendered":"<p>Product Description: WX-SL1500 PE film blowing machine plastic film machine This machine is used for blowing HDPE LDPE LLDPE film. Products are widely used in compound film, packaging film, agricultural film\u00a0and\u00a0etc. Machine uses a sturdy shelf to ensure stable blowing of the film when running. Rotating die head &amp; double air ring design can make [&hellip;]<\/p>","protected":false},"featured_media":2935,"comment_status":"open","ping_status":"closed","template":"","meta":{"site-sidebar-layout":"default","site-content-layout":"","ast-site-content-layout":"default","site-content-style":"default","site-sidebar-style":"default","ast-global-header-display":"","ast-banner-title-visibility":"","ast-main-header-display":"","ast-hfb-above-header-display":"","ast-hfb-below-header-display":"","ast-hfb-mobile-header-display":"","site-post-title":"","ast-breadcrumbs-content":"","ast-featured-img":"","footer-sml-layout":"","theme-transparent-header-meta":"default","adv-header-id-meta":"","stick-header-meta":"","header-above-stick-meta":"","header-main-stick-meta":"","header-below-stick-meta":"","astra-migrate-meta-layouts":"set","ast-page-background-enabled":"default","ast-page-background-meta":{"desktop":{"background-color":"","background-image":"","background-repeat":"repeat","background-position":"center center","background-size":"auto","background-attachment":"scroll","background-type":"","background-media":"","overlay-type":"","overlay-color":"","overlay-gradient":""},"tablet":{"background-color":"","background-image":"","background-repeat":"repeat","background-position":"center center","background-size":"auto","background-attachment":"scroll","background-type":"","background-media":"","overlay-type":"","overlay-color":"","overlay-gradient":""},"mobile":{"background-color":"","background-image":"","background-repeat":"repeat","background-position":"center center","background-size":"auto","background-attachment":"scroll","background-type":"","background-media":"","overlay-type":"","overlay-color":"","overlay-gradient":""}},"ast-content-background-meta":{"desktop":{"background-color":"var(--ast-global-color-5)","background-image":"","background-repeat":"repeat","background-position":"center center","background-size":"auto","background-attachment":"scroll","background-type":"","background-media":"","overlay-type":"","overlay-color":"","overlay-gradient":""},"tablet":{"background-color":"var(--ast-global-color-5)","background-image":"","background-repeat":"repeat","background-position":"center center","background-size":"auto","background-attachment":"scroll","background-type":"","background-media":"","overlay-type":"","overlay-color":"","overlay-gradient":""},"mobile":{"background-color":"var(--ast-global-color-5)","background-image":"","background-repeat":"repeat","background-position":"center center","background-size":"auto","background-attachment":"scroll","background-type":"","background-media":"","overlay-type":"","overlay-color":"","overlay-gradient":""}}},"product_cat":[23,126,128],"product_tag":[],"jetpack_sharing_enabled":true,"_links":{"self":[{"href":"https:\/\/wxplastmachine.com\/tr\/wp-json\/wp\/v2\/product\/2654"}],"collection":[{"href":"https:\/\/wxplastmachine.com\/tr\/wp-json\/wp\/v2\/product"}],"about":[{"href":"https:\/\/wxplastmachine.com\/tr\/wp-json\/wp\/v2\/types\/product"}],"replies":[{"embeddable":true,"href":"https:\/\/wxplastmachine.com\/tr\/wp-json\/wp\/v2\/comments?post=2654"}],"wp:featuredmedia":[{"embeddable":true,"href":"https:\/\/wxplastmachine.com\/tr\/wp-json\/wp\/v2\/media\/2935"}],"wp:attachment":[{"href":"https:\/\/wxplastmachine.com\/tr\/wp-json\/wp\/v2\/media?parent=2654"}],"wp:term":[{"taxonomy":"product_cat","embeddable":true,"href":"https:\/\/wxplastmachine.com\/tr\/wp-json\/wp\/v2\/product_cat?post=2654"},{"taxonomy":"product_tag","embeddable":true,"href":"https:\/\/wxplastmachine.com\/tr\/wp-json\/wp\/v2\/product_tag?post=2654"}],"curies":[{"name":"wp","href":"https:\/\/api.w.org\/{rel}","templated":true}]}}