{"id":2659,"date":"2024-07-16T10:42:06","date_gmt":"2024-07-16T02:42:06","guid":{"rendered":"https:\/\/wxplastmachine.com\/?post_type=product&#038;p=2659"},"modified":"2024-08-03T02:11:40","modified_gmt":"2024-08-02T18:11:40","slug":"pe-heat-shrink-film-blowing-machine-pe-hot-shrinkable-packaging-film-extruder","status":"publish","type":"product","link":"https:\/\/wxplastmachine.com\/tr\/urun\/pe-heat-shrink-film-blowing-machine-pe-hot-shrinkable-packaging-film-extruder","title":{"rendered":"PE Is\u0131 Shrink Film \u00dcfleme Makinesi PE S\u0131cak Daralan Ambalaj Filmi Ekstruder"},"content":{"rendered":"<h2><strong><b>\u00dcr\u00fcn A\u00e7\u0131klamas\u0131<\/b><\/strong><strong><b>:<\/b><\/strong><\/h2>\n<p>PE Hot Shrinkable film Extruder \/PE heat shrink film blowing machine packaging machine<\/p>\n<p><strong><b>Kullan\u0131m:<\/b><\/strong><br \/>\nIt is used to blowing low density polyethylene (LDPE), high density polyethylene (HDPE) and linear low density polyethylene (LLDPE) and other plastic films. It is widely used in liquid packaging, printing compound, clothing textile packaging, industrial packaging, etc.<\/p>\n<p>&nbsp;<\/p>\n<p><strong><b>Ana Teknik Parametreler:<\/b><\/strong><\/p>\n<table>\n<tbody>\n<tr>\n<td width=\"86\">Model<\/td>\n<td width=\"68\">WX-SF45<\/td>\n<td width=\"64\">WX-SF-50<\/td>\n<td width=\"69\">WX-SF55<\/td>\n<td width=\"68\">WX-SF60<\/td>\n<td width=\"66\">WX-SF65<\/td>\n<td width=\"68\">WX-SF80<\/td>\n<td width=\"58\">WX-SF100<\/td>\n<\/tr>\n<tr>\n<td width=\"86\">Vida \u00e7ap\u0131<\/td>\n<td width=\"68\">45mm<\/td>\n<td width=\"64\">50mm<\/td>\n<td width=\"69\">55 mm<\/td>\n<td width=\"68\">60mm<\/td>\n<td width=\"66\">65 mm<\/td>\n<td width=\"68\">80 mm<\/td>\n<td width=\"58\">100 mm<\/td>\n<\/tr>\n<tr>\n<td width=\"86\">Screw ratio (L\/D)<\/td>\n<td width=\"68\">28:1<\/td>\n<td width=\"64\">28:1<\/td>\n<td width=\"69\">28:1<\/td>\n<td width=\"68\">28:1<\/td>\n<td width=\"66\">28:1<\/td>\n<td width=\"68\">28:1<\/td>\n<td width=\"58\">28:1<\/td>\n<\/tr>\n<tr>\n<td width=\"86\">Screw speed<\/td>\n<td width=\"68\">10-100r\/dak<\/td>\n<td width=\"64\">10-100r\/dak<\/td>\n<td width=\"69\">10-100r\/dak<\/td>\n<td width=\"68\">10-100r\/dak<\/td>\n<td width=\"66\">10-100r\/dak<\/td>\n<td width=\"68\">10-100r\/dak<\/td>\n<td width=\"58\">10-100r\/dak<\/td>\n<\/tr>\n<tr>\n<td width=\"86\">Main output<\/td>\n<td width=\"68\">20-30kg\/h<\/td>\n<td width=\"64\">25-35 kg\/h<\/td>\n<td width=\"69\">35-50 kg\/h<\/td>\n<td width=\"68\">55-65 kg\/h<\/td>\n<td width=\"66\">55-70 kg\/h<\/td>\n<td width=\"68\">70-90 kg\/h<\/td>\n<td width=\"58\">110-140 kg\/h<\/td>\n<\/tr>\n<tr>\n<td width=\"86\">Power of main motor<\/td>\n<td width=\"68\">7.5kw<\/td>\n<td width=\"64\">7.5-11 kw<\/td>\n<td width=\"69\">11-15 kw<\/td>\n<td width=\"68\">15-18.5 kw<\/td>\n<td width=\"66\">18.5-22 kw<\/td>\n<td width=\"68\">30-37 kw<\/td>\n<td width=\"58\">45-45 kw<\/td>\n<\/tr>\n<tr>\n<td width=\"86\">Specification of die head<\/td>\n<td width=\"68\">\u03c640-80mm<\/td>\n<td width=\"64\">\u03c660-120mm<\/td>\n<td width=\"69\">\u03c6100-170mm<\/td>\n<td width=\"68\">\u03c6100-170mm<\/td>\n<td width=\"66\">\u03c6120-220mm<\/td>\n<td width=\"68\">\u03c6150-300mm<\/td>\n<td width=\"58\">\u03c6500mm<\/td>\n<\/tr>\n<tr>\n<td width=\"86\">Rotational mode of machine head<\/td>\n<td width=\"68\">Continuous rotation<\/td>\n<td width=\"64\">Continuous rotation<\/td>\n<td width=\"69\">Continuous rotation<\/td>\n<td width=\"68\">Continuous rotation<\/td>\n<td width=\"66\">Continuous rotation<\/td>\n<td width=\"68\">Continuous rotation<\/td>\n<td width=\"58\">Continuous rotation<\/td>\n<\/tr>\n<tr>\n<td width=\"86\">Single-side thickness<\/td>\n<td width=\"68\">0.01-0.10mm<\/td>\n<td width=\"64\">0.01-0.10mm<\/td>\n<td width=\"69\">0.01-0.10mm<\/td>\n<td width=\"68\">0.01-0.10mm<\/td>\n<td width=\"66\">0.01-0.10mm<\/td>\n<td width=\"68\">0.01-0.10mm<\/td>\n<td width=\"58\">0.01-0.10mm<\/td>\n<\/tr>\n<tr>\n<td width=\"86\">Max.folding width<\/td>\n<td width=\"68\">600mm<\/td>\n<td width=\"64\">600mm<\/td>\n<td width=\"69\">800mm<\/td>\n<td width=\"68\">1000mm<\/td>\n<td width=\"66\">1100mm<\/td>\n<td width=\"68\">1500mm<\/td>\n<td width=\"58\">2000mm<\/td>\n<\/tr>\n<tr>\n<td width=\"86\">Toplam g\u00fc\u00e7<\/td>\n<td width=\"68\">19.5kw<\/td>\n<td width=\"64\">22kw<\/td>\n<td width=\"69\">26kw<\/td>\n<td width=\"68\">30kw<\/td>\n<td width=\"66\">42kw<\/td>\n<td width=\"68\">56kw<\/td>\n<td width=\"58\">88kw<\/td>\n<\/tr>\n<tr>\n<td width=\"86\">Weight of machine<\/td>\n<td width=\"68\">1900kg<\/td>\n<td width=\"64\">2000kg<\/td>\n<td width=\"69\">2300kg<\/td>\n<td width=\"68\">2000kg<\/td>\n<td width=\"66\">3800kg<\/td>\n<td width=\"68\">4600kg<\/td>\n<td width=\"58\">6000kg<\/td>\n<\/tr>\n<tr>\n<td width=\"86\">Overall dimensions (m)<\/td>\n<td width=\"68\">4.5*1.8*3.5<\/td>\n<td width=\"64\">4.5*1.8*3.5<\/td>\n<td width=\"69\">5.5*2*3.8<\/td>\n<td width=\"68\">6*2.2*4.2<\/td>\n<td width=\"66\">6*2.4*4.3<\/td>\n<td width=\"68\">7*2.7*5.8<\/td>\n<td width=\"58\">8*3.2*7.6<\/td>\n<\/tr>\n<\/tbody>\n<\/table>\n<p>&nbsp;<\/p>\n<p><strong><b>Ana \u00d6zellikler:<\/b><\/strong><br \/>\nA, Main motor and take-up motor are controlled by frequency inverter adjust<br \/>\nB, Material of screw and barrel: 38CrMoAlA Polished with Nitride Treatment<br \/>\nC. hardness of heat treatment: screw HV\u2265740, barrel HV\u2265900<\/p>\n<p>Hardening depth: 0.6-0.7mm: 0.6-0.7mm<br \/>\nBrittleness grade:\u00a0\u2264\u00a02 grade\u00a0\u2264\u00a02 grade<br \/>\nD. Gearbox:\u00a0173\u00a0involute cylindrical helical gear, alloy cast steel.<br \/>\nE. Die head material: 45\u00a0\u00d7\u00a045 \/ high carbon steel<br \/>\nF. Temperature control by double digital display automatic temperature control meter<\/p>\n<p><strong><b>Optional options:\u00a0<\/b><\/strong><br \/>\n1: Rotary die head<br \/>\n2: double winder<br \/>\n3:\u00a0Corona machine(if need printing)<br \/>\n4:\u00a0 auto suction<br \/>\n5:\u00a0\u00a0Meter and weight control<\/p>\n<p><strong><b>Parts List:\u00a0<\/b><\/strong><br \/>\nHeating ring:\u00a0 4Pcs<br \/>\nTemperature Controller:\u00a0 4pcs<br \/>\nVoltmeter:\u00a0 4pcs<br \/>\nThermocouple:\u00a0 4pcs<br \/>\nFilter: \u00a04 meter<br \/>\nTools:\u00a01set<br \/>\nOperation Manual:\u00a0 1pcs<\/p>","protected":false},"excerpt":{"rendered":"<p>Product Description: PE Hot Shrinkable film Extruder \/PE heat shrink film blowing machine packaging machine Usage: It is used to blowing low density polyethylene (LDPE), high density polyethylene (HDPE) and linear low density polyethylene (LLDPE) and other plastic films. It is widely used in liquid packaging, printing compound, clothing textile packaging, industrial packaging, etc. &nbsp; [&hellip;]<\/p>","protected":false},"featured_media":2959,"comment_status":"open","ping_status":"closed","template":"","meta":{"site-sidebar-layout":"default","site-content-layout":"","ast-site-content-layout":"default","site-content-style":"default","site-sidebar-style":"default","ast-global-header-display":"","ast-banner-title-visibility":"","ast-main-header-display":"","ast-hfb-above-header-display":"","ast-hfb-below-header-display":"","ast-hfb-mobile-header-display":"","site-post-title":"","ast-breadcrumbs-content":"","ast-featured-img":"","footer-sml-layout":"","theme-transparent-header-meta":"default","adv-header-id-meta":"","stick-header-meta":"","header-above-stick-meta":"","header-main-stick-meta":"","header-below-stick-meta":"","astra-migrate-meta-layouts":"set","ast-page-background-enabled":"default","ast-page-background-meta":{"desktop":{"background-color":"","background-image":"","background-repeat":"repeat","background-position":"center center","background-size":"auto","background-attachment":"scroll","background-type":"","background-media":"","overlay-type":"","overlay-color":"","overlay-gradient":""},"tablet":{"background-color":"","background-image":"","background-repeat":"repeat","background-position":"center center","background-size":"auto","background-attachment":"scroll","background-type":"","background-media":"","overlay-type":"","overlay-color":"","overlay-gradient":""},"mobile":{"background-color":"","background-image":"","background-repeat":"repeat","background-position":"center center","background-size":"auto","background-attachment":"scroll","background-type":"","background-media":"","overlay-type":"","overlay-color":"","overlay-gradient":""}},"ast-content-background-meta":{"desktop":{"background-color":"var(--ast-global-color-5)","background-image":"","background-repeat":"repeat","background-position":"center center","background-size":"auto","background-attachment":"scroll","background-type":"","background-media":"","overlay-type":"","overlay-color":"","overlay-gradient":""},"tablet":{"background-color":"var(--ast-global-color-5)","background-image":"","background-repeat":"repeat","background-position":"center center","background-size":"auto","background-attachment":"scroll","background-type":"","background-media":"","overlay-type":"","overlay-color":"","overlay-gradient":""},"mobile":{"background-color":"var(--ast-global-color-5)","background-image":"","background-repeat":"repeat","background-position":"center center","background-size":"auto","background-attachment":"scroll","background-type":"","background-media":"","overlay-type":"","overlay-color":"","overlay-gradient":""}}},"product_cat":[23],"product_tag":[],"jetpack_sharing_enabled":true,"_links":{"self":[{"href":"https:\/\/wxplastmachine.com\/tr\/wp-json\/wp\/v2\/product\/2659"}],"collection":[{"href":"https:\/\/wxplastmachine.com\/tr\/wp-json\/wp\/v2\/product"}],"about":[{"href":"https:\/\/wxplastmachine.com\/tr\/wp-json\/wp\/v2\/types\/product"}],"replies":[{"embeddable":true,"href":"https:\/\/wxplastmachine.com\/tr\/wp-json\/wp\/v2\/comments?post=2659"}],"wp:featuredmedia":[{"embeddable":true,"href":"https:\/\/wxplastmachine.com\/tr\/wp-json\/wp\/v2\/media\/2959"}],"wp:attachment":[{"href":"https:\/\/wxplastmachine.com\/tr\/wp-json\/wp\/v2\/media?parent=2659"}],"wp:term":[{"taxonomy":"product_cat","embeddable":true,"href":"https:\/\/wxplastmachine.com\/tr\/wp-json\/wp\/v2\/product_cat?post=2659"},{"taxonomy":"product_tag","embeddable":true,"href":"https:\/\/wxplastmachine.com\/tr\/wp-json\/wp\/v2\/product_tag?post=2659"}],"curies":[{"name":"wp","href":"https:\/\/api.w.org\/{rel}","templated":true}]}}