{"id":2660,"date":"2024-07-16T10:43:34","date_gmt":"2024-07-16T02:43:34","guid":{"rendered":"https:\/\/wxplastmachine.com\/?post_type=product&#038;p=2660"},"modified":"2024-08-02T10:35:01","modified_gmt":"2024-08-02T02:35:01","slug":"wx-dc452-502-double-color-stripped-film-blowing-machine","status":"publish","type":"product","link":"https:\/\/wxplastmachine.com\/tr\/urun\/wx-dc452-502-double-color-stripped-film-blowing-machine","title":{"rendered":"WX-DC45*2\/50*2 \u00c7ift Renkli Soyulmu\u015f Film \u015ei\u015firme Makinesi"},"content":{"rendered":"<p><strong><b>\u00dcr\u00fcn Bilgileri:<\/b><\/strong><br \/>\nModel\uff1aWX-DC45*2\/50*2<br \/>\n\u00dcr\u00fcn Ad\u0131\uff1a\u00c7ift Renkli Soyulmu\u015f Film \u015ei\u015firme Makinesi<br \/>\nFilm Geni\u015fli\u011fi\uff1a100-800mm<\/p>\n<p><strong><b>Giri\u015f\uff1a<\/b><\/strong><br \/>\nBu makine HDPE LDPE LLDPE filmi \u00fcflemek i\u00e7in kullan\u0131l\u0131r. \u00dcr\u00fcnler yayg\u0131n olarak bile\u015fik film, ambalaj filmi, tar\u0131msal film, farbriks, bez torba vb. alanlarda kullan\u0131lmaktad\u0131r. Ana motor, h\u0131z\u0131 ayarlamak ve stabiliteyi art\u0131rmak i\u00e7in invert\u00f6r ile donat\u0131lm\u0131\u015ft\u0131r. Ayr\u0131ca, bu makine normal makinelere k\u0131yasla 30% elektrik tasarrufu sa\u011flayabilir. Vidalar ve kovanlar Nitr\u00fcrleme i\u015flemi ile 38 krom molibden al\u00fcminyumdan yap\u0131lm\u0131\u015ft\u0131r. \u00c7eki\u015f \u00fcnitesi, yukar\u0131 ve a\u015fa\u011f\u0131 \u00e7eki\u015f yard\u0131m\u0131 ile esnektir ve film \u00fcflemede daha iyi bir so\u011futma etkisi sa\u011flar.<\/p>\n<p>&nbsp;<\/p>\n<p><strong><b>Ana Teknik Parametreler:<\/b><\/strong><\/p>\n<table>\n<tbody>\n<tr>\n<td width=\"29.3800%\">Model<\/td>\n<td width=\"36.7800%\">WX-DC45*2<\/td>\n<td width=\"33.8000%\">WX-DC50*2<\/td>\n<\/tr>\n<tr>\n<td width=\"29.3800%\">Uygun malzeme<\/td>\n<td colspan=\"2\" width=\"70.6000%\">HDPE\/LDPE\/LLDPE\/Biyobozunur malzemeler<\/td>\n<\/tr>\n<tr>\n<td width=\"29.3800%\">Film geni\u015fli\u011fi<\/td>\n<td width=\"36.7800%\">200-600mm<\/td>\n<td width=\"33.8000%\">300-800mm<\/td>\n<\/tr>\n<tr>\n<td width=\"29.3800%\">Film kal\u0131nl\u0131\u011f\u0131<\/td>\n<td colspan=\"2\" width=\"70.6000%\">0.008-0.1mm<\/td>\n<\/tr>\n<tr>\n<td width=\"29.3800%\">Renk say\u0131s\u0131<\/td>\n<td colspan=\"2\" width=\"70.6000%\">\u00c7ift renk<\/td>\n<\/tr>\n<tr>\n<td width=\"29.3800%\">Kapasite<\/td>\n<td width=\"36.7800%\">40kg\/saat<\/td>\n<td width=\"33.8000%\">50kg\/saat<\/td>\n<\/tr>\n<tr>\n<td width=\"29.3800%\">Vida \u00e7ap\u0131<\/td>\n<td width=\"36.7800%\">45*2mm<\/td>\n<td width=\"33.8000%\">50*2mm<\/td>\n<\/tr>\n<tr>\n<td width=\"29.3800%\">Ana motor<\/td>\n<td width=\"36.7800%\">11*2kw<\/td>\n<td width=\"33.8000%\">15*2kw<\/td>\n<\/tr>\n<tr>\n<td width=\"29.3800%\">Kal\u0131p boyutu<\/td>\n<td width=\"36.7800%\">60mm<\/td>\n<td width=\"33.8000%\">80 mm<\/td>\n<\/tr>\n<tr>\n<td width=\"29.3800%\">Hava \u00fcfleyici<\/td>\n<td width=\"36.7800%\">1.5kw<\/td>\n<td width=\"33.8000%\">1.5kw<\/td>\n<\/tr>\n<tr>\n<td width=\"29.3800%\">Makara geni\u015fli\u011fi<\/td>\n<td width=\"36.7800%\">700mm<\/td>\n<td width=\"33.8000%\">900mm<\/td>\n<\/tr>\n<tr>\n<td width=\"29.3800%\">Motoru kald\u0131r\u0131n<\/td>\n<td width=\"36.7800%\">1.5kw<\/td>\n<td width=\"33.8000%\">1.5kw<\/td>\n<\/tr>\n<tr>\n<td width=\"29.3800%\">Sar\u0131c\u0131 motor<\/td>\n<td width=\"36.7800%\">1.5kw<\/td>\n<td width=\"33.8000%\">1.5kw<\/td>\n<\/tr>\n<tr>\n<td width=\"29.3800%\">Makine boyutu<\/td>\n<td width=\"36.7800%\">4.8*1.9*4.1m<\/td>\n<td width=\"33.8000%\">5.5*21*4.3m<\/td>\n<\/tr>\n<tr>\n<td width=\"29.3800%\">Makine a\u011f\u0131rl\u0131\u011f\u0131<\/td>\n<td width=\"36.7800%\">2,5 Ton<\/td>\n<td width=\"33.8000%\">3.0 Ton<\/td>\n<\/tr>\n<tr>\n<td width=\"29.3800%\">Gerilim<\/td>\n<td colspan=\"2\" width=\"70.6000%\">\u00dc\u00e7 fazl\u0131, 380V\/50HZ (\u00d6zelle\u015ftirilebilir)<\/td>\n<\/tr>\n<\/tbody>\n<\/table>\n<p>&nbsp;<\/p>\n<p><strong><b>SSS:<\/b><\/strong><\/p>\n<p>1. \u00dcr\u00fcnlerinizin garantisi nas\u0131l?<br \/>\nBir y\u0131l (12 ay) Garanti, konteynerin M\u00fc\u015fterilerin fabrikas\u0131na ula\u015ft\u0131\u011f\u0131 tarihten itibaren sa\u011flanacakt\u0131r. garanti s\u00fcresi i\u00e7inde kalite sorunu nedeniyle makine par\u00e7alar\u0131 k\u0131r\u0131l\u0131rsa, \u00fccretsiz olarak yeni par\u00e7a g\u00f6nderece\u011fiz (Herhangi bir yapay yanl\u0131\u015f kullan\u0131m veya tahribat, Kalite Garantisi s\u0131n\u0131rlamas\u0131na dahil de\u011fildir).<\/p>\n<p>2. \u00d6deme ve teslimat ko\u015fullar\u0131n\u0131z nelerdir?<br \/>\n\u00d6deme s\u00fcresi:<br \/>\n1) T \/ T, \u00f6n \u00f6demeli olarak 30%, teslimattan \u00f6nce 70%<br \/>\n2) L \/ C, T \/ T ile 30%, g\u00f6r\u00fcn\u00fcrde L \/ C olarak 70%<br \/>\nTeslimat s\u00fcresi: Standart 30-40 i\u015f g\u00fcn\u00fc i\u00e7inde olacakt\u0131r<\/p>\n<p>3. Makine sipari\u015f edersek hangi Teknik Deste\u011fi alabiliriz?<br \/>\nKurulum \u00c7izimleri, Temel kullan\u0131m talimatlar\u0131, Video ve Foto\u011fraflar arac\u0131l\u0131\u011f\u0131yla operasyon a\u00e7\u0131klamas\u0131, Gerekirse teknik destek i\u00e7in \u00e7evrimi\u00e7i g\u00f6r\u00fcnt\u00fcl\u00fc arama sa\u011flayabiliriz.<\/p>","protected":false},"excerpt":{"rendered":"<p>Product Information: Model\uff1aWX-DC45*2\/50*2 Product Name\uff1aDouble Color Stripped Film Blowing Machine Film Width\uff1a100-800mm Introduction\uff1a This machine is used for blowing HDPE LDPE LLDPE film. Products are widely used in compound film, packaging film, agricultural film, farbrics, cloth bag and etc. The main motor is equipped with inverter to adjust speed and increase stability. Besides, this machine [&hellip;]<\/p>","protected":false},"featured_media":2921,"comment_status":"open","ping_status":"closed","template":"","meta":{"site-sidebar-layout":"default","site-content-layout":"","ast-site-content-layout":"default","site-content-style":"default","site-sidebar-style":"default","ast-global-header-display":"","ast-banner-title-visibility":"","ast-main-header-display":"","ast-hfb-above-header-display":"","ast-hfb-below-header-display":"","ast-hfb-mobile-header-display":"","site-post-title":"","ast-breadcrumbs-content":"","ast-featured-img":"","footer-sml-layout":"","theme-transparent-header-meta":"default","adv-header-id-meta":"","stick-header-meta":"","header-above-stick-meta":"","header-main-stick-meta":"","header-below-stick-meta":"","astra-migrate-meta-layouts":"set","ast-page-background-enabled":"default","ast-page-background-meta":{"desktop":{"background-color":"","background-image":"","background-repeat":"repeat","background-position":"center center","background-size":"auto","background-attachment":"scroll","background-type":"","background-media":"","overlay-type":"","overlay-color":"","overlay-gradient":""},"tablet":{"background-color":"","background-image":"","background-repeat":"repeat","background-position":"center center","background-size":"auto","background-attachment":"scroll","background-type":"","background-media":"","overlay-type":"","overlay-color":"","overlay-gradient":""},"mobile":{"background-color":"","background-image":"","background-repeat":"repeat","background-position":"center center","background-size":"auto","background-attachment":"scroll","background-type":"","background-media":"","overlay-type":"","overlay-color":"","overlay-gradient":""}},"ast-content-background-meta":{"desktop":{"background-color":"var(--ast-global-color-5)","background-image":"","background-repeat":"repeat","background-position":"center center","background-size":"auto","background-attachment":"scroll","background-type":"","background-media":"","overlay-type":"","overlay-color":"","overlay-gradient":""},"tablet":{"background-color":"var(--ast-global-color-5)","background-image":"","background-repeat":"repeat","background-position":"center center","background-size":"auto","background-attachment":"scroll","background-type":"","background-media":"","overlay-type":"","overlay-color":"","overlay-gradient":""},"mobile":{"background-color":"var(--ast-global-color-5)","background-image":"","background-repeat":"repeat","background-position":"center center","background-size":"auto","background-attachment":"scroll","background-type":"","background-media":"","overlay-type":"","overlay-color":"","overlay-gradient":""}}},"product_cat":[23,126,129],"product_tag":[],"jetpack_sharing_enabled":true,"_links":{"self":[{"href":"https:\/\/wxplastmachine.com\/tr\/wp-json\/wp\/v2\/product\/2660"}],"collection":[{"href":"https:\/\/wxplastmachine.com\/tr\/wp-json\/wp\/v2\/product"}],"about":[{"href":"https:\/\/wxplastmachine.com\/tr\/wp-json\/wp\/v2\/types\/product"}],"replies":[{"embeddable":true,"href":"https:\/\/wxplastmachine.com\/tr\/wp-json\/wp\/v2\/comments?post=2660"}],"wp:featuredmedia":[{"embeddable":true,"href":"https:\/\/wxplastmachine.com\/tr\/wp-json\/wp\/v2\/media\/2921"}],"wp:attachment":[{"href":"https:\/\/wxplastmachine.com\/tr\/wp-json\/wp\/v2\/media?parent=2660"}],"wp:term":[{"taxonomy":"product_cat","embeddable":true,"href":"https:\/\/wxplastmachine.com\/tr\/wp-json\/wp\/v2\/product_cat?post=2660"},{"taxonomy":"product_tag","embeddable":true,"href":"https:\/\/wxplastmachine.com\/tr\/wp-json\/wp\/v2\/product_tag?post=2660"}],"curies":[{"name":"wp","href":"https:\/\/api.w.org\/{rel}","templated":true}]}}