{"id":2661,"date":"2024-07-16T10:44:50","date_gmt":"2024-07-16T02:44:50","guid":{"rendered":"https:\/\/wxplastmachine.com\/?post_type=product&#038;p=2661"},"modified":"2024-08-03T03:07:10","modified_gmt":"2024-08-02T19:07:10","slug":"wx-ab50-55-60-two-layer-co-extrusion-film-blowing-machine","status":"publish","type":"product","link":"https:\/\/wxplastmachine.com\/tr\/urun\/wx-ab50-55-60-two-layer-co-extrusion-film-blowing-machine","title":{"rendered":"WX-AB50\/55\/60 \u0130ki Katmanl\u0131 Ko-ekstr\u00fczyon Film \u015ei\u015firme Makinesi"},"content":{"rendered":"<p><strong><b>\u00dcr\u00fcn A\u00e7\u0131klamas\u0131:<\/b><\/strong><\/p>\n<p>The\u00a0production line of AB two-layer co-extrusion blown film machines produced by our company is suitable for blowing high-density polyethylene, low-density polyethylene and linear low-density polyethylene. The products are widely used in Mulch film,agricultural film, flexible packaging film.<\/p>\n<p><strong><b>Ana Teknik Parametreler:<\/b><\/strong><\/p>\n<table>\n<tbody>\n<tr>\n<td width=\"148\">Model<\/td>\n<td width=\"94\">WX-AB50\/800<\/td>\n<td width=\"88\">WX-AB55\/1000<\/td>\n<td width=\"88\">WX-AB60\/1200<\/td>\n<\/tr>\n<tr>\n<td width=\"148\">Vida \u00e7ap\u0131<\/td>\n<td width=\"94\">50\u00d7 2<\/td>\n<td width=\"88\">55\u00d7 2<\/td>\n<td width=\"88\">60\u00d7 2<\/td>\n<\/tr>\n<tr>\n<td width=\"148\">L\/D<\/td>\n<td width=\"94\">28: 1<\/td>\n<td width=\"88\">28: 1<\/td>\n<td width=\"88\">28: 1<\/td>\n<\/tr>\n<tr>\n<td width=\"148\">Reduced diameter of film(mm)<\/td>\n<td width=\"94\">800<\/td>\n<td width=\"88\">1000<\/td>\n<td width=\"88\">1200<\/td>\n<\/tr>\n<tr>\n<td width=\"148\">Single-face Thickness of film(mm)<\/td>\n<td width=\"94\">0.015-0.10<\/td>\n<td width=\"88\">0.015-0.10<\/td>\n<td width=\"88\">0.015-0.10<\/td>\n<\/tr>\n<tr>\n<td width=\"148\">Max. Output(kg\/h)<\/td>\n<td width=\"94\">40<\/td>\n<td width=\"88\">65<\/td>\n<td width=\"88\">80<\/td>\n<\/tr>\n<tr>\n<td width=\"148\">Power of main motor(kw)<\/td>\n<td width=\"94\">11\u00d7 2<\/td>\n<td width=\"88\">15\u00d7 2<\/td>\n<td width=\"88\">18.5\u00d7 2<\/td>\n<\/tr>\n<tr>\n<td width=\"148\">Heating Power(kw)<\/td>\n<td width=\"94\">26<\/td>\n<td width=\"88\">30<\/td>\n<td width=\"88\">42<\/td>\n<\/tr>\n<tr>\n<td width=\"148\">Outline diameter(L\u00d7 W\u00d7 H)(mm)<\/td>\n<td width=\"94\">4200\u00d7 2200\u00d7 4000<\/td>\n<td width=\"88\">4600\u00d7 2400\u00d7 4600<\/td>\n<td width=\"88\">5000\u00d7 2800\u00d7 5000<\/td>\n<\/tr>\n<tr>\n<td width=\"148\">Weight(T)<\/td>\n<td width=\"94\">4<\/td>\n<td width=\"88\">5<\/td>\n<td width=\"88\">6<\/td>\n<\/tr>\n<\/tbody>\n<\/table>\n<p><strong><b>SSS:<\/b><\/strong><\/p>\n<p>1. \u00dcr\u00fcnlerinizin garantisi nas\u0131l?<br \/>\nBir y\u0131l (12 ay) Garanti, konteynerin M\u00fc\u015fterilerin fabrikas\u0131na ula\u015ft\u0131\u011f\u0131 tarihten itibaren sa\u011flanacakt\u0131r. garanti s\u00fcresi i\u00e7inde kalite sorunu nedeniyle makine par\u00e7alar\u0131 k\u0131r\u0131l\u0131rsa, \u00fccretsiz olarak yeni par\u00e7a g\u00f6nderece\u011fiz (Herhangi bir yapay yanl\u0131\u015f kullan\u0131m veya tahribat, Kalite Garantisi s\u0131n\u0131rlamas\u0131na dahil de\u011fildir).<\/p>\n<p>2. \u00d6deme ve teslimat ko\u015fullar\u0131n\u0131z nelerdir?<br \/>\n\u00d6deme s\u00fcresi:<br \/>\n1) T \/ T, \u00f6n \u00f6demeli olarak 30%, teslimattan \u00f6nce 70%<br \/>\n2) L \/ C, T \/ T ile 30%, g\u00f6r\u00fcn\u00fcrde L \/ C olarak 70%<br \/>\nTeslimat s\u00fcresi: Standart 30-40 i\u015f g\u00fcn\u00fc i\u00e7inde olacakt\u0131r<\/p>\n<p>3. Makine sipari\u015f edersek hangi Teknik Deste\u011fi alabiliriz?<br \/>\nKurulum \u00c7izimleri, Temel kullan\u0131m talimatlar\u0131, Video ve Foto\u011fraflar arac\u0131l\u0131\u011f\u0131yla operasyon a\u00e7\u0131klamas\u0131, Gerekirse teknik destek i\u00e7in \u00e7evrimi\u00e7i g\u00f6r\u00fcnt\u00fcl\u00fc arama sa\u011flayabiliriz.<\/p>","protected":false},"excerpt":{"rendered":"<p>Product Description: The\u00a0production line of AB two-layer co-extrusion blown film machines produced by our company is suitable for blowing high-density polyethylene, low-density polyethylene and linear low-density polyethylene. The products are widely used in Mulch film,agricultural film, flexible packaging film. Main Technical Parameters: Model WX-AB50\/800 WX-AB55\/1000 WX-AB60\/1200 Diameter of screw 50\u00d7 2 55\u00d7 2 60\u00d7 2 [&hellip;]<\/p>","protected":false},"featured_media":2898,"comment_status":"open","ping_status":"closed","template":"","meta":{"site-sidebar-layout":"default","site-content-layout":"","ast-site-content-layout":"default","site-content-style":"default","site-sidebar-style":"default","ast-global-header-display":"","ast-banner-title-visibility":"","ast-main-header-display":"","ast-hfb-above-header-display":"","ast-hfb-below-header-display":"","ast-hfb-mobile-header-display":"","site-post-title":"","ast-breadcrumbs-content":"","ast-featured-img":"","footer-sml-layout":"","theme-transparent-header-meta":"default","adv-header-id-meta":"","stick-header-meta":"","header-above-stick-meta":"","header-main-stick-meta":"","header-below-stick-meta":"","astra-migrate-meta-layouts":"set","ast-page-background-enabled":"default","ast-page-background-meta":{"desktop":{"background-color":"","background-image":"","background-repeat":"repeat","background-position":"center center","background-size":"auto","background-attachment":"scroll","background-type":"","background-media":"","overlay-type":"","overlay-color":"","overlay-gradient":""},"tablet":{"background-color":"","background-image":"","background-repeat":"repeat","background-position":"center center","background-size":"auto","background-attachment":"scroll","background-type":"","background-media":"","overlay-type":"","overlay-color":"","overlay-gradient":""},"mobile":{"background-color":"","background-image":"","background-repeat":"repeat","background-position":"center center","background-size":"auto","background-attachment":"scroll","background-type":"","background-media":"","overlay-type":"","overlay-color":"","overlay-gradient":""}},"ast-content-background-meta":{"desktop":{"background-color":"var(--ast-global-color-5)","background-image":"","background-repeat":"repeat","background-position":"center center","background-size":"auto","background-attachment":"scroll","background-type":"","background-media":"","overlay-type":"","overlay-color":"","overlay-gradient":""},"tablet":{"background-color":"var(--ast-global-color-5)","background-image":"","background-repeat":"repeat","background-position":"center center","background-size":"auto","background-attachment":"scroll","background-type":"","background-media":"","overlay-type":"","overlay-color":"","overlay-gradient":""},"mobile":{"background-color":"var(--ast-global-color-5)","background-image":"","background-repeat":"repeat","background-position":"center center","background-size":"auto","background-attachment":"scroll","background-type":"","background-media":"","overlay-type":"","overlay-color":"","overlay-gradient":""}}},"product_cat":[23,126,129],"product_tag":[],"jetpack_sharing_enabled":true,"_links":{"self":[{"href":"https:\/\/wxplastmachine.com\/tr\/wp-json\/wp\/v2\/product\/2661"}],"collection":[{"href":"https:\/\/wxplastmachine.com\/tr\/wp-json\/wp\/v2\/product"}],"about":[{"href":"https:\/\/wxplastmachine.com\/tr\/wp-json\/wp\/v2\/types\/product"}],"replies":[{"embeddable":true,"href":"https:\/\/wxplastmachine.com\/tr\/wp-json\/wp\/v2\/comments?post=2661"}],"wp:featuredmedia":[{"embeddable":true,"href":"https:\/\/wxplastmachine.com\/tr\/wp-json\/wp\/v2\/media\/2898"}],"wp:attachment":[{"href":"https:\/\/wxplastmachine.com\/tr\/wp-json\/wp\/v2\/media?parent=2661"}],"wp:term":[{"taxonomy":"product_cat","embeddable":true,"href":"https:\/\/wxplastmachine.com\/tr\/wp-json\/wp\/v2\/product_cat?post=2661"},{"taxonomy":"product_tag","embeddable":true,"href":"https:\/\/wxplastmachine.com\/tr\/wp-json\/wp\/v2\/product_tag?post=2661"}],"curies":[{"name":"wp","href":"https:\/\/api.w.org\/{rel}","templated":true}]}}