{"id":2672,"date":"2024-07-16T10:53:25","date_gmt":"2024-07-16T02:53:25","guid":{"rendered":"https:\/\/wxplastmachine.com\/?post_type=product&#038;p=2672"},"modified":"2024-08-02T22:57:34","modified_gmt":"2024-08-02T14:57:34","slug":"high-speed-hdpe-ldpe-1500mm-aba-film-blowing-machine-plastic-packaging-film-machine","status":"publish","type":"product","link":"https:\/\/wxplastmachine.com\/tr\/urun\/high-speed-hdpe-ldpe-1500mm-aba-film-blowing-machine-plastic-packaging-film-machine","title":{"rendered":"Y\u00fcksek H\u0131zl\u0131 HDPE LDPE 1500mm ABA Film \u015ei\u015firme Makinesi Plastik Ambalaj Film Makinesi"},"content":{"rendered":"<h5><strong><b>\u00dcr\u00fcn A\u00e7\u0131klamas\u0131<\/b><\/strong><strong><b>:<\/b><\/strong><strong><b><br \/>\n<\/b><\/strong>Model\uff1aWX-ABA75<br \/>\n\u00dcr\u00fcn Ad\u0131 \uff1a Y\u00fcksek H\u0131zl\u0131 HDPE LDPE 1500mm ABA Film \u015ei\u015firme Makinesi Plastik Ambalaj Film Makinesi<\/h5>\n<h5>Film Geni\u015fli\u011fi\uff1a600-1500mm<\/h5>\n<h5><strong><b>\u00a0<\/b><\/strong><\/h5>\n<h5><strong><b>\u00dcr\u00fcn Tan\u0131t\u0131m\u0131:<\/b><\/strong><strong><b><br \/>\n<\/b><\/strong>ABA ko-ekstr\u00fczyon film \u015fi\u015firme makinesi, HDPE, LDPE ve LLDPE malzeme \u00fcretiminde avantajlara sahiptir. Plastik filmin mukavemeti ko-ekstr\u00fczyon ile geli\u015ftirilir. Ayr\u0131ca, sadece iki ekstr\u00fczyon \u00fcnitesi ile bu model \u00fc\u00e7 katmanl\u0131 film \u015fi\u015firme makinesinin i\u015flevini yerine getirir. Bir \u00fcnite i\u00e7 ve d\u0131\u015f katmanla ilgilenirken, di\u011feri i\u00e7 dolgu katman\u0131yla ilgilenir. Bu sayede maliyetler azalt\u0131l\u0131r ve enerji tasarrufu sa\u011flan\u0131r. Bu arada, m\u00fc\u015fterilerin pazar rekabet g\u00fcc\u00fcn\u00fc art\u0131rmak i\u00e7in, i\u00e7 \u015fi\u015firme katman\u0131na tam miktar\u0131n 80%'si oran\u0131nda geri d\u00f6n\u00fc\u015ft\u00fcr\u00fclm\u00fc\u015f malzeme ve CACO3 eklemek m\u00fcmk\u00fcnd\u00fcr.<\/h5>\n<p>&nbsp;<\/p>\n<p><strong><b>Ana Teknik Parametreler:<\/b><\/strong><\/p>\n<table>\n<tbody>\n<tr>\n<td width=\"22.0000%\">Model<\/td>\n<td width=\"15.5800%\">WX-ABA50<\/td>\n<td width=\"15.5800%\">WX-ABA55<\/td>\n<td width=\"15.5800%\">WX-ABA60<\/td>\n<td width=\"15.5800%\">WX-ABA65<\/td>\n<td width=\"15.5800%\">WX-ABA75<\/td>\n<\/tr>\n<tr>\n<td width=\"22.0000%\">Uygun malzeme<\/td>\n<td colspan=\"5\" width=\"77.9800%\">HDPE\/LDPE\/LLDPE\/Biyobozunur malzemeler<\/td>\n<\/tr>\n<tr>\n<td width=\"22.0000%\">Film geni\u015fli\u011fi<\/td>\n<td width=\"15.5800%\">100-600mm<\/td>\n<td width=\"15.5800%\">200-800mm<\/td>\n<td width=\"15.5800%\">300-1000mm<\/td>\n<td width=\"15.5800%\">400-1200mm<\/td>\n<td width=\"15.5800%\">600-1500mm<\/td>\n<\/tr>\n<tr>\n<td width=\"22.0000%\">Film kal\u0131nl\u0131\u011f\u0131<\/td>\n<td colspan=\"5\" width=\"77.9800%\">0.01-0.15mm<\/td>\n<\/tr>\n<tr>\n<td width=\"22.0000%\">Kapasite<\/td>\n<td width=\"15.5800%\">60kg\/saat<\/td>\n<td width=\"15.5800%\">80kg\/saat<\/td>\n<td width=\"15.5800%\">100kg\/saat<\/td>\n<td width=\"15.5800%\">120kg\/saat<\/td>\n<td width=\"15.5800%\">150kg\/saat<\/td>\n<\/tr>\n<tr>\n<td width=\"22.0000%\">Vida \u00e7ap\u0131<\/td>\n<td width=\"15.5800%\">45\/50mm<\/td>\n<td width=\"15.5800%\">50\/55mm<\/td>\n<td width=\"15.5800%\">55\/60mm<\/td>\n<td width=\"15.5800%\">60\/65 mm<\/td>\n<td width=\"15.5800%\">65\/75 mm<\/td>\n<\/tr>\n<tr>\n<td width=\"22.0000%\">Ana motor<\/td>\n<td width=\"15.5800%\">15\/18,5kw<\/td>\n<td width=\"15.5800%\">18,5\/22kw<\/td>\n<td width=\"15.5800%\">22\/30kw<\/td>\n<td width=\"15.5800%\">30\/37kw<\/td>\n<td width=\"15.5800%\">37kw\/45kw<\/td>\n<\/tr>\n<tr>\n<td width=\"22.0000%\">Kal\u0131p boyutu<\/td>\n<td width=\"15.5800%\">60mm\/120mm<\/td>\n<td width=\"15.5800%\">80mm\/150mm<\/td>\n<td width=\"15.5800%\">120mm\/200mm<\/td>\n<td width=\"15.5800%\">150mm\/250mm<\/td>\n<td width=\"15.5800%\">180mm\/350mm<\/td>\n<\/tr>\n<tr>\n<td width=\"22.0000%\">Kal\u0131p T\u00fcr\u00fc<\/td>\n<td colspan=\"5\" width=\"77.9800%\">ABA D\u00f6ner kal\u0131p kafas\u0131\/Sabit kal\u0131p kafas\u0131<\/td>\n<\/tr>\n<tr>\n<td width=\"22.0000%\">Hava \u00fcfleyici<\/td>\n<td width=\"15.5800%\">3kw<\/td>\n<td width=\"15.5800%\">3.7kw<\/td>\n<td width=\"15.5800%\">5.5kw<\/td>\n<td width=\"15.5800%\">7.5kw<\/td>\n<td width=\"15.5800%\">11kw<\/td>\n<\/tr>\n<tr>\n<td width=\"22.0000%\">Makara geni\u015fli\u011fi<\/td>\n<td width=\"15.5800%\">700mm<\/td>\n<td width=\"15.5800%\">900mm<\/td>\n<td width=\"15.5800%\">1100mm<\/td>\n<td width=\"15.5800%\">1300mm<\/td>\n<td width=\"15.5800%\">1700 mm<\/td>\n<\/tr>\n<tr>\n<td width=\"22.0000%\">Motoru kald\u0131r\u0131n<\/td>\n<td width=\"15.5800%\">1.5kw<\/td>\n<td width=\"15.5800%\">1.5kw<\/td>\n<td width=\"15.5800%\">1.5kw<\/td>\n<td width=\"15.5800%\">1.5kw<\/td>\n<td width=\"15.5800%\">2.2kw<\/td>\n<\/tr>\n<tr>\n<td width=\"22.0000%\">Sar\u0131c\u0131 motor<\/td>\n<td width=\"15.5800%\">1.5kw<\/td>\n<td width=\"15.5800%\">1.5kw<\/td>\n<td width=\"15.5800%\">1.5kw<\/td>\n<td width=\"15.5800%\">1.5kw<\/td>\n<td width=\"15.5800%\">2.2kw<\/td>\n<\/tr>\n<tr>\n<td width=\"22.0000%\">Sar\u0131c\u0131 tipi<\/td>\n<td colspan=\"5\" width=\"77.9800%\">\u00c7ift sar\u0131c\u0131\/tek sar\u0131c\u0131<\/td>\n<\/tr>\n<tr>\n<td width=\"22.0000%\">Makine boyutu<\/td>\n<td width=\"15.5800%\">4.8*3.0*4.8m<\/td>\n<td width=\"15.5800%\">5.2*3.2*5.2m<\/td>\n<td width=\"15.5800%\">5.6*4.0*5.8m<\/td>\n<td width=\"15.5800%\">6.0*4.4*6.2m<\/td>\n<td width=\"15.5800%\">6.5*4.8*6.8m<\/td>\n<\/tr>\n<tr>\n<td width=\"22.0000%\">Makine a\u011f\u0131rl\u0131\u011f\u0131<\/td>\n<td width=\"15.5800%\">2 Ton<\/td>\n<td width=\"15.5800%\">3Ton<\/td>\n<td width=\"15.5800%\">4 Ton<\/td>\n<td width=\"15.5800%\">5 Ton<\/td>\n<td width=\"15.5800%\">6Ton<\/td>\n<\/tr>\n<tr>\n<td width=\"22.0000%\">Gerilim<\/td>\n<td colspan=\"5\" width=\"77.9800%\">\u00dc\u00e7 fazl\u0131, 380V\/50HZ (\u00d6zelle\u015ftirilebilir)<\/td>\n<\/tr>\n<\/tbody>\n<\/table>\n<p>&nbsp;<\/p>\n<p><strong><b>SSS:<\/b><\/strong><\/p>\n<p>1. \u00dcr\u00fcnlerinizin garantisi nas\u0131l?<br \/>\nBir y\u0131l (12 ay) Garanti, konteynerin M\u00fc\u015fterilerin fabrikas\u0131na ula\u015ft\u0131\u011f\u0131 tarihten itibaren sa\u011flanacakt\u0131r. garanti s\u00fcresi i\u00e7inde kalite sorunu nedeniyle makine par\u00e7alar\u0131 k\u0131r\u0131l\u0131rsa, \u00fccretsiz olarak yeni par\u00e7a g\u00f6nderece\u011fiz (Herhangi bir yapay yanl\u0131\u015f kullan\u0131m veya tahribat, Kalite Garantisi s\u0131n\u0131rlamas\u0131na dahil de\u011fildir).<\/p>\n<p>2. \u00d6deme ve teslimat ko\u015fullar\u0131n\u0131z nelerdir?<br \/>\n\u00d6deme s\u00fcresi:<br \/>\n1) T \/ T, \u00f6n \u00f6demeli olarak 30%, teslimattan \u00f6nce 70%<br \/>\n2) L \/ C, T \/ T ile 30%, g\u00f6r\u00fcn\u00fcrde L \/ C olarak 70%<br \/>\nTeslimat s\u00fcresi: Standart 30-40 i\u015f g\u00fcn\u00fc i\u00e7inde olacakt\u0131r<\/p>\n<p>3. Makine sipari\u015f edersek hangi Teknik Deste\u011fi alabiliriz?<br \/>\nKurulum \u00c7izimleri, Temel kullan\u0131m talimatlar\u0131, Video ve Foto\u011fraflar arac\u0131l\u0131\u011f\u0131yla operasyon a\u00e7\u0131klamas\u0131, Gerekirse teknik destek i\u00e7in \u00e7evrimi\u00e7i g\u00f6r\u00fcnt\u00fcl\u00fc arama sa\u011flayabiliriz.<\/p>","protected":false},"excerpt":{"rendered":"<p>Product Description: Model\uff1aWX-ABA75 Product Name\uff1aHigh Speed HDPE LDPE\u00a01500mm\u00a0ABA\u00a0Film Blowing Machine\u00a0Plastic Packaging Film Machine Film Width\uff1a600-1500mm \u00a0 Product Introduction: ABA co-extrusion film blowing machine enjoys advantages in producing HDPE, LDPE and LLDPE material. The strength of plastic film is improved by co-extrusion. Besides, with only two extrusion units, this model achieves function of three layer film [&hellip;]<\/p>","protected":false},"featured_media":2896,"comment_status":"open","ping_status":"closed","template":"","meta":{"site-sidebar-layout":"default","site-content-layout":"","ast-site-content-layout":"default","site-content-style":"default","site-sidebar-style":"default","ast-global-header-display":"","ast-banner-title-visibility":"","ast-main-header-display":"","ast-hfb-above-header-display":"","ast-hfb-below-header-display":"","ast-hfb-mobile-header-display":"","site-post-title":"","ast-breadcrumbs-content":"","ast-featured-img":"","footer-sml-layout":"","theme-transparent-header-meta":"default","adv-header-id-meta":"","stick-header-meta":"","header-above-stick-meta":"","header-main-stick-meta":"","header-below-stick-meta":"","astra-migrate-meta-layouts":"set","ast-page-background-enabled":"default","ast-page-background-meta":{"desktop":{"background-color":"","background-image":"","background-repeat":"repeat","background-position":"center center","background-size":"auto","background-attachment":"scroll","background-type":"","background-media":"","overlay-type":"","overlay-color":"","overlay-gradient":""},"tablet":{"background-color":"","background-image":"","background-repeat":"repeat","background-position":"center center","background-size":"auto","background-attachment":"scroll","background-type":"","background-media":"","overlay-type":"","overlay-color":"","overlay-gradient":""},"mobile":{"background-color":"","background-image":"","background-repeat":"repeat","background-position":"center center","background-size":"auto","background-attachment":"scroll","background-type":"","background-media":"","overlay-type":"","overlay-color":"","overlay-gradient":""}},"ast-content-background-meta":{"desktop":{"background-color":"var(--ast-global-color-5)","background-image":"","background-repeat":"repeat","background-position":"center center","background-size":"auto","background-attachment":"scroll","background-type":"","background-media":"","overlay-type":"","overlay-color":"","overlay-gradient":""},"tablet":{"background-color":"var(--ast-global-color-5)","background-image":"","background-repeat":"repeat","background-position":"center center","background-size":"auto","background-attachment":"scroll","background-type":"","background-media":"","overlay-type":"","overlay-color":"","overlay-gradient":""},"mobile":{"background-color":"var(--ast-global-color-5)","background-image":"","background-repeat":"repeat","background-position":"center center","background-size":"auto","background-attachment":"scroll","background-type":"","background-media":"","overlay-type":"","overlay-color":"","overlay-gradient":""}}},"product_cat":[23,126,130],"product_tag":[],"jetpack_sharing_enabled":true,"_links":{"self":[{"href":"https:\/\/wxplastmachine.com\/tr\/wp-json\/wp\/v2\/product\/2672"}],"collection":[{"href":"https:\/\/wxplastmachine.com\/tr\/wp-json\/wp\/v2\/product"}],"about":[{"href":"https:\/\/wxplastmachine.com\/tr\/wp-json\/wp\/v2\/types\/product"}],"replies":[{"embeddable":true,"href":"https:\/\/wxplastmachine.com\/tr\/wp-json\/wp\/v2\/comments?post=2672"}],"wp:featuredmedia":[{"embeddable":true,"href":"https:\/\/wxplastmachine.com\/tr\/wp-json\/wp\/v2\/media\/2896"}],"wp:attachment":[{"href":"https:\/\/wxplastmachine.com\/tr\/wp-json\/wp\/v2\/media?parent=2672"}],"wp:term":[{"taxonomy":"product_cat","embeddable":true,"href":"https:\/\/wxplastmachine.com\/tr\/wp-json\/wp\/v2\/product_cat?post=2672"},{"taxonomy":"product_tag","embeddable":true,"href":"https:\/\/wxplastmachine.com\/tr\/wp-json\/wp\/v2\/product_tag?post=2672"}],"curies":[{"name":"wp","href":"https:\/\/api.w.org\/{rel}","templated":true}]}}