{"id":2680,"date":"2024-07-16T11:05:01","date_gmt":"2024-07-16T03:05:01","guid":{"rendered":"https:\/\/wxplastmachine.com\/?post_type=product&#038;p=2680"},"modified":"2024-08-01T01:23:17","modified_gmt":"2024-07-31T17:23:17","slug":"5-layers-co-extrusion-base-film-high-barrier-pe-film-blowing-making-machine-packaging-film-extrusion-line","status":"publish","type":"product","link":"https:\/\/wxplastmachine.com\/tr\/urun\/5-layers-co-extrusion-base-film-high-barrier-pe-film-blowing-making-machine-packaging-film-extrusion-line","title":{"rendered":"5 Katmanl\u0131 Ko-ekstr\u00fczyon Baz Film Y\u00fcksek Bariyer PE Film \u015ei\u015firme Yapma Makinesi Ambalaj Filmi Ekstr\u00fczyon Hatt\u0131"},"content":{"rendered":"<p><strong><b>\u00dcr\u00fcn Uygulamas\u0131:<\/b><\/strong><\/p>\n<p>Stand-up po\u015fet, Yumu\u015fak t\u00fcp (di\u015f macunu t\u00fcp\u00fc), \u0130\u00e7ecek paketi, Laminasyon filmi, Koruma filmi, Stre\u00e7 film, Stre\u00e7 ba\u015fl\u0131k \u0131s\u0131yla daralan film ve g\u0131da ambalaj\u0131 i\u00e7in Elektronik cihaz ambalaj\u0131 kullan\u0131m\u0131 i\u00e7in be\u015f katmanl\u0131 hava s\u00fctunlu torba \u00fcflemeli film ekstr\u00fcderi.<\/p>\n<p><strong><b>\u00a0<\/b><\/strong><\/p>\n<p><strong><b>Ana \u00d6zellikler:<\/b><\/strong><\/p>\n<p>1) Otomatik cihaz ile basit yap\u0131, kurulum ve bak\u0131m kolayl\u0131\u011f\u0131.<\/p>\n<p>2) Otomatik kal\u0131nl\u0131k profili kontrol\u00fc (otomatik Hava Halkas\u0131, \u0130talyan yap\u0131m\u0131)<\/p>\n<p>3) Osillating sistemi ile 360 derece kal\u0131nl\u0131k profili \u00f6l\u00e7\u00fcm\u00fc (Alman teknolojisi)<\/p>\n<p>4) A\u011f\u0131rl\u0131k kazan\u0131m\u0131 dozaj \u00fcnitesi (\u0130talya yap\u0131m\u0131)<\/p>\n<p>5) IBC bilgisayar kontrol sistemi<\/p>\n<p>6) Yatay Osilasyon alma \u00fcnitesi.<\/p>\n<p>7) Back to Back otomatik y\u00fczey tipi sar\u0131c\u0131.<\/p>\n<p><strong><b>\u00a0<\/b><\/strong><\/p>\n<p><strong><b>Ana Teknik Parametreler:<\/b><\/strong><\/p>\n<table>\n<tbody>\n<tr>\n<td colspan=\"4\" width=\"100.0000%\"><strong><b>S<\/b><\/strong><strong><b>Be\u015f Katl\u0131 Hava Kolonlu Torba \u00dcflemeli Film Ekstr\u00fcderi i\u00e7in \u00d6zellikler<\/b><\/strong><\/td>\n<\/tr>\n<tr>\n<td rowspan=\"5\" width=\"15.9400%\">&nbsp;<\/p>\n<p>&nbsp;<\/p>\n<p>\u00d6ZELL\u0130K<\/td>\n<td width=\"34.9600%\">KULLANILACAK MALZEME<\/td>\n<td colspan=\"2\" width=\"49.0800%\">PE PA PP EVA EVOH KRAVAT (KI\u015eIYE \u00d6ZEL, L\u00dcTFEN MALZEME BILDIRINIZ)<\/td>\n<\/tr>\n<tr>\n<td width=\"34.9600%\">MAKS. F\u0130LM GEN\u0130\u015eL\u0130\u011e\u0130<\/td>\n<td width=\"18.8400%\">MM<\/td>\n<td width=\"30.2400%\">800-1600<\/td>\n<\/tr>\n<tr>\n<td width=\"34.9600%\">FILM KALINLI\u011eI<\/td>\n<td width=\"18.8400%\">MM<\/td>\n<td width=\"30.2400%\">0.02-0.2<\/td>\n<\/tr>\n<tr>\n<td width=\"34.9600%\">KALINLIK TOLERANSI<\/td>\n<td colspan=\"2\" width=\"49.0800%\">+-2-3%<\/td>\n<\/tr>\n<tr>\n<td width=\"34.9600%\">MAKS. EKSTR\u00dcZYON \u00c7IKTISI<\/td>\n<td width=\"18.8400%\">KG\/H<\/td>\n<td width=\"30.2400%\">480<\/td>\n<\/tr>\n<tr>\n<td rowspan=\"6\" width=\"15.9400%\">&nbsp;<\/p>\n<p>&nbsp;<\/p>\n<p>EXTRUDER<\/td>\n<td width=\"34.9600%\">V\u0130DA \u00c7API<\/td>\n<td width=\"18.8400%\">MM<\/td>\n<td width=\"30.2400%\">65 X 4; 80 X 1<\/td>\n<\/tr>\n<tr>\n<td width=\"34.9600%\">V\u0130DA L\/D<\/td>\n<td colspan=\"2\" width=\"49.0800%\">30:1<\/td>\n<\/tr>\n<tr>\n<td width=\"34.9600%\">VIDA \/ SILINDIR<\/td>\n<td colspan=\"2\" width=\"49.0800%\">BI-METALIK (38CRMOALA) SERTLIK 75 VEYA \u00dcZERI<\/td>\n<\/tr>\n<tr>\n<td width=\"34.9600%\">S\u00dcR\u00dc\u015e MOTORU<\/td>\n<td width=\"18.8400%\">KW<\/td>\n<td width=\"30.2400%\">45 X 4; 55 X 1<\/td>\n<\/tr>\n<tr>\n<td width=\"34.9600%\">\u00d6LD\u00dc<\/td>\n<td width=\"18.8400%\">MM<\/td>\n<td width=\"30.2400%\">400<\/td>\n<\/tr>\n<tr>\n<td width=\"34.9600%\">SICAKLIK KONTROL\u00dc<\/td>\n<td width=\"18.8400%\">B\u00d6LGELER<\/td>\n<td width=\"30.2400%\">29<\/td>\n<\/tr>\n<tr>\n<td rowspan=\"4\" width=\"15.9400%\">&nbsp;<\/p>\n<p>&nbsp;<\/p>\n<p>ALIM \u00dcN\u0130TES\u0130<\/td>\n<td width=\"34.9600%\">T\u0130P<\/td>\n<td colspan=\"2\" width=\"49.0800%\">SABIT TIP \/ SALINIMLI TIP<\/td>\n<\/tr>\n<tr>\n<td width=\"34.9600%\">PINCH ROLLER<\/td>\n<td colspan=\"2\" width=\"49.0800%\">165 X 1600L<\/td>\n<\/tr>\n<tr>\n<td width=\"34.9600%\">ALMA MOTORU<\/td>\n<td colspan=\"2\" width=\"49.0800%\">SERVO MOTOR 2.8KW<\/td>\n<\/tr>\n<tr>\n<td width=\"34.9600%\">ALMA HIZI<\/td>\n<td colspan=\"2\" width=\"49.0800%\">45-80 M\/M\u0130N<\/td>\n<\/tr>\n<tr>\n<td rowspan=\"3\" width=\"15.9400%\">&nbsp;<\/p>\n<p>R\u00dcZGAR \u00dcN\u0130TES\u0130<\/td>\n<td width=\"34.9600%\">R\u00dcZGAR T\u0130P\u0130<\/td>\n<td colspan=\"2\" width=\"49.0800%\">OTOMATIK BOBIN DE\u011eI\u015eTIRME \u00d6ZELLIKLI \u00c7IFT ISTASYONLU SARICI<\/td>\n<\/tr>\n<tr>\n<td width=\"34.9600%\">ETKILI GENI\u015eLIK<\/td>\n<td colspan=\"2\" width=\"49.0800%\">1600 MM<\/td>\n<\/tr>\n<tr>\n<td width=\"34.9600%\">BOYUT (LxWxH)<\/td>\n<td colspan=\"2\" width=\"49.0800%\">14*10*12 M<\/td>\n<\/tr>\n<tr>\n<td rowspan=\"8\" width=\"15.9400%\">&nbsp;<\/p>\n<p>&nbsp;<\/p>\n<p>&nbsp;<\/p>\n<p>ISTE\u011eE BA\u011eLI CIHAZ<\/td>\n<td width=\"34.9600%\">Gravimetrik Dozajlama \u00dcnitesi<\/td>\n<td colspan=\"2\" width=\"49.0800%\">Osilasyon Kald\u0131rma \u00dcnitesi<\/td>\n<\/tr>\n<tr>\n<td width=\"34.9600%\">IBC (Dahili kabarc\u0131k so\u011futma bilgisayar kontrol sistemi)<\/td>\n<td colspan=\"2\" width=\"49.0800%\">Bilgisayar Kontrol\u00fc ile Senkronize Hat H\u0131z\u0131<\/td>\n<\/tr>\n<tr>\n<td width=\"34.9600%\">Kal\u0131nl\u0131k \u00d6l\u00e7\u00fcm\u00fc<\/td>\n<td colspan=\"2\" width=\"49.0800%\">So\u011futucu<\/td>\n<\/tr>\n<tr>\n<td width=\"34.9600%\">Kal\u0131nl\u0131k kontrol\u00f6r\u00fc<\/td>\n<td colspan=\"2\" width=\"49.0800%\">Is\u0131 Dilme Cihaz\u0131<\/td>\n<\/tr>\n<tr>\n<td width=\"34.9600%\">Otomatik Hazne Y\u00fckleyici<\/td>\n<td colspan=\"2\" width=\"49.0800%\">EPC \/ CPC (kenar \/ merkez Pozisyon Kontrol\u00fc)<\/td>\n<\/tr>\n<tr>\n<td width=\"34.9600%\">Film Y\u00fczey \u0130\u015flemcisi<\/td>\n<td colspan=\"2\" width=\"49.0800%\">Elektronik Gerginlik Kontrol\u00fc<\/td>\n<\/tr>\n<tr>\n<td width=\"34.9600%\">Bas\u0131n\u00e7 G\u00f6stergesi<\/td>\n<td colspan=\"2\" width=\"49.0800%\">Hava \u015eaft\u0131 i\u00e7in Vin\u00e7<\/td>\n<\/tr>\n<tr>\n<td width=\"34.9600%\">Otomatik so\u011futma halkal\u0131 Otomatik G\u00f6sterge Kontrol\u00fc<\/td>\n<td colspan=\"2\" width=\"49.0800%\">D\u00f6ner Kal\u0131p<\/td>\n<\/tr>\n<tr>\n<td colspan=\"4\" width=\"100.0000%\">*\u00d6zellikler, iyile\u015ftirme i\u00e7in \u00f6nceden haber verilmeksizin de\u011fi\u015ftirilebilir<\/p>\n<p>Be\u015f katmanl\u0131 hava kolonlu torba \u00fcflemeli film ekstr\u00fcderi, kullan\u0131lacak malzemeye, \u00fcretilecek film \u00f6zelliklerine ve filmin uygulamas\u0131na g\u00f6re m\u00fc\u015fteriye sunulacakt\u0131r.<\/td>\n<\/tr>\n<\/tbody>\n<\/table>\n<p><strong><b>\u00a0<\/b><\/strong><\/p>\n<p><strong><b>1-5 katmanl\u0131, 1-6 metre geni\u015fli\u011finde ambalaj filmi makinesi \u00fcretebiliyoruz.<\/b><\/strong><strong><b><br \/>\n<\/b><\/strong><strong><b>Daha fazla bilgi i\u00e7in l\u00fctfen bizimle ileti\u015fime ge\u00e7in!\u00a0<\/b><\/strong><\/p>\n<p>&nbsp;<\/p>\n<p><strong><b>SSS:<\/b><\/strong><\/p>\n<p>1. \u00dcr\u00fcnlerinizin garantisi nas\u0131l?<br \/>\nBir y\u0131l (12 ay) Garanti, konteynerin M\u00fc\u015fterilerin fabrikas\u0131na ula\u015ft\u0131\u011f\u0131 tarihten itibaren sa\u011flanacakt\u0131r. garanti s\u00fcresi i\u00e7inde kalite sorunu nedeniyle makine par\u00e7alar\u0131 k\u0131r\u0131l\u0131rsa, \u00fccretsiz olarak yeni par\u00e7a g\u00f6nderece\u011fiz (Herhangi bir yapay yanl\u0131\u015f kullan\u0131m veya tahribat, Kalite Garantisi s\u0131n\u0131rlamas\u0131na dahil de\u011fildir).<\/p>\n<p>2. \u00d6deme ve teslimat ko\u015fullar\u0131n\u0131z nelerdir?<br \/>\n\u00d6deme s\u00fcresi:<br \/>\n1) T \/ T, \u00f6n \u00f6demeli olarak 30%, teslimattan \u00f6nce 70%<br \/>\n2) L \/ C, T \/ T ile 30%, g\u00f6r\u00fcn\u00fcrde L \/ C olarak 70%<\/p>\n<p>Teslimat s\u00fcresi: Standart 30-40 i\u015f g\u00fcn\u00fc i\u00e7inde olacakt\u0131r<\/p>\n<p>3. Makine sipari\u015f edersek hangi Teknik Deste\u011fi alabiliriz?<br \/>\nKurulum \u00c7izimleri, Temel kullan\u0131m talimatlar\u0131, Video ve Foto\u011fraflar arac\u0131l\u0131\u011f\u0131yla operasyon a\u00e7\u0131klamas\u0131, Gerekirse teknik destek i\u00e7in \u00e7evrimi\u00e7i g\u00f6r\u00fcnt\u00fcl\u00fc arama sa\u011flayabiliriz.<\/p>","protected":false},"excerpt":{"rendered":"<p>Product Application: Five layers air column bag blown film extruder for Electronic device packaging use for Stand-up pouch, Soft tube (tooth paste tube), Beverage pack, Lamination film, Protection film, Stretch film, Stretch hood heat shrinking film and food packing. \u00a0 Main Features: 1) Simple structure with automatic device ,easy in installation and maintation. 2)\u00a0Auto thickness [&hellip;]<\/p>","protected":false},"featured_media":2870,"comment_status":"open","ping_status":"closed","template":"","meta":{"site-sidebar-layout":"default","site-content-layout":"","ast-site-content-layout":"default","site-content-style":"default","site-sidebar-style":"default","ast-global-header-display":"","ast-banner-title-visibility":"","ast-main-header-display":"","ast-hfb-above-header-display":"","ast-hfb-below-header-display":"","ast-hfb-mobile-header-display":"","site-post-title":"","ast-breadcrumbs-content":"","ast-featured-img":"","footer-sml-layout":"","theme-transparent-header-meta":"default","adv-header-id-meta":"","stick-header-meta":"","header-above-stick-meta":"","header-main-stick-meta":"","header-below-stick-meta":"","astra-migrate-meta-layouts":"set","ast-page-background-enabled":"default","ast-page-background-meta":{"desktop":{"background-color":"","background-image":"","background-repeat":"repeat","background-position":"center center","background-size":"auto","background-attachment":"scroll","background-type":"","background-media":"","overlay-type":"","overlay-color":"","overlay-gradient":""},"tablet":{"background-color":"","background-image":"","background-repeat":"repeat","background-position":"center center","background-size":"auto","background-attachment":"scroll","background-type":"","background-media":"","overlay-type":"","overlay-color":"","overlay-gradient":""},"mobile":{"background-color":"","background-image":"","background-repeat":"repeat","background-position":"center center","background-size":"auto","background-attachment":"scroll","background-type":"","background-media":"","overlay-type":"","overlay-color":"","overlay-gradient":""}},"ast-content-background-meta":{"desktop":{"background-color":"var(--ast-global-color-5)","background-image":"","background-repeat":"repeat","background-position":"center center","background-size":"auto","background-attachment":"scroll","background-type":"","background-media":"","overlay-type":"","overlay-color":"","overlay-gradient":""},"tablet":{"background-color":"var(--ast-global-color-5)","background-image":"","background-repeat":"repeat","background-position":"center center","background-size":"auto","background-attachment":"scroll","background-type":"","background-media":"","overlay-type":"","overlay-color":"","overlay-gradient":""},"mobile":{"background-color":"var(--ast-global-color-5)","background-image":"","background-repeat":"repeat","background-position":"center center","background-size":"auto","background-attachment":"scroll","background-type":"","background-media":"","overlay-type":"","overlay-color":"","overlay-gradient":""}}},"product_cat":[23,126,131],"product_tag":[],"jetpack_sharing_enabled":true,"_links":{"self":[{"href":"https:\/\/wxplastmachine.com\/tr\/wp-json\/wp\/v2\/product\/2680"}],"collection":[{"href":"https:\/\/wxplastmachine.com\/tr\/wp-json\/wp\/v2\/product"}],"about":[{"href":"https:\/\/wxplastmachine.com\/tr\/wp-json\/wp\/v2\/types\/product"}],"replies":[{"embeddable":true,"href":"https:\/\/wxplastmachine.com\/tr\/wp-json\/wp\/v2\/comments?post=2680"}],"wp:featuredmedia":[{"embeddable":true,"href":"https:\/\/wxplastmachine.com\/tr\/wp-json\/wp\/v2\/media\/2870"}],"wp:attachment":[{"href":"https:\/\/wxplastmachine.com\/tr\/wp-json\/wp\/v2\/media?parent=2680"}],"wp:term":[{"taxonomy":"product_cat","embeddable":true,"href":"https:\/\/wxplastmachine.com\/tr\/wp-json\/wp\/v2\/product_cat?post=2680"},{"taxonomy":"product_tag","embeddable":true,"href":"https:\/\/wxplastmachine.com\/tr\/wp-json\/wp\/v2\/product_tag?post=2680"}],"curies":[{"name":"wp","href":"https:\/\/api.w.org\/{rel}","templated":true}]}}