{"id":2683,"date":"2024-07-16T11:07:06","date_gmt":"2024-07-16T03:07:06","guid":{"rendered":"https:\/\/wxplastmachine.com\/?post_type=product&#038;p=2683"},"modified":"2024-08-13T15:58:49","modified_gmt":"2024-08-13T07:58:49","slug":"wx-b50-55-60-65-biodegradable-pla-pbat-pe-film-blowing-machine-plastic-film-machine","status":"publish","type":"product","link":"https:\/\/wxplastmachine.com\/tr\/urun\/wx-b50-55-60-65-biodegradable-pla-pbat-pe-film-blowing-machine-plastic-film-machine","title":{"rendered":"WX-B50\/55\/60\/65 Biyobozunur PLA PBAT PE Film \u015ei\u015firme Makinesi Plastik Film Makinesi"},"content":{"rendered":"<p><strong><b>\u00dcR\u00dcN BI\u0307LGI\u0307LERI\u0307<\/b><\/strong><br \/>\nModelWX-B50\/55\/60\/65<br \/>\nProduct Name: HD&amp;LD Rotary Died Head Biodegradable Film Blowing Machine<\/p>\n<p>Film Width: 100-1200mm<br \/>\nGiri\u015f:<br \/>\nThis machine is used for blowing HDPE LDPE LLDPE film. Products are widely used in compound film, packaging film, etc. The main motor is equipped with inverter to adjust speed and increase stability. Besides, this machine can save 30% electricity compared with normal machines. The screws &amp; barrels are made in 38 chrome molybdenum aluminium with Nitriding treatment. There traction unit is flexible with the help of up and down traction, making a better cooling effect in\u00a0blowing film.<\/p>\n<p><strong>\u00a0<\/strong><\/p>\n<p><strong>Ana Teknik Parametreler:<\/strong><\/p>\n<table>\n<tbody>\n<tr>\n<td width=\"19.9800%\">Model<\/td>\n<td width=\"20.0000%\">WX-B50<\/td>\n<td width=\"20.0000%\">WX-B55<\/td>\n<td width=\"20.0000%\">WX-B60<\/td>\n<td width=\"20.0000%\">WX-B65<\/td>\n<\/tr>\n<tr>\n<td width=\"19.9800%\">Hammadde<\/td>\n<td colspan=\"4\" width=\"80.0000%\">HDPE\/LDPE\/LLDPE\/Biodegradable material<\/td>\n<\/tr>\n<tr>\n<td width=\"19.9800%\">Film geni\u015fli\u011fi<\/td>\n<td width=\"20.0000%\">100-600mm<\/td>\n<td width=\"20.0000%\">200-800mm<\/td>\n<td width=\"20.0000%\">300-1000mm<\/td>\n<td width=\"20.0000%\">400-1200mm<\/td>\n<\/tr>\n<tr>\n<td width=\"19.9800%\">Film kal\u0131nl\u0131\u011f\u0131<\/td>\n<td colspan=\"4\" width=\"80.0000%\">0,008-0,1 mm<\/td>\n<\/tr>\n<tr>\n<td width=\"19.9800%\">Maksimum kapasite<\/td>\n<td width=\"20.0000%\">80kg\/saat<\/td>\n<td width=\"20.0000%\">100kg\/saat<\/td>\n<td width=\"20.0000%\">120kg\/saat<\/td>\n<td width=\"20.0000%\">140kg\/h<\/td>\n<\/tr>\n<tr>\n<td width=\"19.9800%\">Vida \u00e7ap\u0131<\/td>\n<td width=\"20.0000%\">50mm<\/td>\n<td width=\"20.0000%\">55 mm<\/td>\n<td width=\"20.0000%\">60mm<\/td>\n<td width=\"20.0000%\">65 mm<\/td>\n<\/tr>\n<tr>\n<td width=\"19.9800%\">Ana motor<\/td>\n<td width=\"20.0000%\">15kw<\/td>\n<td width=\"20.0000%\">18.5kw<\/td>\n<td width=\"20.0000%\">22kw<\/td>\n<td width=\"20.0000%\">30kw<\/td>\n<\/tr>\n<tr>\n<td width=\"19.9800%\">Di\u015fli kutusu<\/td>\n<td width=\"20.0000%\">#146<\/td>\n<td width=\"20.0000%\">#173<\/td>\n<td width=\"20.0000%\">#180<\/td>\n<td width=\"20.0000%\">#200<\/td>\n<\/tr>\n<tr>\n<td width=\"19.9800%\">Pafta kafas\u0131 \u00e7ap\u0131<\/td>\n<td width=\"20.0000%\">60-120mm<\/td>\n<td width=\"20.0000%\">80-150mm<\/td>\n<td width=\"20.0000%\">100-200 mm<\/td>\n<td width=\"20.0000%\">120-250mm<\/td>\n<\/tr>\n<tr>\n<td width=\"19.9800%\">Hava \u00fcfleyici<\/td>\n<td width=\"20.0000%\">3kw<\/td>\n<td width=\"20.0000%\">5.5kw<\/td>\n<td width=\"20.0000%\">7.5kw<\/td>\n<td width=\"20.0000%\">9kw<\/td>\n<\/tr>\n<tr>\n<td width=\"19.9800%\">Makine boyutu<\/td>\n<td width=\"20.0000%\">4.1m*1.7m*4.2m<\/td>\n<td width=\"20.0000%\">4.8m*1.9m*4.5m<\/td>\n<td width=\"20.0000%\">5.5m*2.1m*4.6m<\/td>\n<td width=\"20.0000%\">5.8m*2.5m*5.0m<\/td>\n<\/tr>\n<tr>\n<td width=\"19.9800%\">Makine a\u011f\u0131rl\u0131\u011f\u0131<\/td>\n<td width=\"20.0000%\">3ton<\/td>\n<td width=\"20.0000%\">4ton<\/td>\n<td width=\"20.0000%\">5ton<\/td>\n<td width=\"20.0000%\">6ton<\/td>\n<\/tr>\n<\/tbody>\n<\/table>\n<p>&nbsp;<\/p>\n<p><strong><b>SSS:<\/b><\/strong><\/p>\n<p>1. \u00dcr\u00fcnlerinizin garantisi nas\u0131l?<br \/>\nBir y\u0131l (12 ay) Garanti, konteynerin M\u00fc\u015fterilerin fabrikas\u0131na ula\u015ft\u0131\u011f\u0131 tarihten itibaren sa\u011flanacakt\u0131r. garanti s\u00fcresi i\u00e7inde kalite sorunu nedeniyle makine par\u00e7alar\u0131 k\u0131r\u0131l\u0131rsa, \u00fccretsiz olarak yeni par\u00e7a g\u00f6nderece\u011fiz (Herhangi bir yapay yanl\u0131\u015f kullan\u0131m veya tahribat, Kalite Garantisi s\u0131n\u0131rlamas\u0131na dahil de\u011fildir).<\/p>\n<p>2. \u00d6deme ve teslimat ko\u015fullar\u0131n\u0131z nelerdir?<br \/>\n\u00d6deme s\u00fcresi:<br \/>\n1) T \/ T, \u00f6n \u00f6demeli olarak 30%, teslimattan \u00f6nce 70%<br \/>\n2) L \/ C, T \/ T ile 30%, g\u00f6r\u00fcn\u00fcrde L \/ C olarak 70%<\/p>\n<p>Teslimat s\u00fcresi: Standart 30-40 i\u015f g\u00fcn\u00fc i\u00e7inde olacakt\u0131r<\/p>\n<p>3. Makine sipari\u015f edersek hangi Teknik Deste\u011fi alabiliriz?<br \/>\nKurulum \u00c7izimleri, Temel kullan\u0131m talimatlar\u0131, Video ve Foto\u011fraflar arac\u0131l\u0131\u011f\u0131yla operasyon a\u00e7\u0131klamas\u0131, Gerekirse teknik destek i\u00e7in \u00e7evrimi\u00e7i g\u00f6r\u00fcnt\u00fcl\u00fc arama sa\u011flayabiliriz.<\/p>","protected":false},"excerpt":{"rendered":"<p>PRODUCT INFORMATION ModelWX-B50\/55\/60\/65 Product Name: HD&amp;LD Rotary Died Head Biodegradable Film Blowing Machine Film Width: 100-1200mm Introduction: This machine is used for blowing HDPE LDPE LLDPE film. Products are widely used in compound film, packaging film, etc. The main motor is equipped with inverter to adjust speed and increase stability. Besides, this machine can save [&hellip;]<\/p>","protected":false},"featured_media":2858,"comment_status":"open","ping_status":"closed","template":"","meta":{"site-sidebar-layout":"default","site-content-layout":"","ast-site-content-layout":"default","site-content-style":"default","site-sidebar-style":"default","ast-global-header-display":"","ast-banner-title-visibility":"","ast-main-header-display":"","ast-hfb-above-header-display":"","ast-hfb-below-header-display":"","ast-hfb-mobile-header-display":"","site-post-title":"","ast-breadcrumbs-content":"","ast-featured-img":"","footer-sml-layout":"","theme-transparent-header-meta":"default","adv-header-id-meta":"","stick-header-meta":"","header-above-stick-meta":"","header-main-stick-meta":"","header-below-stick-meta":"","astra-migrate-meta-layouts":"set","ast-page-background-enabled":"default","ast-page-background-meta":{"desktop":{"background-color":"","background-image":"","background-repeat":"repeat","background-position":"center center","background-size":"auto","background-attachment":"scroll","background-type":"","background-media":"","overlay-type":"","overlay-color":"","overlay-gradient":""},"tablet":{"background-color":"","background-image":"","background-repeat":"repeat","background-position":"center center","background-size":"auto","background-attachment":"scroll","background-type":"","background-media":"","overlay-type":"","overlay-color":"","overlay-gradient":""},"mobile":{"background-color":"","background-image":"","background-repeat":"repeat","background-position":"center center","background-size":"auto","background-attachment":"scroll","background-type":"","background-media":"","overlay-type":"","overlay-color":"","overlay-gradient":""}},"ast-content-background-meta":{"desktop":{"background-color":"var(--ast-global-color-5)","background-image":"","background-repeat":"repeat","background-position":"center center","background-size":"auto","background-attachment":"scroll","background-type":"","background-media":"","overlay-type":"","overlay-color":"","overlay-gradient":""},"tablet":{"background-color":"var(--ast-global-color-5)","background-image":"","background-repeat":"repeat","background-position":"center center","background-size":"auto","background-attachment":"scroll","background-type":"","background-media":"","overlay-type":"","overlay-color":"","overlay-gradient":""},"mobile":{"background-color":"var(--ast-global-color-5)","background-image":"","background-repeat":"repeat","background-position":"center center","background-size":"auto","background-attachment":"scroll","background-type":"","background-media":"","overlay-type":"","overlay-color":"","overlay-gradient":""}}},"product_cat":[23,126,132],"product_tag":[],"jetpack_sharing_enabled":true,"_links":{"self":[{"href":"https:\/\/wxplastmachine.com\/tr\/wp-json\/wp\/v2\/product\/2683"}],"collection":[{"href":"https:\/\/wxplastmachine.com\/tr\/wp-json\/wp\/v2\/product"}],"about":[{"href":"https:\/\/wxplastmachine.com\/tr\/wp-json\/wp\/v2\/types\/product"}],"replies":[{"embeddable":true,"href":"https:\/\/wxplastmachine.com\/tr\/wp-json\/wp\/v2\/comments?post=2683"}],"wp:featuredmedia":[{"embeddable":true,"href":"https:\/\/wxplastmachine.com\/tr\/wp-json\/wp\/v2\/media\/2858"}],"wp:attachment":[{"href":"https:\/\/wxplastmachine.com\/tr\/wp-json\/wp\/v2\/media?parent=2683"}],"wp:term":[{"taxonomy":"product_cat","embeddable":true,"href":"https:\/\/wxplastmachine.com\/tr\/wp-json\/wp\/v2\/product_cat?post=2683"},{"taxonomy":"product_tag","embeddable":true,"href":"https:\/\/wxplastmachine.com\/tr\/wp-json\/wp\/v2\/product_tag?post=2683"}],"curies":[{"name":"wp","href":"https:\/\/api.w.org\/{rel}","templated":true}]}}