{"id":2686,"date":"2024-07-16T11:10:42","date_gmt":"2024-07-16T03:10:42","guid":{"rendered":"https:\/\/wxplastmachine.com\/?post_type=product&#038;p=2686"},"modified":"2024-07-16T11:10:42","modified_gmt":"2024-07-16T03:10:42","slug":"1000mm-2-layers-co-extrusion-automatic-pe-stretch-film-making-machine-cast-cling-film-wrap-machine","status":"publish","type":"product","link":"https:\/\/wxplastmachine.com\/tr\/urun\/1000mm-2-layers-co-extrusion-automatic-pe-stretch-film-making-machine-cast-cling-film-wrap-machine","title":{"rendered":"1000mm 2 Katl\u0131 Ko-ekstr\u00fczyon Otomatik PE Stre\u00e7 Film Yapma Makinesi D\u00f6kme Stre\u00e7 Film Sarma Makinesi"},"content":{"rendered":"<h5><strong><b>\u00dcr\u00fcn Tan\u0131t\u0131m\u0131:<\/b><\/strong><\/h5>\n<h5><strong><b>1000mm 2 kat <\/b><\/strong><strong><b>a<\/b><\/strong><strong><b>otomati\u0307k ko-ekstr\u00fczyon<\/b><\/strong><strong><b>\u00a0<\/b><\/strong><strong><b>PE<\/b><\/strong><strong><b>\u00a0stre\u00e7 film yapma makinesi <\/b><\/strong><strong><b>d\u00f6k\u00fcm <\/b><\/strong><strong><b>stre\u00e7 sarg\u0131 film ekstr\u00fcderi<\/b><\/strong><\/h5>\n<p>Bu makine, y\u00fcksek plastikle\u015ftirme, kolay kullan\u0131m, uzun \u00f6m\u00fcr, enerji tasarrufu \u00f6zelliklerine sahip bir d\u00f6kme stre\u00e7 film \u00fcretim tesisidir ve esas olarak LLDPE film, LDPE film, PE film, CPE film ve PEVA film vb. \u00fcretimi i\u00e7in kullan\u0131l\u0131r.<\/p>\n<p>Geli\u015fmi\u015f ak\u0131ll\u0131 end\u00fcstriyel kontrol sistemini benimser, y\u0131kay\u0131c\u0131 ve g\u00fcvenli \u00e7al\u0131\u015fma, daha s\u0131k\u0131 ve daha e\u015fit bir rulo sar\u0131m\u0131 sa\u011flayan y\u00fckleme sistemi ile. t\u00fcm tasar\u0131mlar film kalitesini sa\u011flar, \u00fcretim verimlili\u011fini art\u0131r\u0131r, \u00fcretim maliyetini d\u00fc\u015f\u00fcr\u00fcr ve daha fazla de\u011fer yarat\u0131r, b\u00f6ylece \u00fcr\u00fcnleri daha rekabet\u00e7i hale getirir.<\/p>\n<p><strong><b>\u00a0<\/b><\/strong><\/p>\n<p><strong><b>Makine \u00d6zellikleri:<\/b><\/strong><\/p>\n<p>* 2 adet 55\/75mm vida ile donat\u0131lm\u0131\u015ft\u0131r<\/p>\n<p>* Otomatik y\u00fckleyicilerle<\/p>\n<p>* Film kenar\u0131 sabitleme sistemi<\/p>\n<p>* Otomatik rulo de\u011fi\u015fimi ve kesme<\/p>\n<p>* Otomatik hidrolik elek de\u011fi\u015ftirici<\/p>\n<p>* Inline at\u0131k film k\u0131rma ve geri d\u00f6n\u00fc\u015f\u00fcm sistemi<\/p>\n<p>* Kapasite Maks.150kg\/saat<\/p>\n<p>* Film geni\u015fli\u011fi: 1000 mm x 1 rulo<\/p>\n<p>500mm x 2 rulo<\/p>\n<h3><strong><b>T Die:<\/b><\/strong><\/h3>\n<p>Kenar sabitleme sistemli ve vakum sistemli T-kal\u0131p<\/p>\n<p>Daha iyi film kalitesi i\u00e7in geni\u015fletilmi\u015f so\u011futma silindiri<\/p>\n<h3><strong><b>Geri sar\u0131c\u0131:<\/b><\/strong><\/h3>\n<p>Otomatik rulo kesme ve de\u011fi\u015ftirme sistemi<\/p>\n<p>Otomatik haval\u0131 \u015faft y\u00fckleme sistemi, i\u015f\u00e7ilik maliyetinden tasarruf sa\u011flar ve daha verimlidir.<\/p>\n<h3><strong><b>Sat\u0131r i\u00e7i dilme:<\/b><\/strong><\/h3>\n<p>Maks. film geni\u015fli\u011fi s\u0131n\u0131r\u0131 dahilinde tek seferde 1'den fazla rulo alman\u0131z\u0131 ve kenar\u0131 k\u0131rpman\u0131z\u0131 sa\u011flar.<\/p>\n<h3><strong><b>S\u0131ral\u0131 k\u0131rma ve geri d\u00f6n\u00fc\u015f\u00fcm:<\/b><\/strong><\/h3>\n<p>Kesilmi\u015f kenar filmini ezmek ve yeni i\u015flenmemi\u015f peletlerle tekrar \u00fcretim i\u00e7in hazneye geri g\u00f6ndermektir.<\/p>\n<p><strong><b>\u00a0<\/b><\/strong><\/p>\n<p><strong><b>Ana Teknik Parametreler:<\/b><\/strong><\/p>\n<table>\n<tbody>\n<tr>\n<td>Model<\/td>\n<td>WX-L\u03a655\/75\u00d71250<\/td>\n<\/tr>\n<tr>\n<td>Vida \u00c7ap\u0131<\/td>\n<td>55\/75mm<\/td>\n<\/tr>\n<tr>\n<td>Vida L\/D<\/td>\n<td>30\uff1a1<\/td>\n<\/tr>\n<tr>\n<td>Vida H\u0131z\u0131<\/td>\n<td>50-150rpm<\/td>\n<\/tr>\n<tr>\n<td>Geni\u015flik<\/td>\n<td>1000mm\uff082\u00d7500mm\uff09<\/td>\n<\/tr>\n<tr>\n<td>Toral G\u00fc\u00e7<\/td>\n<td>75kw<\/td>\n<\/tr>\n<tr>\n<td>Kal\u0131nl\u0131k<\/td>\n<td>0.01-0.05mm<\/td>\n<\/tr>\n<tr>\n<td>Caoacity<\/td>\n<td>80-150kg\/saat<\/td>\n<\/tr>\n<tr>\n<td>Katman Yap\u0131s\u0131<\/td>\n<td>AB<\/td>\n<\/tr>\n<tr>\n<td>Toplam A\u011f\u0131rl\u0131k<\/td>\n<td>8T<\/td>\n<\/tr>\n<tr>\n<td>Boyut\uff08mm\uff09<\/td>\n<td>\uff08L\uff097500\u00d7\uff08W\uff093000\u00d7\uff08H\uff093400<\/td>\n<\/tr>\n<\/tbody>\n<\/table>\n<p>&nbsp;<\/p>\n<p><strong><b>SSS:<\/b><\/strong><\/p>\n<p>1. \u00dcr\u00fcnlerinizin garantisi nas\u0131l?<br \/>\nBir y\u0131l (12 ay) Garanti, konteynerin M\u00fc\u015fterilerin fabrikas\u0131na ula\u015ft\u0131\u011f\u0131 tarihten itibaren sa\u011flanacakt\u0131r. garanti s\u00fcresi i\u00e7inde kalite sorunu nedeniyle makine par\u00e7alar\u0131 k\u0131r\u0131l\u0131rsa, \u00fccretsiz olarak yeni par\u00e7a g\u00f6nderece\u011fiz (Herhangi bir yapay yanl\u0131\u015f kullan\u0131m veya tahribat, Kalite Garantisi s\u0131n\u0131rlamas\u0131na dahil de\u011fildir).<\/p>\n<p>2. \u00d6deme ve teslimat ko\u015fullar\u0131n\u0131z nelerdir?<br \/>\n\u00d6deme s\u00fcresi:<br \/>\n1) T \/ T, \u00f6n \u00f6demeli olarak 30%, teslimattan \u00f6nce 70%<br \/>\n2) L \/ C, T \/ T ile 30%, g\u00f6r\u00fcn\u00fcrde L \/ C olarak 70%<br \/>\nTeslimat s\u00fcresi: Standart 30-40 i\u015f g\u00fcn\u00fc i\u00e7inde olacakt\u0131r<\/p>\n<p>3. Makine sipari\u015f edersek hangi Teknik Deste\u011fi alabiliriz?<br \/>\nKurulum \u00c7izimleri, Temel kullan\u0131m talimatlar\u0131, Video ve Foto\u011fraflar arac\u0131l\u0131\u011f\u0131yla operasyon a\u00e7\u0131klamas\u0131, Gerekirse teknik destek i\u00e7in \u00e7evrimi\u00e7i g\u00f6r\u00fcnt\u00fcl\u00fc arama sa\u011flayabiliriz.<\/p>","protected":false},"excerpt":{"rendered":"<p>Product Introduction: 1000mm 2 layers automatic co-extrusion\u00a0PE\u00a0stretch film making machine cast stretch wrap film extruder This machine is a cast stretch film production plant, with high plasticizing, easy operation, long life, energy saving features and it is \u00a0mainly used for the production of LLDPE film, LDPE film, PE film, CPE film and PEVA film etc. [&hellip;]<\/p>","protected":false},"featured_media":2687,"comment_status":"open","ping_status":"closed","template":"","meta":{"site-sidebar-layout":"default","site-content-layout":"","ast-site-content-layout":"default","site-content-style":"default","site-sidebar-style":"default","ast-global-header-display":"","ast-banner-title-visibility":"","ast-main-header-display":"","ast-hfb-above-header-display":"","ast-hfb-below-header-display":"","ast-hfb-mobile-header-display":"","site-post-title":"","ast-breadcrumbs-content":"","ast-featured-img":"","footer-sml-layout":"","theme-transparent-header-meta":"default","adv-header-id-meta":"","stick-header-meta":"","header-above-stick-meta":"","header-main-stick-meta":"","header-below-stick-meta":"","astra-migrate-meta-layouts":"set","ast-page-background-enabled":"default","ast-page-background-meta":{"desktop":{"background-color":"","background-image":"","background-repeat":"repeat","background-position":"center center","background-size":"auto","background-attachment":"scroll","background-type":"","background-media":"","overlay-type":"","overlay-color":"","overlay-gradient":""},"tablet":{"background-color":"","background-image":"","background-repeat":"repeat","background-position":"center center","background-size":"auto","background-attachment":"scroll","background-type":"","background-media":"","overlay-type":"","overlay-color":"","overlay-gradient":""},"mobile":{"background-color":"","background-image":"","background-repeat":"repeat","background-position":"center center","background-size":"auto","background-attachment":"scroll","background-type":"","background-media":"","overlay-type":"","overlay-color":"","overlay-gradient":""}},"ast-content-background-meta":{"desktop":{"background-color":"var(--ast-global-color-5)","background-image":"","background-repeat":"repeat","background-position":"center center","background-size":"auto","background-attachment":"scroll","background-type":"","background-media":"","overlay-type":"","overlay-color":"","overlay-gradient":""},"tablet":{"background-color":"var(--ast-global-color-5)","background-image":"","background-repeat":"repeat","background-position":"center center","background-size":"auto","background-attachment":"scroll","background-type":"","background-media":"","overlay-type":"","overlay-color":"","overlay-gradient":""},"mobile":{"background-color":"var(--ast-global-color-5)","background-image":"","background-repeat":"repeat","background-position":"center center","background-size":"auto","background-attachment":"scroll","background-type":"","background-media":"","overlay-type":"","overlay-color":"","overlay-gradient":""}}},"product_cat":[135,136],"product_tag":[],"jetpack_sharing_enabled":true,"_links":{"self":[{"href":"https:\/\/wxplastmachine.com\/tr\/wp-json\/wp\/v2\/product\/2686"}],"collection":[{"href":"https:\/\/wxplastmachine.com\/tr\/wp-json\/wp\/v2\/product"}],"about":[{"href":"https:\/\/wxplastmachine.com\/tr\/wp-json\/wp\/v2\/types\/product"}],"replies":[{"embeddable":true,"href":"https:\/\/wxplastmachine.com\/tr\/wp-json\/wp\/v2\/comments?post=2686"}],"wp:featuredmedia":[{"embeddable":true,"href":"https:\/\/wxplastmachine.com\/tr\/wp-json\/wp\/v2\/media\/2687"}],"wp:attachment":[{"href":"https:\/\/wxplastmachine.com\/tr\/wp-json\/wp\/v2\/media?parent=2686"}],"wp:term":[{"taxonomy":"product_cat","embeddable":true,"href":"https:\/\/wxplastmachine.com\/tr\/wp-json\/wp\/v2\/product_cat?post=2686"},{"taxonomy":"product_tag","embeddable":true,"href":"https:\/\/wxplastmachine.com\/tr\/wp-json\/wp\/v2\/product_tag?post=2686"}],"curies":[{"name":"wp","href":"https:\/\/api.w.org\/{rel}","templated":true}]}}