{"id":2690,"date":"2024-07-16T11:11:30","date_gmt":"2024-07-16T03:11:30","guid":{"rendered":"https:\/\/wxplastmachine.com\/?post_type=product&#038;p=2690"},"modified":"2024-07-31T23:05:14","modified_gmt":"2024-07-31T15:05:14","slug":"1000mm-3-layers-co-extrusion-automatic-pe-stretch-film-making-machine-cast-cling-film-wrap-machine","status":"publish","type":"product","link":"https:\/\/wxplastmachine.com\/tr\/urun\/1000mm-3-layers-co-extrusion-automatic-pe-stretch-film-making-machine-cast-cling-film-wrap-machine","title":{"rendered":"1000mm 3 Katl\u0131 Ko-ekstr\u00fczyon Otomatik PE Stre\u00e7 Film Yapma Makinesi D\u00f6kme Stre\u00e7 Film Sarma Makinesi"},"content":{"rendered":"<h5><strong><b>\u00dcr\u00fcn Tan\u0131t\u0131m\u0131:<\/b><\/strong><\/h5>\n<h5><strong><b>\u00a0<\/b><\/strong><\/h5>\n<h5><strong><b>WX<\/b><\/strong><strong><b>-55\/80\/55*1250<\/b><\/strong><strong><b>\u00a0<\/b><\/strong><strong><b>1<\/b><\/strong><strong><b>0<\/b><\/strong><strong><b>00mm <\/b><\/strong><strong><b>3<\/b><\/strong><strong><b>\u00a0katmanlar <\/b><\/strong><strong><b>a<\/b><\/strong><strong><b>otomati\u0307k ko-ekstr\u00fczyon<\/b><\/strong><strong><b>\u00a0<\/b><\/strong><strong><b>PE<\/b><\/strong><strong><b>\u00a0stre\u00e7 film yapma makinesi <\/b><\/strong><strong><b>d\u00f6k\u00fcm <\/b><\/strong><strong><b>stre\u00e7 film<\/b><\/strong><strong><b>\u00a0<\/b><\/strong><strong><b>silindir ekstr\u00fcder<\/b><\/strong><\/h5>\n<p>&nbsp;<\/p>\n<p><strong><b>Ana Teknik Parametreler:<\/b><\/strong><\/p>\n<table>\n<tbody>\n<tr>\n<td width=\"44.8000%\">Model<\/td>\n<td width=\"55.1800%\">WX-55\/80\/55*1250<\/td>\n<\/tr>\n<tr>\n<td width=\"44.8000%\">Katmanlar<\/td>\n<td width=\"55.1800%\">\u00fc\u00e7 \/ be\u015f katmanl\u0131 stre\u00e7 film ekstruder makinesi<\/td>\n<\/tr>\n<tr>\n<td width=\"44.8000%\">Vida \u00c7ap\u0131<\/td>\n<td width=\"55.1800%\">\u03a655\/80\/55mm<\/td>\n<\/tr>\n<tr>\n<td width=\"44.8000%\">Vida L\/D<\/td>\n<td width=\"55.1800%\">1:30mm<\/td>\n<\/tr>\n<tr>\n<td width=\"44.8000%\">Vida h\u0131z\u0131<\/td>\n<td width=\"55.1800%\">20-150rpm<\/td>\n<\/tr>\n<tr>\n<td width=\"44.8000%\">Geni\u015flik<\/td>\n<td width=\"55.1800%\">100-1000mm\/(2*500mm)<\/td>\n<\/tr>\n<tr>\n<td width=\"44.8000%\">Toplam G\u00fc\u00e7<\/td>\n<td width=\"55.1800%\">90KW<\/td>\n<\/tr>\n<tr>\n<td width=\"44.8000%\">Kal\u0131nl\u0131k<\/td>\n<td width=\"55.1800%\">0.012-0.05mm<\/td>\n<\/tr>\n<tr>\n<td width=\"44.8000%\">Kapasite<\/td>\n<td width=\"55.1800%\">150-180kg\/saat<\/td>\n<\/tr>\n<tr>\n<td width=\"44.8000%\">Katman Yap\u0131s\u0131<\/td>\n<td width=\"55.1800%\">ABC\/ACBCA<\/td>\n<\/tr>\n<tr>\n<td width=\"44.8000%\">Toplam A\u011f\u0131rl\u0131k<\/td>\n<td width=\"55.1800%\">9T<\/td>\n<\/tr>\n<tr>\n<td width=\"44.8000%\">Boyut<\/td>\n<td width=\"55.1800%\">(L)8500*(W)3800*(H)3500 MM<\/td>\n<\/tr>\n<\/tbody>\n<\/table>\n<p>&nbsp;<\/p>\n<p>&nbsp;<\/p>\n<p><strong><b>Otomatik \u00fc\u00e7 katmanl\u0131 1000mm stre\u00e7 film ekstruder makinesinin \u00f6zellikleri <\/b><\/strong><\/p>\n<ol>\n<li>Nedeniyle y\u00fcksek \u00e7\u0131k\u0131\u015f<\/li>\n<\/ol>\n<p>&gt; y\u00fcksek plastikle\u015fme tasar\u0131ml\u0131 ala\u015f\u0131ml\u0131 vidalar;<\/p>\n<p>&gt; ithal statik kar\u0131\u015ft\u0131r\u0131c\u0131;<\/p>\n<p>&gt; ithal en kaliteli kal\u0131p \u00e7eli\u011finden yap\u0131lm\u0131\u015f y\u00fcksek kaliteli T-kal\u0131p.<\/p>\n<p>&gt; y\u00fcksek h\u0131zl\u0131 sar\u0131m tasar\u0131m\u0131<\/p>\n<ol start=\"2\">\n<li>Kaliteli Filmler nedeniyle<\/li>\n<\/ol>\n<p>\u0130ki y\u00f6nl\u00fc sirk\u00fclasyon tasar\u0131m\u0131na ve dahili spiral ak\u0131\u015fa sahip &gt; so\u011futma silindirleri;<\/p>\n<p>&gt; D\u00f6rt eksenli otomatik gerginlik kontrol\u00fcne sahip geli\u015fmi\u015f tork motoru;<\/p>\n<p>&gt; kaliteli kenar sabitleme sistemi ve sal\u0131n\u0131m sistemi.<\/p>\n<p>&nbsp;<\/p>\n<ol start=\"3\">\n<li>Enerji Tasarrufu (rakip makinelere g\u00f6re 30% daha az) sayesinde<\/li>\n<\/ol>\n<p>&gt; ithal invert\u00f6r ve iyi sistem tasar\u0131m\u0131.<\/p>\n<p>&nbsp;<\/p>\n<p><strong><b>SSS:<\/b><\/strong><\/p>\n<p>1. \u00dcr\u00fcnlerinizin garantisi nas\u0131l?<br \/>\nBir y\u0131l (12 ay) Garanti, konteynerin M\u00fc\u015fterilerin fabrikas\u0131na ula\u015ft\u0131\u011f\u0131 tarihten itibaren sa\u011flanacakt\u0131r. garanti s\u00fcresi i\u00e7inde kalite sorunu nedeniyle makine par\u00e7alar\u0131 k\u0131r\u0131l\u0131rsa, \u00fccretsiz olarak yeni par\u00e7a g\u00f6nderece\u011fiz (Herhangi bir yapay yanl\u0131\u015f kullan\u0131m veya tahribat, Kalite Garantisi s\u0131n\u0131rlamas\u0131na dahil de\u011fildir).<\/p>\n<p>2. \u00d6deme ve teslimat ko\u015fullar\u0131n\u0131z nelerdir?<br \/>\n\u00d6deme s\u00fcresi:<br \/>\n1) T \/ T, \u00f6n \u00f6demeli olarak 30%, teslimattan \u00f6nce 70%<br \/>\n2) L \/ C, T \/ T ile 30%, g\u00f6r\u00fcn\u00fcrde L \/ C olarak 70%<br \/>\nTeslimat s\u00fcresi: Standart 30-40 i\u015f g\u00fcn\u00fc i\u00e7inde olacakt\u0131r<\/p>\n<p>3. Makine sipari\u015f edersek hangi Teknik Deste\u011fi alabiliriz?<br \/>\nKurulum \u00c7izimleri, Temel kullan\u0131m talimatlar\u0131, Video ve Foto\u011fraflar arac\u0131l\u0131\u011f\u0131yla operasyon a\u00e7\u0131klamas\u0131, Gerekirse teknik destek i\u00e7in \u00e7evrimi\u00e7i g\u00f6r\u00fcnt\u00fcl\u00fc arama sa\u011flayabiliriz.<\/p>","protected":false},"excerpt":{"rendered":"<p>Product Introduction: \u00a0 WX-55\/80\/55*1250\u00a01000mm 3\u00a0layers automatic co-extrusion\u00a0PE\u00a0stretch film making machine cast cling film\u00a0roller extruder &nbsp; Main Technical Parameters: Model WX-55\/80\/55*1250 Layers three \/five layer stretch film extruder machine Screw\u00a0Diameter \u03a655\/80\/55mm Screw\u00a0L\/D 1:30mm Screw\u00a0speed 20-150rpm Width 100-1000mm\/(2*500mm) Total Power 90KW Thickness 0.012-0.05mm Capacity 150-180kg\/h Layer Structure ABC\/ACBCA Total Weight 9T Dimension (L)8500*(W)3800*(H)3500 MM &nbsp; &nbsp; Features [&hellip;]<\/p>","protected":false},"featured_media":2840,"comment_status":"open","ping_status":"closed","template":"","meta":{"site-sidebar-layout":"default","site-content-layout":"","ast-site-content-layout":"default","site-content-style":"default","site-sidebar-style":"default","ast-global-header-display":"","ast-banner-title-visibility":"","ast-main-header-display":"","ast-hfb-above-header-display":"","ast-hfb-below-header-display":"","ast-hfb-mobile-header-display":"","site-post-title":"","ast-breadcrumbs-content":"","ast-featured-img":"","footer-sml-layout":"","theme-transparent-header-meta":"default","adv-header-id-meta":"","stick-header-meta":"","header-above-stick-meta":"","header-main-stick-meta":"","header-below-stick-meta":"","astra-migrate-meta-layouts":"set","ast-page-background-enabled":"default","ast-page-background-meta":{"desktop":{"background-color":"","background-image":"","background-repeat":"repeat","background-position":"center center","background-size":"auto","background-attachment":"scroll","background-type":"","background-media":"","overlay-type":"","overlay-color":"","overlay-gradient":""},"tablet":{"background-color":"","background-image":"","background-repeat":"repeat","background-position":"center center","background-size":"auto","background-attachment":"scroll","background-type":"","background-media":"","overlay-type":"","overlay-color":"","overlay-gradient":""},"mobile":{"background-color":"","background-image":"","background-repeat":"repeat","background-position":"center center","background-size":"auto","background-attachment":"scroll","background-type":"","background-media":"","overlay-type":"","overlay-color":"","overlay-gradient":""}},"ast-content-background-meta":{"desktop":{"background-color":"var(--ast-global-color-5)","background-image":"","background-repeat":"repeat","background-position":"center center","background-size":"auto","background-attachment":"scroll","background-type":"","background-media":"","overlay-type":"","overlay-color":"","overlay-gradient":""},"tablet":{"background-color":"var(--ast-global-color-5)","background-image":"","background-repeat":"repeat","background-position":"center center","background-size":"auto","background-attachment":"scroll","background-type":"","background-media":"","overlay-type":"","overlay-color":"","overlay-gradient":""},"mobile":{"background-color":"var(--ast-global-color-5)","background-image":"","background-repeat":"repeat","background-position":"center center","background-size":"auto","background-attachment":"scroll","background-type":"","background-media":"","overlay-type":"","overlay-color":"","overlay-gradient":""}}},"product_cat":[135,136],"product_tag":[],"jetpack_sharing_enabled":true,"_links":{"self":[{"href":"https:\/\/wxplastmachine.com\/tr\/wp-json\/wp\/v2\/product\/2690"}],"collection":[{"href":"https:\/\/wxplastmachine.com\/tr\/wp-json\/wp\/v2\/product"}],"about":[{"href":"https:\/\/wxplastmachine.com\/tr\/wp-json\/wp\/v2\/types\/product"}],"replies":[{"embeddable":true,"href":"https:\/\/wxplastmachine.com\/tr\/wp-json\/wp\/v2\/comments?post=2690"}],"wp:featuredmedia":[{"embeddable":true,"href":"https:\/\/wxplastmachine.com\/tr\/wp-json\/wp\/v2\/media\/2840"}],"wp:attachment":[{"href":"https:\/\/wxplastmachine.com\/tr\/wp-json\/wp\/v2\/media?parent=2690"}],"wp:term":[{"taxonomy":"product_cat","embeddable":true,"href":"https:\/\/wxplastmachine.com\/tr\/wp-json\/wp\/v2\/product_cat?post=2690"},{"taxonomy":"product_tag","embeddable":true,"href":"https:\/\/wxplastmachine.com\/tr\/wp-json\/wp\/v2\/product_tag?post=2690"}],"curies":[{"name":"wp","href":"https:\/\/api.w.org\/{rel}","templated":true}]}}