{"id":2692,"date":"2024-07-16T11:12:42","date_gmt":"2024-07-16T03:12:42","guid":{"rendered":"https:\/\/wxplastmachine.com\/?post_type=product&#038;p=2692"},"modified":"2024-07-31T23:01:59","modified_gmt":"2024-07-31T15:01:59","slug":"1500mm-double-layers-co-extrusion-full-automatic-pe-stretch-film-machine-cast-cling-film-wrap-machine","status":"publish","type":"product","link":"https:\/\/wxplastmachine.com\/tr\/urun\/1500mm-double-layers-co-extrusion-full-automatic-pe-stretch-film-machine-cast-cling-film-wrap-machine","title":{"rendered":"1500mm \u00c7ift Katmanl\u0131 Ko-ekstr\u00fczyon Tam Otomatik PE Stre\u00e7 Film Makinesi D\u00f6kme Stre\u00e7 Film Sarma Makinesi"},"content":{"rendered":"<p><strong><b>WX<\/b><\/strong><strong><b>&#8211;<\/b><\/strong><strong><b>SF<\/b><\/strong><strong><b>1000\/1200\/1500\/1600\/2000 Double-layer <\/b><\/strong><strong><b>C<\/b><\/strong><strong><b>o-ekstr\u00fczyon<\/b><\/strong><strong><b>\u00a0<\/b><\/strong><strong><b>\u00c7ift <\/b><\/strong><strong><b>S<\/b><\/strong><strong><b>hafts Rulo De\u011fi\u015ftirme \/ Ak\u0131ll\u0131 S\u0131cakl\u0131k Kontrol\u00fc Stre\u00e7 Film Yapma Makinesi<\/b><\/strong><strong><b><br \/>\n<\/b><\/strong><strong><b>D\u00f6k\u00fcm film yapma makinesi<\/b><\/strong><strong><b><br \/>\n<\/b><\/strong><strong><b>Stre\u00e7 film yapma makinesi<\/b><\/strong><\/p>\n<p><strong><b>\u00a0<\/b><\/strong><\/p>\n<p><strong><b>\u00dcr\u00fcn A\u00e7\u0131klamas\u0131<\/b><\/strong><strong><b>:<\/b><\/strong><\/p>\n<p><strong><b>\u00a0<\/b><\/strong><\/p>\n<p>Bu makine, y\u00fcksek plastikle\u015ftirme, kolay kullan\u0131m, uzun \u00f6m\u00fcr, enerji tasarrufu \u00f6zelliklerine sahip bir d\u00f6kme stre\u00e7 film \u00fcretim tesisidir ve esas olarak LLDPE film, LDPE film, PE film, CPE film ve PEVA film vb. \u00fcretimi i\u00e7in kullan\u0131l\u0131r.<\/p>\n<p>Geli\u015fmi\u015f ak\u0131ll\u0131 end\u00fcstriyel kontrol sistemini benimser, y\u0131kay\u0131c\u0131 ve g\u00fcvenli \u00e7al\u0131\u015fma, daha s\u0131k\u0131 ve daha e\u015fit bir rulo sar\u0131m\u0131 sa\u011flayan y\u00fckleme sistemi ile. t\u00fcm tasar\u0131mlar film kalitesini sa\u011flar, \u00fcretim verimlili\u011fini art\u0131r\u0131r, \u00fcretim maliyetini d\u00fc\u015f\u00fcr\u00fcr ve daha fazla de\u011fer yarat\u0131r, b\u00f6ylece \u00fcr\u00fcnleri daha rekabet\u00e7i hale getirir.<\/p>\n<p>&nbsp;<\/p>\n<p><strong><b>Ana Teknik Parametreler:<\/b><\/strong><\/p>\n<table>\n<tbody>\n<tr>\n<td width=\"51.3000%\">Model<\/td>\n<td width=\"48.6800%\">WX-70\/90*1500<\/td>\n<\/tr>\n<tr>\n<td width=\"51.3000%\">Vida \u00e7ap\u0131<\/td>\n<td width=\"48.6800%\">70\/90<\/td>\n<\/tr>\n<tr>\n<td width=\"51.3000%\">L\/D<\/td>\n<td width=\"48.6800%\">32:1<\/td>\n<\/tr>\n<tr>\n<td width=\"51.3000%\">T-kal\u0131p geni\u015fli\u011fi<\/td>\n<td width=\"48.6800%\">1900mm<\/td>\n<\/tr>\n<tr>\n<td width=\"51.3000%\">Bitmi\u015f film geni\u015fli\u011fi<\/td>\n<td width=\"48.6800%\">1500mm<\/td>\n<\/tr>\n<tr>\n<td width=\"51.3000%\">Bitmi\u015f film kal\u0131nl\u0131\u011f\u0131<\/td>\n<td width=\"48.6800%\">0.01-0.05mm<\/td>\n<\/tr>\n<tr>\n<td width=\"51.3000%\">Maks. ekstr\u00fczyon \u00e7\u0131k\u0131\u015f\u0131<\/td>\n<td width=\"48.6800%\">80-180kg\/saat<\/td>\n<\/tr>\n<tr>\n<td width=\"51.3000%\">Ana motor g\u00fcc\u00fc<\/td>\n<td width=\"48.6800%\">22\/37kw<\/td>\n<\/tr>\n<tr>\n<td width=\"51.3000%\">Is\u0131tma g\u00fcc\u00fc<\/td>\n<td width=\"48.6800%\">55kw<\/td>\n<\/tr>\n<tr>\n<td width=\"51.3000%\">Hava t\u00fcketimi<\/td>\n<td width=\"48.6800%\">0.8m3\/dak<\/td>\n<\/tr>\n<tr>\n<td width=\"51.3000%\">Su t\u00fcketimi<\/td>\n<td width=\"48.6800%\">0.7m3\/dak<\/td>\n<\/tr>\n<tr>\n<td width=\"51.3000%\">Toplam g\u00fc\u00e7<\/td>\n<td width=\"48.6800%\">110kw<\/td>\n<\/tr>\n<tr>\n<td width=\"51.3000%\">G\u00fc\u00e7 kayna\u011f\u0131<\/td>\n<td width=\"48.6800%\">380\/3\/4\/50<\/td>\n<\/tr>\n<tr>\n<td width=\"51.3000%\">Genel boyut<\/td>\n<td width=\"48.6800%\">7500*2850*2800mm<\/td>\n<\/tr>\n<\/tbody>\n<\/table>\n<p><strong><b>\u00a0<\/b><\/strong><\/p>\n<p>MAKINE \u00d6ZELLIKLERI:<\/p>\n<p>* 65\/90\/65mm 3 vida ile donat\u0131lm\u0131\u015ft\u0131r<\/p>\n<p>* Vakum sistemi ile<\/p>\n<p>* Film kenar\u0131 sabitleme sistemi<\/p>\n<p>* Otomatik hava mili y\u00fcklemesi<\/p>\n<p>* Otomatik hidrolik elek de\u011fi\u015ftirici<\/p>\n<p>* Inline at\u0131k film k\u0131rma ve geri d\u00f6n\u00fc\u015f\u00fcm sistemi<\/p>\n<p>* Kapasite Maks.180kg\/saat<\/p>\n<p>* Film geni\u015fli\u011fi: 1500mm x 1 rulo<\/p>\n<p>500mm x 3 rulo<\/p>\n<h3><strong><b>T Die:<\/b><\/strong><\/h3>\n<p>Kenar sabitleme sistemli ve vakum sistemli T-kal\u0131p<\/p>\n<p>Daha iyi film kalitesi i\u00e7in geni\u015fletilmi\u015f so\u011futma silindiri<\/p>\n<h3><strong><b>Geri sar\u0131c\u0131:<\/b><\/strong><\/h3>\n<p>Otomatik rulo kesme ve de\u011fi\u015ftirme sistemi<\/p>\n<p>Otomatik haval\u0131 \u015faft y\u00fckleme sistemi, i\u015f\u00e7ilik maliyetinden tasarruf sa\u011flar ve daha verimlidir.<\/p>\n<h3><strong><b>Sat\u0131r i\u00e7i dilme:<\/b><\/strong><\/h3>\n<p>Maks. film geni\u015fli\u011fi s\u0131n\u0131r\u0131 dahilinde tek seferde 1'den fazla rulo alman\u0131z\u0131 ve kenar\u0131 k\u0131rpman\u0131z\u0131 sa\u011flar.<\/p>\n<h3><strong><b>S\u0131ral\u0131 k\u0131rma ve geri d\u00f6n\u00fc\u015f\u00fcm:<\/b><\/strong><\/h3>\n<p>Kesilmi\u015f kenar filmini ezmek ve yeni i\u015flenmemi\u015f peletlerle tekrar \u00fcretim i\u00e7in hazneye geri g\u00f6ndermektir.<\/p>\n<p>&nbsp;<\/p>\n<p><strong><b>SSS:<\/b><\/strong><\/p>\n<p>1. \u00dcr\u00fcnlerinizin garantisi nas\u0131l?<br \/>\nBir y\u0131l (12 ay) Garanti, konteynerin M\u00fc\u015fterilerin fabrikas\u0131na ula\u015ft\u0131\u011f\u0131 tarihten itibaren sa\u011flanacakt\u0131r. garanti s\u00fcresi i\u00e7inde kalite sorunu nedeniyle makine par\u00e7alar\u0131 k\u0131r\u0131l\u0131rsa, \u00fccretsiz olarak yeni par\u00e7a g\u00f6nderece\u011fiz (Herhangi bir yapay yanl\u0131\u015f kullan\u0131m veya tahribat, Kalite Garantisi s\u0131n\u0131rlamas\u0131na dahil de\u011fildir).<\/p>\n<p>2. \u00d6deme ve teslimat ko\u015fullar\u0131n\u0131z nelerdir?<br \/>\n\u00d6deme s\u00fcresi:<br \/>\n1) T \/ T, \u00f6n \u00f6demeli olarak 30%, teslimattan \u00f6nce 70%<br \/>\n2) L \/ C, T \/ T ile 30%, g\u00f6r\u00fcn\u00fcrde L \/ C olarak 70%<br \/>\nTeslimat s\u00fcresi: Standart 30-40 i\u015f g\u00fcn\u00fc i\u00e7inde olacakt\u0131r<\/p>\n<p>3. Makine sipari\u015f edersek hangi Teknik Deste\u011fi alabiliriz?<br \/>\nKurulum \u00c7izimleri, Temel kullan\u0131m talimatlar\u0131, Video ve Foto\u011fraflar arac\u0131l\u0131\u011f\u0131yla operasyon a\u00e7\u0131klamas\u0131, Gerekirse teknik destek i\u00e7in \u00e7evrimi\u00e7i g\u00f6r\u00fcnt\u00fcl\u00fc arama sa\u011flayabiliriz.<\/p>","protected":false},"excerpt":{"rendered":"<p>WX&#8211;SF1000\/1200\/1500\/1600\/2000 Double-layer Co-extrusion\u00a0Double Shafts Roll Changing \/Intelligent Temperature Control Stretch Film Making Machine Casting film making machine Cling film making machine \u00a0 Product Description: \u00a0 This machine is a cast stretch film production plant, with high plasticizing, easy operation, long life, energy saving features and it is mainly used for the production of LLDPE film, [&hellip;]<\/p>","protected":false},"featured_media":2835,"comment_status":"open","ping_status":"closed","template":"","meta":{"site-sidebar-layout":"default","site-content-layout":"","ast-site-content-layout":"default","site-content-style":"default","site-sidebar-style":"default","ast-global-header-display":"","ast-banner-title-visibility":"","ast-main-header-display":"","ast-hfb-above-header-display":"","ast-hfb-below-header-display":"","ast-hfb-mobile-header-display":"","site-post-title":"","ast-breadcrumbs-content":"","ast-featured-img":"","footer-sml-layout":"","theme-transparent-header-meta":"default","adv-header-id-meta":"","stick-header-meta":"","header-above-stick-meta":"","header-main-stick-meta":"","header-below-stick-meta":"","astra-migrate-meta-layouts":"set","ast-page-background-enabled":"default","ast-page-background-meta":{"desktop":{"background-color":"","background-image":"","background-repeat":"repeat","background-position":"center center","background-size":"auto","background-attachment":"scroll","background-type":"","background-media":"","overlay-type":"","overlay-color":"","overlay-gradient":""},"tablet":{"background-color":"","background-image":"","background-repeat":"repeat","background-position":"center center","background-size":"auto","background-attachment":"scroll","background-type":"","background-media":"","overlay-type":"","overlay-color":"","overlay-gradient":""},"mobile":{"background-color":"","background-image":"","background-repeat":"repeat","background-position":"center center","background-size":"auto","background-attachment":"scroll","background-type":"","background-media":"","overlay-type":"","overlay-color":"","overlay-gradient":""}},"ast-content-background-meta":{"desktop":{"background-color":"var(--ast-global-color-5)","background-image":"","background-repeat":"repeat","background-position":"center center","background-size":"auto","background-attachment":"scroll","background-type":"","background-media":"","overlay-type":"","overlay-color":"","overlay-gradient":""},"tablet":{"background-color":"var(--ast-global-color-5)","background-image":"","background-repeat":"repeat","background-position":"center center","background-size":"auto","background-attachment":"scroll","background-type":"","background-media":"","overlay-type":"","overlay-color":"","overlay-gradient":""},"mobile":{"background-color":"var(--ast-global-color-5)","background-image":"","background-repeat":"repeat","background-position":"center center","background-size":"auto","background-attachment":"scroll","background-type":"","background-media":"","overlay-type":"","overlay-color":"","overlay-gradient":""}}},"product_cat":[135,137],"product_tag":[],"jetpack_sharing_enabled":true,"_links":{"self":[{"href":"https:\/\/wxplastmachine.com\/tr\/wp-json\/wp\/v2\/product\/2692"}],"collection":[{"href":"https:\/\/wxplastmachine.com\/tr\/wp-json\/wp\/v2\/product"}],"about":[{"href":"https:\/\/wxplastmachine.com\/tr\/wp-json\/wp\/v2\/types\/product"}],"replies":[{"embeddable":true,"href":"https:\/\/wxplastmachine.com\/tr\/wp-json\/wp\/v2\/comments?post=2692"}],"wp:featuredmedia":[{"embeddable":true,"href":"https:\/\/wxplastmachine.com\/tr\/wp-json\/wp\/v2\/media\/2835"}],"wp:attachment":[{"href":"https:\/\/wxplastmachine.com\/tr\/wp-json\/wp\/v2\/media?parent=2692"}],"wp:term":[{"taxonomy":"product_cat","embeddable":true,"href":"https:\/\/wxplastmachine.com\/tr\/wp-json\/wp\/v2\/product_cat?post=2692"},{"taxonomy":"product_tag","embeddable":true,"href":"https:\/\/wxplastmachine.com\/tr\/wp-json\/wp\/v2\/product_tag?post=2692"}],"curies":[{"name":"wp","href":"https:\/\/api.w.org\/{rel}","templated":true}]}}