{"id":3312,"date":"2024-09-06T13:47:08","date_gmt":"2024-09-06T05:47:08","guid":{"rendered":"https:\/\/wxplastmachine.com\/?post_type=product&#038;p=3312"},"modified":"2024-09-06T23:14:49","modified_gmt":"2024-09-06T15:14:49","slug":"pe-pp-ps-pa-pellets-making-machine-plastic-waste-bag-film-flakes-recycling-granulating-line","status":"publish","type":"product","link":"https:\/\/wxplastmachine.com\/tr\/urun\/pe-pp-ps-pa-pellets-making-machine-plastic-waste-bag-film-flakes-recycling-granulating-line","title":{"rendered":"PE PP PS PA Pelet Yapma Makinesi Plastik At\u0131k Torba Film Gevre\u011fi Geri D\u00f6n\u00fc\u015f\u00fcm Gran\u00fcl Hatt\u0131"},"content":{"rendered":"<h5><strong><b>\u00dcr\u00fcn Tan\u0131t\u0131m\u0131\uff1a<\/b><\/strong><\/h5>\n<p>Plastik \u0130\u015flenmi\u015f: PP, PVC, ABS, EVA, EPS, BOPP, PS, PA, HDPE, ABS\/PP, HDPE\/PP, PE\/PP, LDPE\/Bio malzeme<\/p>\n<p>ML tek vidal\u0131 gran\u00fclat\u00f6r, \u00f6zellikle at\u0131k ticari torbalar, \u00e7\u00f6p torbalar\u0131, tar\u0131m filmleri, g\u0131da ambalajlar\u0131, shrink ve stre\u00e7 filmler, PP dokuma torbalar, nonwoven torbalar, jumbo torbalar, bantlar ve ipliklerin geri d\u00f6n\u00fc\u015f\u00fcm\u00fc i\u00e7in kullan\u0131lan \u00fc\u00e7 makineyi bir arada (k\u0131rma, ekstr\u00fczyon, gran\u00fclasyon) benimser, \u00f6zellikle k\u00f6p\u00fck malzemelerin geri d\u00f6n\u00fc\u015f\u00fcm gran\u00fclasyonu i\u00e7in uygundur.<\/p>\n<p>Makine h\u0131zl\u0131 bir elektrikli filtre ekran\u0131 de\u011fi\u015ftirme cihaz\u0131, otomatik s\u0131cakl\u0131k kontrol\u00fc ile donat\u0131lm\u0131\u015ft\u0131r ve peletleyici, ekstr\u00fcder bo\u015faltma h\u0131z\u0131n\u0131 peletleyici ile senkronize etmek i\u00e7in bir h\u0131z ayar motoru kullan\u0131r. \u00dcnite, tek tip, p\u00fcr\u00fczs\u00fcz, tam peletler, istikrarl\u0131 \u00fcr\u00fcn kalitesi, enerji tasarrufu, y\u00fcksek \u00e7\u0131kt\u0131, istikrarl\u0131 performans, rahat \u00e7al\u0131\u015fma ve iyi ekonomik faydalar \u00f6zelliklerine sahiptir.<\/p>\n<p><strong><b>Ana Teknik Parametreler\uff1a<\/b><\/strong><\/p>\n<table>\n<tbody>\n<tr>\n<td width=\"183\">Model<\/td>\n<td width=\"141\">ML-90<\/td>\n<td width=\"141\">ML-100<\/td>\n<td width=\"141\">ML-110<\/td>\n<td width=\"113\">ML-120<\/td>\n<\/tr>\n<tr>\n<td>Tip Vida Sap\u0131n\u0131n \u00c7ap\u0131<\/td>\n<td>\u03c690<\/td>\n<td>\u03c6100<\/td>\n<td>\u03c6110<\/td>\n<td width=\"113\">\u03c6120<\/td>\n<\/tr>\n<tr>\n<td>Vida Sap\u0131n\u0131n Ana \u00c7ap Oran\u0131<\/td>\n<td>L\/D 20\uff1a1<\/td>\n<td>L\/D 20\uff1a1<\/td>\n<td>L\/D 20\uff1a1<\/td>\n<td width=\"113\">L\/D 20\uff1a1<\/td>\n<\/tr>\n<tr>\n<td>Vida Sap\u0131n\u0131n Rasyonel H\u0131z\u0131<\/td>\n<td>10-100r\/dak<\/td>\n<td>10-100r\/dak<\/td>\n<td>10-100r\/dak<\/td>\n<td width=\"113\">10-100r\/dak<\/td>\n<\/tr>\n<tr>\n<td>Ana Motor G\u00fcc\u00fc<\/td>\n<td>22kw<\/td>\n<td>30kw<\/td>\n<td>37kw<\/td>\n<td width=\"113\">45kw<\/td>\n<\/tr>\n<tr>\n<td>\u00c7\u0131kt\u0131<\/td>\n<td>68kg\/saat<\/td>\n<td>95kg\/saat<\/td>\n<td>120kg\/saat<\/td>\n<td width=\"113\">135kg\/saat<\/td>\n<\/tr>\n<tr>\n<td>Toplam a\u011f\u0131rl\u0131k (kg)<\/td>\n<td>2600kg<\/td>\n<td>2800kg<\/td>\n<td>3000kg<\/td>\n<td width=\"113\">3200kg<\/td>\n<\/tr>\n<tr>\n<td>Kapak boyutlar\u0131 (l\u00d7w\u00d7h) (mm)<\/td>\n<td>4000\u00d71500\u00d71800<\/td>\n<td>4000\u00d71500\u00d71800<\/td>\n<td>4000\u00d71500\u00d71800<\/td>\n<td width=\"113\">4000\u00d71500\u00d71800<\/td>\n<\/tr>\n<\/tbody>\n<\/table>\n<p><strong><u><b>Ekstr\u00fczyon Hatlar\u0131-<\/b><\/u><\/strong><strong><b>Bizimle ileti\u015fime ge\u00e7in, size en iyi \u00f6neriyi verebiliriz<\/b><\/strong><\/p>\n<p>Su so\u011futmal\u0131 tel, hava so\u011futmal\u0131 peletleme, su halkal\u0131 peletleme, su alt\u0131nda peletleme gibi \u00e7e\u015fitli peletleme modlar\u0131. vb.<\/p>\n<p><strong><b><img fetchpriority=\"high\" decoding=\"async\" class=\"alignnone wp-image-3317\" src=\"https:\/\/wxplastmachine.com\/wp-content\/uploads\/2024\/09\/\u5fae\u4fe1\u622a\u56fe_20240906113032.jpg\" alt=\"\" width=\"557\" height=\"670\" srcset=\"https:\/\/wxplastmachine.com\/wp-content\/uploads\/2024\/09\/\u5fae\u4fe1\u622a\u56fe_20240906113032.jpg 504w, https:\/\/wxplastmachine.com\/wp-content\/uploads\/2024\/09\/\u5fae\u4fe1\u622a\u56fe_20240906113032-250x300.jpg 250w, https:\/\/wxplastmachine.com\/wp-content\/uploads\/2024\/09\/\u5fae\u4fe1\u622a\u56fe_20240906113032-10x12.jpg 10w\" sizes=\"(max-width: 557px) 100vw, 557px\" \/><\/b><\/strong><\/p>\n<p><img decoding=\"async\" class=\"alignnone wp-image-3319\" src=\"https:\/\/wxplastmachine.com\/wp-content\/uploads\/2024\/09\/\u5fae\u4fe1\u622a\u56fe_20240905110853.jpg\" alt=\"\" width=\"558\" height=\"628\" srcset=\"https:\/\/wxplastmachine.com\/wp-content\/uploads\/2024\/09\/\u5fae\u4fe1\u622a\u56fe_20240905110853.jpg 446w, https:\/\/wxplastmachine.com\/wp-content\/uploads\/2024\/09\/\u5fae\u4fe1\u622a\u56fe_20240905110853-267x300.jpg 267w, https:\/\/wxplastmachine.com\/wp-content\/uploads\/2024\/09\/\u5fae\u4fe1\u622a\u56fe_20240905110853-11x12.jpg 11w\" sizes=\"(max-width: 558px) 100vw, 558px\" \/><\/p>\n<p><strong><b>\u00a0<\/b><\/strong><strong><b>SSS:<\/b><\/strong><\/p>\n<p>1. \u00dcr\u00fcnlerinizin garantisi nas\u0131l?<br \/>\nBir y\u0131l (12 ay) Garanti, konteynerin M\u00fc\u015fterilerin fabrikas\u0131na ula\u015ft\u0131\u011f\u0131 tarihten itibaren sa\u011flanacakt\u0131r. garanti s\u00fcresi i\u00e7inde kalite sorunu nedeniyle makine par\u00e7alar\u0131 k\u0131r\u0131l\u0131rsa, \u00fccretsiz olarak yeni par\u00e7a g\u00f6nderece\u011fiz (Herhangi bir yapay yanl\u0131\u015f kullan\u0131m veya tahribat, Kalite Garantisi s\u0131n\u0131rlamas\u0131na dahil de\u011fildir).<\/p>\n<p>2. \u00d6deme ve teslimat ko\u015fullar\u0131n\u0131z nelerdir?<br \/>\n\u00d6deme s\u00fcresi:<br \/>\n1) T \/ T, \u00f6n \u00f6demeli olarak 30%, teslimattan \u00f6nce 70%<br \/>\n2) L \/ C, T \/ T ile 30%, g\u00f6r\u00fcn\u00fcrde L \/ C olarak 70%<br \/>\nTeslimat s\u00fcresi: Standart 30-40 i\u015f g\u00fcn\u00fc i\u00e7inde olacakt\u0131r<\/p>\n<p>3. Makine sipari\u015f edersek hangi Teknik Deste\u011fi alabiliriz?<br \/>\nKurulum \u00c7izimleri, Temel kullan\u0131m talimatlar\u0131, Video ve Foto\u011fraflar arac\u0131l\u0131\u011f\u0131yla operasyon a\u00e7\u0131klamas\u0131, Gerekirse teknik destek i\u00e7in \u00e7evrimi\u00e7i g\u00f6r\u00fcnt\u00fcl\u00fc arama sa\u011flayabiliriz.<\/p>","protected":false},"excerpt":{"rendered":"<p>Products Introduction\uff1a Plastic Processed: PP, PVC, ABS, EVA, EPS, BOPP, PS, PA, HDPE, ABS\/PP, HDPE\/PP, PE\/PP, LDPE\/Bio material ML single screw granulator adopts three machines in one (crushing, extrusion, granulation), mainly used for recycling waste commercial bags, garbage bags, agricultural films, food packaging, shrink and stretch films, PP woven bags, nonwoven bags, jumbo bags, tapes [&hellip;]<\/p>","protected":false},"featured_media":3313,"comment_status":"open","ping_status":"closed","template":"","meta":{"site-sidebar-layout":"default","site-content-layout":"","ast-site-content-layout":"default","site-content-style":"default","site-sidebar-style":"default","ast-global-header-display":"","ast-banner-title-visibility":"","ast-main-header-display":"","ast-hfb-above-header-display":"","ast-hfb-below-header-display":"","ast-hfb-mobile-header-display":"","site-post-title":"","ast-breadcrumbs-content":"","ast-featured-img":"","footer-sml-layout":"","theme-transparent-header-meta":"default","adv-header-id-meta":"","stick-header-meta":"","header-above-stick-meta":"","header-main-stick-meta":"","header-below-stick-meta":"","astra-migrate-meta-layouts":"set","ast-page-background-enabled":"default","ast-page-background-meta":{"desktop":{"background-color":"","background-image":"","background-repeat":"repeat","background-position":"center center","background-size":"auto","background-attachment":"scroll","background-type":"","background-media":"","overlay-type":"","overlay-color":"","overlay-gradient":""},"tablet":{"background-color":"","background-image":"","background-repeat":"repeat","background-position":"center center","background-size":"auto","background-attachment":"scroll","background-type":"","background-media":"","overlay-type":"","overlay-color":"","overlay-gradient":""},"mobile":{"background-color":"","background-image":"","background-repeat":"repeat","background-position":"center center","background-size":"auto","background-attachment":"scroll","background-type":"","background-media":"","overlay-type":"","overlay-color":"","overlay-gradient":""}},"ast-content-background-meta":{"desktop":{"background-color":"var(--ast-global-color-5)","background-image":"","background-repeat":"repeat","background-position":"center center","background-size":"auto","background-attachment":"scroll","background-type":"","background-media":"","overlay-type":"","overlay-color":"","overlay-gradient":""},"tablet":{"background-color":"var(--ast-global-color-5)","background-image":"","background-repeat":"repeat","background-position":"center center","background-size":"auto","background-attachment":"scroll","background-type":"","background-media":"","overlay-type":"","overlay-color":"","overlay-gradient":""},"mobile":{"background-color":"var(--ast-global-color-5)","background-image":"","background-repeat":"repeat","background-position":"center center","background-size":"auto","background-attachment":"scroll","background-type":"","background-media":"","overlay-type":"","overlay-color":"","overlay-gradient":""}}},"product_cat":[163,159,160],"product_tag":[],"jetpack_sharing_enabled":true,"_links":{"self":[{"href":"https:\/\/wxplastmachine.com\/tr\/wp-json\/wp\/v2\/product\/3312"}],"collection":[{"href":"https:\/\/wxplastmachine.com\/tr\/wp-json\/wp\/v2\/product"}],"about":[{"href":"https:\/\/wxplastmachine.com\/tr\/wp-json\/wp\/v2\/types\/product"}],"replies":[{"embeddable":true,"href":"https:\/\/wxplastmachine.com\/tr\/wp-json\/wp\/v2\/comments?post=3312"}],"wp:featuredmedia":[{"embeddable":true,"href":"https:\/\/wxplastmachine.com\/tr\/wp-json\/wp\/v2\/media\/3313"}],"wp:attachment":[{"href":"https:\/\/wxplastmachine.com\/tr\/wp-json\/wp\/v2\/media?parent=3312"}],"wp:term":[{"taxonomy":"product_cat","embeddable":true,"href":"https:\/\/wxplastmachine.com\/tr\/wp-json\/wp\/v2\/product_cat?post=3312"},{"taxonomy":"product_tag","embeddable":true,"href":"https:\/\/wxplastmachine.com\/tr\/wp-json\/wp\/v2\/product_tag?post=3312"}],"curies":[{"name":"wp","href":"https:\/\/api.w.org\/{rel}","templated":true}]}}