{"id":3410,"date":"2024-10-15T14:51:38","date_gmt":"2024-10-15T06:51:38","guid":{"rendered":"https:\/\/wxplastmachine.com\/?post_type=product&#038;p=3410"},"modified":"2024-10-15T14:51:38","modified_gmt":"2024-10-15T06:51:38","slug":"plastic-grass-silage-film-making-machine-forage-film-machine","status":"publish","type":"product","link":"https:\/\/wxplastmachine.com\/tr\/urun\/plastic-grass-silage-film-making-machine-forage-film-machine","title":{"rendered":"Plastik \u00c7im Silaj Filmi Yapma Makinesi Yem Filmi Makinesi"},"content":{"rendered":"<p>Makinemiz Stre\u00e7 Film, Stre\u00e7 Film ve Silaj Filmi i\u00e7in kullan\u0131labilir<\/p>\n<p>\u00c7im paketlenebilir ve silaj filmi ile kapat\u0131labilir. Ve 3 y\u0131ldan fazla taze kalmas\u0131n\u0131 sa\u011flayabilir.<\/p>\n<p>Silaj filminin sarma \u015fekli yuvarlak demettir. \u0130lk ba\u015fta, makine ye\u015fil bitkileri s\u0131k\u0131ca bast\u0131racak ve silindirik hale getirecektir. Ve sonra, sarma makinesi \u00f6zel silaj filmi ile s\u0131k\u0131ca saracakt\u0131r. Silaj filmi i\u00e7in en iyi avantajlar \u015funlard\u0131r:<\/p>\n<p>1&gt; ye\u015fil bitkilerin kalitesi \u00e7ok iyidir;<\/p>\n<p>2&gt; \u00fcretim h\u0131z\u0131 h\u0131zl\u0131d\u0131r;<\/p>\n<p>3&gt; ye\u015fil \u00e7im \u00e7ok s\u0131k\u0131 bir \u015fekilde bast\u0131r\u0131l\u0131r ve s\u0131zd\u0131rmazl\u0131k performans\u0131 m\u00fckemmeldir;<\/p>\n<p>4&gt; T\u00fcm laktik asit tamamen fermente olabilir.<\/p>\n<p>Stre\u00e7 film yapma makinesi, bir taraf\u0131 yap\u0131\u015fkan veya 2 taraf\u0131 yap\u0131\u015fkan \u00e7im filmi, stre\u00e7 film, stre\u00e7 film, d\u00f6kme stre\u00e7 film vb. \u00fcretmek i\u00e7in esas olarak LLDPE, LDPE veya geri d\u00f6n\u00fc\u015ft\u00fcr\u00fclm\u00fc\u015f LLDPE malzeme kullan\u0131r.<\/p>\n<p>Bu \u00dcnite, uzun s\u00fcreli \u00fcretim deneyimimize ve m\u00fc\u015fterinin ger\u00e7ek \u00e7al\u0131\u015fmas\u0131na dayanmaktad\u0131r, y\u00fcksek plastisite, kullan\u0131m\u0131 kolay, uzun \u00f6m\u00fcrl\u00fc ve g\u00fc\u00e7 tasarrufu sa\u011flayan makine \u00fcretmek i\u00e7in \u0130talya ve Amerika y\u00fcksek teknolojisi ile birle\u015ftirilmi\u015ftir. Bu makine stre\u00e7 film, stre\u00e7 film ve koruyucu film yapmak i\u00e7in uygundur. Geni\u015flik 20 mm'den 2000 mm'ye, tek katmandan 2 katmana, 3 katmana, 5 katmana vb.<\/p>\n<p>&nbsp;<\/p>\n<p><strong><b>Karakterler<\/b><\/strong><\/p>\n<table>\n<tbody>\n<tr>\n<td width=\"48.4200%\"><strong><b>E\u015fyalar<\/b><\/strong><\/td>\n<td width=\"51.5600%\"><strong><b>Kullan\u0131m<\/b><\/strong><\/td>\n<\/tr>\n<tr>\n<td width=\"48.4200%\"><strong><b>1&gt;Otomatik Kesme ve Geri Sarma<\/b><\/strong><\/td>\n<td width=\"51.5600%\">Stre\u00e7 filmi otomatik olarak kesmek ve geri sarmak i\u00e7in<\/td>\n<\/tr>\n<tr>\n<td width=\"48.4200%\"><strong><b>2&gt;Saya\u00e7 Sayma ve Ayarlama ile Japonya Mitsubishi PLC<\/b><\/strong><\/td>\n<td width=\"51.5600%\">Stre\u00e7 film makinesinin metreleri a\u00e7\u0131k\u00e7a g\u00f6sterilebilir<\/td>\n<\/tr>\n<tr>\n<td width=\"48.4200%\"><strong><b>3&gt; Alt makine I\u015f\u0131k Yolu<\/b><\/strong><\/td>\n<td width=\"51.5600%\">Kolay T-die Temizli\u011fi i\u00e7in alt makineyi otomatik olarak hareket ettirin<\/td>\n<\/tr>\n<tr>\n<td width=\"48.4200%\"><strong><b>4&gt; Sal\u0131ncak Sistemli Alt Makine<\/b><\/strong><\/td>\n<td width=\"51.5600%\">Alt makineyi sallayarak stre\u00e7 filmi daha d\u00fczg\u00fcn ve sa\u011flam hale getirin<\/td>\n<\/tr>\n<tr>\n<td width=\"48.4200%\"><strong><b>5&gt;Bireysel Malzeme Otomatik Y\u00fckleyici<\/b><\/strong><\/td>\n<td width=\"51.5600%\">Otomatik Malzeme Y\u00fckleme<\/td>\n<\/tr>\n<tr>\n<td width=\"48.4200%\"><strong><b>6&gt;In-line Malzeme Geri D\u00f6n\u00fc\u015f\u00fcm Makinesi<\/b><\/strong><\/td>\n<td width=\"51.5600%\">Ekstra Malzeme Geri D\u00f6n\u00fc\u015f\u00fcm\u00fc<\/td>\n<\/tr>\n<tr>\n<td width=\"48.4200%\"><strong><b>7&gt;1<\/b><\/strong><strong><b>ST<\/b><\/strong><strong><b>\u00a0So\u011futma Silindiri: \u03c6600mm;2<\/b><\/strong><strong><b>ND <\/b><\/strong><strong><b>so\u011futma silindiri boyutu: \u03c6370MM<\/b><\/strong><\/td>\n<td width=\"51.5600%\">\u0130yi so\u011futmadan emin olun, ithal teknolojiyi benimseyin<\/td>\n<\/tr>\n<\/tbody>\n<\/table>\n<p><strong><b>Teknik <\/b><\/strong><strong><b>Parametreler<\/b><\/strong><\/p>\n<table>\n<tbody>\n<tr>\n<td>Model<\/td>\n<td>WX-L\u03c655\/75\u00d71250<\/td>\n<\/tr>\n<tr>\n<td>Vida \u00c7ap\u0131<\/td>\n<td>\u03c655\/75mm<\/td>\n<\/tr>\n<tr>\n<td>VidaL \/ D<\/td>\n<td>30:1<\/td>\n<\/tr>\n<tr>\n<td>Vida H\u0131z\u0131<\/td>\n<td>50-150rpm<\/td>\n<\/tr>\n<tr>\n<td>Geni\u015flik<\/td>\n<td>1000mm (2x500mm)<\/td>\n<\/tr>\n<tr>\n<td>Toplam G\u00fc\u00e7<\/td>\n<td>75kw<\/td>\n<\/tr>\n<tr>\n<td>Kal\u0131nl\u0131k<\/td>\n<td>0.01-0.05mm<\/td>\n<\/tr>\n<tr>\n<td>Kapasite<\/td>\n<td>80-150kg\/saat<\/td>\n<\/tr>\n<tr>\n<td>Katman Yap\u0131s\u0131<\/td>\n<td>AB\/ABA<\/td>\n<\/tr>\n<tr>\n<td>Toplam A\u011f\u0131rl\u0131k<\/td>\n<td>8T<\/td>\n<\/tr>\n<tr>\n<td>Boyut (mm)<\/td>\n<td>(L)7500x(W)3000x(H)3400<\/td>\n<\/tr>\n<\/tbody>\n<\/table>\n<p><img fetchpriority=\"high\" decoding=\"async\" class=\"alignnone size-full wp-image-3411\" src=\"https:\/\/wxplastmachine.com\/wp-content\/uploads\/2024\/10\/\u5fae\u4fe1\u622a\u56fe_20241011102347.png\" alt=\"\" width=\"800\" height=\"800\" srcset=\"https:\/\/wxplastmachine.com\/wp-content\/uploads\/2024\/10\/\u5fae\u4fe1\u622a\u56fe_20241011102347.png 800w, https:\/\/wxplastmachine.com\/wp-content\/uploads\/2024\/10\/\u5fae\u4fe1\u622a\u56fe_20241011102347-300x300.png 300w, https:\/\/wxplastmachine.com\/wp-content\/uploads\/2024\/10\/\u5fae\u4fe1\u622a\u56fe_20241011102347-150x150.png 150w, https:\/\/wxplastmachine.com\/wp-content\/uploads\/2024\/10\/\u5fae\u4fe1\u622a\u56fe_20241011102347-768x768.png 768w, https:\/\/wxplastmachine.com\/wp-content\/uploads\/2024\/10\/\u5fae\u4fe1\u622a\u56fe_20241011102347-12x12.png 12w, https:\/\/wxplastmachine.com\/wp-content\/uploads\/2024\/10\/\u5fae\u4fe1\u622a\u56fe_20241011102347-600x600.png 600w, https:\/\/wxplastmachine.com\/wp-content\/uploads\/2024\/10\/\u5fae\u4fe1\u622a\u56fe_20241011102347-100x100.png 100w\" sizes=\"(max-width: 800px) 100vw, 800px\" \/><\/p>","protected":false},"excerpt":{"rendered":"<p>Our machine is available for\u00a0Stretch Film,Cling Film and Silage Film The grass can be packed and sealed by silage film. And it can keep it fresh for more than 3 years. The wrapping way of silage film is round bundle. At first, the machine will press the green plants tightly and make it cylindrically. And [&hellip;]<\/p>","protected":false},"featured_media":3412,"comment_status":"open","ping_status":"closed","template":"","meta":{"site-sidebar-layout":"default","site-content-layout":"","ast-site-content-layout":"default","site-content-style":"default","site-sidebar-style":"default","ast-global-header-display":"","ast-banner-title-visibility":"","ast-main-header-display":"","ast-hfb-above-header-display":"","ast-hfb-below-header-display":"","ast-hfb-mobile-header-display":"","site-post-title":"","ast-breadcrumbs-content":"","ast-featured-img":"","footer-sml-layout":"","theme-transparent-header-meta":"default","adv-header-id-meta":"","stick-header-meta":"","header-above-stick-meta":"","header-main-stick-meta":"","header-below-stick-meta":"","astra-migrate-meta-layouts":"set","ast-page-background-enabled":"default","ast-page-background-meta":{"desktop":{"background-color":"","background-image":"","background-repeat":"repeat","background-position":"center center","background-size":"auto","background-attachment":"scroll","background-type":"","background-media":"","overlay-type":"","overlay-color":"","overlay-gradient":""},"tablet":{"background-color":"","background-image":"","background-repeat":"repeat","background-position":"center center","background-size":"auto","background-attachment":"scroll","background-type":"","background-media":"","overlay-type":"","overlay-color":"","overlay-gradient":""},"mobile":{"background-color":"","background-image":"","background-repeat":"repeat","background-position":"center center","background-size":"auto","background-attachment":"scroll","background-type":"","background-media":"","overlay-type":"","overlay-color":"","overlay-gradient":""}},"ast-content-background-meta":{"desktop":{"background-color":"var(--ast-global-color-5)","background-image":"","background-repeat":"repeat","background-position":"center center","background-size":"auto","background-attachment":"scroll","background-type":"","background-media":"","overlay-type":"","overlay-color":"","overlay-gradient":""},"tablet":{"background-color":"var(--ast-global-color-5)","background-image":"","background-repeat":"repeat","background-position":"center center","background-size":"auto","background-attachment":"scroll","background-type":"","background-media":"","overlay-type":"","overlay-color":"","overlay-gradient":""},"mobile":{"background-color":"var(--ast-global-color-5)","background-image":"","background-repeat":"repeat","background-position":"center center","background-size":"auto","background-attachment":"scroll","background-type":"","background-media":"","overlay-type":"","overlay-color":"","overlay-gradient":""}}},"product_cat":[140],"product_tag":[],"jetpack_sharing_enabled":true,"_links":{"self":[{"href":"https:\/\/wxplastmachine.com\/tr\/wp-json\/wp\/v2\/product\/3410"}],"collection":[{"href":"https:\/\/wxplastmachine.com\/tr\/wp-json\/wp\/v2\/product"}],"about":[{"href":"https:\/\/wxplastmachine.com\/tr\/wp-json\/wp\/v2\/types\/product"}],"replies":[{"embeddable":true,"href":"https:\/\/wxplastmachine.com\/tr\/wp-json\/wp\/v2\/comments?post=3410"}],"wp:featuredmedia":[{"embeddable":true,"href":"https:\/\/wxplastmachine.com\/tr\/wp-json\/wp\/v2\/media\/3412"}],"wp:attachment":[{"href":"https:\/\/wxplastmachine.com\/tr\/wp-json\/wp\/v2\/media?parent=3410"}],"wp:term":[{"taxonomy":"product_cat","embeddable":true,"href":"https:\/\/wxplastmachine.com\/tr\/wp-json\/wp\/v2\/product_cat?post=3410"},{"taxonomy":"product_tag","embeddable":true,"href":"https:\/\/wxplastmachine.com\/tr\/wp-json\/wp\/v2\/product_tag?post=3410"}],"curies":[{"name":"wp","href":"https:\/\/api.w.org\/{rel}","templated":true}]}}