{"id":3413,"date":"2024-10-15T15:11:43","date_gmt":"2024-10-15T07:11:43","guid":{"rendered":"https:\/\/wxplastmachine.com\/?post_type=product&#038;p=3413"},"modified":"2024-10-15T15:11:43","modified_gmt":"2024-10-15T07:11:43","slug":"pvc-cling-film-fresh-keeping-film-clear-wrapping-film-extrusion-machine","status":"publish","type":"product","link":"https:\/\/wxplastmachine.com\/tr\/urun\/pvc-cling-film-fresh-keeping-film-clear-wrapping-film-extrusion-machine","title":{"rendered":"PVC Stre\u00e7 Film \/ Taze Tutma Filmi \/ \u015eeffaf Sarma Filmi Ekstr\u00fczyon Makinesi"},"content":{"rendered":"<p>Ana hammadde olarak polivinil klor\u00fcr (PVC), plastikle\u015ftirici, stabilizat\u00f6r, bu\u011fu \u00f6nleyici ajan, polimerizasyon reaksiyonu i\u00e7in bile\u015fen olarak soya fasulyesi ya\u011f\u0131 ile PVC Stre\u00e7 Film Makinesi, iyi \u015feffafl\u0131k, y\u00fcksek gerilme mukavemeti, kendinden yap\u0131\u015fkanl\u0131 PVC g\u0131da stre\u00e7 filmi \u00fcretebilir. \u00c7e\u015fitli hammaddeler, hassas bir PVC otomatik tart\u0131m y\u00fcksek ve d\u00fc\u015f\u00fck s\u0131cakl\u0131k kar\u0131\u015ft\u0131r\u0131c\u0131s\u0131nda orant\u0131l\u0131 olarak kar\u0131\u015ft\u0131r\u0131l\u0131r. Kar\u0131\u015ft\u0131rma i\u015fleminden sonra malzeme so\u011fuyacak ve ana motora girecektir. Ana makinede, namlu vidas\u0131 \u0131s\u0131t\u0131l\u0131r ve hammadde eritilir ve film kafas\u0131ndan y\u00fcksek kaliteli stre\u00e7 filmi ekstr\u00fcde etmek i\u00e7in plastikle\u015ftirilir.<\/p>\n<p><strong><b>\u00dcR\u00dcN \u00d6ZELLI\u0307KLERI\u0307<\/b><\/strong><\/p>\n<table>\n<tbody>\n<tr>\n<td width=\"31.1000%\">Model<\/td>\n<td width=\"22.0800%\">WX-1200mm<\/td>\n<td width=\"23.3800%\">WX-1600mm<\/td>\n<td width=\"23.3800%\">WX-1800mm<\/td>\n<\/tr>\n<tr>\n<td width=\"31.1000%\">Vida \u00c7ap\u0131<\/td>\n<td width=\"22.0800%\">90mm<\/td>\n<td width=\"23.3800%\">105 mm<\/td>\n<td width=\"23.3800%\">115 mm<\/td>\n<\/tr>\n<tr>\n<td width=\"31.1000%\">Vida L:D<\/td>\n<td width=\"22.0800%\">30:1<\/td>\n<td width=\"23.3800%\">30:1<\/td>\n<td width=\"23.3800%\">30:1<\/td>\n<\/tr>\n<tr>\n<td width=\"31.1000%\">Kal\u0131p Geni\u015fli\u011fi<\/td>\n<td width=\"22.0800%\">1700 mm<\/td>\n<td width=\"23.3800%\">2150mm<\/td>\n<td width=\"23.3800%\">2350mm<\/td>\n<\/tr>\n<tr>\n<td width=\"31.1000%\">Kal\u0131nl\u0131k<\/td>\n<td width=\"22.0800%\">0.009-0.05mm<\/td>\n<td width=\"23.3800%\">0.009-0.05mm<\/td>\n<td width=\"23.3800%\">0.009-0.05mm<\/td>\n<\/tr>\n<tr>\n<td width=\"31.1000%\">Film Katmanlar\u0131n\u0131n Yap\u0131s\u0131<\/td>\n<td width=\"22.0800%\">Tek Katman<\/td>\n<td width=\"23.3800%\">Tek Katman<\/td>\n<td width=\"23.3800%\">Tek Katman<\/td>\n<\/tr>\n<tr>\n<td width=\"31.1000%\">\u00c7ekme H\u0131z\u0131<\/td>\n<td width=\"22.0800%\">0-150m\/dak<\/td>\n<td width=\"23.3800%\">0-200m\/dak<\/td>\n<td width=\"23.3800%\">0-250m\/dak<\/td>\n<\/tr>\n<tr>\n<td width=\"31.1000%\">\u00c7\u0131kt\u0131<\/td>\n<td width=\"22.0800%\">130kg\/saat<\/td>\n<td width=\"23.3800%\">280kg\/saat<\/td>\n<td width=\"23.3800%\">350kg\/saat<\/td>\n<\/tr>\n<tr>\n<td width=\"31.1000%\">Toplam G\u00fc\u00e7<\/td>\n<td width=\"22.0800%\">250KW<\/td>\n<td width=\"23.3800%\">280KW<\/td>\n<td width=\"23.3800%\">300KW<\/td>\n<\/tr>\n<tr>\n<td width=\"31.1000%\">A\u011f\u0131rl\u0131k<\/td>\n<td width=\"22.0800%\">23000kg<\/td>\n<td width=\"23.3800%\">28000kg<\/td>\n<td width=\"23.3800%\">33000kg<\/td>\n<\/tr>\n<tr>\n<td width=\"31.1000%\">Boyut<\/td>\n<td width=\"22.0800%\">13000*8000*4800mm<\/td>\n<td width=\"23.3800%\">15000*10000*4800mm<\/td>\n<td width=\"23.3800%\">15000*10000*4800mm<\/td>\n<\/tr>\n<\/tbody>\n<\/table>","protected":false},"excerpt":{"rendered":"<p>With polyvinyl chloride(PVC) as the main raw material, plasticizer, stabilizer, anti-fogging agent, soybean oil as ingredients for polymerization reaction, PVC Cling Film Machine can manufacture good transparency, high tensile strength, self-adhesive PVC food cling film. Various raw materials are mixed in proportion in a precise PVC automatic weighing high and low temperature mixer. After mixing, [&hellip;]<\/p>","protected":false},"featured_media":3414,"comment_status":"open","ping_status":"closed","template":"","meta":{"site-sidebar-layout":"default","site-content-layout":"","ast-site-content-layout":"default","site-content-style":"default","site-sidebar-style":"default","ast-global-header-display":"","ast-banner-title-visibility":"","ast-main-header-display":"","ast-hfb-above-header-display":"","ast-hfb-below-header-display":"","ast-hfb-mobile-header-display":"","site-post-title":"","ast-breadcrumbs-content":"","ast-featured-img":"","footer-sml-layout":"","theme-transparent-header-meta":"default","adv-header-id-meta":"","stick-header-meta":"","header-above-stick-meta":"","header-main-stick-meta":"","header-below-stick-meta":"","astra-migrate-meta-layouts":"set","ast-page-background-enabled":"default","ast-page-background-meta":{"desktop":{"background-color":"","background-image":"","background-repeat":"repeat","background-position":"center center","background-size":"auto","background-attachment":"scroll","background-type":"","background-media":"","overlay-type":"","overlay-color":"","overlay-gradient":""},"tablet":{"background-color":"","background-image":"","background-repeat":"repeat","background-position":"center center","background-size":"auto","background-attachment":"scroll","background-type":"","background-media":"","overlay-type":"","overlay-color":"","overlay-gradient":""},"mobile":{"background-color":"","background-image":"","background-repeat":"repeat","background-position":"center center","background-size":"auto","background-attachment":"scroll","background-type":"","background-media":"","overlay-type":"","overlay-color":"","overlay-gradient":""}},"ast-content-background-meta":{"desktop":{"background-color":"var(--ast-global-color-5)","background-image":"","background-repeat":"repeat","background-position":"center center","background-size":"auto","background-attachment":"scroll","background-type":"","background-media":"","overlay-type":"","overlay-color":"","overlay-gradient":""},"tablet":{"background-color":"var(--ast-global-color-5)","background-image":"","background-repeat":"repeat","background-position":"center center","background-size":"auto","background-attachment":"scroll","background-type":"","background-media":"","overlay-type":"","overlay-color":"","overlay-gradient":""},"mobile":{"background-color":"var(--ast-global-color-5)","background-image":"","background-repeat":"repeat","background-position":"center center","background-size":"auto","background-attachment":"scroll","background-type":"","background-media":"","overlay-type":"","overlay-color":"","overlay-gradient":""}}},"product_cat":[141],"product_tag":[],"jetpack_sharing_enabled":true,"_links":{"self":[{"href":"https:\/\/wxplastmachine.com\/tr\/wp-json\/wp\/v2\/product\/3413"}],"collection":[{"href":"https:\/\/wxplastmachine.com\/tr\/wp-json\/wp\/v2\/product"}],"about":[{"href":"https:\/\/wxplastmachine.com\/tr\/wp-json\/wp\/v2\/types\/product"}],"replies":[{"embeddable":true,"href":"https:\/\/wxplastmachine.com\/tr\/wp-json\/wp\/v2\/comments?post=3413"}],"wp:featuredmedia":[{"embeddable":true,"href":"https:\/\/wxplastmachine.com\/tr\/wp-json\/wp\/v2\/media\/3414"}],"wp:attachment":[{"href":"https:\/\/wxplastmachine.com\/tr\/wp-json\/wp\/v2\/media?parent=3413"}],"wp:term":[{"taxonomy":"product_cat","embeddable":true,"href":"https:\/\/wxplastmachine.com\/tr\/wp-json\/wp\/v2\/product_cat?post=3413"},{"taxonomy":"product_tag","embeddable":true,"href":"https:\/\/wxplastmachine.com\/tr\/wp-json\/wp\/v2\/product_tag?post=3413"}],"curies":[{"name":"wp","href":"https:\/\/api.w.org\/{rel}","templated":true}]}}