{"id":3422,"date":"2024-10-15T16:32:22","date_gmt":"2024-10-15T08:32:22","guid":{"rendered":"https:\/\/wxplastmachine.com\/?post_type=product&#038;p=3422"},"modified":"2024-10-15T16:52:12","modified_gmt":"2024-10-15T08:52:12","slug":"full-automatic-cpp-multi-layer-cast-film-extrusion-machine-production-line","status":"publish","type":"product","link":"https:\/\/wxplastmachine.com\/tr\/urun\/full-automatic-cpp-multi-layer-cast-film-extrusion-machine-production-line","title":{"rendered":"Tam Otomatik CPP \u00c7ok Katmanl\u0131 D\u00f6kme Film Ekstr\u00fczyon Makinesi \u00dcretim Hatt\u0131"},"content":{"rendered":"<p><strong><b>\u00dcr\u00fcn Tan\u0131m\u0131:<\/b><\/strong><\/p>\n<table>\n<tbody>\n<tr>\n<td>Model<\/td>\n<td>Film otomatik paketleme hatt\u0131<\/td>\n<\/tr>\n<tr>\n<td>Malzeme<\/td>\n<td>\u00e7elik\/al\u00fcminyum\/plastik<\/td>\n<\/tr>\n<tr>\n<td rowspan=\"6\">\u00d6zellik<\/td>\n<td>1. ekipman verimli ve g\u00fcvenli<\/td>\n<\/tr>\n<tr>\n<td>2. Servo motor kontrol\u00fc kullan\u0131n, her eylemin y\u00fcksek hassasiyetli kontrol\u00fc<\/td>\n<\/tr>\n<tr>\n<td>3. otomatik \u00e7ap ve uzunluk alg\u0131lama, otomatik tart\u0131m, otomatik etiketleme fonksiyonu ile donat\u0131lm\u0131\u015ft\u0131r<\/td>\n<\/tr>\n<tr>\n<td>4. Operasyon basittir, t\u00fcm hatt\u0131n \u00e7al\u0131\u015fmas\u0131 i\u00e7in sadece 1-2 ki\u015fiye ihtiya\u00e7 vard\u0131r<\/td>\n<\/tr>\n<tr>\n<td>5. 1 ruloyu 18 saniye i\u00e7inde bo\u015faltan y\u00fcksek h\u0131z.<\/td>\n<\/tr>\n<tr>\n<td>6. \u00d6n u\u00e7 kesme ve arka u\u00e7 ta\u015f\u0131ma ekipmanlar\u0131 ile kesintisiz ba\u011flant\u0131<\/td>\n<\/tr>\n<\/tbody>\n<\/table>\n<p><strong><b>Teknik Parametreler:<\/b><\/strong><\/p>\n<table>\n<tbody>\n<tr>\n<td width=\"38.4000%\">Model<\/td>\n<td width=\"30.7800%\">WX-2200mm tam otomatik<\/td>\n<td width=\"30.7800%\">WX-3500mm tam otomatik<\/td>\n<\/tr>\n<tr>\n<td width=\"38.4000%\">Vida \u00c7ap\u0131<\/td>\n<td width=\"30.7800%\">90mm\/135mm\/90mm<\/td>\n<td width=\"30.7800%\">100mm\/180mm\/100mm<\/td>\n<\/tr>\n<tr>\n<td width=\"38.4000%\">Vida L:D<\/td>\n<td width=\"30.7800%\">35:1\/35:1\/35:1<\/td>\n<td width=\"30.7800%\">35:1\/35:1\/35:1<\/td>\n<\/tr>\n<tr>\n<td width=\"38.4000%\">\u00dcr\u00fcn Geni\u015fli\u011fi<\/td>\n<td width=\"30.7800%\">2200 mm<\/td>\n<td width=\"30.7800%\">3500 mm<\/td>\n<\/tr>\n<tr>\n<td width=\"38.4000%\">Makinelerin Do\u011frusal H\u0131z\u0131<\/td>\n<td width=\"30.7800%\">250m\/dak<\/td>\n<td width=\"30.7800%\">250m\/dak<\/td>\n<\/tr>\n<tr>\n<td width=\"38.4000%\">Film Katmanlar\u0131n\u0131n Yap\u0131s\u0131<\/td>\n<td width=\"30.7800%\">A\/B\/C<\/td>\n<td width=\"30.7800%\">A\/B\/C<\/td>\n<\/tr>\n<tr>\n<td width=\"38.4000%\">\u00dcretim Kal\u0131nl\u0131\u011f\u0131<\/td>\n<td width=\"30.7800%\">0,02-0,1 mm<\/td>\n<td width=\"30.7800%\">0,02-0,1 mm<\/td>\n<\/tr>\n<tr>\n<td width=\"38.4000%\">Boyut<\/td>\n<td width=\"30.7800%\">20000*5000*5000mm<\/td>\n<td width=\"30.7800%\">20000*6000*5500mm<\/td>\n<\/tr>\n<\/tbody>\n<\/table>\n<p><img fetchpriority=\"high\" decoding=\"async\" class=\"alignnone size-full wp-image-3434\" src=\"https:\/\/wxplastmachine.com\/wp-content\/uploads\/2024\/10\/\u5fae\u4fe1\u622a\u56fe_20241012105352.jpg\" alt=\"\" width=\"1248\" height=\"350\" srcset=\"https:\/\/wxplastmachine.com\/wp-content\/uploads\/2024\/10\/\u5fae\u4fe1\u622a\u56fe_20241012105352.jpg 1248w, https:\/\/wxplastmachine.com\/wp-content\/uploads\/2024\/10\/\u5fae\u4fe1\u622a\u56fe_20241012105352-300x84.jpg 300w, https:\/\/wxplastmachine.com\/wp-content\/uploads\/2024\/10\/\u5fae\u4fe1\u622a\u56fe_20241012105352-1024x287.jpg 1024w, https:\/\/wxplastmachine.com\/wp-content\/uploads\/2024\/10\/\u5fae\u4fe1\u622a\u56fe_20241012105352-768x215.jpg 768w, https:\/\/wxplastmachine.com\/wp-content\/uploads\/2024\/10\/\u5fae\u4fe1\u622a\u56fe_20241012105352-18x5.jpg 18w, https:\/\/wxplastmachine.com\/wp-content\/uploads\/2024\/10\/\u5fae\u4fe1\u622a\u56fe_20241012105352-600x168.jpg 600w\" sizes=\"(max-width: 1248px) 100vw, 1248px\" \/><\/p>","protected":false},"excerpt":{"rendered":"<p>Product Discription: Model Film automatic packaging line Material steel\/aluminium\/plastics Feature 1. equipment efficient and safe 2. use servo motor control, high precision control of each action 3. equipped with automatic diameter and length detection, automatic weighing, automatic labeling function 4. operation is simple, the whole line only needs 1-2 people to operate 5. high speed [&hellip;]<\/p>","protected":false},"featured_media":3431,"comment_status":"open","ping_status":"closed","template":"","meta":{"site-sidebar-layout":"default","site-content-layout":"","ast-site-content-layout":"default","site-content-style":"default","site-sidebar-style":"default","ast-global-header-display":"","ast-banner-title-visibility":"","ast-main-header-display":"","ast-hfb-above-header-display":"","ast-hfb-below-header-display":"","ast-hfb-mobile-header-display":"","site-post-title":"","ast-breadcrumbs-content":"","ast-featured-img":"","footer-sml-layout":"","theme-transparent-header-meta":"default","adv-header-id-meta":"","stick-header-meta":"","header-above-stick-meta":"","header-main-stick-meta":"","header-below-stick-meta":"","astra-migrate-meta-layouts":"set","ast-page-background-enabled":"default","ast-page-background-meta":{"desktop":{"background-color":"","background-image":"","background-repeat":"repeat","background-position":"center center","background-size":"auto","background-attachment":"scroll","background-type":"","background-media":"","overlay-type":"","overlay-color":"","overlay-gradient":""},"tablet":{"background-color":"","background-image":"","background-repeat":"repeat","background-position":"center center","background-size":"auto","background-attachment":"scroll","background-type":"","background-media":"","overlay-type":"","overlay-color":"","overlay-gradient":""},"mobile":{"background-color":"","background-image":"","background-repeat":"repeat","background-position":"center center","background-size":"auto","background-attachment":"scroll","background-type":"","background-media":"","overlay-type":"","overlay-color":"","overlay-gradient":""}},"ast-content-background-meta":{"desktop":{"background-color":"var(--ast-global-color-5)","background-image":"","background-repeat":"repeat","background-position":"center center","background-size":"auto","background-attachment":"scroll","background-type":"","background-media":"","overlay-type":"","overlay-color":"","overlay-gradient":""},"tablet":{"background-color":"var(--ast-global-color-5)","background-image":"","background-repeat":"repeat","background-position":"center center","background-size":"auto","background-attachment":"scroll","background-type":"","background-media":"","overlay-type":"","overlay-color":"","overlay-gradient":""},"mobile":{"background-color":"var(--ast-global-color-5)","background-image":"","background-repeat":"repeat","background-position":"center center","background-size":"auto","background-attachment":"scroll","background-type":"","background-media":"","overlay-type":"","overlay-color":"","overlay-gradient":""}}},"product_cat":[142],"product_tag":[],"jetpack_sharing_enabled":true,"_links":{"self":[{"href":"https:\/\/wxplastmachine.com\/tr\/wp-json\/wp\/v2\/product\/3422"}],"collection":[{"href":"https:\/\/wxplastmachine.com\/tr\/wp-json\/wp\/v2\/product"}],"about":[{"href":"https:\/\/wxplastmachine.com\/tr\/wp-json\/wp\/v2\/types\/product"}],"replies":[{"embeddable":true,"href":"https:\/\/wxplastmachine.com\/tr\/wp-json\/wp\/v2\/comments?post=3422"}],"wp:featuredmedia":[{"embeddable":true,"href":"https:\/\/wxplastmachine.com\/tr\/wp-json\/wp\/v2\/media\/3431"}],"wp:attachment":[{"href":"https:\/\/wxplastmachine.com\/tr\/wp-json\/wp\/v2\/media?parent=3422"}],"wp:term":[{"taxonomy":"product_cat","embeddable":true,"href":"https:\/\/wxplastmachine.com\/tr\/wp-json\/wp\/v2\/product_cat?post=3422"},{"taxonomy":"product_tag","embeddable":true,"href":"https:\/\/wxplastmachine.com\/tr\/wp-json\/wp\/v2\/product_tag?post=3422"}],"curies":[{"name":"wp","href":"https:\/\/api.w.org\/{rel}","templated":true}]}}