{"id":3435,"date":"2024-10-15T16:51:20","date_gmt":"2024-10-15T08:51:20","guid":{"rendered":"https:\/\/wxplastmachine.com\/?post_type=product&#038;p=3435"},"modified":"2024-10-15T16:51:20","modified_gmt":"2024-10-15T08:51:20","slug":"automatic-plastic-pe-air-bubble-film-machine-air-bubble-roll-wrapping-packaging-machine","status":"publish","type":"product","link":"https:\/\/wxplastmachine.com\/tr\/urun\/automatic-plastic-pe-air-bubble-film-machine-air-bubble-roll-wrapping-packaging-machine","title":{"rendered":"Otomatik Plastik PE Hava Kabarc\u0131\u011f\u0131 Film Makinesi Hava Kabarc\u0131\u011f\u0131 Rulo Sarma Paketleme Makinesi"},"content":{"rendered":"<p><strong><b>\u00dcr\u00fcn A\u00e7\u0131klamas\u0131<\/b><\/strong><strong><b>:<\/b><\/strong><\/p>\n<p>Bu makine, posta paketi ambalaj\u0131, hassas alet ambalaj\u0131, mobilya ambalaj\u0131 gibi yayg\u0131n olarak kullan\u0131lan hava kabarc\u0131\u011f\u0131 filmi \uff08Polietilen hava yast\u0131\u011f\u0131 filmi\uff09 \u00fcretmek i\u00e7in LDPE, LLDPE gran\u00fcl malzeme kullan\u0131r.<\/p>\n<p>Bu makine ekstr\u00fcder, hava kabarc\u0131\u011f\u0131 \u015fekillendirme cihaz\u0131, perforasyon cihaz\u0131, sarma cihaz\u0131, kabin kontrol sisteminden olu\u015fur.<\/p>\n<p><strong><b>\u00dcr\u00fcn \u00d6zellikleri:<\/b><\/strong><\/p>\n<table>\n<tbody>\n<tr>\n<td width=\"1.4800%\">1<\/td>\n<td width=\"98.5000%\">G\u00fc\u00e7l\u00fc \u015fok direncine ve g\u00fcvenilirli\u011fe sahiptir.<\/td>\n<\/tr>\n<tr>\n<td width=\"1.4800%\">2<\/td>\n<td width=\"98.5000%\">D\u00fc\u015f\u00fck yo\u011funluklu polietilen (LDPE), do\u011frusal d\u00fc\u015f\u00fck yo\u011funluklu polietilen (LLDPE) dahil olmak \u00fczere \u00e7e\u015fitli malzemeler i\u00e7in uygundur.<\/td>\n<\/tr>\n<tr>\n<td width=\"1.4800%\">3<\/td>\n<td width=\"98.5000%\">\u00c7e\u015fitli kabarc\u0131k boyutu ve \u00e7e\u015fitli filmler \u00fcretebilir, 6mm, 8mm, 10mm, 20mm, 25mm. arac\u0131l\u0131\u011f\u0131yla Kabarc\u0131k rulosunu de\u011fi\u015ftirin.<\/td>\n<\/tr>\n<tr>\n<td width=\"1.4800%\">4<\/td>\n<td width=\"98.5000%\">Kompozit film, k\u00f6p\u00fck PE film, al\u00fcminize ka\u011f\u0131t i\u00e7in \u00f6zelle\u015ftirilebilir.<\/td>\n<\/tr>\n<tr>\n<td width=\"1.4800%\">5<\/td>\n<td width=\"98.5000%\">Bilgisayar kullan\u0131m\u0131 \u00e7ok kolayd\u0131r<\/td>\n<\/tr>\n<tr>\n<td width=\"1.4800%\">6<\/td>\n<td width=\"98.5000%\">G\u00fc\u00e7lendirme ve hava so\u011futma i\u015flevi, \u00fcretim verimlili\u011fini b\u00fcy\u00fck \u00f6l\u00e7\u00fcde art\u0131r\u0131r. Kabarc\u0131k filmini daha \u015feffaf ve \u00fc\u00e7 boyutlu hale getirin.<\/td>\n<\/tr>\n<tr>\n<td width=\"1.4800%\">7<\/td>\n<td width=\"98.5000%\">Frekans kontrol\u00fc enerji t\u00fcketimini b\u00fcy\u00fck \u00f6l\u00e7\u00fcde azaltabilir.<\/td>\n<\/tr>\n<tr>\n<td width=\"1.4800%\">8<\/td>\n<td width=\"98.5000%\">Do\u011frusal h\u0131z 1000 m \/ saate ula\u015fabilir.<\/td>\n<\/tr>\n<\/tbody>\n<\/table>\n<p>M\u00fc\u015fterilerin ihtiyac\u0131na g\u00f6re iki \/ \u00fc\u00e7 \/ d\u00f6rt \/ be\u015f \/ yedi kat hava kabarc\u0131\u011f\u0131 film makinesi ve torba yapma makinesi \u00fcretmek i\u00e7in!<\/p>\n<p><strong><b>\u0130ki katmanl\u0131 hava kabarc\u0131\u011f\u0131 film makinesi parametreleri:<\/b><\/strong><\/p>\n<table>\n<tbody>\n<tr>\n<td width=\"173\">Comlete film geni\u015fli\u011fi (mm)<\/td>\n<td width=\"72\">1200<\/td>\n<td width=\"92\">1600<\/td>\n<td width=\"102\">2000<\/td>\n<td width=\"113\">2600<\/td>\n<\/tr>\n<tr>\n<td width=\"173\">Model numaras\u0131<\/td>\n<td width=\"72\">WX-L2S1- W1200<\/td>\n<td width=\"92\">WX-L2S1- W1600<\/td>\n<td width=\"102\">WX-L2S1- W2000<\/td>\n<td width=\"113\">WX-L2S1- W2600<\/td>\n<\/tr>\n<tr>\n<td width=\"173\">Malzeme<\/td>\n<td width=\"72\">LDPE\/LLDPE<\/td>\n<td width=\"92\">LDPE\/LLDPE<\/td>\n<td width=\"102\">LDPE\/LLDPE<\/td>\n<td width=\"113\">LDPE\/LLDPE<\/td>\n<\/tr>\n<tr>\n<td width=\"173\">Hat h\u0131z\u0131 (m\/saat)<\/td>\n<td width=\"72\">600-2100<\/td>\n<td width=\"92\">600-2100<\/td>\n<td width=\"102\">600-2100<\/td>\n<td width=\"113\">600-2100<\/td>\n<\/tr>\n<tr>\n<td width=\"173\">Kapasite (kg\/saat)<\/td>\n<td width=\"72\">50-70<\/td>\n<td width=\"92\">60-80<\/td>\n<td width=\"102\">70-95<\/td>\n<td width=\"113\">90-130<\/td>\n<\/tr>\n<tr>\n<td width=\"173\">Kal\u0131nl\u0131k (g\/m\u00b2)<\/td>\n<td width=\"72\">25-300<\/td>\n<td width=\"92\">25-300<\/td>\n<td width=\"102\">28-300<\/td>\n<td width=\"113\">30-300<\/td>\n<\/tr>\n<tr>\n<td width=\"173\">Ana vida \u00e7ap\u0131 (mm)<\/td>\n<td width=\"72\">\u03a675<\/td>\n<td width=\"92\">\u03a675<\/td>\n<td width=\"102\">\u03a685<\/td>\n<td width=\"113\">\u03a690<\/td>\n<\/tr>\n<tr>\n<td width=\"173\">Is\u0131tma g\u00fcc\u00fc (kw)<\/td>\n<td width=\"72\">37<\/td>\n<td width=\"92\">48<\/td>\n<td width=\"102\">60<\/td>\n<td width=\"113\">68<\/td>\n<\/tr>\n<tr>\n<td width=\"173\">\u00c7al\u0131\u015fma (kw)<\/td>\n<td width=\"72\">25<\/td>\n<td width=\"92\">34<\/td>\n<td width=\"102\">38<\/td>\n<td width=\"113\">50<\/td>\n<\/tr>\n<\/tbody>\n<\/table>\n<p><strong><b>Be\u015f katmanl\u0131 hava kabarc\u0131\u011f\u0131 film makinesi parametreleri:<\/b><\/strong><\/p>\n<table>\n<tbody>\n<tr>\n<td width=\"27.8800%\">Kabarc\u0131k film geni\u015fli\u011fi (mm)<\/td>\n<td width=\"18.0200%\">1200<\/td>\n<td width=\"18.0200%\">1600<\/td>\n<td width=\"18.0200%\">2000<\/td>\n<td width=\"18.0200%\">2600<\/td>\n<\/tr>\n<tr>\n<td width=\"27.8800%\">Model numaras\u0131<\/td>\n<td width=\"18.0200%\">WX-L5-S2- W1200<\/td>\n<td width=\"18.0200%\">WX-L5-S2- W1600<\/td>\n<td width=\"18.0200%\">WX-L5-S2- W2000<\/td>\n<td width=\"18.0200%\">WX-L5-S2- W2600<\/td>\n<\/tr>\n<tr>\n<td width=\"27.8800%\">Malzeme<\/td>\n<td width=\"18.0200%\">LDPE\/LLDPE<\/td>\n<td width=\"18.0200%\">LDPE\/LLDPE<\/td>\n<td width=\"18.0200%\">LDPE\/LLDPE<\/td>\n<td width=\"18.0200%\">LDPE\/LLDPE<\/td>\n<\/tr>\n<tr>\n<td width=\"27.8800%\">Hat h\u0131z\u0131 (m\/saat)<\/td>\n<td width=\"18.0200%\">600-2100<\/td>\n<td width=\"18.0200%\">600-2100<\/td>\n<td width=\"18.0200%\">600-2100<\/td>\n<td width=\"18.0200%\">600-2100<\/td>\n<\/tr>\n<tr>\n<td width=\"27.8800%\">Kapasite (kg\/saat)<\/td>\n<td width=\"18.0200%\">80-100<\/td>\n<td width=\"18.0200%\">100-140<\/td>\n<td width=\"18.0200%\">110-158<\/td>\n<td width=\"18.0200%\">120-180<\/td>\n<\/tr>\n<tr>\n<td width=\"27.8800%\">Kal\u0131nl\u0131k (g\/m\u00b2)<\/td>\n<td width=\"18.0200%\">38-300<\/td>\n<td width=\"18.0200%\">38-300<\/td>\n<td width=\"18.0200%\">40-300<\/td>\n<td width=\"18.0200%\">45-300<\/td>\n<\/tr>\n<tr>\n<td width=\"27.8800%\">Ana vida \u00e7ap\u0131 (mm)<\/td>\n<td width=\"18.0200%\">\u03a675<\/td>\n<td width=\"18.0200%\">\u03a675<\/td>\n<td width=\"18.0200%\">\u03a680<\/td>\n<td width=\"18.0200%\">\u03a690<\/td>\n<\/tr>\n<tr>\n<td width=\"27.8800%\">Alt vida \u00e7ap\u0131 (mm)<\/td>\n<td width=\"18.0200%\">\u03a650<\/td>\n<td width=\"18.0200%\">\u03a650<\/td>\n<td width=\"18.0200%\">\u03a665<\/td>\n<td width=\"18.0200%\">\u03a675<\/td>\n<\/tr>\n<tr>\n<td width=\"27.8800%\">Is\u0131tma g\u00fcc\u00fc (kw)<\/td>\n<td width=\"18.0200%\">72<\/td>\n<td width=\"18.0200%\">88<\/td>\n<td width=\"18.0200%\">110<\/td>\n<td width=\"18.0200%\">130<\/td>\n<\/tr>\n<tr>\n<td width=\"27.8800%\">\u00c7al\u0131\u015fma (kw)<\/td>\n<td width=\"18.0200%\">36<\/td>\n<td width=\"18.0200%\">44<\/td>\n<td width=\"18.0200%\">55<\/td>\n<td width=\"18.0200%\">69<\/td>\n<\/tr>\n<tr>\n<td width=\"27.8800%\">Kurulum g\u00fcc\u00fc (kw)<\/td>\n<td width=\"18.0200%\">100<\/td>\n<td width=\"18.0200%\">136<\/td>\n<td width=\"18.0200%\">159<\/td>\n<td width=\"18.0200%\">202<\/td>\n<\/tr>\n<tr>\n<td width=\"27.8800%\">BoyutL\u00d7W\u00d7H(m)<\/td>\n<td width=\"18.0200%\">10\u00d75.0\u00d72.5<\/td>\n<td width=\"18.0200%\">10\u00d76.0\u00d72.5<\/td>\n<td width=\"18.0200%\">11\u00d76.5\u00d72.5<\/td>\n<td width=\"18.0200%\">12\u00d77.5\u00d72.5<\/td>\n<\/tr>\n<tr>\n<td width=\"27.8800%\">A\u011f\u0131rl\u0131k (kg)<\/td>\n<td width=\"18.0200%\">6000<\/td>\n<td width=\"18.0200%\">6500<\/td>\n<td width=\"18.0200%\">7500<\/td>\n<td width=\"18.0200%\">8500<\/td>\n<\/tr>\n<\/tbody>\n<\/table>\n<p>&nbsp;<\/p>\n<p><img fetchpriority=\"high\" decoding=\"async\" class=\"alignnone size-full wp-image-3447\" src=\"https:\/\/wxplastmachine.com\/wp-content\/uploads\/2024\/10\/\u5fae\u4fe1\u622a\u56fe_20241014103032.png\" alt=\"\" width=\"800\" height=\"800\" srcset=\"https:\/\/wxplastmachine.com\/wp-content\/uploads\/2024\/10\/\u5fae\u4fe1\u622a\u56fe_20241014103032.png 800w, https:\/\/wxplastmachine.com\/wp-content\/uploads\/2024\/10\/\u5fae\u4fe1\u622a\u56fe_20241014103032-300x300.png 300w, https:\/\/wxplastmachine.com\/wp-content\/uploads\/2024\/10\/\u5fae\u4fe1\u622a\u56fe_20241014103032-150x150.png 150w, https:\/\/wxplastmachine.com\/wp-content\/uploads\/2024\/10\/\u5fae\u4fe1\u622a\u56fe_20241014103032-768x768.png 768w, https:\/\/wxplastmachine.com\/wp-content\/uploads\/2024\/10\/\u5fae\u4fe1\u622a\u56fe_20241014103032-12x12.png 12w, https:\/\/wxplastmachine.com\/wp-content\/uploads\/2024\/10\/\u5fae\u4fe1\u622a\u56fe_20241014103032-600x600.png 600w, https:\/\/wxplastmachine.com\/wp-content\/uploads\/2024\/10\/\u5fae\u4fe1\u622a\u56fe_20241014103032-100x100.png 100w\" sizes=\"(max-width: 800px) 100vw, 800px\" \/> <img decoding=\"async\" class=\"alignnone size-full wp-image-3445\" src=\"https:\/\/wxplastmachine.com\/wp-content\/uploads\/2024\/10\/\u5fae\u4fe1\u622a\u56fe_20241014100356.png\" alt=\"\" width=\"800\" height=\"800\" srcset=\"https:\/\/wxplastmachine.com\/wp-content\/uploads\/2024\/10\/\u5fae\u4fe1\u622a\u56fe_20241014100356.png 800w, https:\/\/wxplastmachine.com\/wp-content\/uploads\/2024\/10\/\u5fae\u4fe1\u622a\u56fe_20241014100356-300x300.png 300w, https:\/\/wxplastmachine.com\/wp-content\/uploads\/2024\/10\/\u5fae\u4fe1\u622a\u56fe_20241014100356-150x150.png 150w, https:\/\/wxplastmachine.com\/wp-content\/uploads\/2024\/10\/\u5fae\u4fe1\u622a\u56fe_20241014100356-768x768.png 768w, https:\/\/wxplastmachine.com\/wp-content\/uploads\/2024\/10\/\u5fae\u4fe1\u622a\u56fe_20241014100356-12x12.png 12w, https:\/\/wxplastmachine.com\/wp-content\/uploads\/2024\/10\/\u5fae\u4fe1\u622a\u56fe_20241014100356-600x600.png 600w, https:\/\/wxplastmachine.com\/wp-content\/uploads\/2024\/10\/\u5fae\u4fe1\u622a\u56fe_20241014100356-100x100.png 100w\" sizes=\"(max-width: 800px) 100vw, 800px\" \/> <img decoding=\"async\" class=\"alignnone size-full wp-image-3446\" src=\"https:\/\/wxplastmachine.com\/wp-content\/uploads\/2024\/10\/\u5fae\u4fe1\u622a\u56fe_20241014100420.png\" alt=\"\" width=\"800\" height=\"800\" srcset=\"https:\/\/wxplastmachine.com\/wp-content\/uploads\/2024\/10\/\u5fae\u4fe1\u622a\u56fe_20241014100420.png 800w, https:\/\/wxplastmachine.com\/wp-content\/uploads\/2024\/10\/\u5fae\u4fe1\u622a\u56fe_20241014100420-300x300.png 300w, https:\/\/wxplastmachine.com\/wp-content\/uploads\/2024\/10\/\u5fae\u4fe1\u622a\u56fe_20241014100420-150x150.png 150w, https:\/\/wxplastmachine.com\/wp-content\/uploads\/2024\/10\/\u5fae\u4fe1\u622a\u56fe_20241014100420-768x768.png 768w, https:\/\/wxplastmachine.com\/wp-content\/uploads\/2024\/10\/\u5fae\u4fe1\u622a\u56fe_20241014100420-12x12.png 12w, https:\/\/wxplastmachine.com\/wp-content\/uploads\/2024\/10\/\u5fae\u4fe1\u622a\u56fe_20241014100420-600x600.png 600w, https:\/\/wxplastmachine.com\/wp-content\/uploads\/2024\/10\/\u5fae\u4fe1\u622a\u56fe_20241014100420-100x100.png 100w\" sizes=\"(max-width: 800px) 100vw, 800px\" \/> <img loading=\"lazy\" decoding=\"async\" class=\"alignnone size-full wp-image-3448\" src=\"https:\/\/wxplastmachine.com\/wp-content\/uploads\/2024\/10\/\u5fae\u4fe1\u622a\u56fe_20241014103555.png\" alt=\"\" width=\"800\" height=\"800\" srcset=\"https:\/\/wxplastmachine.com\/wp-content\/uploads\/2024\/10\/\u5fae\u4fe1\u622a\u56fe_20241014103555.png 800w, https:\/\/wxplastmachine.com\/wp-content\/uploads\/2024\/10\/\u5fae\u4fe1\u622a\u56fe_20241014103555-300x300.png 300w, https:\/\/wxplastmachine.com\/wp-content\/uploads\/2024\/10\/\u5fae\u4fe1\u622a\u56fe_20241014103555-150x150.png 150w, https:\/\/wxplastmachine.com\/wp-content\/uploads\/2024\/10\/\u5fae\u4fe1\u622a\u56fe_20241014103555-768x768.png 768w, https:\/\/wxplastmachine.com\/wp-content\/uploads\/2024\/10\/\u5fae\u4fe1\u622a\u56fe_20241014103555-12x12.png 12w, https:\/\/wxplastmachine.com\/wp-content\/uploads\/2024\/10\/\u5fae\u4fe1\u622a\u56fe_20241014103555-600x600.png 600w, https:\/\/wxplastmachine.com\/wp-content\/uploads\/2024\/10\/\u5fae\u4fe1\u622a\u56fe_20241014103555-100x100.png 100w\" sizes=\"(max-width: 800px) 100vw, 800px\" \/> <img loading=\"lazy\" decoding=\"async\" class=\"alignnone size-full wp-image-3449\" src=\"https:\/\/wxplastmachine.com\/wp-content\/uploads\/2024\/10\/\u5fae\u4fe1\u622a\u56fe_20241014103914.png\" alt=\"\" width=\"800\" height=\"800\" srcset=\"https:\/\/wxplastmachine.com\/wp-content\/uploads\/2024\/10\/\u5fae\u4fe1\u622a\u56fe_20241014103914.png 800w, https:\/\/wxplastmachine.com\/wp-content\/uploads\/2024\/10\/\u5fae\u4fe1\u622a\u56fe_20241014103914-300x300.png 300w, https:\/\/wxplastmachine.com\/wp-content\/uploads\/2024\/10\/\u5fae\u4fe1\u622a\u56fe_20241014103914-150x150.png 150w, https:\/\/wxplastmachine.com\/wp-content\/uploads\/2024\/10\/\u5fae\u4fe1\u622a\u56fe_20241014103914-768x768.png 768w, https:\/\/wxplastmachine.com\/wp-content\/uploads\/2024\/10\/\u5fae\u4fe1\u622a\u56fe_20241014103914-12x12.png 12w, https:\/\/wxplastmachine.com\/wp-content\/uploads\/2024\/10\/\u5fae\u4fe1\u622a\u56fe_20241014103914-600x600.png 600w, https:\/\/wxplastmachine.com\/wp-content\/uploads\/2024\/10\/\u5fae\u4fe1\u622a\u56fe_20241014103914-100x100.png 100w\" sizes=\"(max-width: 800px) 100vw, 800px\" \/><\/p>","protected":false},"excerpt":{"rendered":"<p>Product Description: This machine uses LDPE, LLDPE granule material to produce air bubble film\u00a0\uff08Polyethylene air cushion film\u00a0\uff09, which widely used as post parcel packing, precise instruments packing, furniture packing erc. This machine is composed of extruder, air bubble forming device, perforation device, winding device, cabinet control system. Product Features: 1 It has strong shock resistance [&hellip;]<\/p>","protected":false},"featured_media":3437,"comment_status":"open","ping_status":"closed","template":"","meta":{"site-sidebar-layout":"default","site-content-layout":"","ast-site-content-layout":"default","site-content-style":"default","site-sidebar-style":"default","ast-global-header-display":"","ast-banner-title-visibility":"","ast-main-header-display":"","ast-hfb-above-header-display":"","ast-hfb-below-header-display":"","ast-hfb-mobile-header-display":"","site-post-title":"","ast-breadcrumbs-content":"","ast-featured-img":"","footer-sml-layout":"","theme-transparent-header-meta":"default","adv-header-id-meta":"","stick-header-meta":"","header-above-stick-meta":"","header-main-stick-meta":"","header-below-stick-meta":"","astra-migrate-meta-layouts":"set","ast-page-background-enabled":"default","ast-page-background-meta":{"desktop":{"background-color":"","background-image":"","background-repeat":"repeat","background-position":"center center","background-size":"auto","background-attachment":"scroll","background-type":"","background-media":"","overlay-type":"","overlay-color":"","overlay-gradient":""},"tablet":{"background-color":"","background-image":"","background-repeat":"repeat","background-position":"center center","background-size":"auto","background-attachment":"scroll","background-type":"","background-media":"","overlay-type":"","overlay-color":"","overlay-gradient":""},"mobile":{"background-color":"","background-image":"","background-repeat":"repeat","background-position":"center center","background-size":"auto","background-attachment":"scroll","background-type":"","background-media":"","overlay-type":"","overlay-color":"","overlay-gradient":""}},"ast-content-background-meta":{"desktop":{"background-color":"var(--ast-global-color-5)","background-image":"","background-repeat":"repeat","background-position":"center center","background-size":"auto","background-attachment":"scroll","background-type":"","background-media":"","overlay-type":"","overlay-color":"","overlay-gradient":""},"tablet":{"background-color":"var(--ast-global-color-5)","background-image":"","background-repeat":"repeat","background-position":"center center","background-size":"auto","background-attachment":"scroll","background-type":"","background-media":"","overlay-type":"","overlay-color":"","overlay-gradient":""},"mobile":{"background-color":"var(--ast-global-color-5)","background-image":"","background-repeat":"repeat","background-position":"center center","background-size":"auto","background-attachment":"scroll","background-type":"","background-media":"","overlay-type":"","overlay-color":"","overlay-gradient":""}}},"product_cat":[143],"product_tag":[],"jetpack_sharing_enabled":true,"_links":{"self":[{"href":"https:\/\/wxplastmachine.com\/tr\/wp-json\/wp\/v2\/product\/3435"}],"collection":[{"href":"https:\/\/wxplastmachine.com\/tr\/wp-json\/wp\/v2\/product"}],"about":[{"href":"https:\/\/wxplastmachine.com\/tr\/wp-json\/wp\/v2\/types\/product"}],"replies":[{"embeddable":true,"href":"https:\/\/wxplastmachine.com\/tr\/wp-json\/wp\/v2\/comments?post=3435"}],"wp:featuredmedia":[{"embeddable":true,"href":"https:\/\/wxplastmachine.com\/tr\/wp-json\/wp\/v2\/media\/3437"}],"wp:attachment":[{"href":"https:\/\/wxplastmachine.com\/tr\/wp-json\/wp\/v2\/media?parent=3435"}],"wp:term":[{"taxonomy":"product_cat","embeddable":true,"href":"https:\/\/wxplastmachine.com\/tr\/wp-json\/wp\/v2\/product_cat?post=3435"},{"taxonomy":"product_tag","embeddable":true,"href":"https:\/\/wxplastmachine.com\/tr\/wp-json\/wp\/v2\/product_tag?post=3435"}],"curies":[{"name":"wp","href":"https:\/\/api.w.org\/{rel}","templated":true}]}}