{"id":3450,"date":"2024-10-16T09:53:14","date_gmt":"2024-10-16T01:53:14","guid":{"rendered":"https:\/\/wxplastmachine.com\/?post_type=product&#038;p=3450"},"modified":"2024-10-16T10:05:52","modified_gmt":"2024-10-16T02:05:52","slug":"6-shuttle-circular-loom-pp-woven-sack-making-machine","status":"publish","type":"product","link":"https:\/\/wxplastmachine.com\/tr\/urun\/6-shuttle-circular-loom-pp-woven-sack-making-machine","title":{"rendered":"6 mekikli dairesel dokuma tezgah\u0131 PP dokuma \u00e7uval yapma makinesi"},"content":{"rendered":"<p>Bu d\u00f6rt mekikli yuvarlak dokuma tezgah\u0131 serisi, PP \/ PE d\u00fcz ipli\u011fin rulo halinde kuma\u015f olarak dokunmas\u0131 i\u00e7in kullan\u0131l\u0131r, farkl\u0131 kalitede d\u00fcz iplik hatta tamamen geri d\u00f6n\u00fc\u015ft\u00fcr\u00fclm\u00fc\u015f malzeme dokuyabilir. Makul tasar\u0131m, uygun yap\u0131, kolay kullan\u0131m, uygun bak\u0131m, d\u00fc\u015f\u00fck g\u00fc\u00e7 t\u00fcketimi ve y\u00fcksek verimlilik vb.<br \/>\n\u2605 \u00c7\u00f6zg\u00fc koparma, atk\u0131 koparma ve atk\u0131 bitirme i\u00e7in ak\u0131ll\u0131 dedekt\u00f6r ile hassas otomatik durdurma<br \/>\n\u2605 Jants\u0131z tekerlek mekik stili, daha az s\u00fcrt\u00fcnme, daha istikrarl\u0131 \u00e7al\u0131\u015fma;<br \/>\n\u2605 Yeni atk\u0131 otomatik besleme sistemi, telefi azalt\u0131r;<br \/>\nSar\u0131c\u0131, ana \u00e7er\u00e7eve ve kuma\u015f kald\u0131rma silindirinin senkronize olmas\u0131n\u0131 kontrol etmek i\u00e7in en son enerji tasarruflu senkron motorlar\u0131 benimser, dokuma tezgah\u0131 durdu\u011funda, sar\u0131c\u0131 ayn\u0131 zamanda sar\u0131c\u0131 silindirin kau\u00e7uk tabakas\u0131na ve kuma\u015fa zarar vermeden durur, ayr\u0131ca genellikle durduktan sonra tezgah\u0131n yeniden ba\u015flat\u0131lmas\u0131ndan kaynaklanan daha az kuma\u015f yo\u011funlu\u011funu \u00f6nler.<br \/>\nAtk\u0131 s\u0131kl\u0131\u011f\u0131n\u0131 ayarlamak ve atk\u0131 kopmas\u0131 durumunda atk\u0131 s\u0131kl\u0131\u011f\u0131n\u0131 dengelemek i\u00e7in en son enerji tasarruflu senkron motorlar\u0131 benimser, bu da dokuma kuma\u015f\u0131n d\u00fczg\u00fcnl\u00fc\u011f\u00fcn\u00fc art\u0131r\u0131r.<\/p>\n<table>\n<tbody>\n<tr>\n<td width=\"108\">Model No.<\/td>\n<td width=\"60\">Dokuma katlama geni\u015fli\u011fi (mm)<\/td>\n<td width=\"79\">Maksimum \u00e7\u00f6zg\u00fc say\u0131s\u0131 (adet)<\/td>\n<td width=\"78\">Ana motor devir say\u0131s\u0131 (d\/dk)<\/td>\n<td width=\"85\">\u00dcretim kapasitesi (m\/h)<\/td>\n<td width=\"41\">Ana motor g\u00fcc\u00fc (kw)<\/td>\n<td width=\"124\">Kurulum boyutlar\u0131 (L*W*H)<br \/>\n(mm)<\/td>\n<td width=\"45\">A\u011f\u0131rl\u0131k (kg)<\/td>\n<\/tr>\n<tr>\n<td width=\"108\">WX-YZJ-750J\/4<\/td>\n<td width=\"60\">300-750<\/td>\n<td width=\"79\">768<\/td>\n<td width=\"78\">140-180<\/td>\n<td width=\"85\">65-100<\/td>\n<td width=\"41\">2.2<\/td>\n<td width=\"124\">8500*2200*2730<\/td>\n<td width=\"45\">1600<\/td>\n<\/tr>\n<tr>\n<td width=\"108\">WX-YZJ-1200J\/4<\/td>\n<td width=\"60\">550-1150<\/td>\n<td width=\"79\">896<\/td>\n<td width=\"78\">120-160<\/td>\n<td width=\"85\">72-96<\/td>\n<td width=\"41\">2.7<\/td>\n<td width=\"124\">8900*2350*2960<\/td>\n<td width=\"45\">2000<\/td>\n<\/tr>\n<tr>\n<td width=\"108\">WX-YZJ-1500J\/4<\/td>\n<td width=\"60\">700-1450<\/td>\n<td width=\"79\">1120<\/td>\n<td width=\"78\">90-125<\/td>\n<td width=\"85\">54-75<\/td>\n<td width=\"41\">3.5<\/td>\n<td width=\"124\">9800*2500*2960<\/td>\n<td width=\"45\">2300<\/td>\n<\/tr>\n<\/tbody>\n<\/table>\n<p><strong><b>SSS:<\/b><\/strong><\/p>\n<p>1. \u00dcr\u00fcnlerinizin garantisi nas\u0131l?<br \/>\nBir y\u0131l (12 ay) Garanti, konteynerin M\u00fc\u015fterilerin fabrikas\u0131na ula\u015ft\u0131\u011f\u0131 tarihten itibaren sa\u011flanacakt\u0131r. garanti s\u00fcresi i\u00e7inde kalite sorunu nedeniyle makine par\u00e7alar\u0131 k\u0131r\u0131l\u0131rsa, \u00fccretsiz olarak yeni par\u00e7a g\u00f6nderece\u011fiz (Herhangi bir yapay yanl\u0131\u015f kullan\u0131m veya tahribat, Kalite Garantisi s\u0131n\u0131rlamas\u0131na dahil de\u011fildir).<\/p>\n<p>2. \u00d6deme ve teslimat ko\u015fullar\u0131n\u0131z nelerdir?<br \/>\n\u00d6deme s\u00fcresi:<br \/>\n1) T \/ T, \u00f6n \u00f6demeli olarak 30%, teslimattan \u00f6nce 70%<br \/>\n2) L \/ C, T \/ T ile 30%, g\u00f6r\u00fcn\u00fcrde L \/ C olarak 70%<br \/>\nTeslimat s\u00fcresi: Standart 30-40 i\u015f g\u00fcn\u00fc i\u00e7inde olacakt\u0131r<\/p>\n<p>3. Makine sipari\u015f edersek hangi Teknik Deste\u011fi alabiliriz?<br \/>\nKurulum \u00c7izimleri, Temel kullan\u0131m talimatlar\u0131, Video ve Foto\u011fraflar arac\u0131l\u0131\u011f\u0131yla operasyon a\u00e7\u0131klamas\u0131, Gerekirse teknik destek i\u00e7in \u00e7evrimi\u00e7i g\u00f6r\u00fcnt\u00fcl\u00fc arama sa\u011flayabiliriz.<\/p>\n<p><img fetchpriority=\"high\" decoding=\"async\" class=\"alignnone wp-image-3463\" src=\"https:\/\/wxplastmachine.com\/wp-content\/uploads\/2024\/10\/\u5fae\u4fe1\u622a\u56fe_20241010152421.jpg\" alt=\"\" width=\"3001\" height=\"1488\" srcset=\"https:\/\/wxplastmachine.com\/wp-content\/uploads\/2024\/10\/\u5fae\u4fe1\u622a\u56fe_20241010152421.jpg 1214w, https:\/\/wxplastmachine.com\/wp-content\/uploads\/2024\/10\/\u5fae\u4fe1\u622a\u56fe_20241010152421-300x149.jpg 300w, https:\/\/wxplastmachine.com\/wp-content\/uploads\/2024\/10\/\u5fae\u4fe1\u622a\u56fe_20241010152421-1024x508.jpg 1024w, https:\/\/wxplastmachine.com\/wp-content\/uploads\/2024\/10\/\u5fae\u4fe1\u622a\u56fe_20241010152421-768x381.jpg 768w, https:\/\/wxplastmachine.com\/wp-content\/uploads\/2024\/10\/\u5fae\u4fe1\u622a\u56fe_20241010152421-18x9.jpg 18w, https:\/\/wxplastmachine.com\/wp-content\/uploads\/2024\/10\/\u5fae\u4fe1\u622a\u56fe_20241010152421-600x298.jpg 600w\" sizes=\"(max-width: 3001px) 100vw, 3001px\" \/> <img decoding=\"async\" class=\"alignnone wp-image-3462\" src=\"https:\/\/wxplastmachine.com\/wp-content\/uploads\/2024\/10\/\u5fae\u4fe1\u622a\u56fe_20241010152327.jpg\" alt=\"\" width=\"2000\" height=\"1060\" srcset=\"https:\/\/wxplastmachine.com\/wp-content\/uploads\/2024\/10\/\u5fae\u4fe1\u622a\u56fe_20241010152327.jpg 745w, https:\/\/wxplastmachine.com\/wp-content\/uploads\/2024\/10\/\u5fae\u4fe1\u622a\u56fe_20241010152327-300x159.jpg 300w, https:\/\/wxplastmachine.com\/wp-content\/uploads\/2024\/10\/\u5fae\u4fe1\u622a\u56fe_20241010152327-18x10.jpg 18w, https:\/\/wxplastmachine.com\/wp-content\/uploads\/2024\/10\/\u5fae\u4fe1\u622a\u56fe_20241010152327-600x318.jpg 600w\" sizes=\"(max-width: 2000px) 100vw, 2000px\" \/><\/p>","protected":false},"excerpt":{"rendered":"<p>This series of four shuttle circular loom is used for weaving PP\/PE flat yarn to be woven fabric in roll, it can weave different quality flat yarn even complete recycled material. Reasonable design, proper structure, easy operation, convenient maintenance,low power consumption and high efficiency etc. \u2605 Sensitive automatic stop with the intelligent detector for warp-breaking,weft-breaking [&hellip;]<\/p>","protected":false},"featured_media":3456,"comment_status":"open","ping_status":"closed","template":"","meta":{"site-sidebar-layout":"default","site-content-layout":"","ast-site-content-layout":"default","site-content-style":"default","site-sidebar-style":"default","ast-global-header-display":"","ast-banner-title-visibility":"","ast-main-header-display":"","ast-hfb-above-header-display":"","ast-hfb-below-header-display":"","ast-hfb-mobile-header-display":"","site-post-title":"","ast-breadcrumbs-content":"","ast-featured-img":"","footer-sml-layout":"","theme-transparent-header-meta":"default","adv-header-id-meta":"","stick-header-meta":"","header-above-stick-meta":"","header-main-stick-meta":"","header-below-stick-meta":"","astra-migrate-meta-layouts":"set","ast-page-background-enabled":"default","ast-page-background-meta":{"desktop":{"background-color":"","background-image":"","background-repeat":"repeat","background-position":"center center","background-size":"auto","background-attachment":"scroll","background-type":"","background-media":"","overlay-type":"","overlay-color":"","overlay-gradient":""},"tablet":{"background-color":"","background-image":"","background-repeat":"repeat","background-position":"center center","background-size":"auto","background-attachment":"scroll","background-type":"","background-media":"","overlay-type":"","overlay-color":"","overlay-gradient":""},"mobile":{"background-color":"","background-image":"","background-repeat":"repeat","background-position":"center center","background-size":"auto","background-attachment":"scroll","background-type":"","background-media":"","overlay-type":"","overlay-color":"","overlay-gradient":""}},"ast-content-background-meta":{"desktop":{"background-color":"var(--ast-global-color-5)","background-image":"","background-repeat":"repeat","background-position":"center center","background-size":"auto","background-attachment":"scroll","background-type":"","background-media":"","overlay-type":"","overlay-color":"","overlay-gradient":""},"tablet":{"background-color":"var(--ast-global-color-5)","background-image":"","background-repeat":"repeat","background-position":"center center","background-size":"auto","background-attachment":"scroll","background-type":"","background-media":"","overlay-type":"","overlay-color":"","overlay-gradient":""},"mobile":{"background-color":"var(--ast-global-color-5)","background-image":"","background-repeat":"repeat","background-position":"center center","background-size":"auto","background-attachment":"scroll","background-type":"","background-media":"","overlay-type":"","overlay-color":"","overlay-gradient":""}}},"product_cat":[171],"product_tag":[],"jetpack_sharing_enabled":true,"_links":{"self":[{"href":"https:\/\/wxplastmachine.com\/tr\/wp-json\/wp\/v2\/product\/3450"}],"collection":[{"href":"https:\/\/wxplastmachine.com\/tr\/wp-json\/wp\/v2\/product"}],"about":[{"href":"https:\/\/wxplastmachine.com\/tr\/wp-json\/wp\/v2\/types\/product"}],"replies":[{"embeddable":true,"href":"https:\/\/wxplastmachine.com\/tr\/wp-json\/wp\/v2\/comments?post=3450"}],"wp:featuredmedia":[{"embeddable":true,"href":"https:\/\/wxplastmachine.com\/tr\/wp-json\/wp\/v2\/media\/3456"}],"wp:attachment":[{"href":"https:\/\/wxplastmachine.com\/tr\/wp-json\/wp\/v2\/media?parent=3450"}],"wp:term":[{"taxonomy":"product_cat","embeddable":true,"href":"https:\/\/wxplastmachine.com\/tr\/wp-json\/wp\/v2\/product_cat?post=3450"},{"taxonomy":"product_tag","embeddable":true,"href":"https:\/\/wxplastmachine.com\/tr\/wp-json\/wp\/v2\/product_tag?post=3450"}],"curies":[{"name":"wp","href":"https:\/\/api.w.org\/{rel}","templated":true}]}}