{"id":3474,"date":"2024-10-16T10:44:16","date_gmt":"2024-10-16T02:44:16","guid":{"rendered":"https:\/\/wxplastmachine.com\/?post_type=product&#038;p=3474"},"modified":"2024-10-16T10:44:16","modified_gmt":"2024-10-16T02:44:16","slug":"fully-automatic-food-grade-disposable-pe-glove-hand-bag-making-machine","status":"publish","type":"product","link":"https:\/\/wxplastmachine.com\/tr\/urun\/fully-automatic-food-grade-disposable-pe-glove-hand-bag-making-machine","title":{"rendered":"Tam Otomatik G\u0131da S\u0131n\u0131f\u0131 Tek Kullan\u0131ml\u0131k PE Eldiven El \u00c7antas\u0131 Yapma Makinesi"},"content":{"rendered":"<p><strong>\u00dcr\u00fcn A\u00e7\u0131klamas\u0131:<\/strong><\/p>\n<p>1) Otomatik tek kullan\u0131ml\u0131k plastik eldiven yapma makinesi firmam\u0131z taraf\u0131ndan ba\u015far\u0131yla ara\u015ft\u0131r\u0131lm\u0131\u015ft\u0131r.<\/p>\n<p>2) Yurti\u00e7i ve yurtd\u0131\u015f\u0131nda ayn\u0131 katalog \u00fcr\u00fcnlerinin avantaj\u0131n\u0131 biriktirmi\u015ftir.<\/p>\n<p>3) At\u0131k malzeme bitmi\u015f \u00fcr\u00fcnlerden manuel olarak ayr\u0131labilir.<\/p>\n<p>4) Makine bir ki\u015fi taraf\u0131ndan kolayca \u00e7al\u0131\u015ft\u0131r\u0131labilir ve h\u0131z 150 adet \/ dakikadan fazla olabilir.<\/p>\n<p>5) Makine, m\u00fc\u015fterinin iste\u011fine g\u00f6re film parmak durak ve di\u011fer \u00f6zel \u00fcr\u00fcnler \u00fcretebilir.<\/p>\n<p>6) Mikrobilgisayar dokunmatik y\u00fczey kontrol\u00fc, \u00fc\u00e7 fazl\u0131 hibrit kademeli motorlar, otomatik sayma kontrol\u00fc kullanan makine.<\/p>\n<p><strong>Uygulama:<\/strong><\/p>\n<p>1) Bu ekipman, m\u00fc\u015fterinin farkl\u0131 taleplerine g\u00f6re eldiven, ayakkab\u0131 k\u0131l\u0131f\u0131, \u00f6nl\u00fck, kol k\u0131l\u0131f\u0131, masa \u00f6rt\u00fcs\u00fc ve di\u011fer t\u0131bbi \u00fcr\u00fcnler \u00fcretmeye uygun \u00e7ok i\u015flevli olarak tasarlan\u0131r.<\/p>\n<p>2) Bu \u00fcr\u00fcnler t\u00fcm otellerde, hastanelerde, evlerde, boya korumalar\u0131nda, g\u00fczellik salonlar\u0131nda, bah\u00e7e i\u015flerinde, temiz i\u015flerde vb. kullan\u0131labilir.<\/p>\n<p>3) HDPE, LDPE malzeme \u00fcretmek i\u00e7in ideal bir makinedir, KFC gibi restoranlar\u0131n bu plastik eldivene \u00e7ok acil ihtiyac\u0131 vard\u0131r.<\/p>\n<p><strong>Ana Teknik \u00d6zellikler:<\/strong><\/p>\n<table>\n<tbody>\n<tr>\n<td width=\"216\">Model<\/td>\n<td width=\"275\">CPE-500<\/td>\n<\/tr>\n<tr>\n<td>\u00dcretim uzunlu\u011fu<\/td>\n<td>200-450mm<\/td>\n<\/tr>\n<tr>\n<td>\u00dcretim geni\u015fli\u011fi<\/td>\n<td>240-380mm<\/td>\n<\/tr>\n<tr>\n<td>Film kal\u0131nl\u0131\u011f\u0131<\/td>\n<td>0.008-0.02mm<\/td>\n<\/tr>\n<tr>\n<td>\u00dcretim h\u0131z\u0131<\/td>\n<td>80-180 adet\/dak<\/td>\n<\/tr>\n<tr>\n<td>Ana g\u00fc\u00e7<\/td>\n<td>1.5kw<\/td>\n<\/tr>\n<tr>\n<td>G\u00fc\u00e7 kayna\u011f\u0131<\/td>\n<td>220V 50Hz<\/td>\n<\/tr>\n<tr>\n<td>Makine a\u011f\u0131rl\u0131\u011f\u0131<\/td>\n<td>600kg<\/td>\n<\/tr>\n<tr>\n<td>Genel boyutlar<\/td>\n<td>2.6\u00d71.1\u00d71.4m<\/td>\n<\/tr>\n<\/tbody>\n<\/table>\n<p><strong><b>SSS:<\/b><\/strong><\/p>\n<p>1. \u00dcr\u00fcnlerinizin garantisi nas\u0131l?<br \/>\nBir y\u0131l (12 ay) Garanti, konteynerin M\u00fc\u015fterilerin fabrikas\u0131na ula\u015ft\u0131\u011f\u0131 tarihten itibaren sa\u011flanacakt\u0131r. garanti s\u00fcresi i\u00e7inde kalite sorunu nedeniyle makine par\u00e7alar\u0131 k\u0131r\u0131l\u0131rsa, \u00fccretsiz olarak yeni par\u00e7a g\u00f6nderece\u011fiz (Herhangi bir yapay yanl\u0131\u015f kullan\u0131m veya tahribat, Kalite Garantisi s\u0131n\u0131rlamas\u0131na dahil de\u011fildir).<\/p>\n<p>2. \u00d6deme ve teslimat ko\u015fullar\u0131n\u0131z nelerdir?<br \/>\n\u00d6deme s\u00fcresi:<br \/>\n1) T \/ T, \u00f6n \u00f6demeli olarak 30%, teslimattan \u00f6nce 70%<br \/>\n2) L \/ C, T \/ T ile 30%, g\u00f6r\u00fcn\u00fcrde L \/ C olarak 70%<br \/>\nTeslimat s\u00fcresi: Standart 30-40 i\u015f g\u00fcn\u00fc i\u00e7inde olacakt\u0131r<\/p>\n<p>3. Makine sipari\u015f edersek hangi Teknik Deste\u011fi alabiliriz?<br \/>\nKurulum \u00c7izimleri, Temel kullan\u0131m talimatlar\u0131, Video ve Foto\u011fraflar arac\u0131l\u0131\u011f\u0131yla operasyon a\u00e7\u0131klamas\u0131, Gerekirse teknik destek i\u00e7in \u00e7evrimi\u00e7i g\u00f6r\u00fcnt\u00fcl\u00fc arama sa\u011flayabiliriz.<\/p>\n<p>&nbsp;<\/p>","protected":false},"excerpt":{"rendered":"<p>Product Description: 1).The\u00a0automatic\u00a0disposable\u00a0plastic\u00a0glove\u00a0making\u00a0machine\u00a0is\u00a0successfully\u00a0researched\u00a0by\u00a0our\u00a0company. 2).It\u00a0is\u00a0accumulated\u00a0the\u00a0advantage\u00a0of\u00a0the\u00a0same\u00a0catalogue\u00a0products\u00a0at\u00a0home\u00a0and\u00a0abroad. 3).The\u00a0waste\u00a0material\u00a0could\u00a0manual\u00a0separate\u00a0from\u00a0the\u00a0finished\u00a0products. 4).The\u00a0machine\u00a0could\u00a0be\u00a0operate\u00a0easily\u00a0by\u00a0one\u00a0person,\u00a0and\u00a0the\u00a0speed\u00a0could\u00a0be\u00a0more\u00a0than\u00a0150\u00a0pcs\/min. 5).The\u00a0machine\u00a0could\u00a0produce\u00a0the\u00a0film\u00a0finger\u00a0stall\u00a0and\u00a0other\u00a0kinds\u00a0special\u00a0of\u00a0products\u00a0according\u00a0to\u00a0the\u00a0client\u2019s\u00a0request. 6).The\u00a0machine\u00a0using\u00a0microcomputer\u00a0touch\u00a0pad\u00a0control,\u00a0three\u00a0phase\u00a0hybrid\u00a0stepping\u00a0motors,\u00a0auto\u00a0counting\u00a0control. Application: 1).That\u00a0equipment\u00a0design\u00a0basis\u00a0on\u00a0multifunction,\u00a0according\u00a0to\u00a0the\u00a0customer\u00a0different\u00a0demands\u00a0which\u00a0suitable\u00a0produce\u00a0glove,\u00a0shoes\u00a0cover,\u00a0apron,\u00a0sleeve\u00a0cover,\u00a0desk\u00a0cover,\u00a0and\u00a0other\u00a0medical\u00a0products. 2).These\u00a0products\u00a0could\u00a0be\u00a0used\u00a0in\u00a0all\u00a0hotels,\u00a0hospital,\u00a0home,\u00a0paint\u00a0protect,\u00a0beauty\u00a0salons,\u00a0garden\u00a0working,\u00a0clear\u00a0working\u00a0and\u00a0so\u00a0on. 3).It\u00a0is\u00a0ideal\u00a0machinery\u00a0to\u00a0produce\u00a0HDPE,\u00a0LDPE\u00a0material,\u00a0the\u00a0restaurant\u00a0like\u00a0KFC\u00a0need\u00a0this\u00a0plastic\u00a0glove\u00a0very\u00a0urgently. Main\u00a0Technical\u00a0Specification: Model CPE-500 Producing\u00a0length 200-450mm Producing\u00a0width 240-380mm Film\u00a0thickness 0.008-0.02mm Producing\u00a0speed 80-180pcs\/min Main\u00a0power 1.5kw Power\u00a0supply 220V\u00a050Hz Machine\u00a0weight 600kg Overall\u00a0dimensions 2.6\u00d71.1\u00d71.4m FAQ: 1.How about your products warranty ? One year(12 months) Warranty will be provide from the date of container arrive Clients&#8217;factory.If machine parts are [&hellip;]<\/p>","protected":false},"featured_media":3476,"comment_status":"open","ping_status":"closed","template":"","meta":{"site-sidebar-layout":"default","site-content-layout":"","ast-site-content-layout":"default","site-content-style":"default","site-sidebar-style":"default","ast-global-header-display":"","ast-banner-title-visibility":"","ast-main-header-display":"","ast-hfb-above-header-display":"","ast-hfb-below-header-display":"","ast-hfb-mobile-header-display":"","site-post-title":"","ast-breadcrumbs-content":"","ast-featured-img":"","footer-sml-layout":"","theme-transparent-header-meta":"default","adv-header-id-meta":"","stick-header-meta":"","header-above-stick-meta":"","header-main-stick-meta":"","header-below-stick-meta":"","astra-migrate-meta-layouts":"set","ast-page-background-enabled":"default","ast-page-background-meta":{"desktop":{"background-color":"","background-image":"","background-repeat":"repeat","background-position":"center center","background-size":"auto","background-attachment":"scroll","background-type":"","background-media":"","overlay-type":"","overlay-color":"","overlay-gradient":""},"tablet":{"background-color":"","background-image":"","background-repeat":"repeat","background-position":"center center","background-size":"auto","background-attachment":"scroll","background-type":"","background-media":"","overlay-type":"","overlay-color":"","overlay-gradient":""},"mobile":{"background-color":"","background-image":"","background-repeat":"repeat","background-position":"center center","background-size":"auto","background-attachment":"scroll","background-type":"","background-media":"","overlay-type":"","overlay-color":"","overlay-gradient":""}},"ast-content-background-meta":{"desktop":{"background-color":"var(--ast-global-color-5)","background-image":"","background-repeat":"repeat","background-position":"center center","background-size":"auto","background-attachment":"scroll","background-type":"","background-media":"","overlay-type":"","overlay-color":"","overlay-gradient":""},"tablet":{"background-color":"var(--ast-global-color-5)","background-image":"","background-repeat":"repeat","background-position":"center center","background-size":"auto","background-attachment":"scroll","background-type":"","background-media":"","overlay-type":"","overlay-color":"","overlay-gradient":""},"mobile":{"background-color":"var(--ast-global-color-5)","background-image":"","background-repeat":"repeat","background-position":"center center","background-size":"auto","background-attachment":"scroll","background-type":"","background-media":"","overlay-type":"","overlay-color":"","overlay-gradient":""}}},"product_cat":[172,144],"product_tag":[],"jetpack_sharing_enabled":true,"_links":{"self":[{"href":"https:\/\/wxplastmachine.com\/tr\/wp-json\/wp\/v2\/product\/3474"}],"collection":[{"href":"https:\/\/wxplastmachine.com\/tr\/wp-json\/wp\/v2\/product"}],"about":[{"href":"https:\/\/wxplastmachine.com\/tr\/wp-json\/wp\/v2\/types\/product"}],"replies":[{"embeddable":true,"href":"https:\/\/wxplastmachine.com\/tr\/wp-json\/wp\/v2\/comments?post=3474"}],"wp:featuredmedia":[{"embeddable":true,"href":"https:\/\/wxplastmachine.com\/tr\/wp-json\/wp\/v2\/media\/3476"}],"wp:attachment":[{"href":"https:\/\/wxplastmachine.com\/tr\/wp-json\/wp\/v2\/media?parent=3474"}],"wp:term":[{"taxonomy":"product_cat","embeddable":true,"href":"https:\/\/wxplastmachine.com\/tr\/wp-json\/wp\/v2\/product_cat?post=3474"},{"taxonomy":"product_tag","embeddable":true,"href":"https:\/\/wxplastmachine.com\/tr\/wp-json\/wp\/v2\/product_tag?post=3474"}],"curies":[{"name":"wp","href":"https:\/\/api.w.org\/{rel}","templated":true}]}}