{"id":3515,"date":"2024-10-16T15:39:14","date_gmt":"2024-10-16T07:39:14","guid":{"rendered":"https:\/\/wxplastmachine.com\/?post_type=product&#038;p=3515"},"modified":"2024-10-16T15:39:14","modified_gmt":"2024-10-16T07:39:14","slug":"high-speed-automatic-plastic-coreless-star-seal-garbage-bag-making-machine-disposable-rolling-trash-rubbish-bag-machine","status":"publish","type":"product","link":"https:\/\/wxplastmachine.com\/tr\/urun\/high-speed-automatic-plastic-coreless-star-seal-garbage-bag-making-machine-disposable-rolling-trash-rubbish-bag-machine","title":{"rendered":"Y\u00fcksek H\u0131zl\u0131 Otomatik Plastik \u00c7ekirdeksiz Y\u0131ld\u0131z M\u00fch\u00fcr \u00c7\u00f6p Torbas\u0131 Yapma Makinesi Tek Kullan\u0131ml\u0131k Rolling \u00c7\u00f6p \u00c7\u00f6p Torbas\u0131 Makinesi"},"content":{"rendered":"<p>Y\u00fcksek H\u0131zl\u0131 Otomatik Plastik \u00c7ekirdeksiz Y\u0131ld\u0131z M\u00fch\u00fcr \u00c7\u00f6p Torbas\u0131 Yapma Makinesi Tek Kullan\u0131ml\u0131k Rolling \u00c7\u00f6p \u00c7\u00f6p Torbas\u0131 Makinesi<\/p>\n<p><strong>\u00dcr\u00fcn A\u00e7\u0131klamas\u0131:<\/strong><\/p>\n<p>Bu makine haddeleme torbas\u0131 \u00fcretmektedir. ayr\u0131ca \u00e7\u00f6p torbas\u0131, sebze torbas\u0131 yapabilir. tam otomatik de\u011fi\u015fim sistemi i\u015fg\u00fcc\u00fcn\u00fc azaltabilir, m\u00fckemmel servo tahrikli sistemde, bask\u0131l\u0131 torba ve bo\u015f torba \u00fcretmek i\u00e7in en iyi se\u00e7imdir. kullan\u0131m\u0131 kolay.<br \/>\n1. Bilgisayar otomatik kontrol\u00fc, otomatik sayma ve sayma alarm\u0131n\u0131 ayarlama, y\u00fcksek verimlilik, insan g\u00fcc\u00fc ve zamandan tasarruf;<br \/>\n2. Film haddelemeden bitmi\u015f torbaya kadar tam otomatik ve tek seferliktir;<br \/>\n3. \u00c7in servo motorunun sabit uzunlu\u011fu, fotoelektrik takibi, do\u011fru ve kararl\u0131 ve besleme i\u00e7in fotoelektrik kontrol benimsenmi\u015ftir;<br \/>\n4. Torba a\u011fz\u0131n\u0131n s\u0131k\u0131ca ve sorunsuz bir \u015fekilde kapat\u0131lmas\u0131n\u0131 sa\u011flamak i\u00e7in s\u0131cak kesme cihaz\u0131 ve ak\u0131ll\u0131 s\u0131cakl\u0131k kontrol sistemi benimseyin;<br \/>\n5. Ana motor, h\u0131z d\u00fczenlemesini kontrol etmek i\u00e7in frekans d\u00f6n\u00fc\u015ft\u00fcr\u00fcc\u00fc kullan\u0131r;<br \/>\n6. Geri sarma PLC taraf\u0131ndan kontrol edilir;<br \/>\n7. Besleme k\u0131sm\u0131 frekans konvert\u00f6r\u00fc ile kontrol edilir;<\/p>\n<p><strong>Ana Parametreler:<\/strong><\/p>\n<table>\n<tbody>\n<tr>\n<td width=\"221\">Model<\/td>\n<td width=\"332\">WX-RE1000<\/td>\n<\/tr>\n<tr>\n<td width=\"221\">Katlamadan \u00f6nce Film Geni\u015fli\u011fi<\/td>\n<td width=\"332\">200-1000mm<\/td>\n<\/tr>\n<tr>\n<td width=\"221\">Torba uzunluk aral\u0131\u011f\u0131 (a\u00e7\u0131k boy)<\/td>\n<td width=\"332\">300-1400mm<\/td>\n<\/tr>\n<tr>\n<td width=\"221\">Fini\u015f silindiri geni\u015fli\u011fi<\/td>\n<td width=\"332\">120-400mm<\/td>\n<\/tr>\n<tr>\n<td width=\"221\">H\u0131z (adet\/dak)<\/td>\n<td width=\"332\">40-100 adet\/dk (torba boyutuna ba\u011fl\u0131 olarak)<\/td>\n<\/tr>\n<tr>\n<td width=\"221\">Filmin maksimum hat h\u0131z\u0131<\/td>\n<td width=\"332\">100m\/dak<\/td>\n<\/tr>\n<tr>\n<td width=\"221\">S\u0131zd\u0131rmazl\u0131k kal\u0131nl\u0131\u011f\u0131<\/td>\n<td width=\"332\">0.008-0.08mm<\/td>\n<\/tr>\n<tr>\n<td width=\"221\">Toplam g\u00fc\u00e7<\/td>\n<td width=\"332\">15Kw<\/td>\n<\/tr>\n<tr>\n<td width=\"221\">A\u011f\u0131rl\u0131k<\/td>\n<td width=\"332\">3000kg<\/td>\n<\/tr>\n<\/tbody>\n<\/table>\n<p><strong>Ana Parametreler:<\/strong><\/p>\n<table>\n<tbody>\n<tr>\n<td width=\"40.0400%\">Model<\/td>\n<td width=\"59.9400%\">WX-2RA400<\/td>\n<\/tr>\n<tr>\n<td width=\"40.0400%\">\u00c7anta geni\u015fli\u011fi<\/td>\n<td width=\"59.9400%\">80-220MM * 2 \u015feritli<\/td>\n<\/tr>\n<tr>\n<td width=\"40.0400%\">\u00c7anta uzunlu\u011fu<\/td>\n<td width=\"59.9400%\">100-1800MM<\/td>\n<\/tr>\n<tr>\n<td width=\"40.0400%\">Maksimum h\u0131z<\/td>\n<td width=\"59.9400%\">60-200 adet\/dk\/\u015ferit 110M\/dk<\/td>\n<\/tr>\n<tr>\n<td width=\"40.0400%\">S\u0131zd\u0131rmazl\u0131k kal\u0131nl\u0131\u011f\u0131<\/td>\n<td width=\"59.9400%\">0.005-0.02MM\/katman<\/td>\n<\/tr>\n<tr>\n<td width=\"40.0400%\">A\u011f\u0131rl\u0131k<\/td>\n<td width=\"59.9400%\">2000kg<\/td>\n<\/tr>\n<tr>\n<td width=\"40.0400%\">G\u00fc\u00e7<\/td>\n<td width=\"59.9400%\">380V, 50Hz, 3FAZ<\/td>\n<\/tr>\n<tr>\n<td width=\"40.0400%\">Boyut<\/td>\n<td width=\"59.9400%\">6000*1950*2000MM<\/td>\n<\/tr>\n<tr>\n<td width=\"40.0400%\">Gereken g\u00fc\u00e7 (kw)<\/td>\n<td width=\"59.9400%\">22<\/td>\n<\/tr>\n<\/tbody>\n<\/table>\n<p><strong><b>\u0130htiyac\u0131n\u0131za g\u00f6re se\u00e7iminiz i\u00e7in bir sat\u0131r, iki sat\u0131r var.<\/b><\/strong><\/p>\n<p><strong><b>Opsiyonel ekipman:Otomatik etiket cihaz\u0131<\/b><\/strong><\/p>\n<p><strong><b>\u00a0<\/b><\/strong><strong><b>SSS:<\/b><\/strong><\/p>\n<p>1. \u00dcr\u00fcnlerinizin garantisi nas\u0131l?<br \/>\nBir y\u0131l (12 ay) Garanti, konteynerin M\u00fc\u015fterilerin fabrikas\u0131na ula\u015ft\u0131\u011f\u0131 tarihten itibaren sa\u011flanacakt\u0131r. garanti s\u00fcresi i\u00e7inde kalite sorunu nedeniyle makine par\u00e7alar\u0131 k\u0131r\u0131l\u0131rsa, \u00fccretsiz olarak yeni par\u00e7a g\u00f6nderece\u011fiz (Herhangi bir yapay yanl\u0131\u015f kullan\u0131m veya tahribat, Kalite Garantisi s\u0131n\u0131rlamas\u0131na dahil de\u011fildir).<\/p>\n<p>2. \u00d6deme ve teslimat ko\u015fullar\u0131n\u0131z nelerdir?<br \/>\n\u00d6deme s\u00fcresi:<br \/>\n1) T \/ T, \u00f6n \u00f6demeli olarak 30%, teslimattan \u00f6nce 70%<br \/>\n2) L \/ C, T \/ T ile 30%, g\u00f6r\u00fcn\u00fcrde L \/ C olarak 70%<br \/>\nTeslimat s\u00fcresi: Standart 30-40 i\u015f g\u00fcn\u00fc i\u00e7inde olacakt\u0131r<\/p>\n<p>3. Makine sipari\u015f edersek hangi Teknik Deste\u011fi alabiliriz?<br \/>\nKurulum \u00c7izimleri, Temel kullan\u0131m talimatlar\u0131, Video ve Foto\u011fraflar arac\u0131l\u0131\u011f\u0131yla operasyon a\u00e7\u0131klamas\u0131, Gerekirse teknik destek i\u00e7in \u00e7evrimi\u00e7i g\u00f6r\u00fcnt\u00fcl\u00fc arama sa\u011flayabiliriz.<\/p>\n<p><img fetchpriority=\"high\" decoding=\"async\" class=\"alignnone size-full wp-image-3524\" src=\"https:\/\/wxplastmachine.com\/wp-content\/uploads\/2024\/10\/\u5fae\u4fe1\u622a\u56fe_20240912165409.jpg\" alt=\"\" width=\"745\" height=\"548\" srcset=\"https:\/\/wxplastmachine.com\/wp-content\/uploads\/2024\/10\/\u5fae\u4fe1\u622a\u56fe_20240912165409.jpg 745w, https:\/\/wxplastmachine.com\/wp-content\/uploads\/2024\/10\/\u5fae\u4fe1\u622a\u56fe_20240912165409-300x221.jpg 300w, https:\/\/wxplastmachine.com\/wp-content\/uploads\/2024\/10\/\u5fae\u4fe1\u622a\u56fe_20240912165409-16x12.jpg 16w, https:\/\/wxplastmachine.com\/wp-content\/uploads\/2024\/10\/\u5fae\u4fe1\u622a\u56fe_20240912165409-600x441.jpg 600w\" sizes=\"(max-width: 745px) 100vw, 745px\" \/><\/p>","protected":false},"excerpt":{"rendered":"<p>High Speed Automatic Plastic Coreless Star Seal Garbage Bag Making Machine\u00a0Disposable\u00a0Rolling Trash\u00a0Rubbish Bag Machine Product Description: This machine is producing rolling bag.Also can make garbage bag,vegetable bag .Fully automatic exchange system can reduce the labour force,in the excellent servo driven system,it is the best choice for producing printed bag and blank bag.Easy for operate. 1. [&hellip;]<\/p>","protected":false},"featured_media":3517,"comment_status":"open","ping_status":"closed","template":"","meta":{"site-sidebar-layout":"default","site-content-layout":"","ast-site-content-layout":"default","site-content-style":"default","site-sidebar-style":"default","ast-global-header-display":"","ast-banner-title-visibility":"","ast-main-header-display":"","ast-hfb-above-header-display":"","ast-hfb-below-header-display":"","ast-hfb-mobile-header-display":"","site-post-title":"","ast-breadcrumbs-content":"","ast-featured-img":"","footer-sml-layout":"","theme-transparent-header-meta":"default","adv-header-id-meta":"","stick-header-meta":"","header-above-stick-meta":"","header-main-stick-meta":"","header-below-stick-meta":"","astra-migrate-meta-layouts":"set","ast-page-background-enabled":"default","ast-page-background-meta":{"desktop":{"background-color":"","background-image":"","background-repeat":"repeat","background-position":"center center","background-size":"auto","background-attachment":"scroll","background-type":"","background-media":"","overlay-type":"","overlay-color":"","overlay-gradient":""},"tablet":{"background-color":"","background-image":"","background-repeat":"repeat","background-position":"center center","background-size":"auto","background-attachment":"scroll","background-type":"","background-media":"","overlay-type":"","overlay-color":"","overlay-gradient":""},"mobile":{"background-color":"","background-image":"","background-repeat":"repeat","background-position":"center center","background-size":"auto","background-attachment":"scroll","background-type":"","background-media":"","overlay-type":"","overlay-color":"","overlay-gradient":""}},"ast-content-background-meta":{"desktop":{"background-color":"var(--ast-global-color-5)","background-image":"","background-repeat":"repeat","background-position":"center center","background-size":"auto","background-attachment":"scroll","background-type":"","background-media":"","overlay-type":"","overlay-color":"","overlay-gradient":""},"tablet":{"background-color":"var(--ast-global-color-5)","background-image":"","background-repeat":"repeat","background-position":"center center","background-size":"auto","background-attachment":"scroll","background-type":"","background-media":"","overlay-type":"","overlay-color":"","overlay-gradient":""},"mobile":{"background-color":"var(--ast-global-color-5)","background-image":"","background-repeat":"repeat","background-position":"center center","background-size":"auto","background-attachment":"scroll","background-type":"","background-media":"","overlay-type":"","overlay-color":"","overlay-gradient":""}}},"product_cat":[179,176,144],"product_tag":[],"jetpack_sharing_enabled":true,"_links":{"self":[{"href":"https:\/\/wxplastmachine.com\/tr\/wp-json\/wp\/v2\/product\/3515"}],"collection":[{"href":"https:\/\/wxplastmachine.com\/tr\/wp-json\/wp\/v2\/product"}],"about":[{"href":"https:\/\/wxplastmachine.com\/tr\/wp-json\/wp\/v2\/types\/product"}],"replies":[{"embeddable":true,"href":"https:\/\/wxplastmachine.com\/tr\/wp-json\/wp\/v2\/comments?post=3515"}],"wp:featuredmedia":[{"embeddable":true,"href":"https:\/\/wxplastmachine.com\/tr\/wp-json\/wp\/v2\/media\/3517"}],"wp:attachment":[{"href":"https:\/\/wxplastmachine.com\/tr\/wp-json\/wp\/v2\/media?parent=3515"}],"wp:term":[{"taxonomy":"product_cat","embeddable":true,"href":"https:\/\/wxplastmachine.com\/tr\/wp-json\/wp\/v2\/product_cat?post=3515"},{"taxonomy":"product_tag","embeddable":true,"href":"https:\/\/wxplastmachine.com\/tr\/wp-json\/wp\/v2\/product_tag?post=3515"}],"curies":[{"name":"wp","href":"https:\/\/api.w.org\/{rel}","templated":true}]}}