{"id":3525,"date":"2024-10-16T15:54:49","date_gmt":"2024-10-16T07:54:49","guid":{"rendered":"https:\/\/wxplastmachine.com\/?post_type=product&#038;p=3525"},"modified":"2024-10-16T15:56:24","modified_gmt":"2024-10-16T07:56:24","slug":"fully-automatic-overlap-perforation-drawstring-rolling-garbage-trash-bag-making-machine","status":"publish","type":"product","link":"https:\/\/wxplastmachine.com\/tr\/urun\/fully-automatic-overlap-perforation-drawstring-rolling-garbage-trash-bag-making-machine","title":{"rendered":"Tam Otomatik \u00d6rt\u00fc\u015fme Perforasyon \u0130pli Rolling \u00c7\u00f6p \u00c7\u00f6p Torbas\u0131 Yapma Makinesi"},"content":{"rendered":"<p><strong><b>\u00dcr\u00fcn Tan\u0131m\u0131:<\/b><\/strong><\/p>\n<p>This machine is for coreless draw tape garbage bag making.<br \/>\nThe high speed draw tape perforated garbage bag on roll making machine is speacial designed for making HDPE\/ LDPE and bio-degradable draw string garabage bag without core in household using.<br \/>\nThis machine two parts separate design on the main sealing blade, ensures that drawstring part and main body are heated at different temperatures and heat-sealed firmly.<br \/>\nPLC and touch screen control, lead to intuitive display and convenient operation. If any fauilures occur, the touch screen will indicate the fauilure on which part of machine.<br \/>\nDual servos design makes the film go thtough faster and the tension control better. Also dual PLC touch screens on machine main part and rewinder allow operators observe machine&#8217;s running status easily.<\/p>\n<p>1.Main control panel adopt touch screen Delta from Taiwan, high definition<\/p>\n<p>2. The drive system of whole machine adopts PLC Microcomputer control (Single Chip control system )\u00a0on punch machine which integrate control of bag making part and punching part.<\/p>\n<p>3. Set all function with one touch screen, simple and easy operation.<\/p>\n<p>4. Machine will automatically stopped if film jammed which is detected by sensor<\/p>\n<p>5. Independent winder part, high efficient unwind control; max diameter of single unwinding is 800mm; unwinding roller is choked by air shaft,<\/p>\n<p>6. Automatic fold function and put on conveyor unit by unit.<\/p>\n<p>7. Automatic stacks the bag and collects.<\/p>\n<p>8. When the bags stack at the Set numerical, mechanical hands will automatically grab bags and machine will not stop.) on punch machine which integrate control of bag making part and punching part.<\/p>\n<p><strong>Product Parameters:<\/strong><\/p>\n<table style=\"font-size: 16px; font-style: normal;\">\n<tbody>\n<tr>\n<td><strong><b>\u00c7anta Geni\u015fli\u011fi<\/b><\/strong><\/td>\n<td>1000 mm<\/td>\n<\/tr>\n<tr>\n<td><strong><b>\u00c7anta Uzunlu\u011fu<\/b><\/strong><\/td>\n<td>900 mm<\/td>\n<\/tr>\n<tr>\n<td><strong><b>Film kal\u0131nl\u0131\u011f\u0131<\/b><\/strong><\/td>\n<td>10-50 \u00b5m per layer<\/td>\n<\/tr>\n<tr>\n<td><strong><b>Unwinder Film Size<\/b><\/strong><\/td>\n<td>1000mm x\u00a0\u03a6 600mm<\/td>\n<\/tr>\n<tr>\n<td><strong><b>Bag making Speed<\/b><\/strong><\/td>\n<td>150 m\/min<\/td>\n<\/tr>\n<tr>\n<td><strong><b>Roll Change Speed<\/b><\/strong><\/td>\n<td>Max. 10 pcs<\/td>\n<\/tr>\n<tr>\n<td><strong><b>Width of Draw Tape<\/b><\/strong><\/td>\n<td>100 mm<\/td>\n<\/tr>\n<tr>\n<td><strong><b>Draw Tape Roll Diameter<\/b><\/strong><\/td>\n<td>600 mm<\/td>\n<\/tr>\n<tr>\n<td><strong><b>Roll Width<\/b><\/strong><\/td>\n<td>300 mm<\/td>\n<\/tr>\n<tr>\n<td><strong><b>Roll Diameter<\/b><\/strong><\/td>\n<td>\u03a6 150 mm<\/td>\n<\/tr>\n<tr>\n<td><strong><b>Toplam G\u00fc\u00e7<\/b><\/strong><\/td>\n<td>25 KW<\/td>\n<\/tr>\n<tr>\n<td><strong><b>Hava t\u00fcketimi<\/b><\/strong><\/td>\n<td>5HP<\/td>\n<\/tr>\n<tr>\n<td><strong><b>Makine A\u011f\u0131rl\u0131\u011f\u0131<\/b><\/strong><\/td>\n<td>3800KG<\/td>\n<\/tr>\n<tr>\n<td><strong><b>Machine Dimension<\/b><\/strong><\/td>\n<td>L15000*W2000*H2100 mm<\/td>\n<\/tr>\n<\/tbody>\n<\/table>\n<p><img fetchpriority=\"high\" decoding=\"async\" class=\"alignnone size-full wp-image-3536\" src=\"https:\/\/wxplastmachine.com\/wp-content\/uploads\/2024\/10\/\u5fae\u4fe1\u622a\u56fe_20240913153329.jpg\" alt=\"\" width=\"600\" height=\"385\" srcset=\"https:\/\/wxplastmachine.com\/wp-content\/uploads\/2024\/10\/\u5fae\u4fe1\u622a\u56fe_20240913153329.jpg 600w, https:\/\/wxplastmachine.com\/wp-content\/uploads\/2024\/10\/\u5fae\u4fe1\u622a\u56fe_20240913153329-300x193.jpg 300w, https:\/\/wxplastmachine.com\/wp-content\/uploads\/2024\/10\/\u5fae\u4fe1\u622a\u56fe_20240913153329-18x12.jpg 18w\" sizes=\"(max-width: 600px) 100vw, 600px\" \/><\/p>\n<p>&nbsp;<\/p>","protected":false},"excerpt":{"rendered":"<p>Product Discription: This machine is for coreless draw tape garbage bag making. The high speed draw tape perforated garbage bag on roll making machine is speacial designed for making HDPE\/ LDPE and bio-degradable draw string garabage bag without core in household using. This machine two parts separate design on the main sealing blade, ensures that [&hellip;]<\/p>","protected":false},"featured_media":3526,"comment_status":"open","ping_status":"closed","template":"","meta":{"site-sidebar-layout":"default","site-content-layout":"","ast-site-content-layout":"default","site-content-style":"default","site-sidebar-style":"default","ast-global-header-display":"","ast-banner-title-visibility":"","ast-main-header-display":"","ast-hfb-above-header-display":"","ast-hfb-below-header-display":"","ast-hfb-mobile-header-display":"","site-post-title":"","ast-breadcrumbs-content":"","ast-featured-img":"","footer-sml-layout":"","theme-transparent-header-meta":"default","adv-header-id-meta":"","stick-header-meta":"","header-above-stick-meta":"","header-main-stick-meta":"","header-below-stick-meta":"","astra-migrate-meta-layouts":"set","ast-page-background-enabled":"default","ast-page-background-meta":{"desktop":{"background-color":"","background-image":"","background-repeat":"repeat","background-position":"center center","background-size":"auto","background-attachment":"scroll","background-type":"","background-media":"","overlay-type":"","overlay-color":"","overlay-gradient":""},"tablet":{"background-color":"","background-image":"","background-repeat":"repeat","background-position":"center center","background-size":"auto","background-attachment":"scroll","background-type":"","background-media":"","overlay-type":"","overlay-color":"","overlay-gradient":""},"mobile":{"background-color":"","background-image":"","background-repeat":"repeat","background-position":"center center","background-size":"auto","background-attachment":"scroll","background-type":"","background-media":"","overlay-type":"","overlay-color":"","overlay-gradient":""}},"ast-content-background-meta":{"desktop":{"background-color":"var(--ast-global-color-5)","background-image":"","background-repeat":"repeat","background-position":"center center","background-size":"auto","background-attachment":"scroll","background-type":"","background-media":"","overlay-type":"","overlay-color":"","overlay-gradient":""},"tablet":{"background-color":"var(--ast-global-color-5)","background-image":"","background-repeat":"repeat","background-position":"center center","background-size":"auto","background-attachment":"scroll","background-type":"","background-media":"","overlay-type":"","overlay-color":"","overlay-gradient":""},"mobile":{"background-color":"var(--ast-global-color-5)","background-image":"","background-repeat":"repeat","background-position":"center center","background-size":"auto","background-attachment":"scroll","background-type":"","background-media":"","overlay-type":"","overlay-color":"","overlay-gradient":""}}},"product_cat":[179,176,144],"product_tag":[],"jetpack_sharing_enabled":true,"_links":{"self":[{"href":"https:\/\/wxplastmachine.com\/tr\/wp-json\/wp\/v2\/product\/3525"}],"collection":[{"href":"https:\/\/wxplastmachine.com\/tr\/wp-json\/wp\/v2\/product"}],"about":[{"href":"https:\/\/wxplastmachine.com\/tr\/wp-json\/wp\/v2\/types\/product"}],"replies":[{"embeddable":true,"href":"https:\/\/wxplastmachine.com\/tr\/wp-json\/wp\/v2\/comments?post=3525"}],"wp:featuredmedia":[{"embeddable":true,"href":"https:\/\/wxplastmachine.com\/tr\/wp-json\/wp\/v2\/media\/3526"}],"wp:attachment":[{"href":"https:\/\/wxplastmachine.com\/tr\/wp-json\/wp\/v2\/media?parent=3525"}],"wp:term":[{"taxonomy":"product_cat","embeddable":true,"href":"https:\/\/wxplastmachine.com\/tr\/wp-json\/wp\/v2\/product_cat?post=3525"},{"taxonomy":"product_tag","embeddable":true,"href":"https:\/\/wxplastmachine.com\/tr\/wp-json\/wp\/v2\/product_tag?post=3525"}],"curies":[{"name":"wp","href":"https:\/\/api.w.org\/{rel}","templated":true}]}}