{"id":3537,"date":"2024-10-16T16:22:11","date_gmt":"2024-10-16T08:22:11","guid":{"rendered":"https:\/\/wxplastmachine.com\/?post_type=product&#038;p=3537"},"modified":"2024-10-16T16:22:11","modified_gmt":"2024-10-16T08:22:11","slug":"supermarket-shopping-vegetable-fruit-bag-on-roll-making-machine-with-core","status":"publish","type":"product","link":"https:\/\/wxplastmachine.com\/tr\/urun\/supermarket-shopping-vegetable-fruit-bag-on-roll-making-machine-with-core","title":{"rendered":"S\u00fcpermarket Al\u0131\u015fveri\u015f Sebze Meyve Torbas\u0131 \u00c7ekirdekli Rulo Yapma Makinesi"},"content":{"rendered":"<p><strong><b>\u00dcr\u00fcn A\u00e7\u0131klamas\u0131<\/b><\/strong><strong><b>:<\/b><\/strong><\/p>\n<p>This machine uses HDPE and LDPE cylinder film as raw materials to produce printed, natural color flat mouth continuous roll bags. It uses PLC control, step motor fixed length, and digital tube single-chip microcomputer real-time display to complete feeding, back sealing, cutting, and coiling at one time, with high degree of automation and good economic benefits. The whole process is computer programmed to adjust the bag length and production speed; Parts have the function of self inspection; Automatic film supply, automatic adjustment, no need to adjust the tension; When the film supply is blocked or the bag is stuck, the machine will automatically stop running; When the color scanning fails, the machine will stop automatically; The machine is highly productive and efficient, thus saving manpower and time;<\/p>\n<p><strong><em><b><i>Performance and characteristics:<\/i><\/b><\/em><\/strong><\/p>\n<p>1.Computer automatic control, automatic counting and set counting alarm, high efficiency, saving manpower and time;<br \/>\n2. Film haddelemeden bitmi\u015f torbaya kadar tam otomatik ve tek seferliktir;<br \/>\n3. Domestic servo motor has fixed length, photoelectric tracking, accurate and stable, and photoelectric control is adopted for feeding;<br \/>\n4. Torba a\u011fz\u0131n\u0131n s\u0131k\u0131ca ve sorunsuz bir \u015fekilde kapat\u0131lmas\u0131n\u0131 sa\u011flamak i\u00e7in s\u0131cak kesme cihaz\u0131 ve ak\u0131ll\u0131 s\u0131cakl\u0131k kontrol sistemi benimseyin;<br \/>\n5. Ana motor, h\u0131z d\u00fczenlemesini kontrol etmek i\u00e7in frekans d\u00f6n\u00fc\u015ft\u00fcr\u00fcc\u00fc kullan\u0131r;<br \/>\n6. Geri sarma PLC taraf\u0131ndan kontrol edilir;<br \/>\n7. Discharging is controlled by frequency converter;<\/p>\n<p><strong><em><b><i>Teknik <\/i><\/b><\/em><\/strong><strong><em><b><i>\u015eartname<\/i><\/b><\/em><\/strong><strong><em><b><i>:<\/i><\/b><\/em><\/strong><\/p>\n<table>\n<tbody>\n<tr>\n<td width=\"286\">Type Model<\/td>\n<td width=\"524\">WX-GHA500<\/td>\n<\/tr>\n<tr>\n<td width=\"286\">Kapasite<\/td>\n<td width=\"524\">60-300Pcs\/Min<\/td>\n<\/tr>\n<tr>\n<td width=\"286\">Bag making width<\/td>\n<td width=\"524\">80-400mm<\/td>\n<\/tr>\n<tr>\n<td width=\"286\">Bag making length<\/td>\n<td width=\"524\">100-800mm<\/td>\n<\/tr>\n<tr>\n<td width=\"286\">Filmin maksimum hat h\u0131z\u0131<\/td>\n<td width=\"524\">115m\/min<\/td>\n<\/tr>\n<tr>\n<td width=\"286\">Bag making thickness<\/td>\n<td width=\"524\">0.005-0.02mm<\/td>\n<\/tr>\n<tr>\n<td width=\"286\">Bag making methods<\/td>\n<td width=\"524\">Rolling star sealing flat bag<\/td>\n<\/tr>\n<tr>\n<td width=\"286\">Machine main controller<\/td>\n<td width=\"524\">PLC and supporting touch screen (7 inches) control, 24V power supply is Wuxi Xuncheng switching power supply<\/td>\n<\/tr>\n<tr>\n<td width=\"286\">Cut off stop control<\/td>\n<td width=\"524\">Independent discharge rack, Japan Panasonic beam photoelectric *1 (black film effective), 40*20mm thin cylinder press *1.<\/td>\n<\/tr>\n<tr>\n<td width=\"286\">Loading method<\/td>\n<td width=\"524\">Cylinder loading, 100*250mm cylinder 1, hand valve control. (Air expansion shaft loading, pneumatic brake)<\/td>\n<\/tr>\n<tr>\n<td width=\"286\">Discharge roller<\/td>\n<td width=\"524\">Roller diameter 65mm, length 500mm<\/td>\n<\/tr>\n<tr>\n<td width=\"286\">Gerilim<\/td>\n<td width=\"524\">380V\/50HZ<\/td>\n<\/tr>\n<tr>\n<td width=\"286\">G\u00fc\u00e7<\/td>\n<td width=\"524\">19.5kw<\/td>\n<\/tr>\n<tr>\n<td width=\"286\">Boyut<\/td>\n<td width=\"524\">6200*2200*1900mm<\/td>\n<\/tr>\n<tr>\n<td width=\"286\">A\u011f\u0131rl\u0131k<\/td>\n<td width=\"524\">2000KG<\/td>\n<\/tr>\n<\/tbody>\n<\/table>\n<p><strong><b>SSS:<\/b><\/strong><\/p>\n<p>1. \u00dcr\u00fcnlerinizin garantisi nas\u0131l?<br \/>\nBir y\u0131l (12 ay) Garanti, konteynerin M\u00fc\u015fterilerin fabrikas\u0131na ula\u015ft\u0131\u011f\u0131 tarihten itibaren sa\u011flanacakt\u0131r. garanti s\u00fcresi i\u00e7inde kalite sorunu nedeniyle makine par\u00e7alar\u0131 k\u0131r\u0131l\u0131rsa, \u00fccretsiz olarak yeni par\u00e7a g\u00f6nderece\u011fiz (Herhangi bir yapay yanl\u0131\u015f kullan\u0131m veya tahribat, Kalite Garantisi s\u0131n\u0131rlamas\u0131na dahil de\u011fildir).<\/p>\n<p>2. \u00d6deme ve teslimat ko\u015fullar\u0131n\u0131z nelerdir?<br \/>\n\u00d6deme s\u00fcresi:<br \/>\n1) T \/ T, \u00f6n \u00f6demeli olarak 30%, teslimattan \u00f6nce 70%<br \/>\n2) L \/ C, T \/ T ile 30%, g\u00f6r\u00fcn\u00fcrde L \/ C olarak 70%<br \/>\nTeslimat s\u00fcresi: Standart 30-40 i\u015f g\u00fcn\u00fc i\u00e7inde olacakt\u0131r<\/p>\n<p>3. Makine sipari\u015f edersek hangi Teknik Deste\u011fi alabiliriz?<br \/>\nKurulum \u00c7izimleri, Temel kullan\u0131m talimatlar\u0131, Video ve Foto\u011fraflar arac\u0131l\u0131\u011f\u0131yla operasyon a\u00e7\u0131klamas\u0131, Gerekirse teknik destek i\u00e7in \u00e7evrimi\u00e7i g\u00f6r\u00fcnt\u00fcl\u00fc arama sa\u011flayabiliriz.<\/p>\n<p><strong><b>\u00a0<\/b><\/strong><\/p>","protected":false},"excerpt":{"rendered":"<p>Product Description: This machine uses HDPE and LDPE cylinder film as raw materials to produce printed, natural color flat mouth continuous roll bags. It uses PLC control, step motor fixed length, and digital tube single-chip microcomputer real-time display to complete feeding, back sealing, cutting, and coiling at one time, with high degree of automation and [&hellip;]<\/p>","protected":false},"featured_media":3539,"comment_status":"open","ping_status":"closed","template":"","meta":{"site-sidebar-layout":"default","site-content-layout":"","ast-site-content-layout":"default","site-content-style":"default","site-sidebar-style":"default","ast-global-header-display":"","ast-banner-title-visibility":"","ast-main-header-display":"","ast-hfb-above-header-display":"","ast-hfb-below-header-display":"","ast-hfb-mobile-header-display":"","site-post-title":"","ast-breadcrumbs-content":"","ast-featured-img":"","footer-sml-layout":"","theme-transparent-header-meta":"default","adv-header-id-meta":"","stick-header-meta":"","header-above-stick-meta":"","header-main-stick-meta":"","header-below-stick-meta":"","astra-migrate-meta-layouts":"set","ast-page-background-enabled":"default","ast-page-background-meta":{"desktop":{"background-color":"","background-image":"","background-repeat":"repeat","background-position":"center center","background-size":"auto","background-attachment":"scroll","background-type":"","background-media":"","overlay-type":"","overlay-color":"","overlay-gradient":""},"tablet":{"background-color":"","background-image":"","background-repeat":"repeat","background-position":"center center","background-size":"auto","background-attachment":"scroll","background-type":"","background-media":"","overlay-type":"","overlay-color":"","overlay-gradient":""},"mobile":{"background-color":"","background-image":"","background-repeat":"repeat","background-position":"center center","background-size":"auto","background-attachment":"scroll","background-type":"","background-media":"","overlay-type":"","overlay-color":"","overlay-gradient":""}},"ast-content-background-meta":{"desktop":{"background-color":"var(--ast-global-color-5)","background-image":"","background-repeat":"repeat","background-position":"center center","background-size":"auto","background-attachment":"scroll","background-type":"","background-media":"","overlay-type":"","overlay-color":"","overlay-gradient":""},"tablet":{"background-color":"var(--ast-global-color-5)","background-image":"","background-repeat":"repeat","background-position":"center center","background-size":"auto","background-attachment":"scroll","background-type":"","background-media":"","overlay-type":"","overlay-color":"","overlay-gradient":""},"mobile":{"background-color":"var(--ast-global-color-5)","background-image":"","background-repeat":"repeat","background-position":"center center","background-size":"auto","background-attachment":"scroll","background-type":"","background-media":"","overlay-type":"","overlay-color":"","overlay-gradient":""}}},"product_cat":[176,180,144],"product_tag":[],"jetpack_sharing_enabled":true,"_links":{"self":[{"href":"https:\/\/wxplastmachine.com\/tr\/wp-json\/wp\/v2\/product\/3537"}],"collection":[{"href":"https:\/\/wxplastmachine.com\/tr\/wp-json\/wp\/v2\/product"}],"about":[{"href":"https:\/\/wxplastmachine.com\/tr\/wp-json\/wp\/v2\/types\/product"}],"replies":[{"embeddable":true,"href":"https:\/\/wxplastmachine.com\/tr\/wp-json\/wp\/v2\/comments?post=3537"}],"wp:featuredmedia":[{"embeddable":true,"href":"https:\/\/wxplastmachine.com\/tr\/wp-json\/wp\/v2\/media\/3539"}],"wp:attachment":[{"href":"https:\/\/wxplastmachine.com\/tr\/wp-json\/wp\/v2\/media?parent=3537"}],"wp:term":[{"taxonomy":"product_cat","embeddable":true,"href":"https:\/\/wxplastmachine.com\/tr\/wp-json\/wp\/v2\/product_cat?post=3537"},{"taxonomy":"product_tag","embeddable":true,"href":"https:\/\/wxplastmachine.com\/tr\/wp-json\/wp\/v2\/product_tag?post=3537"}],"curies":[{"name":"wp","href":"https:\/\/api.w.org\/{rel}","templated":true}]}}