{"id":3574,"date":"2024-10-17T09:54:35","date_gmt":"2024-10-17T01:54:35","guid":{"rendered":"https:\/\/wxplastmachine.com\/?post_type=product&#038;p=3574"},"modified":"2024-10-17T09:54:35","modified_gmt":"2024-10-17T01:54:35","slug":"multi-function-non-woven-box-bag-making-machine-with-handle-attached","status":"publish","type":"product","link":"https:\/\/wxplastmachine.com\/tr\/urun\/multi-function-non-woven-box-bag-making-machine-with-handle-attached","title":{"rendered":"Sapl\u0131 \u00c7ok Fonksiyonlu Dokuma Kutu \u00c7anta Yapma Makinesi\u00a0"},"content":{"rendered":"<p><strong>\u00dcr\u00fcn Tan\u0131t\u0131m\u0131:<\/strong><\/p>\n<p>\u00c7antalar yapabilir:<br \/>\n1-Dokuma olmayan d\u00fcz torba (iki tarafl\u0131 veya guesset ile m\u00fch\u00fcrleme, her ikisi de tamam)<br \/>\n2-Dokuma olmayan ti\u015f\u00f6rt \u00e7antas\u0131<br \/>\n3-Dokuma olmayan Sapl\u0131 \u00e7anta (guessetli veya de\u011fil, her ikisi de tamam)<br \/>\n4-Dokuma olmayan ayakkab\u0131 \u00e7antas\u0131 (\u00e7anta a\u011fz\u0131nda bir ip ile)<br \/>\n5-Dokumas\u0131z Kutu \u00e7anta<\/p>\n<p>Bu makine sadece dokuma olmayan kuma\u015f malzeme i\u00e7in uygundur, en geli\u015fmi\u015f ekipmand\u0131r ve tam otomatik sap ilmek s\u0131zd\u0131rmazl\u0131k i\u015flevine sahiptir. H\u0131z yakla\u015f\u0131k 20-120 adet \/ dakikad\u0131r, 5 sapl\u0131 yap\u0131\u015ft\u0131rma makinesini \u00e7al\u0131\u015ft\u0131ran 5 i\u015f\u00e7iye e\u015fittir. Sapl\u0131 po\u015fet, kutu po\u015fet, ti\u015f\u00f6rt po\u015fet (yelek po\u015fet), d\u00fcz po\u015fet, ipli po\u015fet vb. gibi farkl\u0131 po\u015fet tipi ve boyutlar\u0131nda dokuma olmayan po\u015fet \u00fcr\u00fcnlerini tam otomatik olarak yapabilir. Giyim, ayakkab\u0131, \u015farap, hediye paketleme vb. alanlarda yayg\u0131n olarak kullan\u0131lmaktad\u0131r. Makine, geleneksel el diki\u015fi yerine i\u015f\u00e7ilik ve \u00fcretim maliyetlerini azaltabilir. D\u00fcnya \u00e7ap\u0131nda \u00e7ok pop\u00fclerdir.<\/p>\n<p><strong><b>Ana Teknik Parametre<\/b><\/strong><strong><b>s:<\/b><\/strong><\/p>\n<table>\n<tbody>\n<tr>\n<td>Dokumas\u0131z \u00c7anta Yapma Makinesi Tipi<\/td>\n<td>WX-DC600<\/td>\n<td>WX-DC700<\/td>\n<td>WX-DC800<\/td>\n<\/tr>\n<tr>\n<td>Torba Yap\u0131m H\u0131z\u0131<\/td>\n<td>20-120 adet\/dak<\/td>\n<td>20-120 adet\/dak<\/td>\n<td>20-120 adet\/dak<\/td>\n<\/tr>\n<tr>\n<td>Sapl\u0131 \u00c7anta H\u0131z\u0131<\/td>\n<td>20-55 adet\/dak<\/td>\n<td>20-55 adet\/dak<\/td>\n<td>20-55 adet\/dak<\/td>\n<\/tr>\n<tr>\n<td>\u00c7anta Uzunlu\u011fu<\/td>\n<td>100-800mm<\/td>\n<td>100-800mm<\/td>\n<td>100-800mm<\/td>\n<\/tr>\n<tr>\n<td>\u00c7anta Geni\u015fli\u011fi<\/td>\n<td>200-480mm<\/td>\n<td>200-580mm<\/td>\n<td>200-680mm<\/td>\n<\/tr>\n<tr>\n<td>Torba Yap\u0131m Kal\u0131nl\u0131\u011f\u0131<\/td>\n<td>30-100g<\/td>\n<td>30-100g<\/td>\n<td>30-100g<\/td>\n<\/tr>\n<tr>\n<td>G\u00fc\u00e7 Kayna\u011f\u0131<\/td>\n<td>380V\/220V<\/td>\n<td>380V\/220V<\/td>\n<td>380V\/220V<\/td>\n<\/tr>\n<tr>\n<td>Toplam G\u00fc\u00e7<\/td>\n<td>12-17KW<\/td>\n<td>12-17KW<\/td>\n<td>12-17KW<\/td>\n<\/tr>\n<tr>\n<td>Genel Boyut (L*W*H)<\/td>\n<td>10.3m*2m*2.1m<\/td>\n<td>10.3m*2m*2.1m<\/td>\n<td>10.3m*2.2m*2.3m<\/td>\n<\/tr>\n<tr>\n<td>A\u011f\u0131rl\u0131k<\/td>\n<td>4000KG<\/td>\n<td>4200KG<\/td>\n<td>4500KG<\/td>\n<\/tr>\n<\/tbody>\n<\/table>\n<p><strong>\u00d6zellikler:<\/strong><\/p>\n<p>1. Bu makine Tayvan dokunmatik ekran bilgisayar ekran\u0131n\u0131, d\u00fczenlenebilen PLC bilgisayar program\u0131n\u0131 benimser.<br \/>\n2. Otomatik saya\u00e7 sayma ve durdurma, serbest\u00e7e say\u0131 ayarlayabilir.<br \/>\n3. Bilgisayar Sabit uzunluk, bask\u0131 renk i\u015fareti izi y\u00f6n\u00fc, Tamamland\u0131\u011f\u0131nda otomatik durdurma.<br \/>\n4. Y\u00fcksek voltajl\u0131 statik i\u015flemci, Otomatik sabit s\u0131cakl\u0131k \u0131s\u0131tma kontrol\u00f6r\u00fc.<br \/>\n5. Bu makine otomatik delme i\u015flevine sahiptir.<\/p>\n<p>6. Manuel, Otomatik yan d\u00fczeltme kontrol\u00fc ile manyetik toz gerginlik kontrol\u00fcn\u00fc \u00e7\u00f6zme.<br \/>\n7. Bu makine, t\u00fcm y\u00f6nleriyle ultrasonik kaynak, torba a\u011fz\u0131 katlama kayna\u011f\u0131, yan s\u0131zd\u0131rmazl\u0131k, bir kez tam tamamlanm\u0131\u015f, h\u0131zl\u0131 h\u0131z, kullan\u0131m\u0131 kolay, sa\u011flam s\u0131zd\u0131rmazl\u0131k, g\u00fczel ve nezih benimser.<\/p>\n<p><strong>\u00a0<\/strong><strong>\u00c7ok fonksiyonlu dokuma olmayan torba yapma makinesi<\/strong><br \/>\n1. D\u00fcz torba (D-kesim torba) (\u00c7evrimi\u00e7i yap\u0131m)<br \/>\n2. Alt k\u00f6\u015febentli d\u00fcz \u00e7anta (\u00c7evrimi\u00e7i yap\u0131m)<br \/>\n3. Ti\u015f\u00f6rt \u00e7antas\u0131 (yelek \u00e7antas\u0131, U kesim veya W kesim) (Delme makinesi gerekir)<br \/>\n4. Sapl\u0131 torba (\u00c7evrimi\u00e7i sap yap\u0131\u015ft\u0131rma makinesi)<br \/>\n5. Kutu torba (Online kol yap\u0131\u015ft\u0131rma makinesi)<br \/>\n6. Ayakkab\u0131 \u00e7antas\u0131 (\u0130p giyme \u00e7antas\u0131)<br \/>\n7. Laminasyon torbas\u0131<\/p>\n<p><strong><b>Sat\u0131n Alma K\u0131lavuzlar\u0131<\/b><\/strong><strong><b>:<\/b><\/strong><\/p>\n<p>Say\u0131n al\u0131c\u0131,<br \/>\nSize en uygun makineyi sunmak i\u00e7in, bize soru\u015fturma g\u00f6ndermeden \u00f6nce a\u015fa\u011f\u0131daki \u00f6zellikleri sunman\u0131z daha iyi olur. T\u00fcm tedarik\u00e7iler size \u00f6rnek teklif g\u00f6nderebilir, ancak net gereksiniminizi ald\u0131ktan sonra size en iyi teklifi g\u00f6ndermeyi umuyoruz.<\/p>\n<p>1. Ne t\u00fcr \u00e7antalar \u00fcretmek istiyorsunuz? (l\u00fctfen pazar\u0131n\u0131z\u0131 iyi inceleyin)<br \/>\n2. \u00c7antan\u0131n eni ve boyunun maksimum boyutu nedir?<br \/>\n3. \u00c7antalara renkli bask\u0131 yapman\u0131z gerekecek mi?<\/p>\n<p><strong><b>SSS:<\/b><\/strong><\/p>\n<p>1. \u00dcr\u00fcnlerinizin garantisi nas\u0131l?<br \/>\nBir y\u0131l (12 ay) Garanti, konteynerin M\u00fc\u015fterilerin fabrikas\u0131na ula\u015ft\u0131\u011f\u0131 tarihten itibaren sa\u011flanacakt\u0131r. garanti s\u00fcresi i\u00e7inde kalite sorunu nedeniyle makine par\u00e7alar\u0131 k\u0131r\u0131l\u0131rsa, \u00fccretsiz olarak yeni par\u00e7a g\u00f6nderece\u011fiz (Herhangi bir yapay yanl\u0131\u015f kullan\u0131m veya tahribat, Kalite Garantisi s\u0131n\u0131rlamas\u0131na dahil de\u011fildir).<\/p>\n<p>2. \u00d6deme ve teslimat ko\u015fullar\u0131n\u0131z nelerdir?<br \/>\n\u00d6deme s\u00fcresi:<br \/>\n1) T \/ T, \u00f6n \u00f6demeli olarak 30%, teslimattan \u00f6nce 70%<br \/>\n2) L \/ C, T \/ T ile 30%, g\u00f6r\u00fcn\u00fcrde L \/ C olarak 70%<br \/>\nTeslimat s\u00fcresi: Standart 30-40 i\u015f g\u00fcn\u00fc i\u00e7inde olacakt\u0131r<\/p>\n<p>3. Makine sipari\u015f edersek hangi Teknik Deste\u011fi alabiliriz?<br \/>\nKurulum \u00c7izimleri, Temel kullan\u0131m talimatlar\u0131, Video ve Foto\u011fraflar arac\u0131l\u0131\u011f\u0131yla operasyon a\u00e7\u0131klamas\u0131, Gerekirse teknik destek i\u00e7in \u00e7evrimi\u00e7i g\u00f6r\u00fcnt\u00fcl\u00fc arama sa\u011flayabiliriz.<\/p>\n<p><img fetchpriority=\"high\" decoding=\"async\" class=\"alignnone size-full wp-image-3572\" src=\"https:\/\/wxplastmachine.com\/wp-content\/uploads\/2024\/10\/\u5fae\u4fe1\u622a\u56fe_20240914105142.jpg\" alt=\"\" width=\"745\" height=\"460\" srcset=\"https:\/\/wxplastmachine.com\/wp-content\/uploads\/2024\/10\/\u5fae\u4fe1\u622a\u56fe_20240914105142.jpg 745w, https:\/\/wxplastmachine.com\/wp-content\/uploads\/2024\/10\/\u5fae\u4fe1\u622a\u56fe_20240914105142-300x185.jpg 300w, https:\/\/wxplastmachine.com\/wp-content\/uploads\/2024\/10\/\u5fae\u4fe1\u622a\u56fe_20240914105142-18x12.jpg 18w, https:\/\/wxplastmachine.com\/wp-content\/uploads\/2024\/10\/\u5fae\u4fe1\u622a\u56fe_20240914105142-600x370.jpg 600w\" sizes=\"(max-width: 745px) 100vw, 745px\" \/> <img decoding=\"async\" class=\"alignnone size-full wp-image-3571\" src=\"https:\/\/wxplastmachine.com\/wp-content\/uploads\/2024\/10\/\u5fae\u4fe1\u622a\u56fe_20240914103727.jpg\" alt=\"\" width=\"796\" height=\"483\" srcset=\"https:\/\/wxplastmachine.com\/wp-content\/uploads\/2024\/10\/\u5fae\u4fe1\u622a\u56fe_20240914103727.jpg 796w, https:\/\/wxplastmachine.com\/wp-content\/uploads\/2024\/10\/\u5fae\u4fe1\u622a\u56fe_20240914103727-300x182.jpg 300w, https:\/\/wxplastmachine.com\/wp-content\/uploads\/2024\/10\/\u5fae\u4fe1\u622a\u56fe_20240914103727-768x466.jpg 768w, https:\/\/wxplastmachine.com\/wp-content\/uploads\/2024\/10\/\u5fae\u4fe1\u622a\u56fe_20240914103727-18x12.jpg 18w, https:\/\/wxplastmachine.com\/wp-content\/uploads\/2024\/10\/\u5fae\u4fe1\u622a\u56fe_20240914103727-600x364.jpg 600w\" sizes=\"(max-width: 796px) 100vw, 796px\" \/><\/p>","protected":false},"excerpt":{"rendered":"<p>Product Introduction: Bags can make: 1-Non woven flat bag(sealing in two side or with guesset, both ok) 2-Non woven T-shirt bag 3-Non woven Handle bag (with guesset or not, both ok) 4-Non Woven shoes bag(with one rope on the bag mouth) 5-Non Woven Box bag This machine is suitable for non woven fabric material only,\u00a0it [&hellip;]<\/p>","protected":false},"featured_media":3570,"comment_status":"open","ping_status":"closed","template":"","meta":{"site-sidebar-layout":"default","site-content-layout":"","ast-site-content-layout":"default","site-content-style":"default","site-sidebar-style":"default","ast-global-header-display":"","ast-banner-title-visibility":"","ast-main-header-display":"","ast-hfb-above-header-display":"","ast-hfb-below-header-display":"","ast-hfb-mobile-header-display":"","site-post-title":"","ast-breadcrumbs-content":"","ast-featured-img":"","footer-sml-layout":"","theme-transparent-header-meta":"default","adv-header-id-meta":"","stick-header-meta":"","header-above-stick-meta":"","header-main-stick-meta":"","header-below-stick-meta":"","astra-migrate-meta-layouts":"set","ast-page-background-enabled":"default","ast-page-background-meta":{"desktop":{"background-color":"","background-image":"","background-repeat":"repeat","background-position":"center center","background-size":"auto","background-attachment":"scroll","background-type":"","background-media":"","overlay-type":"","overlay-color":"","overlay-gradient":""},"tablet":{"background-color":"","background-image":"","background-repeat":"repeat","background-position":"center center","background-size":"auto","background-attachment":"scroll","background-type":"","background-media":"","overlay-type":"","overlay-color":"","overlay-gradient":""},"mobile":{"background-color":"","background-image":"","background-repeat":"repeat","background-position":"center center","background-size":"auto","background-attachment":"scroll","background-type":"","background-media":"","overlay-type":"","overlay-color":"","overlay-gradient":""}},"ast-content-background-meta":{"desktop":{"background-color":"var(--ast-global-color-5)","background-image":"","background-repeat":"repeat","background-position":"center center","background-size":"auto","background-attachment":"scroll","background-type":"","background-media":"","overlay-type":"","overlay-color":"","overlay-gradient":""},"tablet":{"background-color":"var(--ast-global-color-5)","background-image":"","background-repeat":"repeat","background-position":"center center","background-size":"auto","background-attachment":"scroll","background-type":"","background-media":"","overlay-type":"","overlay-color":"","overlay-gradient":""},"mobile":{"background-color":"var(--ast-global-color-5)","background-image":"","background-repeat":"repeat","background-position":"center center","background-size":"auto","background-attachment":"scroll","background-type":"","background-media":"","overlay-type":"","overlay-color":"","overlay-gradient":""}}},"product_cat":[182,144],"product_tag":[],"jetpack_sharing_enabled":true,"_links":{"self":[{"href":"https:\/\/wxplastmachine.com\/tr\/wp-json\/wp\/v2\/product\/3574"}],"collection":[{"href":"https:\/\/wxplastmachine.com\/tr\/wp-json\/wp\/v2\/product"}],"about":[{"href":"https:\/\/wxplastmachine.com\/tr\/wp-json\/wp\/v2\/types\/product"}],"replies":[{"embeddable":true,"href":"https:\/\/wxplastmachine.com\/tr\/wp-json\/wp\/v2\/comments?post=3574"}],"wp:featuredmedia":[{"embeddable":true,"href":"https:\/\/wxplastmachine.com\/tr\/wp-json\/wp\/v2\/media\/3570"}],"wp:attachment":[{"href":"https:\/\/wxplastmachine.com\/tr\/wp-json\/wp\/v2\/media?parent=3574"}],"wp:term":[{"taxonomy":"product_cat","embeddable":true,"href":"https:\/\/wxplastmachine.com\/tr\/wp-json\/wp\/v2\/product_cat?post=3574"},{"taxonomy":"product_tag","embeddable":true,"href":"https:\/\/wxplastmachine.com\/tr\/wp-json\/wp\/v2\/product_tag?post=3574"}],"curies":[{"name":"wp","href":"https:\/\/api.w.org\/{rel}","templated":true}]}}