{"id":3587,"date":"2024-10-17T10:14:54","date_gmt":"2024-10-17T02:14:54","guid":{"rendered":"https:\/\/wxplastmachine.com\/?post_type=product&#038;p=3587"},"modified":"2024-10-17T10:14:54","modified_gmt":"2024-10-17T02:14:54","slug":"three-side-four-side-central-sealing-plastic-laminated-stand-up-doypack-pouch-zipper-bag-making-machine","status":"publish","type":"product","link":"https:\/\/wxplastmachine.com\/tr\/urun\/three-side-four-side-central-sealing-plastic-laminated-stand-up-doypack-pouch-zipper-bag-making-machine","title":{"rendered":"\u00dc\u00e7 Tarafl\u0131 D\u00f6rt Tarafl\u0131 ve Merkezi S\u0131zd\u0131rmazl\u0131k Plastik Lamine Stand up Doypack K\u0131l\u0131f\u0131 Fermuarl\u0131 \u00c7anta Yapma Makinesi\u00a0"},"content":{"rendered":"<p>Bu makine, fermuarl\u0131 veya fermuars\u0131z 3 taraf\u0131 s\u0131zd\u0131rmaz po\u015fet, fermuarl\u0131 po\u015fetler ve \u00fc\u00e7\u00fcnc\u00fc film yerle\u015ftirilmi\u015f doypack dik po\u015fet ve k\u00f6\u015febentli orta s\u0131zd\u0131rmaz po\u015fet yapmak i\u00e7in kullan\u0131lan \u00e7ok i\u015flevli lamine 3 taraf\u0131 s\u0131zd\u0131rmaz dik po\u015fet makinesidir.<\/p>\n<p>Standart model 1000mm, 1200mm makara geni\u015fli\u011fini y\u00fckleyebilir.<\/p>\n<p>Bu makine end\u00fcstriyel bilgisayar (PLC) ve AC servo motor sistemini benimser. Ana makine s\u00fcr\u00fcc\u00fcs\u00fcn\u00fcn \u00fcst ve alt servo kontrol\u00fcn\u00fc ger\u00e7ekle\u015ftirebilir. Film beslemenin iki servo kontrol\u00fc ile y\u00fcksek kaliteli ve y\u00fcksek verimli bir torba yapma makinesidir.<\/p>\n<p>Bu makinenin kullan\u0131m\u0131 kolayd\u0131r, farkl\u0131 tip po\u015fet torbalar i\u00e7in torba yapma cihaz\u0131n\u0131 de\u011fi\u015ftirmek h\u0131zl\u0131d\u0131r:<\/p>\n<p>* Orta M\u00fch\u00fcrl\u00fc Torba<\/p>\n<p>* K\u00f6r\u00fckl\u00fc Orta S\u0131zd\u0131rmazl\u0131k Torbas\u0131<\/p>\n<p>* K\u00f6r\u00fckl\u00fc Fermuarl\u0131 \u00c7anta<\/p>\n<p>* 3 Tarafl\u0131 S\u0131zd\u0131rmazl\u0131k<\/p>\n<p>* 4 Yan M\u00fch\u00fcrl\u00fc Torba<\/p>\n<table>\n<tbody>\n<tr>\n<td width=\"20.4400%\">Model<\/td>\n<td width=\"79.5400%\">WX-CTFZ600<\/td>\n<\/tr>\n<tr>\n<td width=\"20.4400%\">Makine tipi<\/td>\n<td width=\"79.5400%\">\u00dc\u00e7 Tarafl\u0131 S\u0131zd\u0131rmazl\u0131k \/ D\u00f6rt Tarafl\u0131 S\u0131zd\u0131rmazl\u0131k \/ Merkez S\u0131zd\u0131rmazl\u0131k Torbas\u0131 Yapma Makinesi<\/td>\n<\/tr>\n<tr>\n<td width=\"20.4400%\">Uygulanabilir Malzeme<\/td>\n<td width=\"79.5400%\">BOPP, COPP, PET, PVC, Naylon, \u00e7ok katmanl\u0131 ekstr\u00fczyon filmi gibi lamine film<\/td>\n<\/tr>\n<tr>\n<td width=\"20.4400%\">Torba Geni\u015flik Aral\u0131\u011f\u0131<\/td>\n<td width=\"79.5400%\">400\/500\/600mm Maks.<\/td>\n<\/tr>\n<tr>\n<td width=\"20.4400%\">\u00c7anta Uzunlu\u011fu<\/td>\n<td width=\"79.5400%\">Maksimum 400 mm (fazla uzunluktaki torbalar i\u00e7in atlama fonksiyonu)<\/td>\n<\/tr>\n<tr>\n<td width=\"20.4400%\">&nbsp;<\/td>\n<td width=\"79.5400%\">120-270mm (\u00e7ift \u015feritli)<\/td>\n<\/tr>\n<tr>\n<td width=\"20.4400%\">H\u0131z<\/td>\n<td width=\"79.5400%\">140 adet\/dakika (fermuarl\u0131)<br \/>\n200 adet\/dakika (fermuars\u0131z)<br \/>\n(\u00c7anta tipine ve malzemesine g\u00f6re de\u011fi\u015fir)<\/td>\n<\/tr>\n<tr>\n<td width=\"20.4400%\">G\u00fc\u00e7<\/td>\n<td width=\"79.5400%\">26.5kw<\/td>\n<\/tr>\n<tr>\n<td width=\"20.4400%\">Boyut (L\u00d7W\u00d7H)<\/td>\n<td width=\"79.5400%\">12000*2000*2000mm<\/td>\n<\/tr>\n<\/tbody>\n<\/table>\n<p><strong>Not:<\/strong><\/p>\n<p>Size do\u011fru bilgi ve fiyatla bir teklif sunabilmemiz i\u00e7in l\u00fctfen uygulanan makara geni\u015fli\u011fi, torba yap\u0131m t\u00fcr\u00fc ve boyutu (Geni\u015flik x Y\u00fckseklik) ile ilgili \u00f6zellikleri bize g\u00f6nderin.<\/p>\n<p><strong><b>SSS:<\/b><\/strong><\/p>\n<p>1. \u00dcr\u00fcnlerinizin garantisi nas\u0131l?<br \/>\nBir y\u0131l (12 ay) Garanti, konteynerin M\u00fc\u015fterilerin fabrikas\u0131na ula\u015ft\u0131\u011f\u0131 tarihten itibaren sa\u011flanacakt\u0131r. garanti s\u00fcresi i\u00e7inde kalite sorunu nedeniyle makine par\u00e7alar\u0131 k\u0131r\u0131l\u0131rsa, \u00fccretsiz olarak yeni par\u00e7a g\u00f6nderece\u011fiz (Herhangi bir yapay yanl\u0131\u015f kullan\u0131m veya tahribat, Kalite Garantisi s\u0131n\u0131rlamas\u0131na dahil de\u011fildir).<\/p>\n<p>2. \u00d6deme ve teslimat ko\u015fullar\u0131n\u0131z nelerdir?<br \/>\n\u00d6deme s\u00fcresi:<br \/>\n1) T \/ T, \u00f6n \u00f6demeli olarak 30%, teslimattan \u00f6nce 70%<br \/>\n2) L \/ C, T \/ T ile 30%, g\u00f6r\u00fcn\u00fcrde L \/ C olarak 70%<br \/>\nTeslimat s\u00fcresi: Standart 30-40 i\u015f g\u00fcn\u00fc i\u00e7inde olacakt\u0131r<\/p>\n<p>3. Makine sipari\u015f edersek hangi Teknik Deste\u011fi alabiliriz?<br \/>\nKurulum \u00c7izimleri, Temel kullan\u0131m talimatlar\u0131, Video ve Foto\u011fraflar arac\u0131l\u0131\u011f\u0131yla operasyon a\u00e7\u0131klamas\u0131, Gerekirse teknik destek i\u00e7in \u00e7evrimi\u00e7i g\u00f6r\u00fcnt\u00fcl\u00fc arama sa\u011flayabiliriz.<\/p>\n<p><img fetchpriority=\"high\" decoding=\"async\" class=\"alignnone size-full wp-image-3591\" src=\"https:\/\/wxplastmachine.com\/wp-content\/uploads\/2024\/10\/\u5fae\u4fe1\u622a\u56fe_20240926150629.jpg\" alt=\"\" width=\"746\" height=\"313\" srcset=\"https:\/\/wxplastmachine.com\/wp-content\/uploads\/2024\/10\/\u5fae\u4fe1\u622a\u56fe_20240926150629.jpg 746w, https:\/\/wxplastmachine.com\/wp-content\/uploads\/2024\/10\/\u5fae\u4fe1\u622a\u56fe_20240926150629-300x126.jpg 300w, https:\/\/wxplastmachine.com\/wp-content\/uploads\/2024\/10\/\u5fae\u4fe1\u622a\u56fe_20240926150629-18x8.jpg 18w, https:\/\/wxplastmachine.com\/wp-content\/uploads\/2024\/10\/\u5fae\u4fe1\u622a\u56fe_20240926150629-600x252.jpg 600w\" sizes=\"(max-width: 746px) 100vw, 746px\" \/><\/p>","protected":false},"excerpt":{"rendered":"<p>This machine is multi functional laminated 3 side sealing stand up pouch machine, which is used for making 3 side seal pouch with or without zipper, zipper bags, and third film inserted doypack stand up pouch as well as center sealing bag with gusset. Standard model is able to load reel width 1000mm, 1200mm. This [&hellip;]<\/p>","protected":false},"featured_media":3588,"comment_status":"open","ping_status":"closed","template":"","meta":{"site-sidebar-layout":"default","site-content-layout":"","ast-site-content-layout":"default","site-content-style":"default","site-sidebar-style":"default","ast-global-header-display":"","ast-banner-title-visibility":"","ast-main-header-display":"","ast-hfb-above-header-display":"","ast-hfb-below-header-display":"","ast-hfb-mobile-header-display":"","site-post-title":"","ast-breadcrumbs-content":"","ast-featured-img":"","footer-sml-layout":"","theme-transparent-header-meta":"default","adv-header-id-meta":"","stick-header-meta":"","header-above-stick-meta":"","header-main-stick-meta":"","header-below-stick-meta":"","astra-migrate-meta-layouts":"set","ast-page-background-enabled":"default","ast-page-background-meta":{"desktop":{"background-color":"","background-image":"","background-repeat":"repeat","background-position":"center center","background-size":"auto","background-attachment":"scroll","background-type":"","background-media":"","overlay-type":"","overlay-color":"","overlay-gradient":""},"tablet":{"background-color":"","background-image":"","background-repeat":"repeat","background-position":"center center","background-size":"auto","background-attachment":"scroll","background-type":"","background-media":"","overlay-type":"","overlay-color":"","overlay-gradient":""},"mobile":{"background-color":"","background-image":"","background-repeat":"repeat","background-position":"center center","background-size":"auto","background-attachment":"scroll","background-type":"","background-media":"","overlay-type":"","overlay-color":"","overlay-gradient":""}},"ast-content-background-meta":{"desktop":{"background-color":"var(--ast-global-color-5)","background-image":"","background-repeat":"repeat","background-position":"center center","background-size":"auto","background-attachment":"scroll","background-type":"","background-media":"","overlay-type":"","overlay-color":"","overlay-gradient":""},"tablet":{"background-color":"var(--ast-global-color-5)","background-image":"","background-repeat":"repeat","background-position":"center center","background-size":"auto","background-attachment":"scroll","background-type":"","background-media":"","overlay-type":"","overlay-color":"","overlay-gradient":""},"mobile":{"background-color":"var(--ast-global-color-5)","background-image":"","background-repeat":"repeat","background-position":"center center","background-size":"auto","background-attachment":"scroll","background-type":"","background-media":"","overlay-type":"","overlay-color":"","overlay-gradient":""}}},"product_cat":[184,144],"product_tag":[],"jetpack_sharing_enabled":true,"_links":{"self":[{"href":"https:\/\/wxplastmachine.com\/tr\/wp-json\/wp\/v2\/product\/3587"}],"collection":[{"href":"https:\/\/wxplastmachine.com\/tr\/wp-json\/wp\/v2\/product"}],"about":[{"href":"https:\/\/wxplastmachine.com\/tr\/wp-json\/wp\/v2\/types\/product"}],"replies":[{"embeddable":true,"href":"https:\/\/wxplastmachine.com\/tr\/wp-json\/wp\/v2\/comments?post=3587"}],"wp:featuredmedia":[{"embeddable":true,"href":"https:\/\/wxplastmachine.com\/tr\/wp-json\/wp\/v2\/media\/3588"}],"wp:attachment":[{"href":"https:\/\/wxplastmachine.com\/tr\/wp-json\/wp\/v2\/media?parent=3587"}],"wp:term":[{"taxonomy":"product_cat","embeddable":true,"href":"https:\/\/wxplastmachine.com\/tr\/wp-json\/wp\/v2\/product_cat?post=3587"},{"taxonomy":"product_tag","embeddable":true,"href":"https:\/\/wxplastmachine.com\/tr\/wp-json\/wp\/v2\/product_tag?post=3587"}],"curies":[{"name":"wp","href":"https:\/\/api.w.org\/{rel}","templated":true}]}}