{"id":3594,"date":"2024-10-17T10:23:20","date_gmt":"2024-10-17T02:23:20","guid":{"rendered":"https:\/\/wxplastmachine.com\/?post_type=product&#038;p=3594"},"modified":"2024-10-17T10:23:20","modified_gmt":"2024-10-17T02:23:20","slug":"two-sided-pe-air-bubble-epe-form-bag-making-machine","status":"publish","type":"product","link":"https:\/\/wxplastmachine.com\/tr\/urun\/two-sided-pe-air-bubble-epe-form-bag-making-machine","title":{"rendered":"\u0130ki Tarafl\u0131 PE Hava Kabarc\u0131\u011f\u0131 ve EPE Form Torba Yapma Makinesi"},"content":{"rendered":"<p>Uygun Malzeme: Hava Kabarc\u0131\u011f\u0131 Filmi \/ EPE K\u00f6p\u00fck (kaplamal\u0131). Makine \u00f6zellikle PE kapl\u0131 EPE k\u00f6p\u00fck i\u00e7in kullan\u0131l\u0131r, ayr\u0131ca hava kabarc\u0131\u011f\u0131 film malzemesi i\u00e7in de kullan\u0131labilir. elektronik bile\u015fenlerin \u00fcretimi i\u00e7in yayg\u0131n olarak kullan\u0131l\u0131r, oyuncak \u00e7antas\u0131 i\u00e7in iyi bir paket, s\u0131v\u0131 kristal ekran \u00e7antas\u0131, vb.<\/p>\n<table>\n<tbody>\n<tr>\n<td width=\"45.0800%\">Model<\/td>\n<td width=\"16.4600%\">WX80-BM<\/td>\n<td width=\"18.7200%\">WX100-BM<\/td>\n<td width=\"19.7000%\">\u00a0WX120-BM<\/td>\n<\/tr>\n<tr>\n<td width=\"45.0800%\">Malzeme<\/td>\n<td colspan=\"3\" width=\"54.9000%\">Hava Kabarc\u0131kl\u0131 Film\/EPE K\u00f6p\u00fck<\/td>\n<\/tr>\n<tr>\n<td width=\"45.0800%\">Maksimum Geni\u015flik\uff08mm\uff09<\/td>\n<td width=\"16.4600%\">70-700<\/td>\n<td width=\"18.7200%\">70-900<\/td>\n<td width=\"19.7000%\">70-1200<\/td>\n<\/tr>\n<tr>\n<td width=\"45.0800%\">Maksimum Uzunluk\uff08mm\uff09<\/td>\n<td width=\"16.4600%\">70-1000<\/td>\n<td width=\"18.7200%\">70-1000<\/td>\n<td width=\"19.7000%\">70-1000<\/td>\n<\/tr>\n<tr>\n<td width=\"45.0800%\">Kapasite (torba\/dak)<\/td>\n<td width=\"16.4600%\">30-120<\/td>\n<td width=\"18.7200%\">30-120<\/td>\n<td width=\"19.7000%\">30-120<\/td>\n<\/tr>\n<tr>\n<td width=\"45.0800%\">Toplam G\u00fc\u00e7 (kW)<\/td>\n<td width=\"16.4600%\">5.0<\/td>\n<td width=\"18.7200%\">5.5<\/td>\n<td width=\"19.7000%\">6.5<\/td>\n<\/tr>\n<tr>\n<td width=\"45.0800%\">A\u011f\u0131rl\u0131k (kg)<\/td>\n<td width=\"16.4600%\">1000<\/td>\n<td width=\"18.7200%\">1200<\/td>\n<td width=\"19.7000%\">1400<\/td>\n<\/tr>\n<\/tbody>\n<\/table>\n<p><strong><b>SSS:<\/b><\/strong><\/p>\n<p>1. \u00dcr\u00fcnlerinizin garantisi nas\u0131l?<br \/>\nBir y\u0131l (12 ay) Garanti, konteynerin M\u00fc\u015fterilerin fabrikas\u0131na ula\u015ft\u0131\u011f\u0131 tarihten itibaren sa\u011flanacakt\u0131r. garanti s\u00fcresi i\u00e7inde kalite sorunu nedeniyle makine par\u00e7alar\u0131 k\u0131r\u0131l\u0131rsa, \u00fccretsiz olarak yeni par\u00e7a g\u00f6nderece\u011fiz (Herhangi bir yapay yanl\u0131\u015f kullan\u0131m veya tahribat, Kalite Garantisi s\u0131n\u0131rlamas\u0131na dahil de\u011fildir).<\/p>\n<p>2. \u00d6deme ve teslimat ko\u015fullar\u0131n\u0131z nelerdir?<br \/>\n\u00d6deme s\u00fcresi:<br \/>\n1) T \/ T, \u00f6n \u00f6demeli olarak 30%, teslimattan \u00f6nce 70%<br \/>\n2) L \/ C, T \/ T ile 30%, g\u00f6r\u00fcn\u00fcrde L \/ C olarak 70%<br \/>\nTeslimat s\u00fcresi: Standart 30-40 i\u015f g\u00fcn\u00fc i\u00e7inde olacakt\u0131r<\/p>\n<p>3. Makine sipari\u015f edersek hangi Teknik Deste\u011fi alabiliriz?<br \/>\nKurulum \u00c7izimleri, Temel kullan\u0131m talimatlar\u0131, Video ve Foto\u011fraflar arac\u0131l\u0131\u011f\u0131yla operasyon a\u00e7\u0131klamas\u0131, Gerekirse teknik destek i\u00e7in \u00e7evrimi\u00e7i g\u00f6r\u00fcnt\u00fcl\u00fc arama sa\u011flayabiliriz.<\/p>\n<p>&nbsp;<\/p>","protected":false},"excerpt":{"rendered":"<p>Suitable Material:\u00a0Air Bubble Film\/ EPE Foam(with coating). The machine is specially used for PE coated EPE foam also be used for air bubble film material.It is widely used for the production of electronic components, a good package for the toy bag, liquid crystal screen bag, etc. Model WX80-BM WX100-BM \u00a0WX120-BM Material Air Bubble Film\/EPE Foam [&hellip;]<\/p>","protected":false},"featured_media":3595,"comment_status":"open","ping_status":"closed","template":"","meta":{"site-sidebar-layout":"default","site-content-layout":"","ast-site-content-layout":"default","site-content-style":"default","site-sidebar-style":"default","ast-global-header-display":"","ast-banner-title-visibility":"","ast-main-header-display":"","ast-hfb-above-header-display":"","ast-hfb-below-header-display":"","ast-hfb-mobile-header-display":"","site-post-title":"","ast-breadcrumbs-content":"","ast-featured-img":"","footer-sml-layout":"","theme-transparent-header-meta":"default","adv-header-id-meta":"","stick-header-meta":"","header-above-stick-meta":"","header-main-stick-meta":"","header-below-stick-meta":"","astra-migrate-meta-layouts":"set","ast-page-background-enabled":"default","ast-page-background-meta":{"desktop":{"background-color":"","background-image":"","background-repeat":"repeat","background-position":"center center","background-size":"auto","background-attachment":"scroll","background-type":"","background-media":"","overlay-type":"","overlay-color":"","overlay-gradient":""},"tablet":{"background-color":"","background-image":"","background-repeat":"repeat","background-position":"center center","background-size":"auto","background-attachment":"scroll","background-type":"","background-media":"","overlay-type":"","overlay-color":"","overlay-gradient":""},"mobile":{"background-color":"","background-image":"","background-repeat":"repeat","background-position":"center center","background-size":"auto","background-attachment":"scroll","background-type":"","background-media":"","overlay-type":"","overlay-color":"","overlay-gradient":""}},"ast-content-background-meta":{"desktop":{"background-color":"var(--ast-global-color-5)","background-image":"","background-repeat":"repeat","background-position":"center center","background-size":"auto","background-attachment":"scroll","background-type":"","background-media":"","overlay-type":"","overlay-color":"","overlay-gradient":""},"tablet":{"background-color":"var(--ast-global-color-5)","background-image":"","background-repeat":"repeat","background-position":"center center","background-size":"auto","background-attachment":"scroll","background-type":"","background-media":"","overlay-type":"","overlay-color":"","overlay-gradient":""},"mobile":{"background-color":"var(--ast-global-color-5)","background-image":"","background-repeat":"repeat","background-position":"center center","background-size":"auto","background-attachment":"scroll","background-type":"","background-media":"","overlay-type":"","overlay-color":"","overlay-gradient":""}}},"product_cat":[185,144],"product_tag":[],"jetpack_sharing_enabled":true,"_links":{"self":[{"href":"https:\/\/wxplastmachine.com\/tr\/wp-json\/wp\/v2\/product\/3594"}],"collection":[{"href":"https:\/\/wxplastmachine.com\/tr\/wp-json\/wp\/v2\/product"}],"about":[{"href":"https:\/\/wxplastmachine.com\/tr\/wp-json\/wp\/v2\/types\/product"}],"replies":[{"embeddable":true,"href":"https:\/\/wxplastmachine.com\/tr\/wp-json\/wp\/v2\/comments?post=3594"}],"wp:featuredmedia":[{"embeddable":true,"href":"https:\/\/wxplastmachine.com\/tr\/wp-json\/wp\/v2\/media\/3595"}],"wp:attachment":[{"href":"https:\/\/wxplastmachine.com\/tr\/wp-json\/wp\/v2\/media?parent=3594"}],"wp:term":[{"taxonomy":"product_cat","embeddable":true,"href":"https:\/\/wxplastmachine.com\/tr\/wp-json\/wp\/v2\/product_cat?post=3594"},{"taxonomy":"product_tag","embeddable":true,"href":"https:\/\/wxplastmachine.com\/tr\/wp-json\/wp\/v2\/product_tag?post=3594"}],"curies":[{"name":"wp","href":"https:\/\/api.w.org\/{rel}","templated":true}]}}