{"id":3597,"date":"2024-10-17T10:28:53","date_gmt":"2024-10-17T02:28:53","guid":{"rendered":"https:\/\/wxplastmachine.com\/?post_type=product&#038;p=3597"},"modified":"2024-10-17T10:28:53","modified_gmt":"2024-10-17T02:28:53","slug":"high-speed-kraft-paper-air-bubble-courier-mailer-envelope-bag-making-machine","status":"publish","type":"product","link":"https:\/\/wxplastmachine.com\/tr\/urun\/high-speed-kraft-paper-air-bubble-courier-mailer-envelope-bag-making-machine","title":{"rendered":"Y\u00fcksek H\u0131zl\u0131 Kraft Ka\u011f\u0131t Hava Kabarc\u0131\u011f\u0131 Kurye Postas\u0131 Zarf Torba Yapma Makinesi"},"content":{"rendered":"<p>Air bubble film envelop making machine is special for epe foam, air bubble film bag which widely used as shockproof bags, fragile products packing. This machine is used for making paper\/kraft\/film laminated bubble envelope bag, which kind of bags are widely used for protect products and mailing.<\/p>\n<p><strong><b>Air Bubble Bag Making MachineTechnical Parameters\uff1a<\/b><\/strong><\/p>\n<p>1.Suitable bags: Poly bubble mailer and Kraft bubble mailer.<\/p>\n<p>(The machine can make laminating and folding two side seal bubble envelope.)<\/p>\n<p>2.Mechanical executing speed: 90 pcs\/min<\/p>\n<p>(The actual speed of making bags may differ according to the size of bags, thickness of materials and time of fusing.)<\/p>\n<p>3. Max width of bag:<\/p>\n<p>One line: 800mm (including the envelope flap)<\/p>\n<p>Double line: 400mm (including the envelope flap)<\/p>\n<p>4.Maximum length of bag:\u00a0\u00a0\u00a0 400mm<\/p>\n<p>5.Maximum width of unwinding: paper or film: 1400mm\u00a0 bubble 1350mm<\/p>\n<p>6.Maximum diameter of unwinding: paper or film\u00a0\u03a6800mm, bubble\u00a0\u03a61300mm<\/p>\n<p>7.Weight of machine: 8500kg<\/p>\n<p>8.Overall dimension: 23000X2600X2400mm(L\u00d7W\u00d7H)<\/p>\n<p>9.Power required: 80KW<\/p>\n<p>10.Voltage: three-phase five-wire, AC 380V 50Hz<\/p>\n<p>(three firing line, one null line, one ground lead)<\/p>\n<p><strong><b>Air Bubble Bag Making\u00a0Machine\u00a0Main Configuration\uff1a<\/b><\/strong><\/p>\n<p>1.COMPUTER CONTROL<\/p>\n<p>2.Cutter<\/p>\n<p>3.Material pulling<\/p>\n<p>4.Gluing<\/p>\n<p>5.The main function of main engine is to mold the compounded material by heating pressing and sealing.<\/p>\n<p>6.Folding part<\/p>\n<p>7.Feeding part<\/p>\n<p><strong><b>SSS:<\/b><\/strong><\/p>\n<p>1. \u00dcr\u00fcnlerinizin garantisi nas\u0131l?<br \/>\nBir y\u0131l (12 ay) Garanti, konteynerin M\u00fc\u015fterilerin fabrikas\u0131na ula\u015ft\u0131\u011f\u0131 tarihten itibaren sa\u011flanacakt\u0131r. garanti s\u00fcresi i\u00e7inde kalite sorunu nedeniyle makine par\u00e7alar\u0131 k\u0131r\u0131l\u0131rsa, \u00fccretsiz olarak yeni par\u00e7a g\u00f6nderece\u011fiz (Herhangi bir yapay yanl\u0131\u015f kullan\u0131m veya tahribat, Kalite Garantisi s\u0131n\u0131rlamas\u0131na dahil de\u011fildir).<\/p>\n<p>2. \u00d6deme ve teslimat ko\u015fullar\u0131n\u0131z nelerdir?<br \/>\n\u00d6deme s\u00fcresi:<br \/>\n1) T \/ T, \u00f6n \u00f6demeli olarak 30%, teslimattan \u00f6nce 70%<br \/>\n2) L \/ C, T \/ T ile 30%, g\u00f6r\u00fcn\u00fcrde L \/ C olarak 70%<br \/>\nTeslimat s\u00fcresi: Standart 30-40 i\u015f g\u00fcn\u00fc i\u00e7inde olacakt\u0131r<\/p>\n<p>3. Makine sipari\u015f edersek hangi Teknik Deste\u011fi alabiliriz?<br \/>\nKurulum \u00c7izimleri, Temel kullan\u0131m talimatlar\u0131, Video ve Foto\u011fraflar arac\u0131l\u0131\u011f\u0131yla operasyon a\u00e7\u0131klamas\u0131, Gerekirse teknik destek i\u00e7in \u00e7evrimi\u00e7i g\u00f6r\u00fcnt\u00fcl\u00fc arama sa\u011flayabiliriz.<\/p>","protected":false},"excerpt":{"rendered":"<p>Air bubble film envelop making machine is special for epe foam, air bubble film bag which widely used as shockproof bags, fragile products packing. This machine is used for making paper\/kraft\/film laminated bubble envelope bag, which kind of bags are widely used for protect products and mailing. Air Bubble Bag Making MachineTechnical Parameters\uff1a 1.Suitable bags: [&hellip;]<\/p>","protected":false},"featured_media":3598,"comment_status":"open","ping_status":"closed","template":"","meta":{"site-sidebar-layout":"default","site-content-layout":"","ast-site-content-layout":"default","site-content-style":"default","site-sidebar-style":"default","ast-global-header-display":"","ast-banner-title-visibility":"","ast-main-header-display":"","ast-hfb-above-header-display":"","ast-hfb-below-header-display":"","ast-hfb-mobile-header-display":"","site-post-title":"","ast-breadcrumbs-content":"","ast-featured-img":"","footer-sml-layout":"","theme-transparent-header-meta":"default","adv-header-id-meta":"","stick-header-meta":"","header-above-stick-meta":"","header-main-stick-meta":"","header-below-stick-meta":"","astra-migrate-meta-layouts":"set","ast-page-background-enabled":"default","ast-page-background-meta":{"desktop":{"background-color":"","background-image":"","background-repeat":"repeat","background-position":"center center","background-size":"auto","background-attachment":"scroll","background-type":"","background-media":"","overlay-type":"","overlay-color":"","overlay-gradient":""},"tablet":{"background-color":"","background-image":"","background-repeat":"repeat","background-position":"center center","background-size":"auto","background-attachment":"scroll","background-type":"","background-media":"","overlay-type":"","overlay-color":"","overlay-gradient":""},"mobile":{"background-color":"","background-image":"","background-repeat":"repeat","background-position":"center center","background-size":"auto","background-attachment":"scroll","background-type":"","background-media":"","overlay-type":"","overlay-color":"","overlay-gradient":""}},"ast-content-background-meta":{"desktop":{"background-color":"var(--ast-global-color-5)","background-image":"","background-repeat":"repeat","background-position":"center center","background-size":"auto","background-attachment":"scroll","background-type":"","background-media":"","overlay-type":"","overlay-color":"","overlay-gradient":""},"tablet":{"background-color":"var(--ast-global-color-5)","background-image":"","background-repeat":"repeat","background-position":"center center","background-size":"auto","background-attachment":"scroll","background-type":"","background-media":"","overlay-type":"","overlay-color":"","overlay-gradient":""},"mobile":{"background-color":"var(--ast-global-color-5)","background-image":"","background-repeat":"repeat","background-position":"center center","background-size":"auto","background-attachment":"scroll","background-type":"","background-media":"","overlay-type":"","overlay-color":"","overlay-gradient":""}}},"product_cat":[185,144],"product_tag":[],"jetpack_sharing_enabled":true,"_links":{"self":[{"href":"https:\/\/wxplastmachine.com\/tr\/wp-json\/wp\/v2\/product\/3597"}],"collection":[{"href":"https:\/\/wxplastmachine.com\/tr\/wp-json\/wp\/v2\/product"}],"about":[{"href":"https:\/\/wxplastmachine.com\/tr\/wp-json\/wp\/v2\/types\/product"}],"replies":[{"embeddable":true,"href":"https:\/\/wxplastmachine.com\/tr\/wp-json\/wp\/v2\/comments?post=3597"}],"wp:featuredmedia":[{"embeddable":true,"href":"https:\/\/wxplastmachine.com\/tr\/wp-json\/wp\/v2\/media\/3598"}],"wp:attachment":[{"href":"https:\/\/wxplastmachine.com\/tr\/wp-json\/wp\/v2\/media?parent=3597"}],"wp:term":[{"taxonomy":"product_cat","embeddable":true,"href":"https:\/\/wxplastmachine.com\/tr\/wp-json\/wp\/v2\/product_cat?post=3597"},{"taxonomy":"product_tag","embeddable":true,"href":"https:\/\/wxplastmachine.com\/tr\/wp-json\/wp\/v2\/product_tag?post=3597"}],"curies":[{"name":"wp","href":"https:\/\/api.w.org\/{rel}","templated":true}]}}