{"id":3611,"date":"2024-10-17T16:55:03","date_gmt":"2024-10-17T08:55:03","guid":{"rendered":"https:\/\/wxplastmachine.com\/?post_type=product&#038;p=3611"},"modified":"2026-05-08T06:42:49","modified_gmt":"2026-05-07T22:42:49","slug":"ss-sms-non-woven-fabric-production-line-spunbond-nonwoven-fabric-machine","status":"publish","type":"product","link":"https:\/\/wxplastmachine.com\/tr\/urun\/ss-sms-non-woven-fabric-production-line-spunbond-nonwoven-fabric-machine","title":{"rendered":"SS\/SMS Dokumas\u0131z Kuma\u015f \u00dcretim Hatt\u0131 Spunbond Nonwoven Kuma\u015f Makinesi"},"content":{"rendered":"<p>\u00dcretim ve kurulumda 10 y\u0131l\u0131 a\u015fk\u0131n deneyime sahip bir nonwoven makine \u00fcreticisiyiz.<br \/>\nTemel olarak \u015funlar\u0131 i\u00e7erir:<\/p>\n<p>Spunbond Makineleri (S, SS, SSS),<\/p>\n<p>Meltblown Makineleri (M),<\/p>\n<p>Spun-melt Makineleri (SMS, SMMS, SSMMS),<\/p>\n<p>PET Nonwoven Makinesi,<\/p>\n<p>PLA Nonwoven Makinesi,<\/p>\n<p>\u0130ki Bile\u015fenli Nonwoven Makinesi, vb.<\/p>\n<p><strong><b>\u00a0<\/b><\/strong>HG Nonwoven Kuma\u015f Yapma Makinelerinin Avantaj\u0131: 1. Polipropilen ve katk\u0131 maddeleri i\u00e7in y\u00fcksek hassasiyetli hammadde kar\u0131\u015ft\u0131r\u0131c\u0131; 2. \u0130yi vida ve namluya sahip y\u00fcksek kapasiteli ekstr\u00fczyon makinesi; 3. Y\u00fcksek performansl\u0131 eriyik filtreleme sistemi; 4. Y\u00fcksek hassasiyetli eriyik pompas\u0131 ile Y\u00fcksek H\u0131z; 5. En son eriyik ak\u0131\u015f tasar\u0131m\u0131 ve e\u011firme sistemi; 6. \u0130yi bilinen PLC kontrol sistemi ve motorlar; 7. Ak\u0131ll\u0131 \u00e7al\u0131\u015fma program\u0131 ve izleme sistemi;<\/p>\n<p><strong><b>Teknik Parametreler:<\/b><\/strong><\/p>\n<table>\n<tbody>\n<tr>\n<td width=\"14.6800%\">Model<\/td>\n<td width=\"14.1800%\">Etkili geni\u015flik<\/td>\n<td width=\"13.1600%\">G\u00fcnl\u00fck kapasite<\/td>\n<td width=\"10.3800%\">H\u0131z<\/td>\n<td width=\"15.4200%\">E\u011firme sistemi<\/td>\n<td width=\"11.1000%\">GSM Aral\u0131\u011f\u0131<\/td>\n<td width=\"21.0200%\">Makine boyutu<br \/>\nUzunluk*Geni\u015flik*Y\u00fckseklik<\/td>\n<\/tr>\n<tr>\n<td width=\"14.6800%\">WX-1600M<\/td>\n<td width=\"14.1800%\">1600MM<\/td>\n<td width=\"13.1600%\">2000Kg<\/td>\n<td rowspan=\"3\" width=\"10.3800%\">100M\/Min<\/td>\n<td rowspan=\"3\" width=\"15.4200%\">Meltblown<\/td>\n<td rowspan=\"3\" width=\"11.1000%\">10-200<\/td>\n<td width=\"21.0200%\">15*8*8 metre<\/td>\n<\/tr>\n<tr>\n<td width=\"14.6800%\">WX-2400M<\/td>\n<td width=\"14.1800%\">2400MM<\/td>\n<td width=\"13.1600%\">3000Kg<\/td>\n<td width=\"21.0200%\">15*10*8 metre<\/td>\n<\/tr>\n<tr>\n<td width=\"14.6800%\">WX-3200M<\/td>\n<td width=\"14.1800%\">3200MM<\/td>\n<td width=\"13.1600%\">4000Kg<\/td>\n<td width=\"21.0200%\">15*12*8 metre<\/td>\n<\/tr>\n<tr>\n<td width=\"14.6800%\">WX-1600S<\/td>\n<td width=\"14.1800%\">1600MM<\/td>\n<td width=\"13.1600%\">5000Kg<\/td>\n<td rowspan=\"3\" width=\"10.3800%\">200M\/Min<\/td>\n<td rowspan=\"3\" width=\"15.4200%\">Spunbond<\/p>\n<p>(S)<\/td>\n<td rowspan=\"3\" width=\"11.1000%\">10-200<\/td>\n<td width=\"21.0200%\">20*8*11 metre<\/td>\n<\/tr>\n<tr>\n<td width=\"14.6800%\">WX-2400S<\/td>\n<td width=\"14.1800%\">2400MM<\/td>\n<td width=\"13.1600%\">7000Kg<\/td>\n<td width=\"21.0200%\">20*11*11metre<\/td>\n<\/tr>\n<tr>\n<td width=\"14.6800%\">WX-3200S<\/td>\n<td width=\"14.1800%\">3200MM<\/td>\n<td width=\"13.1600%\">10000Kg<\/td>\n<td width=\"21.0200%\">20*15*11metre<\/td>\n<\/tr>\n<tr>\n<td width=\"14.6800%\">WX-1600SS<\/td>\n<td width=\"14.1800%\">1600MM<\/td>\n<td width=\"13.1600%\">9000Kg<\/td>\n<td rowspan=\"3\" width=\"10.3800%\">350M\/Min<\/td>\n<td rowspan=\"3\" width=\"15.4200%\">Spunbond<\/p>\n<p>(SS)<\/td>\n<td rowspan=\"3\" width=\"11.1000%\">8-150<\/td>\n<td width=\"21.0200%\">35*10*11metre<\/td>\n<\/tr>\n<tr>\n<td width=\"14.6800%\">WX-2400SS<\/td>\n<td width=\"14.1800%\">2400MM<\/td>\n<td width=\"13.1600%\">13000Kg<\/td>\n<td width=\"21.0200%\">35*12*11metre<\/td>\n<\/tr>\n<tr>\n<td width=\"14.6800%\">WX-3200SS<\/td>\n<td width=\"14.1800%\">3200MM<\/td>\n<td width=\"13.1600%\">16000Kg<\/td>\n<td width=\"21.0200%\">35*15*11metre<\/td>\n<\/tr>\n<tr>\n<td width=\"14.6800%\">WX-1600SSS<\/td>\n<td width=\"14.1800%\">1600MM<\/td>\n<td width=\"13.1600%\">12000Kg<\/td>\n<td rowspan=\"3\" width=\"10.3800%\">400M\/Min<\/td>\n<td rowspan=\"3\" width=\"15.4200%\">Spunbond<\/p>\n<p>(SSS)<\/td>\n<td rowspan=\"3\" width=\"11.1000%\">8-100<\/td>\n<td width=\"21.0200%\">40*10*11metre<\/td>\n<\/tr>\n<tr>\n<td width=\"14.6800%\">WX-2400SSS<\/td>\n<td width=\"14.1800%\">2400MM<\/td>\n<td width=\"13.1600%\">16000Kg<\/td>\n<td width=\"21.0200%\">40*12*11metre<\/td>\n<\/tr>\n<tr>\n<td width=\"14.6800%\">WX-3200SSS<\/td>\n<td width=\"14.1800%\">3200MM<\/td>\n<td width=\"13.1600%\">23000Kg<\/td>\n<td width=\"21.0200%\">40*15*11metre<\/td>\n<\/tr>\n<tr>\n<td width=\"14.6800%\">WX-1600SMS<\/td>\n<td width=\"14.1800%\">1600MM<\/td>\n<td width=\"13.1600%\">10000Kg<\/td>\n<td rowspan=\"3\" width=\"10.3800%\">400M\/Min<\/td>\n<td rowspan=\"3\" width=\"15.4200%\">Spunbond\/<\/p>\n<p>Meltblown\/<\/p>\n<p>Spunbond\/<\/td>\n<td rowspan=\"3\" width=\"11.1000%\">8-80<\/td>\n<td width=\"21.0200%\">40*15*11metre<\/td>\n<\/tr>\n<tr>\n<td width=\"14.6800%\">WX-2400SMS<\/td>\n<td width=\"14.1800%\">2400MM<\/td>\n<td width=\"13.1600%\">14000Kg<\/td>\n<td width=\"21.0200%\">40*18*11metre<\/td>\n<\/tr>\n<tr>\n<td width=\"14.6800%\">WX-3200SMS<\/td>\n<td width=\"14.1800%\">3200MM<\/td>\n<td width=\"13.1600%\">18000Kg<\/td>\n<td width=\"21.0200%\">40*25*11metre<\/td>\n<\/tr>\n<tr>\n<td width=\"14.6800%\">WX-1600SMMS<\/td>\n<td width=\"14.1800%\">1600MM<\/td>\n<td width=\"13.1600%\">12000Kg<\/td>\n<td rowspan=\"3\" width=\"10.3800%\">500M\/Min<\/td>\n<td rowspan=\"3\" width=\"15.4200%\">Spunbond<\/p>\n<p>Meltblown<\/p>\n<p>Meltblown<\/p>\n<p>Spunbond<\/td>\n<td rowspan=\"3\" width=\"11.1000%\">8-80<\/td>\n<td width=\"21.0200%\">45*15*11metre<\/td>\n<\/tr>\n<tr>\n<td width=\"14.6800%\">WX-2400SMMS<\/td>\n<td width=\"14.1800%\">2400MM<\/td>\n<td width=\"13.1600%\">17000Kg<\/td>\n<td width=\"21.0200%\">45*18*11metre<\/td>\n<\/tr>\n<tr>\n<td width=\"14.6800%\">WX-3200SMMS<\/td>\n<td width=\"14.1800%\">3200MM<\/td>\n<td width=\"13.1600%\">23000Kg<\/td>\n<td width=\"21.0200%\">45*25*11metre<\/td>\n<\/tr>\n<\/tbody>\n<\/table>\n<p><strong>S\u00fcre\u00e7:<\/strong><\/p>\n<p><img fetchpriority=\"high\" decoding=\"async\" class=\"alignnone size-full wp-image-3618\" src=\"https:\/\/wxplastmachine.com\/wp-content\/uploads\/2024\/10\/\u5fae\u4fe1\u622a\u56fe_20241017160029.jpg\" alt=\"\" width=\"994\" height=\"460\" srcset=\"https:\/\/wxplastmachine.com\/wp-content\/uploads\/2024\/10\/\u5fae\u4fe1\u622a\u56fe_20241017160029.jpg 994w, https:\/\/wxplastmachine.com\/wp-content\/uploads\/2024\/10\/\u5fae\u4fe1\u622a\u56fe_20241017160029-300x139.jpg 300w, https:\/\/wxplastmachine.com\/wp-content\/uploads\/2024\/10\/\u5fae\u4fe1\u622a\u56fe_20241017160029-768x355.jpg 768w, https:\/\/wxplastmachine.com\/wp-content\/uploads\/2024\/10\/\u5fae\u4fe1\u622a\u56fe_20241017160029-18x8.jpg 18w, https:\/\/wxplastmachine.com\/wp-content\/uploads\/2024\/10\/\u5fae\u4fe1\u622a\u56fe_20241017160029-600x278.jpg 600w\" sizes=\"(max-width: 994px) 100vw, 994px\" \/> <img decoding=\"async\" class=\"alignnone size-full wp-image-3626\" src=\"https:\/\/wxplastmachine.com\/wp-content\/uploads\/2024\/10\/\u5fae\u4fe1\u622a\u56fe_20241017161306.jpg\" alt=\"\" width=\"492\" height=\"553\" srcset=\"https:\/\/wxplastmachine.com\/wp-content\/uploads\/2024\/10\/\u5fae\u4fe1\u622a\u56fe_20241017161306.jpg 492w, https:\/\/wxplastmachine.com\/wp-content\/uploads\/2024\/10\/\u5fae\u4fe1\u622a\u56fe_20241017161306-267x300.jpg 267w, https:\/\/wxplastmachine.com\/wp-content\/uploads\/2024\/10\/\u5fae\u4fe1\u622a\u56fe_20241017161306-11x12.jpg 11w\" sizes=\"(max-width: 492px) 100vw, 492px\" \/><\/p>\n<p><strong>Makine Par\u00e7alar\u0131:<\/strong><\/p>\n<p><img decoding=\"async\" class=\"alignnone  wp-image-3621\" src=\"https:\/\/wxplastmachine.com\/wp-content\/uploads\/2024\/10\/\u5fae\u4fe1\u622a\u56fe_20241017160504.jpg\" alt=\"\" width=\"474\" height=\"826\" srcset=\"https:\/\/wxplastmachine.com\/wp-content\/uploads\/2024\/10\/\u5fae\u4fe1\u622a\u56fe_20241017160504.jpg 346w, https:\/\/wxplastmachine.com\/wp-content\/uploads\/2024\/10\/\u5fae\u4fe1\u622a\u56fe_20241017160504-172x300.jpg 172w, https:\/\/wxplastmachine.com\/wp-content\/uploads\/2024\/10\/\u5fae\u4fe1\u622a\u56fe_20241017160504-7x12.jpg 7w\" sizes=\"(max-width: 474px) 100vw, 474px\" \/> <img loading=\"lazy\" decoding=\"async\" class=\"alignnone  wp-image-3631\" src=\"https:\/\/wxplastmachine.com\/wp-content\/uploads\/2024\/10\/\u5fae\u4fe1\u622a\u56fe_2024101716.jpg\" alt=\"\" width=\"702\" height=\"396\" srcset=\"https:\/\/wxplastmachine.com\/wp-content\/uploads\/2024\/10\/\u5fae\u4fe1\u622a\u56fe_2024101716.jpg 749w, https:\/\/wxplastmachine.com\/wp-content\/uploads\/2024\/10\/\u5fae\u4fe1\u622a\u56fe_2024101716-300x169.jpg 300w, https:\/\/wxplastmachine.com\/wp-content\/uploads\/2024\/10\/\u5fae\u4fe1\u622a\u56fe_2024101716-18x10.jpg 18w, https:\/\/wxplastmachine.com\/wp-content\/uploads\/2024\/10\/\u5fae\u4fe1\u622a\u56fe_2024101716-600x338.jpg 600w\" sizes=\"(max-width: 702px) 100vw, 702px\" \/><\/p>","protected":false},"excerpt":{"rendered":"<p>We are a nonwoven machine manufacturer with 10+ years experience in production and installation. Mainly include: Spunbond Machines (S, SS, SSS), Meltblown Machines (M), Spun-melt Machines (SMS, SMMS, SSMMS), PET Nonwoven Machine, PLA Nonwoven Machine, Bicomponent Nonwoven Machine, etc. \u00a0The Advantage of HG Nonwoven Fabric Making Machines: 1.High accurate raw material blender for polyproplyene and [&hellip;]<\/p>","protected":false},"featured_media":3622,"comment_status":"open","ping_status":"closed","template":"","meta":{"site-sidebar-layout":"default","site-content-layout":"","ast-site-content-layout":"default","site-content-style":"default","site-sidebar-style":"default","ast-global-header-display":"","ast-banner-title-visibility":"","ast-main-header-display":"","ast-hfb-above-header-display":"","ast-hfb-below-header-display":"","ast-hfb-mobile-header-display":"","site-post-title":"","ast-breadcrumbs-content":"","ast-featured-img":"","footer-sml-layout":"","theme-transparent-header-meta":"default","adv-header-id-meta":"","stick-header-meta":"","header-above-stick-meta":"","header-main-stick-meta":"","header-below-stick-meta":"","astra-migrate-meta-layouts":"set","ast-page-background-enabled":"default","ast-page-background-meta":{"desktop":{"background-color":"","background-image":"","background-repeat":"repeat","background-position":"center center","background-size":"auto","background-attachment":"scroll","background-type":"","background-media":"","overlay-type":"","overlay-color":"","overlay-gradient":""},"tablet":{"background-color":"","background-image":"","background-repeat":"repeat","background-position":"center center","background-size":"auto","background-attachment":"scroll","background-type":"","background-media":"","overlay-type":"","overlay-color":"","overlay-gradient":""},"mobile":{"background-color":"","background-image":"","background-repeat":"repeat","background-position":"center center","background-size":"auto","background-attachment":"scroll","background-type":"","background-media":"","overlay-type":"","overlay-color":"","overlay-gradient":""}},"ast-content-background-meta":{"desktop":{"background-color":"var(--ast-global-color-5)","background-image":"","background-repeat":"repeat","background-position":"center center","background-size":"auto","background-attachment":"scroll","background-type":"","background-media":"","overlay-type":"","overlay-color":"","overlay-gradient":""},"tablet":{"background-color":"var(--ast-global-color-5)","background-image":"","background-repeat":"repeat","background-position":"center center","background-size":"auto","background-attachment":"scroll","background-type":"","background-media":"","overlay-type":"","overlay-color":"","overlay-gradient":""},"mobile":{"background-color":"var(--ast-global-color-5)","background-image":"","background-repeat":"repeat","background-position":"center center","background-size":"auto","background-attachment":"scroll","background-type":"","background-media":"","overlay-type":"","overlay-color":"","overlay-gradient":""}}},"product_cat":[206],"product_tag":[],"jetpack_sharing_enabled":true,"_links":{"self":[{"href":"https:\/\/wxplastmachine.com\/tr\/wp-json\/wp\/v2\/product\/3611"}],"collection":[{"href":"https:\/\/wxplastmachine.com\/tr\/wp-json\/wp\/v2\/product"}],"about":[{"href":"https:\/\/wxplastmachine.com\/tr\/wp-json\/wp\/v2\/types\/product"}],"replies":[{"embeddable":true,"href":"https:\/\/wxplastmachine.com\/tr\/wp-json\/wp\/v2\/comments?post=3611"}],"wp:featuredmedia":[{"embeddable":true,"href":"https:\/\/wxplastmachine.com\/tr\/wp-json\/wp\/v2\/media\/3622"}],"wp:attachment":[{"href":"https:\/\/wxplastmachine.com\/tr\/wp-json\/wp\/v2\/media?parent=3611"}],"wp:term":[{"taxonomy":"product_cat","embeddable":true,"href":"https:\/\/wxplastmachine.com\/tr\/wp-json\/wp\/v2\/product_cat?post=3611"},{"taxonomy":"product_tag","embeddable":true,"href":"https:\/\/wxplastmachine.com\/tr\/wp-json\/wp\/v2\/product_tag?post=3611"}],"curies":[{"name":"wp","href":"https:\/\/api.w.org\/{rel}","templated":true}]}}