{"id":3635,"date":"2024-10-24T16:46:42","date_gmt":"2024-10-24T08:46:42","guid":{"rendered":"https:\/\/wxplastmachine.com\/?post_type=product&#038;p=3635"},"modified":"2024-10-24T23:18:36","modified_gmt":"2024-10-24T15:18:36","slug":"flat-square-bottom-paper-bag-making-machine-kraft-paper-shopping-bag-making-machine","status":"publish","type":"product","link":"https:\/\/wxplastmachine.com\/tr\/urun\/flat-square-bottom-paper-bag-making-machine-kraft-paper-shopping-bag-making-machine","title":{"rendered":"D\u00fcz Kare Tabanl\u0131 Ka\u011f\u0131t Torba Yapma Makinesi Kraft Ka\u011f\u0131t Al\u0131\u015fveri\u015f Torbas\u0131 Yapma Makinesi"},"content":{"rendered":"<p><strong><b>Machine Advantages:<\/b><\/strong><strong><b><br \/>\n<\/b><\/strong>This paper bag machine is designed for the production of shopping paper bags with handle, it use the paper round ropes and reel paper to produce the twisted handle in the machine automatic, then deliver by the conveyor belt to paste in the primary color or printed paper roll, then the paper with hand glue through side gluing, forming, cutting off, open bottom, bottom gluing, closing bottom and conveying out of the bag, the whole process is completed simultaneously at one time. Therefore, it truly shows this machine is full automation production can effectively save labor costs.<\/p>\n<p><strong>Teknik Parametreler:<\/strong><\/p>\n<table>\n<tbody>\n<tr>\n<td width=\"39.7600%\">Model<\/td>\n<td width=\"20.8800%\">WX-330T<\/td>\n<td width=\"20.8800%\">WX-450T<\/td>\n<td width=\"18.4200%\">WX-540T<\/td>\n<\/tr>\n<tr>\n<td width=\"39.7600%\">Cutting length(Ful)<\/td>\n<td width=\"20.8800%\">270-430mm<\/td>\n<td width=\"20.8800%\">270-430mm<\/td>\n<td width=\"18.4200%\">400-670mm<\/td>\n<\/tr>\n<tr>\n<td width=\"39.7600%\">Bag width(Ful)<\/td>\n<td width=\"20.8800%\">220-330mm<\/td>\n<td width=\"20.8800%\">290-450mm<\/td>\n<td width=\"18.4200%\">320-540mm<\/td>\n<\/tr>\n<tr>\n<td width=\"39.7600%\">Bag Length(Ful)<\/td>\n<td width=\"20.8800%\">225-370mm<\/td>\n<td width=\"20.8800%\">225-370mm<\/td>\n<td width=\"18.4200%\">320-580mm<\/td>\n<\/tr>\n<tr>\n<td width=\"39.7600%\">Bottom width<\/td>\n<td width=\"20.8800%\">60-180mm<\/td>\n<td width=\"20.8800%\">80-220mm<\/td>\n<td width=\"18.4200%\">120-260mm<\/td>\n<\/tr>\n<tr>\n<td width=\"39.7600%\">Paper Thickness(Ful)<\/td>\n<td width=\"20.8800%\">60-160g\/m2<\/td>\n<td width=\"20.8800%\">80-160g\/m2<\/td>\n<td width=\"18.4200%\">90-160\/m2<\/td>\n<\/tr>\n<tr>\n<td width=\"39.7600%\">Paper roll width(Ful)<\/td>\n<td width=\"20.8800%\">585-1050mm<\/td>\n<td width=\"20.8800%\">770-1370mm<\/td>\n<td width=\"18.4200%\">910-1630mm<\/td>\n<\/tr>\n<tr>\n<td width=\"39.7600%\">Roll paper diameter<\/td>\n<td width=\"20.8800%\">\u03c61200mm<\/td>\n<td width=\"20.8800%\">\u03c61200mm<\/td>\n<td width=\"18.4200%\">\u03c61200mm<\/td>\n<\/tr>\n<tr>\n<td width=\"39.7600%\">Paper core<\/td>\n<td width=\"20.8800%\">76mm<\/td>\n<td width=\"20.8800%\">76mm<\/td>\n<td width=\"18.4200%\">76 mm<\/td>\n<\/tr>\n<tr>\n<td width=\"39.7600%\">Handle Height<\/td>\n<td width=\"20.8800%\">100 mm<\/td>\n<td width=\"20.8800%\">100 mm<\/td>\n<td width=\"18.4200%\">100 mm<\/td>\n<\/tr>\n<tr>\n<td width=\"39.7600%\">Patch length<\/td>\n<td width=\"20.8800%\">152.4mm<\/td>\n<td width=\"20.8800%\">203.2mm<\/td>\n<td width=\"18.4200%\">203.2mm<\/td>\n<\/tr>\n<tr>\n<td width=\"39.7600%\">Patch width<\/td>\n<td width=\"20.8800%\">40-50mm<\/td>\n<td width=\"20.8800%\">40-50mm<\/td>\n<td width=\"18.4200%\">40-50mm<\/td>\n<\/tr>\n<tr>\n<td width=\"39.7600%\">Handle distance<\/td>\n<td width=\"20.8800%\">75 mm<\/td>\n<td width=\"20.8800%\">95mm<\/td>\n<td width=\"18.4200%\">95mm<\/td>\n<\/tr>\n<tr>\n<td width=\"39.7600%\">Rope diameter<\/td>\n<td width=\"20.8800%\">\u03c63-5mm<\/td>\n<td width=\"20.8800%\">\u03c63-5mm<\/td>\n<td width=\"18.4200%\">\u03c63-5mm<\/td>\n<\/tr>\n<tr>\n<td width=\"39.7600%\">Patch paper roll width<\/td>\n<td width=\"20.8800%\">80-100mm<\/td>\n<td width=\"20.8800%\">80-100mm<\/td>\n<td width=\"18.4200%\">80-100mm<\/td>\n<\/tr>\n<tr>\n<td width=\"39.7600%\">Patch paper thickness<\/td>\n<td width=\"20.8800%\">100-135g\/m2<\/td>\n<td width=\"20.8800%\">100-135g\/m2<\/td>\n<td width=\"18.4200%\">100-135g\/m&#8221;<\/td>\n<\/tr>\n<tr>\n<td width=\"39.7600%\">Production speed for bags without handles<\/td>\n<td width=\"20.8800%\">30-160bags\/min<\/td>\n<td width=\"20.8800%\">30-160bags\/min<\/td>\n<td width=\"18.4200%\">30-160bags\/min<\/td>\n<\/tr>\n<tr>\n<td width=\"39.7600%\">Production speed for bags with handles<\/td>\n<td width=\"20.8800%\">30-120bags\/min<\/td>\n<td width=\"20.8800%\">30-120bags\/min<\/td>\n<td width=\"18.4200%\">30-120bags\/min<\/td>\n<\/tr>\n<tr>\n<td width=\"39.7600%\">G\u00fc\u00e7 Kayna\u011f\u0131<\/td>\n<td width=\"20.8800%\">380V 3Phase 35KW<\/td>\n<td width=\"20.8800%\">380V 3Phase 35KW<\/td>\n<td width=\"18.4200%\">380V3Phase 39KW<\/td>\n<\/tr>\n<tr>\n<td width=\"39.7600%\">Makine a\u011f\u0131rl\u0131\u011f\u0131<\/td>\n<td width=\"20.8800%\">12000kg<\/td>\n<td width=\"20.8800%\">13500kg<\/td>\n<td width=\"18.4200%\">15000kg<\/td>\n<\/tr>\n<tr>\n<td width=\"39.7600%\">Makine boyutu<\/td>\n<td width=\"20.8800%\">14000x5800x2400mm<\/td>\n<td width=\"20.8800%\">14000x6000x2400mm<\/td>\n<td width=\"18.4200%\">14000x6500x<\/td>\n<\/tr>\n<\/tbody>\n<\/table>\n<p>&nbsp;<\/p>\n<p>Daha Fazla Se\u00e7enek<\/p>\n<p>v bottom paper bag making machine<\/p>\n<p><img fetchpriority=\"high\" decoding=\"async\" class=\"alignnone size-full wp-image-3642\" src=\"https:\/\/wxplastmachine.com\/wp-content\/uploads\/2024\/10\/\u5fae\u4fe1\u622a\u56fe_20241022111214.png\" alt=\"\" width=\"800\" height=\"800\" srcset=\"https:\/\/wxplastmachine.com\/wp-content\/uploads\/2024\/10\/\u5fae\u4fe1\u622a\u56fe_20241022111214.png 800w, https:\/\/wxplastmachine.com\/wp-content\/uploads\/2024\/10\/\u5fae\u4fe1\u622a\u56fe_20241022111214-300x300.png 300w, https:\/\/wxplastmachine.com\/wp-content\/uploads\/2024\/10\/\u5fae\u4fe1\u622a\u56fe_20241022111214-150x150.png 150w, https:\/\/wxplastmachine.com\/wp-content\/uploads\/2024\/10\/\u5fae\u4fe1\u622a\u56fe_20241022111214-768x768.png 768w, https:\/\/wxplastmachine.com\/wp-content\/uploads\/2024\/10\/\u5fae\u4fe1\u622a\u56fe_20241022111214-12x12.png 12w, https:\/\/wxplastmachine.com\/wp-content\/uploads\/2024\/10\/\u5fae\u4fe1\u622a\u56fe_20241022111214-600x600.png 600w, https:\/\/wxplastmachine.com\/wp-content\/uploads\/2024\/10\/\u5fae\u4fe1\u622a\u56fe_20241022111214-100x100.png 100w\" sizes=\"(max-width: 800px) 100vw, 800px\" \/> <img decoding=\"async\" class=\"alignnone size-full wp-image-3643\" src=\"https:\/\/wxplastmachine.com\/wp-content\/uploads\/2024\/10\/\u5fae\u4fe1\u622a\u56fe_20241022111325.png\" alt=\"\" width=\"800\" height=\"800\" srcset=\"https:\/\/wxplastmachine.com\/wp-content\/uploads\/2024\/10\/\u5fae\u4fe1\u622a\u56fe_20241022111325.png 800w, https:\/\/wxplastmachine.com\/wp-content\/uploads\/2024\/10\/\u5fae\u4fe1\u622a\u56fe_20241022111325-300x300.png 300w, https:\/\/wxplastmachine.com\/wp-content\/uploads\/2024\/10\/\u5fae\u4fe1\u622a\u56fe_20241022111325-150x150.png 150w, https:\/\/wxplastmachine.com\/wp-content\/uploads\/2024\/10\/\u5fae\u4fe1\u622a\u56fe_20241022111325-768x768.png 768w, https:\/\/wxplastmachine.com\/wp-content\/uploads\/2024\/10\/\u5fae\u4fe1\u622a\u56fe_20241022111325-12x12.png 12w, https:\/\/wxplastmachine.com\/wp-content\/uploads\/2024\/10\/\u5fae\u4fe1\u622a\u56fe_20241022111325-600x600.png 600w, https:\/\/wxplastmachine.com\/wp-content\/uploads\/2024\/10\/\u5fae\u4fe1\u622a\u56fe_20241022111325-100x100.png 100w\" sizes=\"(max-width: 800px) 100vw, 800px\" \/> <img decoding=\"async\" class=\"alignnone size-full wp-image-3644\" src=\"https:\/\/wxplastmachine.com\/wp-content\/uploads\/2024\/10\/\u5fae\u4fe1\u622a\u56fe_20241022111350.png\" alt=\"\" width=\"800\" height=\"800\" srcset=\"https:\/\/wxplastmachine.com\/wp-content\/uploads\/2024\/10\/\u5fae\u4fe1\u622a\u56fe_20241022111350.png 800w, https:\/\/wxplastmachine.com\/wp-content\/uploads\/2024\/10\/\u5fae\u4fe1\u622a\u56fe_20241022111350-300x300.png 300w, https:\/\/wxplastmachine.com\/wp-content\/uploads\/2024\/10\/\u5fae\u4fe1\u622a\u56fe_20241022111350-150x150.png 150w, https:\/\/wxplastmachine.com\/wp-content\/uploads\/2024\/10\/\u5fae\u4fe1\u622a\u56fe_20241022111350-768x768.png 768w, https:\/\/wxplastmachine.com\/wp-content\/uploads\/2024\/10\/\u5fae\u4fe1\u622a\u56fe_20241022111350-12x12.png 12w, https:\/\/wxplastmachine.com\/wp-content\/uploads\/2024\/10\/\u5fae\u4fe1\u622a\u56fe_20241022111350-600x600.png 600w, https:\/\/wxplastmachine.com\/wp-content\/uploads\/2024\/10\/\u5fae\u4fe1\u622a\u56fe_20241022111350-100x100.png 100w\" sizes=\"(max-width: 800px) 100vw, 800px\" \/> <img loading=\"lazy\" decoding=\"async\" class=\"alignnone size-full wp-image-3645\" src=\"https:\/\/wxplastmachine.com\/wp-content\/uploads\/2024\/10\/\u5fae\u4fe1\u622a\u56fe_20241022111411.png\" alt=\"\" width=\"800\" height=\"800\" srcset=\"https:\/\/wxplastmachine.com\/wp-content\/uploads\/2024\/10\/\u5fae\u4fe1\u622a\u56fe_20241022111411.png 800w, https:\/\/wxplastmachine.com\/wp-content\/uploads\/2024\/10\/\u5fae\u4fe1\u622a\u56fe_20241022111411-300x300.png 300w, https:\/\/wxplastmachine.com\/wp-content\/uploads\/2024\/10\/\u5fae\u4fe1\u622a\u56fe_20241022111411-150x150.png 150w, https:\/\/wxplastmachine.com\/wp-content\/uploads\/2024\/10\/\u5fae\u4fe1\u622a\u56fe_20241022111411-768x768.png 768w, https:\/\/wxplastmachine.com\/wp-content\/uploads\/2024\/10\/\u5fae\u4fe1\u622a\u56fe_20241022111411-12x12.png 12w, https:\/\/wxplastmachine.com\/wp-content\/uploads\/2024\/10\/\u5fae\u4fe1\u622a\u56fe_20241022111411-600x600.png 600w, https:\/\/wxplastmachine.com\/wp-content\/uploads\/2024\/10\/\u5fae\u4fe1\u622a\u56fe_20241022111411-100x100.png 100w\" sizes=\"(max-width: 800px) 100vw, 800px\" \/><\/p>\n<p><img loading=\"lazy\" decoding=\"async\" class=\"alignnone size-full wp-image-3646\" src=\"https:\/\/wxplastmachine.com\/wp-content\/uploads\/2024\/10\/\u5fae\u4fe1\u622a\u56fe_20241022105301_\u526f\u672c.png\" alt=\"\" width=\"800\" height=\"800\" srcset=\"https:\/\/wxplastmachine.com\/wp-content\/uploads\/2024\/10\/\u5fae\u4fe1\u622a\u56fe_20241022105301_\u526f\u672c.png 800w, https:\/\/wxplastmachine.com\/wp-content\/uploads\/2024\/10\/\u5fae\u4fe1\u622a\u56fe_20241022105301_\u526f\u672c-300x300.png 300w, https:\/\/wxplastmachine.com\/wp-content\/uploads\/2024\/10\/\u5fae\u4fe1\u622a\u56fe_20241022105301_\u526f\u672c-150x150.png 150w, https:\/\/wxplastmachine.com\/wp-content\/uploads\/2024\/10\/\u5fae\u4fe1\u622a\u56fe_20241022105301_\u526f\u672c-768x768.png 768w, https:\/\/wxplastmachine.com\/wp-content\/uploads\/2024\/10\/\u5fae\u4fe1\u622a\u56fe_20241022105301_\u526f\u672c-12x12.png 12w, https:\/\/wxplastmachine.com\/wp-content\/uploads\/2024\/10\/\u5fae\u4fe1\u622a\u56fe_20241022105301_\u526f\u672c-600x600.png 600w, https:\/\/wxplastmachine.com\/wp-content\/uploads\/2024\/10\/\u5fae\u4fe1\u622a\u56fe_20241022105301_\u526f\u672c-100x100.png 100w\" sizes=\"(max-width: 800px) 100vw, 800px\" \/><\/p>\n<p><img loading=\"lazy\" decoding=\"async\" class=\"alignnone size-full wp-image-3637\" src=\"https:\/\/wxplastmachine.com\/wp-content\/uploads\/2024\/10\/\u5fae\u4fe1\u622a\u56fe_20241022104309.png\" alt=\"\" width=\"800\" height=\"800\" srcset=\"https:\/\/wxplastmachine.com\/wp-content\/uploads\/2024\/10\/\u5fae\u4fe1\u622a\u56fe_20241022104309.png 800w, https:\/\/wxplastmachine.com\/wp-content\/uploads\/2024\/10\/\u5fae\u4fe1\u622a\u56fe_20241022104309-300x300.png 300w, https:\/\/wxplastmachine.com\/wp-content\/uploads\/2024\/10\/\u5fae\u4fe1\u622a\u56fe_20241022104309-150x150.png 150w, https:\/\/wxplastmachine.com\/wp-content\/uploads\/2024\/10\/\u5fae\u4fe1\u622a\u56fe_20241022104309-768x768.png 768w, https:\/\/wxplastmachine.com\/wp-content\/uploads\/2024\/10\/\u5fae\u4fe1\u622a\u56fe_20241022104309-12x12.png 12w, https:\/\/wxplastmachine.com\/wp-content\/uploads\/2024\/10\/\u5fae\u4fe1\u622a\u56fe_20241022104309-600x600.png 600w, https:\/\/wxplastmachine.com\/wp-content\/uploads\/2024\/10\/\u5fae\u4fe1\u622a\u56fe_20241022104309-100x100.png 100w\" sizes=\"(max-width: 800px) 100vw, 800px\" \/> <img loading=\"lazy\" decoding=\"async\" class=\"alignnone size-full wp-image-3685\" src=\"https:\/\/wxplastmachine.com\/wp-content\/uploads\/2024\/10\/\u5fae\u4fe1\u622a\u56fe_20241022104110.jpg\" alt=\"\" width=\"1022\" height=\"604\" srcset=\"https:\/\/wxplastmachine.com\/wp-content\/uploads\/2024\/10\/\u5fae\u4fe1\u622a\u56fe_20241022104110.jpg 1022w, https:\/\/wxplastmachine.com\/wp-content\/uploads\/2024\/10\/\u5fae\u4fe1\u622a\u56fe_20241022104110-300x177.jpg 300w, https:\/\/wxplastmachine.com\/wp-content\/uploads\/2024\/10\/\u5fae\u4fe1\u622a\u56fe_20241022104110-768x454.jpg 768w, https:\/\/wxplastmachine.com\/wp-content\/uploads\/2024\/10\/\u5fae\u4fe1\u622a\u56fe_20241022104110-18x12.jpg 18w, https:\/\/wxplastmachine.com\/wp-content\/uploads\/2024\/10\/\u5fae\u4fe1\u622a\u56fe_20241022104110-600x355.jpg 600w\" sizes=\"(max-width: 1022px) 100vw, 1022px\" \/><\/p>","protected":false},"excerpt":{"rendered":"<p>Machine Advantages: This paper bag machine is designed for the production of shopping paper bags with handle, it use the paper round ropes and reel paper to produce the twisted handle in the machine automatic, then deliver by the conveyor belt to paste in the primary color or printed paper roll, then the paper with [&hellip;]<\/p>","protected":false},"featured_media":3640,"comment_status":"open","ping_status":"closed","template":"","meta":{"site-sidebar-layout":"default","site-content-layout":"","ast-site-content-layout":"default","site-content-style":"default","site-sidebar-style":"default","ast-global-header-display":"","ast-banner-title-visibility":"","ast-main-header-display":"","ast-hfb-above-header-display":"","ast-hfb-below-header-display":"","ast-hfb-mobile-header-display":"","site-post-title":"","ast-breadcrumbs-content":"","ast-featured-img":"","footer-sml-layout":"","theme-transparent-header-meta":"default","adv-header-id-meta":"","stick-header-meta":"","header-above-stick-meta":"","header-main-stick-meta":"","header-below-stick-meta":"","astra-migrate-meta-layouts":"set","ast-page-background-enabled":"default","ast-page-background-meta":{"desktop":{"background-color":"","background-image":"","background-repeat":"repeat","background-position":"center center","background-size":"auto","background-attachment":"scroll","background-type":"","background-media":"","overlay-type":"","overlay-color":"","overlay-gradient":""},"tablet":{"background-color":"","background-image":"","background-repeat":"repeat","background-position":"center center","background-size":"auto","background-attachment":"scroll","background-type":"","background-media":"","overlay-type":"","overlay-color":"","overlay-gradient":""},"mobile":{"background-color":"","background-image":"","background-repeat":"repeat","background-position":"center center","background-size":"auto","background-attachment":"scroll","background-type":"","background-media":"","overlay-type":"","overlay-color":"","overlay-gradient":""}},"ast-content-background-meta":{"desktop":{"background-color":"var(--ast-global-color-5)","background-image":"","background-repeat":"repeat","background-position":"center center","background-size":"auto","background-attachment":"scroll","background-type":"","background-media":"","overlay-type":"","overlay-color":"","overlay-gradient":""},"tablet":{"background-color":"var(--ast-global-color-5)","background-image":"","background-repeat":"repeat","background-position":"center center","background-size":"auto","background-attachment":"scroll","background-type":"","background-media":"","overlay-type":"","overlay-color":"","overlay-gradient":""},"mobile":{"background-color":"var(--ast-global-color-5)","background-image":"","background-repeat":"repeat","background-position":"center center","background-size":"auto","background-attachment":"scroll","background-type":"","background-media":"","overlay-type":"","overlay-color":"","overlay-gradient":""}}},"product_cat":[194,192,191],"product_tag":[],"jetpack_sharing_enabled":true,"_links":{"self":[{"href":"https:\/\/wxplastmachine.com\/tr\/wp-json\/wp\/v2\/product\/3635"}],"collection":[{"href":"https:\/\/wxplastmachine.com\/tr\/wp-json\/wp\/v2\/product"}],"about":[{"href":"https:\/\/wxplastmachine.com\/tr\/wp-json\/wp\/v2\/types\/product"}],"replies":[{"embeddable":true,"href":"https:\/\/wxplastmachine.com\/tr\/wp-json\/wp\/v2\/comments?post=3635"}],"wp:featuredmedia":[{"embeddable":true,"href":"https:\/\/wxplastmachine.com\/tr\/wp-json\/wp\/v2\/media\/3640"}],"wp:attachment":[{"href":"https:\/\/wxplastmachine.com\/tr\/wp-json\/wp\/v2\/media?parent=3635"}],"wp:term":[{"taxonomy":"product_cat","embeddable":true,"href":"https:\/\/wxplastmachine.com\/tr\/wp-json\/wp\/v2\/product_cat?post=3635"},{"taxonomy":"product_tag","embeddable":true,"href":"https:\/\/wxplastmachine.com\/tr\/wp-json\/wp\/v2\/product_tag?post=3635"}],"curies":[{"name":"wp","href":"https:\/\/api.w.org\/{rel}","templated":true}]}}