{"id":3647,"date":"2024-10-24T22:48:33","date_gmt":"2024-10-24T14:48:33","guid":{"rendered":"https:\/\/wxplastmachine.com\/?post_type=product&#038;p=3647"},"modified":"2024-10-24T22:48:33","modified_gmt":"2024-10-24T14:48:33","slug":"automatic-high-speed-v-bottom-shopping-food-kraft-paper-bag-making-machine","status":"publish","type":"product","link":"https:\/\/wxplastmachine.com\/tr\/urun\/automatic-high-speed-v-bottom-shopping-food-kraft-paper-bag-making-machine","title":{"rendered":"Otomatik Y\u00fcksek H\u0131zl\u0131 V Alt Al\u0131\u015fveri\u015f G\u0131da Kraft Ka\u011f\u0131t Torba Yapma Makinesi"},"content":{"rendered":"<p><strong><b>Giri\u015f:<\/b><\/strong><\/p>\n<p>Bu tam otomatik y\u00fcksek h\u0131zl\u0131 ka\u011f\u0131t g\u0131da torbas\u0131 yapma makinesi, ka\u011f\u0131t torbay\u0131 rulo ka\u011f\u0131ttan tek i\u015flemde olu\u015fturmak, her iki taraf\u0131 katlamak, t\u00fcp olu\u015fturmak, kesmek, yap\u0131\u015ft\u0131rmak, alt katlamak vb. i\u00e7in kullan\u0131l\u0131r. Ekmek po\u015fetleri, KFC po\u015fetleri ve McDonald's po\u015fetleri gibi g\u0131da po\u015fetleri \u00fcretmek i\u00e7in ideal bir makinedir.<\/p>\n<p><strong><b>\u00d6zellikler:<\/b><\/strong><\/p>\n<p>Bu, KFC, Mcdonald's gibi cips, f\u0131r\u0131n ve benzeri i\u00e7in kullan\u0131lan yeni tasar\u0131m g\u0131da ka\u011f\u0131t torba yapma makinemizdir.<\/p>\n<p>2) \u00c7\u00f6zme i\u00e7in otomatik sabit gerginlik kontrol\u00fc, EPC a\u011f k\u0131lavuz sistemi, invert\u00f6rl\u00fc malzeme besleme motoru (\u0130ste\u011fe ba\u011fl\u0131 par\u00e7alar).<\/p>\n<p>3) \u0130nvert\u00f6rl\u00fc ana motor<\/p>\n<p>4) Makine, malzeme bitti\u011finde otomatik olarak durdurulabilir.<\/p>\n<p>5) Motor tahrikli tekerlek tipi k\u00f6\u015febent \u00fcnitesi.<\/p>\n<p>6) Kapal\u0131 tip otomatik tutkal uygulama ve \u015fekillendirme sistemi.<\/p>\n<p>7) Yana yat\u0131r\u0131lm\u0131\u015f \u00e7al\u0131\u015fma masas\u0131, kolay kullan\u0131m.<\/p>\n<p><strong><b>Ana Parametre:<\/b><\/strong><\/p>\n<table>\n<tbody>\n<tr>\n<td width=\"33.3200%\">Model<\/td>\n<td width=\"33.3200%\">WX-450<\/td>\n<td width=\"33.3200%\">WX-650<\/td>\n<\/tr>\n<tr>\n<td width=\"33.3200%\">Torba uzunlu\u011fu (C)<\/td>\n<td width=\"33.3200%\">160-420mm<\/td>\n<td width=\"33.3200%\">160-420mm<\/td>\n<\/tr>\n<tr>\n<td width=\"33.3200%\">Torba geni\u015fli\u011fi (L)<\/td>\n<td width=\"33.3200%\">70-260mm<\/td>\n<td width=\"33.3200%\">70-350mm<\/td>\n<\/tr>\n<tr>\n<td width=\"33.3200%\">Yan k\u00f6\u015febent (S)<\/td>\n<td width=\"33.3200%\">20-60mm<\/td>\n<td width=\"33.3200%\">20-60mm<\/td>\n<\/tr>\n<tr>\n<td width=\"33.3200%\">Ka\u011f\u0131t kal\u0131nl\u0131\u011f\u0131<\/td>\n<td width=\"33.3200%\">40-80gsm<\/td>\n<td width=\"33.3200%\">40-80gsm<\/td>\n<\/tr>\n<tr>\n<td width=\"33.3200%\">Besleme ana rulo geni\u015fli\u011fi<\/td>\n<td width=\"33.3200%\">260-720mm<\/td>\n<td width=\"33.3200%\">260-900mm<\/td>\n<\/tr>\n<tr>\n<td width=\"33.3200%\">H\u0131z<\/td>\n<td width=\"33.3200%\">60-400 adet\/dak<\/td>\n<td width=\"33.3200%\">60-400 adet\/dak<\/td>\n<\/tr>\n<tr>\n<td width=\"33.3200%\">G\u00fc\u00e7<\/td>\n<td width=\"33.3200%\">8kw<\/td>\n<td width=\"33.3200%\">8kw<\/td>\n<\/tr>\n<tr>\n<td width=\"33.3200%\">A\u011f\u0131rl\u0131k<\/td>\n<td width=\"33.3200%\">1800kgs<\/td>\n<td width=\"33.3200%\">2000kgs<\/td>\n<\/tr>\n<tr>\n<td width=\"33.3200%\">Boyut (L*W*H)<\/td>\n<td width=\"33.3200%\">4\u00d71.65\u00d71.8m<\/td>\n<td width=\"33.3200%\">5\u00d71.75\u00d71.8m<\/td>\n<\/tr>\n<\/tbody>\n<\/table>\n<p><strong><b>Daha Fazla Se\u00e7enek<\/b><\/strong><strong><b>:<\/b><\/strong><\/p>\n<p>Kare tabanl\u0131 ka\u011f\u0131t torba makinesi<\/p>\n<p>Tam otomatik b\u00fck\u00fclm\u00fc\u015f sapl\u0131 ka\u011f\u0131t torba makinesi<\/p>\n<p>Tam otomatik d\u00fcz sapl\u0131 ka\u011f\u0131t torba makinesi<\/p>\n<p><img fetchpriority=\"high\" decoding=\"async\" class=\"alignnone size-full wp-image-3651\" src=\"https:\/\/wxplastmachine.com\/wp-content\/uploads\/2024\/10\/\u5fae\u4fe1\u622a\u56fe_20241022154159.png\" alt=\"\" width=\"800\" height=\"800\" srcset=\"https:\/\/wxplastmachine.com\/wp-content\/uploads\/2024\/10\/\u5fae\u4fe1\u622a\u56fe_20241022154159.png 800w, https:\/\/wxplastmachine.com\/wp-content\/uploads\/2024\/10\/\u5fae\u4fe1\u622a\u56fe_20241022154159-300x300.png 300w, https:\/\/wxplastmachine.com\/wp-content\/uploads\/2024\/10\/\u5fae\u4fe1\u622a\u56fe_20241022154159-150x150.png 150w, https:\/\/wxplastmachine.com\/wp-content\/uploads\/2024\/10\/\u5fae\u4fe1\u622a\u56fe_20241022154159-768x768.png 768w, https:\/\/wxplastmachine.com\/wp-content\/uploads\/2024\/10\/\u5fae\u4fe1\u622a\u56fe_20241022154159-12x12.png 12w, https:\/\/wxplastmachine.com\/wp-content\/uploads\/2024\/10\/\u5fae\u4fe1\u622a\u56fe_20241022154159-600x600.png 600w, https:\/\/wxplastmachine.com\/wp-content\/uploads\/2024\/10\/\u5fae\u4fe1\u622a\u56fe_20241022154159-100x100.png 100w\" sizes=\"(max-width: 800px) 100vw, 800px\" \/> <img decoding=\"async\" class=\"alignnone size-full wp-image-3649\" src=\"https:\/\/wxplastmachine.com\/wp-content\/uploads\/2024\/10\/\u5fae\u4fe1\u622a\u56fe_20241022153218.png\" alt=\"\" width=\"800\" height=\"800\" srcset=\"https:\/\/wxplastmachine.com\/wp-content\/uploads\/2024\/10\/\u5fae\u4fe1\u622a\u56fe_20241022153218.png 800w, https:\/\/wxplastmachine.com\/wp-content\/uploads\/2024\/10\/\u5fae\u4fe1\u622a\u56fe_20241022153218-300x300.png 300w, https:\/\/wxplastmachine.com\/wp-content\/uploads\/2024\/10\/\u5fae\u4fe1\u622a\u56fe_20241022153218-150x150.png 150w, https:\/\/wxplastmachine.com\/wp-content\/uploads\/2024\/10\/\u5fae\u4fe1\u622a\u56fe_20241022153218-768x768.png 768w, https:\/\/wxplastmachine.com\/wp-content\/uploads\/2024\/10\/\u5fae\u4fe1\u622a\u56fe_20241022153218-12x12.png 12w, https:\/\/wxplastmachine.com\/wp-content\/uploads\/2024\/10\/\u5fae\u4fe1\u622a\u56fe_20241022153218-600x600.png 600w, https:\/\/wxplastmachine.com\/wp-content\/uploads\/2024\/10\/\u5fae\u4fe1\u622a\u56fe_20241022153218-100x100.png 100w\" sizes=\"(max-width: 800px) 100vw, 800px\" \/> <img decoding=\"async\" class=\"alignnone size-full wp-image-3648\" src=\"https:\/\/wxplastmachine.com\/wp-content\/uploads\/2024\/10\/\u5fae\u4fe1\u622a\u56fe_20241022153100.png\" alt=\"\" width=\"800\" height=\"800\" srcset=\"https:\/\/wxplastmachine.com\/wp-content\/uploads\/2024\/10\/\u5fae\u4fe1\u622a\u56fe_20241022153100.png 800w, https:\/\/wxplastmachine.com\/wp-content\/uploads\/2024\/10\/\u5fae\u4fe1\u622a\u56fe_20241022153100-300x300.png 300w, https:\/\/wxplastmachine.com\/wp-content\/uploads\/2024\/10\/\u5fae\u4fe1\u622a\u56fe_20241022153100-150x150.png 150w, https:\/\/wxplastmachine.com\/wp-content\/uploads\/2024\/10\/\u5fae\u4fe1\u622a\u56fe_20241022153100-768x768.png 768w, https:\/\/wxplastmachine.com\/wp-content\/uploads\/2024\/10\/\u5fae\u4fe1\u622a\u56fe_20241022153100-12x12.png 12w, https:\/\/wxplastmachine.com\/wp-content\/uploads\/2024\/10\/\u5fae\u4fe1\u622a\u56fe_20241022153100-600x600.png 600w, https:\/\/wxplastmachine.com\/wp-content\/uploads\/2024\/10\/\u5fae\u4fe1\u622a\u56fe_20241022153100-100x100.png 100w\" sizes=\"(max-width: 800px) 100vw, 800px\" \/><\/p>","protected":false},"excerpt":{"rendered":"<p>Introduction: This full automatic high speed paper food bag making machine is used for forming the paper bag in single process from roll paper, both side folding, tube forming, cutting, gluing, bottom folding etc. It is an ideal machine for producing food bags like bread bags, KFC bags and McDonald\u2019s bags. Features: This is our [&hellip;]<\/p>","protected":false},"featured_media":3650,"comment_status":"open","ping_status":"closed","template":"","meta":{"site-sidebar-layout":"default","site-content-layout":"","ast-site-content-layout":"default","site-content-style":"default","site-sidebar-style":"default","ast-global-header-display":"","ast-banner-title-visibility":"","ast-main-header-display":"","ast-hfb-above-header-display":"","ast-hfb-below-header-display":"","ast-hfb-mobile-header-display":"","site-post-title":"","ast-breadcrumbs-content":"","ast-featured-img":"","footer-sml-layout":"","theme-transparent-header-meta":"default","adv-header-id-meta":"","stick-header-meta":"","header-above-stick-meta":"","header-main-stick-meta":"","header-below-stick-meta":"","astra-migrate-meta-layouts":"set","ast-page-background-enabled":"default","ast-page-background-meta":{"desktop":{"background-color":"","background-image":"","background-repeat":"repeat","background-position":"center center","background-size":"auto","background-attachment":"scroll","background-type":"","background-media":"","overlay-type":"","overlay-color":"","overlay-gradient":""},"tablet":{"background-color":"","background-image":"","background-repeat":"repeat","background-position":"center center","background-size":"auto","background-attachment":"scroll","background-type":"","background-media":"","overlay-type":"","overlay-color":"","overlay-gradient":""},"mobile":{"background-color":"","background-image":"","background-repeat":"repeat","background-position":"center center","background-size":"auto","background-attachment":"scroll","background-type":"","background-media":"","overlay-type":"","overlay-color":"","overlay-gradient":""}},"ast-content-background-meta":{"desktop":{"background-color":"var(--ast-global-color-5)","background-image":"","background-repeat":"repeat","background-position":"center center","background-size":"auto","background-attachment":"scroll","background-type":"","background-media":"","overlay-type":"","overlay-color":"","overlay-gradient":""},"tablet":{"background-color":"var(--ast-global-color-5)","background-image":"","background-repeat":"repeat","background-position":"center center","background-size":"auto","background-attachment":"scroll","background-type":"","background-media":"","overlay-type":"","overlay-color":"","overlay-gradient":""},"mobile":{"background-color":"var(--ast-global-color-5)","background-image":"","background-repeat":"repeat","background-position":"center center","background-size":"auto","background-attachment":"scroll","background-type":"","background-media":"","overlay-type":"","overlay-color":"","overlay-gradient":""}}},"product_cat":[192,191,193],"product_tag":[],"jetpack_sharing_enabled":true,"_links":{"self":[{"href":"https:\/\/wxplastmachine.com\/tr\/wp-json\/wp\/v2\/product\/3647"}],"collection":[{"href":"https:\/\/wxplastmachine.com\/tr\/wp-json\/wp\/v2\/product"}],"about":[{"href":"https:\/\/wxplastmachine.com\/tr\/wp-json\/wp\/v2\/types\/product"}],"replies":[{"embeddable":true,"href":"https:\/\/wxplastmachine.com\/tr\/wp-json\/wp\/v2\/comments?post=3647"}],"wp:featuredmedia":[{"embeddable":true,"href":"https:\/\/wxplastmachine.com\/tr\/wp-json\/wp\/v2\/media\/3650"}],"wp:attachment":[{"href":"https:\/\/wxplastmachine.com\/tr\/wp-json\/wp\/v2\/media?parent=3647"}],"wp:term":[{"taxonomy":"product_cat","embeddable":true,"href":"https:\/\/wxplastmachine.com\/tr\/wp-json\/wp\/v2\/product_cat?post=3647"},{"taxonomy":"product_tag","embeddable":true,"href":"https:\/\/wxplastmachine.com\/tr\/wp-json\/wp\/v2\/product_tag?post=3647"}],"curies":[{"name":"wp","href":"https:\/\/api.w.org\/{rel}","templated":true}]}}