{"id":3660,"date":"2024-10-24T23:00:38","date_gmt":"2024-10-24T15:00:38","guid":{"rendered":"https:\/\/wxplastmachine.com\/?post_type=product&#038;p=3660"},"modified":"2024-10-24T23:00:38","modified_gmt":"2024-10-24T15:00:38","slug":"fully-automatic-high-speed-disposable-paper-coffee-cup-forming-machine-for-making-paper-cups","status":"publish","type":"product","link":"https:\/\/wxplastmachine.com\/tr\/urun\/fully-automatic-high-speed-disposable-paper-coffee-cup-forming-machine-for-making-paper-cups","title":{"rendered":"Ka\u011f\u0131t Bardak Yap\u0131m\u0131 \u0130\u00e7in Tam Otomatik Y\u00fcksek H\u0131zl\u0131 Tek Kullan\u0131ml\u0131k Ka\u011f\u0131t Kahve Fincan\u0131 \u015eekillendirme Makinesi"},"content":{"rendered":"<p><strong><b>Uygulama:<\/b><\/strong><br \/>\nUltrasonik S\u0131zd\u0131rmazl\u0131k ile Ka\u011f\u0131t Bardak Yap\u0131m\u0131 \u0130\u00e7in Tam Otomatik Y\u00fcksek H\u0131zl\u0131 Tek Kullan\u0131ml\u0131k Ka\u011f\u0131t Kahve Fincan\u0131 \u015eekillendirme Makinesi, otomatik orta h\u0131zl\u0131 ka\u011f\u0131t bardak \u015fekillendirme makinesi, kal\u0131p sistemini iletim sisteminden ay\u0131rmak i\u00e7in masa stilini kullan\u0131r, \u015fanz\u0131man par\u00e7alar\u0131 masan\u0131n alt\u0131ndaki makine g\u00f6vdesinin i\u00e7ine yerle\u015ftirilir.<\/p>\n<p><strong><b>\u00a0<\/b><\/strong><\/p>\n<p><strong><b>\u00d6zellikler:<\/b><\/strong><\/p>\n<p>* (\u00e7oklu ka\u011f\u0131t besleme) \u00fc\u00e7 kez ka\u011f\u0131t besleme sistemi \uff0c \u00e7oklu arabuluculuk, ka\u011f\u0131t barda\u011f\u0131n 11 her iki taraf\u0131nda d\u00fczensizli\u011fi \u00f6nlemek i\u00e7in.<\/p>\n<p>* Oluklu tekerlek - makinenin i\u00e7 ba\u011flant\u0131s\u0131n\u0131 daha s\u0131k\u0131 hale getirir ve makinenin \u00e7al\u0131\u015fmas\u0131 s\u0131ras\u0131nda gev\u015fetilmesi kolay de\u011fildir.<br \/>\n* Tek plakal\u0131 alt birle\u015fik fan g\u00f6vdesi \u00e7al\u0131\u015ft\u0131rma sistemi, ka\u011f\u0131t s\u0131k\u0131\u015fmas\u0131 ve a\u015fa\u011f\u0131ya inme sorununu ortadan kald\u0131r\u0131r. 11 makinesini daha g\u00fczel hale getirin ve \u00fcretim kapasitesini art\u0131r\u0131n.<br \/>\n* Tam makine i\u00e7in otomatik ya\u011flama zaman kontrol\u00fc, manuel ya\u011flama sorununu \u00f6nler, makinenin daha kararl\u0131 \u00e7al\u0131\u015fmas\u0131n\u0131 sa\u011flar.<br \/>\n* A\u00e7\u0131k kam \u00e7al\u0131\u015ft\u0131rma sistemi, ar\u0131za oran\u0131n\u0131 azaltmak i\u00e7in biyel sistemini de\u011fi\u015ftirir, \u00dcretim h\u0131z\u0131n\u0131 art\u0131r\u0131r.<br \/>\n* A\u00e7\u0131k kam, Oluklu tekerlek, makinenin daha dengeli \u00e7al\u0131\u015fmas\u0131n\u0131 sa\u011flar ve makinenin y\u00fcksek h\u0131zda a\u015f\u0131nmaya kar\u015f\u0131 dayan\u0131kl\u0131l\u0131\u011f\u0131n\u0131 art\u0131r\u0131r.<br \/>\n* Di\u011fer modellere g\u00f6re. JT-BJ16 g\u00f6vde kare \u00e7elik kullan\u0131r, g\u00f6vde a\u011f\u0131rl\u0131\u011f\u0131 2500kgs, makine 11 y\u00fcksek h\u0131z alt\u0131nda daha kararl\u0131 \u00e7al\u0131\u015f\u0131r ...<br \/>\n* Standartla\u015ft\u0131r\u0131lm\u0131\u015f par\u00e7a \u00fcretimi, g\u00fc\u00e7l\u00fc \u00e7ok y\u00f6nl\u00fcl\u00fck, iyi de\u011fi\u015fim yetene\u011fi, bak\u0131m\u0131 kolay.<\/p>\n<p>&nbsp;<\/p>\n<p><strong><b>\u015eartname<\/b><\/strong><strong><b>\uff1a<\/b><\/strong><\/p>\n<table>\n<tbody>\n<tr>\n<td width=\"46.4800%\">Model<\/td>\n<td width=\"17.0800%\">&nbsp;<\/td>\n<td width=\"36.4200%\">WX-BJ16<\/td>\n<\/tr>\n<tr>\n<td width=\"46.4800%\">Ka\u011f\u0131t Bardak Boyut Aral\u0131\u011f\u0131<\/td>\n<td width=\"17.0800%\">oz<\/td>\n<td width=\"36.4200%\">3 ~16<\/td>\n<\/tr>\n<tr>\n<td width=\"46.4800%\">H\u0131z<\/td>\n<td width=\"17.0800%\">adet\/dk<\/td>\n<td width=\"36.4200%\">70~90<\/td>\n<\/tr>\n<tr>\n<td width=\"46.4800%\">Hammadde<\/td>\n<td width=\"17.0800%\">gsm<\/td>\n<td width=\"36.4200%\">180~350<\/td>\n<\/tr>\n<tr>\n<td width=\"46.4800%\">Genel g\u00fc\u00e7<\/td>\n<td width=\"17.0800%\">kw<\/td>\n<td width=\"36.4200%\">7.8<\/td>\n<\/tr>\n<tr>\n<td width=\"46.4800%\">Elektrik<\/td>\n<td width=\"17.0800%\">v<\/td>\n<td width=\"36.4200%\">380<\/td>\n<\/tr>\n<tr>\n<td width=\"46.4800%\">A\u011f\u0131rl\u0131k<\/td>\n<td width=\"17.0800%\">kg<\/td>\n<td width=\"36.4200%\">2500<\/td>\n<\/tr>\n<tr>\n<td width=\"46.4800%\">\u00d6l\u00e7\u00fcm<\/td>\n<td width=\"17.0800%\">mm<\/td>\n<td width=\"36.4200%\">2250*1250*1700<\/td>\n<\/tr>\n<\/tbody>\n<\/table>\n<p><img fetchpriority=\"high\" decoding=\"async\" class=\"alignnone size-full wp-image-3664\" src=\"https:\/\/wxplastmachine.com\/wp-content\/uploads\/2024\/10\/\u5fae\u4fe1\u622a\u56fe_20241022101902.png\" alt=\"\" width=\"800\" height=\"800\" srcset=\"https:\/\/wxplastmachine.com\/wp-content\/uploads\/2024\/10\/\u5fae\u4fe1\u622a\u56fe_20241022101902.png 800w, https:\/\/wxplastmachine.com\/wp-content\/uploads\/2024\/10\/\u5fae\u4fe1\u622a\u56fe_20241022101902-300x300.png 300w, https:\/\/wxplastmachine.com\/wp-content\/uploads\/2024\/10\/\u5fae\u4fe1\u622a\u56fe_20241022101902-150x150.png 150w, https:\/\/wxplastmachine.com\/wp-content\/uploads\/2024\/10\/\u5fae\u4fe1\u622a\u56fe_20241022101902-768x768.png 768w, https:\/\/wxplastmachine.com\/wp-content\/uploads\/2024\/10\/\u5fae\u4fe1\u622a\u56fe_20241022101902-12x12.png 12w, https:\/\/wxplastmachine.com\/wp-content\/uploads\/2024\/10\/\u5fae\u4fe1\u622a\u56fe_20241022101902-600x600.png 600w, https:\/\/wxplastmachine.com\/wp-content\/uploads\/2024\/10\/\u5fae\u4fe1\u622a\u56fe_20241022101902-100x100.png 100w\" sizes=\"(max-width: 800px) 100vw, 800px\" \/> <img decoding=\"async\" class=\"alignnone size-full wp-image-3665\" src=\"https:\/\/wxplastmachine.com\/wp-content\/uploads\/2024\/10\/\u5fae\u4fe1\u622a\u56fe_20241022101929.png\" alt=\"\" width=\"800\" height=\"800\" srcset=\"https:\/\/wxplastmachine.com\/wp-content\/uploads\/2024\/10\/\u5fae\u4fe1\u622a\u56fe_20241022101929.png 800w, https:\/\/wxplastmachine.com\/wp-content\/uploads\/2024\/10\/\u5fae\u4fe1\u622a\u56fe_20241022101929-300x300.png 300w, https:\/\/wxplastmachine.com\/wp-content\/uploads\/2024\/10\/\u5fae\u4fe1\u622a\u56fe_20241022101929-150x150.png 150w, https:\/\/wxplastmachine.com\/wp-content\/uploads\/2024\/10\/\u5fae\u4fe1\u622a\u56fe_20241022101929-768x768.png 768w, https:\/\/wxplastmachine.com\/wp-content\/uploads\/2024\/10\/\u5fae\u4fe1\u622a\u56fe_20241022101929-12x12.png 12w, https:\/\/wxplastmachine.com\/wp-content\/uploads\/2024\/10\/\u5fae\u4fe1\u622a\u56fe_20241022101929-600x600.png 600w, https:\/\/wxplastmachine.com\/wp-content\/uploads\/2024\/10\/\u5fae\u4fe1\u622a\u56fe_20241022101929-100x100.png 100w\" sizes=\"(max-width: 800px) 100vw, 800px\" \/> <img decoding=\"async\" class=\"alignnone size-full wp-image-3661\" src=\"https:\/\/wxplastmachine.com\/wp-content\/uploads\/2024\/10\/\u5fae\u4fe1\u622a\u56fe_20241022102858.png\" alt=\"\" width=\"800\" height=\"800\" srcset=\"https:\/\/wxplastmachine.com\/wp-content\/uploads\/2024\/10\/\u5fae\u4fe1\u622a\u56fe_20241022102858.png 800w, https:\/\/wxplastmachine.com\/wp-content\/uploads\/2024\/10\/\u5fae\u4fe1\u622a\u56fe_20241022102858-300x300.png 300w, https:\/\/wxplastmachine.com\/wp-content\/uploads\/2024\/10\/\u5fae\u4fe1\u622a\u56fe_20241022102858-150x150.png 150w, https:\/\/wxplastmachine.com\/wp-content\/uploads\/2024\/10\/\u5fae\u4fe1\u622a\u56fe_20241022102858-768x768.png 768w, https:\/\/wxplastmachine.com\/wp-content\/uploads\/2024\/10\/\u5fae\u4fe1\u622a\u56fe_20241022102858-12x12.png 12w, https:\/\/wxplastmachine.com\/wp-content\/uploads\/2024\/10\/\u5fae\u4fe1\u622a\u56fe_20241022102858-600x600.png 600w, https:\/\/wxplastmachine.com\/wp-content\/uploads\/2024\/10\/\u5fae\u4fe1\u622a\u56fe_20241022102858-100x100.png 100w\" sizes=\"(max-width: 800px) 100vw, 800px\" \/><\/p>","protected":false},"excerpt":{"rendered":"<p>Application: Fully Automatic High Speed Disposable Paper Coffee Cup Forming Machine For Making Paper Cups With Ultrasonic Sealing is automatic medium-speed paper cup forming machine use table style, To separate mould system from transmit system ,the transmission parts are set inside of machine body which under the table. \u00a0 Features: * (multiple paper feeding) three [&hellip;]<\/p>","protected":false},"featured_media":3663,"comment_status":"open","ping_status":"closed","template":"","meta":{"site-sidebar-layout":"default","site-content-layout":"","ast-site-content-layout":"default","site-content-style":"default","site-sidebar-style":"default","ast-global-header-display":"","ast-banner-title-visibility":"","ast-main-header-display":"","ast-hfb-above-header-display":"","ast-hfb-below-header-display":"","ast-hfb-mobile-header-display":"","site-post-title":"","ast-breadcrumbs-content":"","ast-featured-img":"","footer-sml-layout":"","theme-transparent-header-meta":"default","adv-header-id-meta":"","stick-header-meta":"","header-above-stick-meta":"","header-main-stick-meta":"","header-below-stick-meta":"","astra-migrate-meta-layouts":"set","ast-page-background-enabled":"default","ast-page-background-meta":{"desktop":{"background-color":"","background-image":"","background-repeat":"repeat","background-position":"center center","background-size":"auto","background-attachment":"scroll","background-type":"","background-media":"","overlay-type":"","overlay-color":"","overlay-gradient":""},"tablet":{"background-color":"","background-image":"","background-repeat":"repeat","background-position":"center center","background-size":"auto","background-attachment":"scroll","background-type":"","background-media":"","overlay-type":"","overlay-color":"","overlay-gradient":""},"mobile":{"background-color":"","background-image":"","background-repeat":"repeat","background-position":"center center","background-size":"auto","background-attachment":"scroll","background-type":"","background-media":"","overlay-type":"","overlay-color":"","overlay-gradient":""}},"ast-content-background-meta":{"desktop":{"background-color":"var(--ast-global-color-5)","background-image":"","background-repeat":"repeat","background-position":"center center","background-size":"auto","background-attachment":"scroll","background-type":"","background-media":"","overlay-type":"","overlay-color":"","overlay-gradient":""},"tablet":{"background-color":"var(--ast-global-color-5)","background-image":"","background-repeat":"repeat","background-position":"center center","background-size":"auto","background-attachment":"scroll","background-type":"","background-media":"","overlay-type":"","overlay-color":"","overlay-gradient":""},"mobile":{"background-color":"var(--ast-global-color-5)","background-image":"","background-repeat":"repeat","background-position":"center center","background-size":"auto","background-attachment":"scroll","background-type":"","background-media":"","overlay-type":"","overlay-color":"","overlay-gradient":""}}},"product_cat":[191,195],"product_tag":[],"jetpack_sharing_enabled":true,"_links":{"self":[{"href":"https:\/\/wxplastmachine.com\/tr\/wp-json\/wp\/v2\/product\/3660"}],"collection":[{"href":"https:\/\/wxplastmachine.com\/tr\/wp-json\/wp\/v2\/product"}],"about":[{"href":"https:\/\/wxplastmachine.com\/tr\/wp-json\/wp\/v2\/types\/product"}],"replies":[{"embeddable":true,"href":"https:\/\/wxplastmachine.com\/tr\/wp-json\/wp\/v2\/comments?post=3660"}],"wp:featuredmedia":[{"embeddable":true,"href":"https:\/\/wxplastmachine.com\/tr\/wp-json\/wp\/v2\/media\/3663"}],"wp:attachment":[{"href":"https:\/\/wxplastmachine.com\/tr\/wp-json\/wp\/v2\/media?parent=3660"}],"wp:term":[{"taxonomy":"product_cat","embeddable":true,"href":"https:\/\/wxplastmachine.com\/tr\/wp-json\/wp\/v2\/product_cat?post=3660"},{"taxonomy":"product_tag","embeddable":true,"href":"https:\/\/wxplastmachine.com\/tr\/wp-json\/wp\/v2\/product_tag?post=3660"}],"curies":[{"name":"wp","href":"https:\/\/api.w.org\/{rel}","templated":true}]}}