{"id":3672,"date":"2024-10-24T23:09:18","date_gmt":"2024-10-24T15:09:18","guid":{"rendered":"https:\/\/wxplastmachine.com\/?post_type=product&#038;p=3672"},"modified":"2026-04-10T08:57:28","modified_gmt":"2026-04-10T00:57:28","slug":"automatic-cardboard-paper-lunch-box-making-machine-for-fast-food-hamburger-pizza-chip-boxes","status":"publish","type":"product","link":"https:\/\/wxplastmachine.com\/tr\/urun\/automatic-cardboard-paper-lunch-box-making-machine-for-fast-food-hamburger-pizza-chip-boxes","title":{"rendered":"Fast Food Hamburger Pizza Chip Kutular\u0131 \u0130\u00e7in Otomatik Karton Ka\u011f\u0131t \u00d6\u011fle Yeme\u011fi Kutusu Yapma Makinesi"},"content":{"rendered":"<p><strong><b>Automatic Cardboard Box <\/b><\/strong><strong><b>Forming <\/b><\/strong><strong><b>Making Machine <\/b><\/strong><\/p>\n<p>The automatic three-dimensional carton forming machine can produce hamburger boxes, four-square boxes, pizza boxes, cake boxes, packing boxes, food boxes (take-away), chip boxes and other cartons made of cardboard and corrugated paper. The machine has solid structure, guaranteed quality, low noise and high efficiency.\u00a0It can make more than 10 types boxes.<\/p>\n<p><strong><b>\u00d6zellikler<\/b><\/strong><strong><b>\uff1a<\/b><\/strong><\/p>\n<p>1.The machine adopts electric components imported from Japan Omron, France Schneider, Germany Siemens, Delta, etc. The control system adopts PLC programmable controller + touch screen man-machine interface.<\/p>\n<p>2.The water-based gluing device is highly efficient and precise gluing, the gluing position of the paper box can be adjusted, and the gluing device is reasonably designed, compact, stable and easy to clean.<\/p>\n<p>3.Raw material: water &#8211; based glue is water &#8211; soluble adhesive for food grade glue.<\/p>\n<p>Carton output device: automatic carton output, collecting and piling device, counter can be installed to facilitate customer packaging and reduce labor input.<\/p>\n<p>&nbsp;<\/p>\n<p>Stereo Box Die Cutter is a molding machine that applies cardoard paper and corrugated paper to be used for the molding of containers like burger box, roofless box, food box, chips box and so on.<br \/>\nRoofless box MAX:160pcs\/min<br \/>\nSquare box MAX:150pcs\/min<br \/>\nHot Dog&amp;Burger Box MAX:120pcs\/min<br \/>\nFood box MAS:100pcs\/min<\/p>\n<p>&nbsp;<\/p>\n<table>\n<tbody>\n<tr>\n<td colspan=\"3\" width=\"100.0000%\"><strong><b>Technical Specification:<\/b><\/strong><\/td>\n<\/tr>\n<tr>\n<td width=\"19.2400%\">Tip<\/td>\n<td width=\"40.3400%\">WX-D800<\/td>\n<td width=\"40.3800%\">WX-D1200<\/td>\n<\/tr>\n<tr>\n<td width=\"19.2400%\">Production capacity<\/td>\n<td width=\"40.3400%\">50-180 pcs\/min<\/td>\n<td width=\"40.3800%\">80-320pcs\/min<\/td>\n<\/tr>\n<tr>\n<td width=\"19.2400%\">Uygun Malzeme<\/td>\n<td colspan=\"2\" width=\"80.7400%\">200-600g\/m2 card paper,PE coated paper, kraft paper, corrugated paper<\/td>\n<\/tr>\n<tr>\n<td width=\"19.2400%\">Length<\/td>\n<td width=\"40.3400%\">L100-450mm,degree:5\u00b0-40\u00b0<\/td>\n<td width=\"40.3800%\">L100-450mm,degree:5\u00b0-40\u00b0<\/td>\n<\/tr>\n<tr>\n<td width=\"19.2400%\">Geni\u015flik<\/td>\n<td width=\"40.3400%\">100-600mm<\/td>\n<td width=\"40.3800%\">W100-400mm<\/td>\n<\/tr>\n<tr>\n<td width=\"19.2400%\">Hight<\/td>\n<td width=\"40.3400%\">15-200mm<\/td>\n<td width=\"40.3800%\">H15-200mm<\/td>\n<\/tr>\n<tr>\n<td width=\"19.2400%\">Toplam G\u00fc\u00e7<\/td>\n<td width=\"40.3400%\">5KW<\/td>\n<td width=\"40.3800%\">6.25KW<\/td>\n<\/tr>\n<tr>\n<td width=\"19.2400%\">Toplam A\u011f\u0131rl\u0131k<\/td>\n<td width=\"40.3400%\">1.8T<\/td>\n<td width=\"40.3800%\">2.8T<\/td>\n<\/tr>\n<tr>\n<td width=\"19.2400%\">Genel Boyut<\/td>\n<td width=\"40.3400%\">3600 x1400 x 1700 mm<\/td>\n<td width=\"40.3800%\">3600 x 1850 x 1700 mm<\/td>\n<\/tr>\n<tr>\n<td width=\"19.2400%\">power source<\/td>\n<td width=\"40.3400%\">380V \/220V 50HZ<\/td>\n<td width=\"40.3800%\">380V 50HZ<\/td>\n<\/tr>\n<tr>\n<td width=\"19.2400%\">After-sales Service Provided<\/td>\n<td colspan=\"2\" width=\"80.7400%\">Free spare parts,Video technical support,Field installation, commissioning and training,Field maintenance and repair<br \/>\nservice,Online support<\/td>\n<\/tr>\n<\/tbody>\n<\/table>\n<p><img fetchpriority=\"high\" decoding=\"async\" class=\"alignnone size-full wp-image-3674\" src=\"https:\/\/wxplastmachine.com\/wp-content\/uploads\/2024\/10\/\u5fae\u4fe1\u622a\u56fe_20241022161427.png\" alt=\"\" width=\"800\" height=\"800\" srcset=\"https:\/\/wxplastmachine.com\/wp-content\/uploads\/2024\/10\/\u5fae\u4fe1\u622a\u56fe_20241022161427.png 800w, https:\/\/wxplastmachine.com\/wp-content\/uploads\/2024\/10\/\u5fae\u4fe1\u622a\u56fe_20241022161427-300x300.png 300w, https:\/\/wxplastmachine.com\/wp-content\/uploads\/2024\/10\/\u5fae\u4fe1\u622a\u56fe_20241022161427-150x150.png 150w, https:\/\/wxplastmachine.com\/wp-content\/uploads\/2024\/10\/\u5fae\u4fe1\u622a\u56fe_20241022161427-768x768.png 768w, https:\/\/wxplastmachine.com\/wp-content\/uploads\/2024\/10\/\u5fae\u4fe1\u622a\u56fe_20241022161427-12x12.png 12w, https:\/\/wxplastmachine.com\/wp-content\/uploads\/2024\/10\/\u5fae\u4fe1\u622a\u56fe_20241022161427-600x600.png 600w, https:\/\/wxplastmachine.com\/wp-content\/uploads\/2024\/10\/\u5fae\u4fe1\u622a\u56fe_20241022161427-100x100.png 100w\" sizes=\"(max-width: 800px) 100vw, 800px\" \/> <img decoding=\"async\" class=\"alignnone size-full wp-image-3677\" src=\"https:\/\/wxplastmachine.com\/wp-content\/uploads\/2024\/10\/\u5fae\u4fe1\u622a\u56fe_20241022162500.png\" alt=\"\" width=\"800\" height=\"800\" srcset=\"https:\/\/wxplastmachine.com\/wp-content\/uploads\/2024\/10\/\u5fae\u4fe1\u622a\u56fe_20241022162500.png 800w, https:\/\/wxplastmachine.com\/wp-content\/uploads\/2024\/10\/\u5fae\u4fe1\u622a\u56fe_20241022162500-300x300.png 300w, https:\/\/wxplastmachine.com\/wp-content\/uploads\/2024\/10\/\u5fae\u4fe1\u622a\u56fe_20241022162500-150x150.png 150w, https:\/\/wxplastmachine.com\/wp-content\/uploads\/2024\/10\/\u5fae\u4fe1\u622a\u56fe_20241022162500-768x768.png 768w, https:\/\/wxplastmachine.com\/wp-content\/uploads\/2024\/10\/\u5fae\u4fe1\u622a\u56fe_20241022162500-12x12.png 12w, https:\/\/wxplastmachine.com\/wp-content\/uploads\/2024\/10\/\u5fae\u4fe1\u622a\u56fe_20241022162500-600x600.png 600w, https:\/\/wxplastmachine.com\/wp-content\/uploads\/2024\/10\/\u5fae\u4fe1\u622a\u56fe_20241022162500-100x100.png 100w\" sizes=\"(max-width: 800px) 100vw, 800px\" \/> <img decoding=\"async\" class=\"alignnone size-full wp-image-3681\" src=\"https:\/\/wxplastmachine.com\/wp-content\/uploads\/2024\/10\/\u5fae\u4fe1\u622a\u56fe_20241022191410.png\" alt=\"\" width=\"800\" height=\"800\" srcset=\"https:\/\/wxplastmachine.com\/wp-content\/uploads\/2024\/10\/\u5fae\u4fe1\u622a\u56fe_20241022191410.png 800w, https:\/\/wxplastmachine.com\/wp-content\/uploads\/2024\/10\/\u5fae\u4fe1\u622a\u56fe_20241022191410-300x300.png 300w, https:\/\/wxplastmachine.com\/wp-content\/uploads\/2024\/10\/\u5fae\u4fe1\u622a\u56fe_20241022191410-150x150.png 150w, https:\/\/wxplastmachine.com\/wp-content\/uploads\/2024\/10\/\u5fae\u4fe1\u622a\u56fe_20241022191410-768x768.png 768w, https:\/\/wxplastmachine.com\/wp-content\/uploads\/2024\/10\/\u5fae\u4fe1\u622a\u56fe_20241022191410-12x12.png 12w, https:\/\/wxplastmachine.com\/wp-content\/uploads\/2024\/10\/\u5fae\u4fe1\u622a\u56fe_20241022191410-600x600.png 600w, https:\/\/wxplastmachine.com\/wp-content\/uploads\/2024\/10\/\u5fae\u4fe1\u622a\u56fe_20241022191410-100x100.png 100w\" sizes=\"(max-width: 800px) 100vw, 800px\" \/><\/p>","protected":false},"excerpt":{"rendered":"<p>Automatic Cardboard Box Forming Making Machine The automatic three-dimensional carton forming machine can produce hamburger boxes, four-square boxes, pizza boxes, cake boxes, packing boxes, food boxes (take-away), chip boxes and other cartons made of cardboard and corrugated paper. The machine has solid structure, guaranteed quality, low noise and high efficiency.\u00a0It can make more than 10 [&hellip;]<\/p>","protected":false},"featured_media":3673,"comment_status":"open","ping_status":"closed","template":"","meta":{"site-sidebar-layout":"default","site-content-layout":"","ast-site-content-layout":"default","site-content-style":"default","site-sidebar-style":"default","ast-global-header-display":"","ast-banner-title-visibility":"","ast-main-header-display":"","ast-hfb-above-header-display":"","ast-hfb-below-header-display":"","ast-hfb-mobile-header-display":"","site-post-title":"","ast-breadcrumbs-content":"","ast-featured-img":"","footer-sml-layout":"","theme-transparent-header-meta":"default","adv-header-id-meta":"","stick-header-meta":"","header-above-stick-meta":"","header-main-stick-meta":"","header-below-stick-meta":"","astra-migrate-meta-layouts":"set","ast-page-background-enabled":"default","ast-page-background-meta":{"desktop":{"background-color":"","background-image":"","background-repeat":"repeat","background-position":"center center","background-size":"auto","background-attachment":"scroll","background-type":"","background-media":"","overlay-type":"","overlay-color":"","overlay-gradient":""},"tablet":{"background-color":"","background-image":"","background-repeat":"repeat","background-position":"center center","background-size":"auto","background-attachment":"scroll","background-type":"","background-media":"","overlay-type":"","overlay-color":"","overlay-gradient":""},"mobile":{"background-color":"","background-image":"","background-repeat":"repeat","background-position":"center center","background-size":"auto","background-attachment":"scroll","background-type":"","background-media":"","overlay-type":"","overlay-color":"","overlay-gradient":""}},"ast-content-background-meta":{"desktop":{"background-color":"var(--ast-global-color-5)","background-image":"","background-repeat":"repeat","background-position":"center center","background-size":"auto","background-attachment":"scroll","background-type":"","background-media":"","overlay-type":"","overlay-color":"","overlay-gradient":""},"tablet":{"background-color":"var(--ast-global-color-5)","background-image":"","background-repeat":"repeat","background-position":"center center","background-size":"auto","background-attachment":"scroll","background-type":"","background-media":"","overlay-type":"","overlay-color":"","overlay-gradient":""},"mobile":{"background-color":"var(--ast-global-color-5)","background-image":"","background-repeat":"repeat","background-position":"center center","background-size":"auto","background-attachment":"scroll","background-type":"","background-media":"","overlay-type":"","overlay-color":"","overlay-gradient":""}}},"product_cat":[191,207],"product_tag":[],"jetpack_sharing_enabled":true,"_links":{"self":[{"href":"https:\/\/wxplastmachine.com\/tr\/wp-json\/wp\/v2\/product\/3672"}],"collection":[{"href":"https:\/\/wxplastmachine.com\/tr\/wp-json\/wp\/v2\/product"}],"about":[{"href":"https:\/\/wxplastmachine.com\/tr\/wp-json\/wp\/v2\/types\/product"}],"replies":[{"embeddable":true,"href":"https:\/\/wxplastmachine.com\/tr\/wp-json\/wp\/v2\/comments?post=3672"}],"wp:featuredmedia":[{"embeddable":true,"href":"https:\/\/wxplastmachine.com\/tr\/wp-json\/wp\/v2\/media\/3673"}],"wp:attachment":[{"href":"https:\/\/wxplastmachine.com\/tr\/wp-json\/wp\/v2\/media?parent=3672"}],"wp:term":[{"taxonomy":"product_cat","embeddable":true,"href":"https:\/\/wxplastmachine.com\/tr\/wp-json\/wp\/v2\/product_cat?post=3672"},{"taxonomy":"product_tag","embeddable":true,"href":"https:\/\/wxplastmachine.com\/tr\/wp-json\/wp\/v2\/product_tag?post=3672"}],"curies":[{"name":"wp","href":"https:\/\/api.w.org\/{rel}","templated":true}]}}