{"id":3711,"date":"2024-10-25T10:54:53","date_gmt":"2024-10-25T02:54:53","guid":{"rendered":"https:\/\/wxplastmachine.com\/?post_type=product&#038;p=3711"},"modified":"2024-10-25T10:54:53","modified_gmt":"2024-10-25T02:54:53","slug":"high-speed-full-automatic-cardboard-paper-tube-core-making-machine","status":"publish","type":"product","link":"https:\/\/wxplastmachine.com\/tr\/urun\/high-speed-full-automatic-cardboard-paper-tube-core-making-machine","title":{"rendered":"Y\u00fcksek H\u0131zl\u0131 Tam Otomatik Karton Ka\u011f\u0131t T\u00fcp \u00c7ekirdek Yapma Makinesi"},"content":{"rendered":"<p>Her t\u00fcrl\u00fc ka\u011f\u0131t t\u00fcp \/ ka\u011f\u0131t kutu \u00fcretimi i\u00e7in uygundur. Paket teneke, \u00e7ay kutusu gibi,<br \/>\ng\u0131da kutular\u0131, \u015farap kutular\u0131, havai fi\u015fek t\u00fcp\u00fc, takvim t\u00fcp\u00fc, faks ka\u011f\u0131d\u0131 \u00e7ekirde\u011fi vb.<\/p>\n<p>1. D\u00fc\u015f\u00fck fiyat, g\u00fc\u00e7l\u00fc uygulanabilirlik, istikrarl\u0131 performans;<br \/>\n2. Otomatik olarak kes, otomatik olarak boruyu d\u00fc\u015f\u00fcr, otomatik olarak h\u0131z\u0131 de\u011fi\u015ftir ve geri d\u00f6n;<br \/>\n3. Bilgisayar PLC kontrol\u00fc, dokunmatik ekran insan-makine aray\u00fcz\u00fc i\u015flemi;<br \/>\n4. Yuvarlak b\u0131\u00e7ak kesimi, kesi daha p\u00fcr\u00fczs\u00fcz, performans daha kararl\u0131;<br \/>\n5. Poli\u00fcretan kaz\u0131y\u0131c\u0131 ve y\u00fcksek karbonlu \u00e7elik plastik b\u0131\u00e7ak ile kullan\u0131mda dayan\u0131kl\u0131d\u0131r;<br \/>\n6. Otomatik olarak yap\u0131\u015ft\u0131r\u0131n.<\/p>\n<p>Ka\u011f\u0131t t\u00fcp makinesi, elektronik kontrol i\u015fletim sistemi kontrol\u00fc ile tambur \u015feklinde ka\u011f\u0131t t\u00fcp\u00fc benimser, ana bilgisayar ka\u011f\u0131t \u00e7er\u00e7eve, tutkal, tambur, fotoelektrik t\u00fcp kesme ve bir dizi i\u015flem alt\u0131nda t\u00fcpten olu\u015fur, ka\u011f\u0131t t\u00fcp kal\u0131nl\u0131\u011f\u0131 \u00fcretiminde, t\u00fcp kesme uzunlu\u011fu kullan\u0131c\u0131 ihtiyac\u0131na g\u00f6re serbest\u00e7e ayarlanabilir, h\u0131z h\u0131zl\u0131, basit ve kullan\u0131\u015fl\u0131 prosed\u00fcr, y\u00fcksek otomasyon.<\/p>\n<p><strong><b>\u00dcr\u00fcn Detaylar\u0131<\/b><\/strong><strong><b>:<\/b><\/strong><\/p>\n<table>\n<tbody>\n<tr>\n<td width=\"19.8200%\">Makine Tipi<\/td>\n<td width=\"19.5200%\">WX-2150A<\/td>\n<td width=\"19.5000%\">WX-2150B<\/td>\n<td width=\"20.5400%\">WX-4150A<\/td>\n<td width=\"20.5600%\">WX-4150B<\/td>\n<\/tr>\n<tr>\n<td width=\"19.8200%\">T\u00fcp Katman\u0131<\/td>\n<td width=\"19.5200%\">3-10 kat<\/td>\n<td width=\"19.5000%\">3-16 kat<\/td>\n<td width=\"20.5400%\">3-21 kat<\/td>\n<td width=\"20.5600%\">3-24 kat<\/td>\n<\/tr>\n<tr>\n<td width=\"19.8200%\">T\u00fcp \u00c7ap\u0131<\/td>\n<td width=\"19.5200%\">20-100mm<\/td>\n<td width=\"19.5000%\">20-150mm<\/td>\n<td width=\"20.5400%\">40-200mm<\/td>\n<td width=\"20.5600%\">40-250mm<\/td>\n<\/tr>\n<tr>\n<td width=\"19.8200%\">T\u00fcp Kal\u0131nl\u0131\u011f\u0131<\/td>\n<td width=\"19.5200%\">1-6mm<\/td>\n<td width=\"19.5000%\">1-8mm<\/td>\n<td width=\"20.5400%\">1-20mm<\/td>\n<td width=\"20.5600%\">1-20mm<\/td>\n<\/tr>\n<tr>\n<td width=\"19.8200%\">\u00c7al\u0131\u015fma H\u0131z\u0131<\/td>\n<td width=\"19.5200%\">3-15m\/dak<\/td>\n<td width=\"19.5000%\">3-20m\/dak<\/td>\n<td width=\"20.5400%\">3-15m\/dak<\/td>\n<td width=\"20.5600%\">3-20m\/dak<\/td>\n<\/tr>\n<tr>\n<td width=\"19.8200%\">G\u00fc\u00e7<\/td>\n<td width=\"19.5200%\">4KW<\/td>\n<td width=\"19.5000%\">5.5KW<\/td>\n<td width=\"20.5400%\">11KW<\/td>\n<td width=\"20.5600%\">11KW<\/td>\n<\/tr>\n<tr>\n<td width=\"19.8200%\">Ev Sahibi Boyutu<\/td>\n<td width=\"19.5200%\">2.9*1.8*1.7m<\/td>\n<td width=\"19.5000%\">2.9*1.9*1.7m<\/td>\n<td width=\"20.5400%\">4.0*2.0*1.95m<\/td>\n<td width=\"20.5600%\">4.0*2.0*1.95m<\/td>\n<\/tr>\n<tr>\n<td width=\"19.8200%\">Toplam A\u011f\u0131rl\u0131k<\/td>\n<td width=\"19.5200%\">1800kg<\/td>\n<td width=\"19.5000%\">1800kg<\/td>\n<td width=\"20.5400%\">3200kg<\/td>\n<td width=\"20.5600%\">3500kg<\/td>\n<\/tr>\n<tr>\n<td width=\"19.8200%\">Kemer Diyagonal<\/td>\n<td width=\"19.5200%\">El Kitab\u0131<\/td>\n<td width=\"19.5000%\">Elektrik<\/td>\n<td width=\"20.5400%\">Elektrik<\/td>\n<td width=\"20.5600%\">Elektrik<\/td>\n<\/tr>\n<tr>\n<td width=\"19.8200%\">Sarma Ba\u015fl\u0131k<\/td>\n<td colspan=\"2\" width=\"39.0400%\">\u0130ki sar\u0131m kafas\u0131 tek kay\u0131\u015f<\/td>\n<td colspan=\"2\" width=\"41.1200%\">D\u00f6rt sar\u0131m kafas\u0131 \u00e7ift kay\u0131\u015f<\/td>\n<\/tr>\n<tr>\n<td width=\"19.8200%\">Gerilim<\/td>\n<td colspan=\"4\" width=\"80.1600%\">380V, 50Hz veya 220V, 50Hz<\/td>\n<\/tr>\n<\/tbody>\n<\/table>\n<p><img fetchpriority=\"high\" decoding=\"async\" class=\"alignnone size-full wp-image-3712\" src=\"https:\/\/wxplastmachine.com\/wp-content\/uploads\/2024\/10\/\u5fae\u4fe1\u622a\u56fe_20241024101245.png\" alt=\"\" width=\"800\" height=\"800\" srcset=\"https:\/\/wxplastmachine.com\/wp-content\/uploads\/2024\/10\/\u5fae\u4fe1\u622a\u56fe_20241024101245.png 800w, https:\/\/wxplastmachine.com\/wp-content\/uploads\/2024\/10\/\u5fae\u4fe1\u622a\u56fe_20241024101245-300x300.png 300w, https:\/\/wxplastmachine.com\/wp-content\/uploads\/2024\/10\/\u5fae\u4fe1\u622a\u56fe_20241024101245-150x150.png 150w, https:\/\/wxplastmachine.com\/wp-content\/uploads\/2024\/10\/\u5fae\u4fe1\u622a\u56fe_20241024101245-768x768.png 768w, https:\/\/wxplastmachine.com\/wp-content\/uploads\/2024\/10\/\u5fae\u4fe1\u622a\u56fe_20241024101245-12x12.png 12w, https:\/\/wxplastmachine.com\/wp-content\/uploads\/2024\/10\/\u5fae\u4fe1\u622a\u56fe_20241024101245-600x600.png 600w, https:\/\/wxplastmachine.com\/wp-content\/uploads\/2024\/10\/\u5fae\u4fe1\u622a\u56fe_20241024101245-100x100.png 100w\" sizes=\"(max-width: 800px) 100vw, 800px\" \/> <img decoding=\"async\" class=\"alignnone size-full wp-image-3718\" src=\"https:\/\/wxplastmachine.com\/wp-content\/uploads\/2024\/10\/\u5fae\u4fe1\u622a\u56fe_20241024102041.png\" alt=\"\" width=\"800\" height=\"800\" srcset=\"https:\/\/wxplastmachine.com\/wp-content\/uploads\/2024\/10\/\u5fae\u4fe1\u622a\u56fe_20241024102041.png 800w, https:\/\/wxplastmachine.com\/wp-content\/uploads\/2024\/10\/\u5fae\u4fe1\u622a\u56fe_20241024102041-300x300.png 300w, https:\/\/wxplastmachine.com\/wp-content\/uploads\/2024\/10\/\u5fae\u4fe1\u622a\u56fe_20241024102041-150x150.png 150w, https:\/\/wxplastmachine.com\/wp-content\/uploads\/2024\/10\/\u5fae\u4fe1\u622a\u56fe_20241024102041-768x768.png 768w, https:\/\/wxplastmachine.com\/wp-content\/uploads\/2024\/10\/\u5fae\u4fe1\u622a\u56fe_20241024102041-12x12.png 12w, https:\/\/wxplastmachine.com\/wp-content\/uploads\/2024\/10\/\u5fae\u4fe1\u622a\u56fe_20241024102041-600x600.png 600w, https:\/\/wxplastmachine.com\/wp-content\/uploads\/2024\/10\/\u5fae\u4fe1\u622a\u56fe_20241024102041-100x100.png 100w\" sizes=\"(max-width: 800px) 100vw, 800px\" \/> <img decoding=\"async\" class=\"alignnone size-full wp-image-3717\" src=\"https:\/\/wxplastmachine.com\/wp-content\/uploads\/2024\/10\/\u5fae\u4fe1\u622a\u56fe_20241024102017.png\" alt=\"\" width=\"800\" height=\"800\" srcset=\"https:\/\/wxplastmachine.com\/wp-content\/uploads\/2024\/10\/\u5fae\u4fe1\u622a\u56fe_20241024102017.png 800w, https:\/\/wxplastmachine.com\/wp-content\/uploads\/2024\/10\/\u5fae\u4fe1\u622a\u56fe_20241024102017-300x300.png 300w, https:\/\/wxplastmachine.com\/wp-content\/uploads\/2024\/10\/\u5fae\u4fe1\u622a\u56fe_20241024102017-150x150.png 150w, https:\/\/wxplastmachine.com\/wp-content\/uploads\/2024\/10\/\u5fae\u4fe1\u622a\u56fe_20241024102017-768x768.png 768w, https:\/\/wxplastmachine.com\/wp-content\/uploads\/2024\/10\/\u5fae\u4fe1\u622a\u56fe_20241024102017-12x12.png 12w, https:\/\/wxplastmachine.com\/wp-content\/uploads\/2024\/10\/\u5fae\u4fe1\u622a\u56fe_20241024102017-600x600.png 600w, https:\/\/wxplastmachine.com\/wp-content\/uploads\/2024\/10\/\u5fae\u4fe1\u622a\u56fe_20241024102017-100x100.png 100w\" sizes=\"(max-width: 800px) 100vw, 800px\" \/> <img loading=\"lazy\" decoding=\"async\" class=\"alignnone size-full wp-image-3713\" src=\"https:\/\/wxplastmachine.com\/wp-content\/uploads\/2024\/10\/\u5fae\u4fe1\u622a\u56fe_20241024101409.png\" alt=\"\" width=\"800\" height=\"800\" srcset=\"https:\/\/wxplastmachine.com\/wp-content\/uploads\/2024\/10\/\u5fae\u4fe1\u622a\u56fe_20241024101409.png 800w, https:\/\/wxplastmachine.com\/wp-content\/uploads\/2024\/10\/\u5fae\u4fe1\u622a\u56fe_20241024101409-300x300.png 300w, https:\/\/wxplastmachine.com\/wp-content\/uploads\/2024\/10\/\u5fae\u4fe1\u622a\u56fe_20241024101409-150x150.png 150w, https:\/\/wxplastmachine.com\/wp-content\/uploads\/2024\/10\/\u5fae\u4fe1\u622a\u56fe_20241024101409-768x768.png 768w, https:\/\/wxplastmachine.com\/wp-content\/uploads\/2024\/10\/\u5fae\u4fe1\u622a\u56fe_20241024101409-12x12.png 12w, https:\/\/wxplastmachine.com\/wp-content\/uploads\/2024\/10\/\u5fae\u4fe1\u622a\u56fe_20241024101409-600x600.png 600w, https:\/\/wxplastmachine.com\/wp-content\/uploads\/2024\/10\/\u5fae\u4fe1\u622a\u56fe_20241024101409-100x100.png 100w\" sizes=\"(max-width: 800px) 100vw, 800px\" \/> <img loading=\"lazy\" decoding=\"async\" class=\"alignnone size-full wp-image-3721\" src=\"https:\/\/wxplastmachine.com\/wp-content\/uploads\/2024\/10\/\u5fae\u4fe1\u622a\u56fe_20241024102252.png\" alt=\"\" width=\"800\" height=\"800\" srcset=\"https:\/\/wxplastmachine.com\/wp-content\/uploads\/2024\/10\/\u5fae\u4fe1\u622a\u56fe_20241024102252.png 800w, https:\/\/wxplastmachine.com\/wp-content\/uploads\/2024\/10\/\u5fae\u4fe1\u622a\u56fe_20241024102252-300x300.png 300w, https:\/\/wxplastmachine.com\/wp-content\/uploads\/2024\/10\/\u5fae\u4fe1\u622a\u56fe_20241024102252-150x150.png 150w, https:\/\/wxplastmachine.com\/wp-content\/uploads\/2024\/10\/\u5fae\u4fe1\u622a\u56fe_20241024102252-768x768.png 768w, https:\/\/wxplastmachine.com\/wp-content\/uploads\/2024\/10\/\u5fae\u4fe1\u622a\u56fe_20241024102252-12x12.png 12w, https:\/\/wxplastmachine.com\/wp-content\/uploads\/2024\/10\/\u5fae\u4fe1\u622a\u56fe_20241024102252-600x600.png 600w, https:\/\/wxplastmachine.com\/wp-content\/uploads\/2024\/10\/\u5fae\u4fe1\u622a\u56fe_20241024102252-100x100.png 100w\" sizes=\"(max-width: 800px) 100vw, 800px\" \/> <img loading=\"lazy\" decoding=\"async\" class=\"alignnone size-full wp-image-3714\" src=\"https:\/\/wxplastmachine.com\/wp-content\/uploads\/2024\/10\/\u5fae\u4fe1\u622a\u56fe_20241024101841.png\" alt=\"\" width=\"800\" height=\"800\" srcset=\"https:\/\/wxplastmachine.com\/wp-content\/uploads\/2024\/10\/\u5fae\u4fe1\u622a\u56fe_20241024101841.png 800w, https:\/\/wxplastmachine.com\/wp-content\/uploads\/2024\/10\/\u5fae\u4fe1\u622a\u56fe_20241024101841-300x300.png 300w, https:\/\/wxplastmachine.com\/wp-content\/uploads\/2024\/10\/\u5fae\u4fe1\u622a\u56fe_20241024101841-150x150.png 150w, https:\/\/wxplastmachine.com\/wp-content\/uploads\/2024\/10\/\u5fae\u4fe1\u622a\u56fe_20241024101841-768x768.png 768w, https:\/\/wxplastmachine.com\/wp-content\/uploads\/2024\/10\/\u5fae\u4fe1\u622a\u56fe_20241024101841-12x12.png 12w, https:\/\/wxplastmachine.com\/wp-content\/uploads\/2024\/10\/\u5fae\u4fe1\u622a\u56fe_20241024101841-600x600.png 600w, https:\/\/wxplastmachine.com\/wp-content\/uploads\/2024\/10\/\u5fae\u4fe1\u622a\u56fe_20241024101841-100x100.png 100w\" sizes=\"(max-width: 800px) 100vw, 800px\" \/><\/p>","protected":false},"excerpt":{"rendered":"<p>Suitable for all kind of paper tube \/ paper can production. Such as package tin, tea caddy, food cans, wine cans, fireworks tube, calendar tube, fax paper core, etc. 1.Low price, strong practicability, stable performance; 2.Automatically cut, automatically fall pipe, automatically change speed and revert; 3.Computer PLC control, touch screen man-machine interface operation; 4.Round knife [&hellip;]<\/p>","protected":false},"featured_media":3716,"comment_status":"open","ping_status":"closed","template":"","meta":{"site-sidebar-layout":"default","site-content-layout":"","ast-site-content-layout":"default","site-content-style":"default","site-sidebar-style":"default","ast-global-header-display":"","ast-banner-title-visibility":"","ast-main-header-display":"","ast-hfb-above-header-display":"","ast-hfb-below-header-display":"","ast-hfb-mobile-header-display":"","site-post-title":"","ast-breadcrumbs-content":"","ast-featured-img":"","footer-sml-layout":"","theme-transparent-header-meta":"default","adv-header-id-meta":"","stick-header-meta":"","header-above-stick-meta":"","header-main-stick-meta":"","header-below-stick-meta":"","astra-migrate-meta-layouts":"set","ast-page-background-enabled":"default","ast-page-background-meta":{"desktop":{"background-color":"","background-image":"","background-repeat":"repeat","background-position":"center center","background-size":"auto","background-attachment":"scroll","background-type":"","background-media":"","overlay-type":"","overlay-color":"","overlay-gradient":""},"tablet":{"background-color":"","background-image":"","background-repeat":"repeat","background-position":"center center","background-size":"auto","background-attachment":"scroll","background-type":"","background-media":"","overlay-type":"","overlay-color":"","overlay-gradient":""},"mobile":{"background-color":"","background-image":"","background-repeat":"repeat","background-position":"center center","background-size":"auto","background-attachment":"scroll","background-type":"","background-media":"","overlay-type":"","overlay-color":"","overlay-gradient":""}},"ast-content-background-meta":{"desktop":{"background-color":"var(--ast-global-color-5)","background-image":"","background-repeat":"repeat","background-position":"center center","background-size":"auto","background-attachment":"scroll","background-type":"","background-media":"","overlay-type":"","overlay-color":"","overlay-gradient":""},"tablet":{"background-color":"var(--ast-global-color-5)","background-image":"","background-repeat":"repeat","background-position":"center center","background-size":"auto","background-attachment":"scroll","background-type":"","background-media":"","overlay-type":"","overlay-color":"","overlay-gradient":""},"mobile":{"background-color":"var(--ast-global-color-5)","background-image":"","background-repeat":"repeat","background-position":"center center","background-size":"auto","background-attachment":"scroll","background-type":"","background-media":"","overlay-type":"","overlay-color":"","overlay-gradient":""}}},"product_cat":[191,198],"product_tag":[],"jetpack_sharing_enabled":true,"_links":{"self":[{"href":"https:\/\/wxplastmachine.com\/tr\/wp-json\/wp\/v2\/product\/3711"}],"collection":[{"href":"https:\/\/wxplastmachine.com\/tr\/wp-json\/wp\/v2\/product"}],"about":[{"href":"https:\/\/wxplastmachine.com\/tr\/wp-json\/wp\/v2\/types\/product"}],"replies":[{"embeddable":true,"href":"https:\/\/wxplastmachine.com\/tr\/wp-json\/wp\/v2\/comments?post=3711"}],"wp:featuredmedia":[{"embeddable":true,"href":"https:\/\/wxplastmachine.com\/tr\/wp-json\/wp\/v2\/media\/3716"}],"wp:attachment":[{"href":"https:\/\/wxplastmachine.com\/tr\/wp-json\/wp\/v2\/media?parent=3711"}],"wp:term":[{"taxonomy":"product_cat","embeddable":true,"href":"https:\/\/wxplastmachine.com\/tr\/wp-json\/wp\/v2\/product_cat?post=3711"},{"taxonomy":"product_tag","embeddable":true,"href":"https:\/\/wxplastmachine.com\/tr\/wp-json\/wp\/v2\/product_tag?post=3711"}],"curies":[{"name":"wp","href":"https:\/\/api.w.org\/{rel}","templated":true}]}}