{"id":3725,"date":"2024-10-25T11:12:28","date_gmt":"2024-10-25T03:12:28","guid":{"rendered":"https:\/\/wxplastmachine.com\/?post_type=product&#038;p=3725"},"modified":"2024-10-25T11:12:28","modified_gmt":"2024-10-25T03:12:28","slug":"new-design-paper-drinking-straw-making-machine-manufacturer-factory-price","status":"publish","type":"product","link":"https:\/\/wxplastmachine.com\/tr\/urun\/new-design-paper-drinking-straw-making-machine-manufacturer-factory-price","title":{"rendered":"Yeni Tasar\u0131m Ka\u011f\u0131t \u0130\u00e7me Saman Yapma Makinesi \u00dcreticisi Fabrika Fiyat\u0131"},"content":{"rendered":"<p>Bu Makine, 5mm; 6mm; 8mm; 10mm, 12mm vb. gibi farkl\u0131 boyutlarda ka\u011f\u0131t pipetler \u00fcretmek i\u00e7in uygundur. Sabit \u00e7al\u0131\u015fma h\u0131z\u0131: 35-45m\/dak. Koruma kapakl\u0131 makine.<\/p>\n<p><strong><b>\u00d6zellikler:<\/b><\/strong><br \/>\n1. \u0130nsan-makine operasyon aray\u00fcz\u00fc ile benimsenen ana motor, de\u011fi\u015fken frekans h\u0131z reg\u00fclasyonu ile donat\u0131lm\u0131\u015ft\u0131r, Parametrelerin ayarlanmas\u0131 ve \u00e7al\u0131\u015ft\u0131r\u0131lmas\u0131 i\u00e7in kolayd\u0131r.<\/p>\n<p>2. Ka\u011f\u0131t sarma stand\u0131, dilme rulolar\u0131 elektrikli kald\u0131rma cihaz\u0131 ile makara stand\u0131na kolayca yerle\u015ftirilir.<\/p>\n<p>3. Tek veya \u00e7ift tutkal kaplama \u00fcnitesi se\u00e7in.<\/p>\n<p>4. Spiral sarg\u0131 par\u00e7as\u0131, as\u0131l\u0131 tip \u00e7al\u0131\u015fma paneli, \u00f6zel \u00e7al\u0131\u015fma sistemi, kay\u0131\u015f gerdirme cihaz\u0131 (el \u00e7ark\u0131 tahrikli)<\/p>\n<p>5. Kodlay\u0131c\u0131 taraf\u0131ndan kontrol edilen \u00e7ok b\u0131\u00e7akl\u0131 sistem s\u0131ral\u0131 kesme \u00fcnitesi, son ka\u011f\u0131t t\u00fcp\u00fcn\u00fc do\u011frudan keser.<\/p>\n<p>6. Ana par\u00e7alar: servo motor ve invert\u00f6r\u00fcn t\u00fcm\u00fc Schneider markas\u0131n\u0131 kullan\u0131r, Pn\u00f6matik bile\u015fenler AirTAC markas\u0131n\u0131 kullan\u0131r, \u00e7ok kararl\u0131 performansa sahiptir.<\/p>\n<table>\n<tbody>\n<tr>\n<td colspan=\"2\" width=\"555\"><strong><b>Teknik Parametreler<\/b><\/strong><\/td>\n<\/tr>\n<tr>\n<td width=\"237\">Ka\u011f\u0131t katman\u0131<\/td>\n<td width=\"317\">3 katman (daha fazla katman \u00f6zelle\u015ftirilebilir)<\/td>\n<\/tr>\n<tr>\n<td width=\"237\">\u0130\u00e7 \u00e7ap<\/td>\n<td width=\"317\">4-12mm<\/td>\n<\/tr>\n<tr>\n<td width=\"237\">Kal\u0131nl\u0131k<\/td>\n<td width=\"317\">0.3-1mm<\/td>\n<\/tr>\n<tr>\n<td width=\"237\">H\u0131z<\/td>\n<td width=\"317\">50m\/dk'ya ula\u015fabilir, sabit \u00e7al\u0131\u015fma h\u0131z\u0131: 35-45m\/dk<\/td>\n<\/tr>\n<tr>\n<td width=\"237\">Kesme sistemi<\/td>\n<td width=\"317\">Program kontrol\u00fc \u00e7oklu b\u0131\u00e7ak<\/td>\n<\/tr>\n<tr>\n<td width=\"237\">Kesim uzunlu\u011fu<\/td>\n<td width=\"317\">120- 1050mm<\/td>\n<\/tr>\n<tr>\n<td width=\"237\">Senkronize izleme ve kesme<\/td>\n<td width=\"317\">Servo motor senkron izleme kesme<\/td>\n<\/tr>\n<tr>\n<td width=\"237\">Yap\u0131\u015ft\u0131rma \u015eekli<\/td>\n<td width=\"317\">Tek \/\u00c7ift Tarafl\u0131<\/td>\n<\/tr>\n<tr>\n<td width=\"237\">Sabit uzunluk yolu<\/td>\n<td width=\"317\">Kodlay\u0131c\u0131<\/td>\n<\/tr>\n<tr>\n<td width=\"237\">Operat\u00f6r<\/td>\n<td width=\"317\">1 ki\u015fi<\/td>\n<\/tr>\n<tr>\n<td width=\"237\">h\u0131z kontrol\u00fc<\/td>\n<td width=\"317\">Kutupsuz h\u0131z ayar\u0131<\/td>\n<\/tr>\n<tr>\n<td width=\"237\">G\u00f6vde par\u00e7alar\u0131<\/td>\n<td width=\"317\">380v\/3faz\/50Hz<\/td>\n<\/tr>\n<tr>\n<td width=\"237\">ka\u011f\u0131t stand\u0131<\/td>\n<td width=\"317\">3 katman<\/td>\n<\/tr>\n<tr>\n<td width=\"237\">Tutkal Sistemi<\/td>\n<td width=\"317\">\u00dc\u00e7 katmanl\u0131 sprey tipi<\/td>\n<\/tr>\n<tr>\n<td width=\"237\">G\u00f6vde par\u00e7alar\u0131<\/td>\n<td width=\"317\">Orta karbonlu demir levha \/Paslanmaz \u00e7elik<\/td>\n<\/tr>\n<tr>\n<td colspan=\"2\" width=\"555\"><strong><b>Kontrol sistemi<\/b><\/strong><\/td>\n<\/tr>\n<tr>\n<td width=\"237\">Elektrikli makineler<\/td>\n<td width=\"317\">Dedong \u015eanghay<\/td>\n<\/tr>\n<tr>\n<td width=\"237\">Aray\u00fcz<\/td>\n<td width=\"317\">Schneider<\/td>\n<\/tr>\n<tr>\n<td width=\"237\">\u0130nvert\u00f6r<\/td>\n<td width=\"317\">4kw Schneider<\/td>\n<\/tr>\n<tr>\n<td width=\"237\">Akt\u00fcat\u00f6r eleman\u0131<\/td>\n<td width=\"317\">Schneider<\/td>\n<\/tr>\n<tr>\n<td width=\"237\">Sinyal eleman\u0131<\/td>\n<td width=\"317\">OMCH<\/td>\n<\/tr>\n<tr>\n<td width=\"237\">Pn\u00f6matik bile\u015fenler<\/td>\n<td width=\"317\">AirTAC<\/td>\n<\/tr>\n<tr>\n<td width=\"237\">Elektrikli bile\u015fenler<\/td>\n<td width=\"317\">Schneider<\/td>\n<\/tr>\n<tr>\n<td width=\"237\">Rulman<\/td>\n<td width=\"317\">HRB<\/td>\n<\/tr>\n<tr>\n<td width=\"237\">Servo Motor<\/td>\n<td width=\"317\">1kw Schneider<\/td>\n<\/tr>\n<tr>\n<td width=\"237\">Hareketli tel \u00e7ubuk<\/td>\n<td width=\"317\">ABBA Tayvan<\/td>\n<\/tr>\n<tr>\n<td width=\"237\">Hareketli kayd\u0131r\u0131c\u0131<\/td>\n<td width=\"317\">ABBA Tayvan<\/td>\n<\/tr>\n<tr>\n<td colspan=\"2\" width=\"555\"><strong><b>Boyut<\/b><\/strong><\/td>\n<\/tr>\n<tr>\n<td width=\"237\">Ana Par\u00e7a Boyutlar\u0131<\/td>\n<td width=\"317\">5600*1600-1750mm<\/td>\n<\/tr>\n<tr>\n<td width=\"237\">Genel Boyut<\/td>\n<td width=\"317\">8000*6000*1800mm<\/td>\n<\/tr>\n<tr>\n<td width=\"237\">A\u011f\u0131rl\u0131k<\/td>\n<td width=\"317\">1200kgs<\/td>\n<\/tr>\n<\/tbody>\n<\/table>\n<p>Biz ka\u011f\u0131t saman makinesi, ka\u011f\u0131t bask\u0131 makinesi, ka\u011f\u0131t dilme makinesi ve ka\u011f\u0131t saman paketleme makinesi dahil olmak \u00fczere ka\u011f\u0131t i\u00e7me saman makineleri i\u00e7in \u00fcreticiyiz.<br \/>\n\u0130\u015fimizi 10'dan fazla \u00fclkeye geni\u015flettik, size daha iyi \u00f6neri ve g\u00fczel hizmet sunabilecek profesyonel yurtd\u0131\u015f\u0131 sat\u0131\u015f ve teknisyen ekibimiz var.<\/p>\n<p>Kalite Bizim K\u00fclt\u00fcr\u00fcm\u00fczd\u00fcr!<\/p>\n<p><img fetchpriority=\"high\" decoding=\"async\" class=\"alignnone size-full wp-image-3727\" src=\"https:\/\/wxplastmachine.com\/wp-content\/uploads\/2024\/10\/\u5fae\u4fe1\u622a\u56fe_20241024111938.png\" alt=\"\" width=\"800\" height=\"800\" srcset=\"https:\/\/wxplastmachine.com\/wp-content\/uploads\/2024\/10\/\u5fae\u4fe1\u622a\u56fe_20241024111938.png 800w, https:\/\/wxplastmachine.com\/wp-content\/uploads\/2024\/10\/\u5fae\u4fe1\u622a\u56fe_20241024111938-300x300.png 300w, https:\/\/wxplastmachine.com\/wp-content\/uploads\/2024\/10\/\u5fae\u4fe1\u622a\u56fe_20241024111938-150x150.png 150w, https:\/\/wxplastmachine.com\/wp-content\/uploads\/2024\/10\/\u5fae\u4fe1\u622a\u56fe_20241024111938-768x768.png 768w, https:\/\/wxplastmachine.com\/wp-content\/uploads\/2024\/10\/\u5fae\u4fe1\u622a\u56fe_20241024111938-12x12.png 12w, https:\/\/wxplastmachine.com\/wp-content\/uploads\/2024\/10\/\u5fae\u4fe1\u622a\u56fe_20241024111938-600x600.png 600w, https:\/\/wxplastmachine.com\/wp-content\/uploads\/2024\/10\/\u5fae\u4fe1\u622a\u56fe_20241024111938-100x100.png 100w\" sizes=\"(max-width: 800px) 100vw, 800px\" \/> <img decoding=\"async\" class=\"alignnone size-full wp-image-3729\" src=\"https:\/\/wxplastmachine.com\/wp-content\/uploads\/2024\/10\/\u5fae\u4fe1\u622a\u56fe_20241024112146.png\" alt=\"\" width=\"800\" height=\"800\" srcset=\"https:\/\/wxplastmachine.com\/wp-content\/uploads\/2024\/10\/\u5fae\u4fe1\u622a\u56fe_20241024112146.png 800w, https:\/\/wxplastmachine.com\/wp-content\/uploads\/2024\/10\/\u5fae\u4fe1\u622a\u56fe_20241024112146-300x300.png 300w, https:\/\/wxplastmachine.com\/wp-content\/uploads\/2024\/10\/\u5fae\u4fe1\u622a\u56fe_20241024112146-150x150.png 150w, https:\/\/wxplastmachine.com\/wp-content\/uploads\/2024\/10\/\u5fae\u4fe1\u622a\u56fe_20241024112146-768x768.png 768w, https:\/\/wxplastmachine.com\/wp-content\/uploads\/2024\/10\/\u5fae\u4fe1\u622a\u56fe_20241024112146-12x12.png 12w, https:\/\/wxplastmachine.com\/wp-content\/uploads\/2024\/10\/\u5fae\u4fe1\u622a\u56fe_20241024112146-600x600.png 600w, https:\/\/wxplastmachine.com\/wp-content\/uploads\/2024\/10\/\u5fae\u4fe1\u622a\u56fe_20241024112146-100x100.png 100w\" sizes=\"(max-width: 800px) 100vw, 800px\" \/><\/p>\n<p><img decoding=\"async\" class=\"alignnone size-full wp-image-3731\" src=\"https:\/\/wxplastmachine.com\/wp-content\/uploads\/2024\/10\/\u5fae\u4fe1\u622a\u56fe_20241024112412.jpg\" alt=\"\" width=\"994\" height=\"424\" srcset=\"https:\/\/wxplastmachine.com\/wp-content\/uploads\/2024\/10\/\u5fae\u4fe1\u622a\u56fe_20241024112412.jpg 994w, https:\/\/wxplastmachine.com\/wp-content\/uploads\/2024\/10\/\u5fae\u4fe1\u622a\u56fe_20241024112412-300x128.jpg 300w, https:\/\/wxplastmachine.com\/wp-content\/uploads\/2024\/10\/\u5fae\u4fe1\u622a\u56fe_20241024112412-768x328.jpg 768w, https:\/\/wxplastmachine.com\/wp-content\/uploads\/2024\/10\/\u5fae\u4fe1\u622a\u56fe_20241024112412-18x8.jpg 18w, https:\/\/wxplastmachine.com\/wp-content\/uploads\/2024\/10\/\u5fae\u4fe1\u622a\u56fe_20241024112412-600x256.jpg 600w\" sizes=\"(max-width: 994px) 100vw, 994px\" \/> <img loading=\"lazy\" decoding=\"async\" class=\"alignnone size-full wp-image-3732\" src=\"https:\/\/wxplastmachine.com\/wp-content\/uploads\/2024\/10\/\u5fae\u4fe1\u622a\u56fe_20241024112458.jpg\" alt=\"\" width=\"1000\" height=\"323\" srcset=\"https:\/\/wxplastmachine.com\/wp-content\/uploads\/2024\/10\/\u5fae\u4fe1\u622a\u56fe_20241024112458.jpg 1000w, https:\/\/wxplastmachine.com\/wp-content\/uploads\/2024\/10\/\u5fae\u4fe1\u622a\u56fe_20241024112458-300x97.jpg 300w, https:\/\/wxplastmachine.com\/wp-content\/uploads\/2024\/10\/\u5fae\u4fe1\u622a\u56fe_20241024112458-768x248.jpg 768w, https:\/\/wxplastmachine.com\/wp-content\/uploads\/2024\/10\/\u5fae\u4fe1\u622a\u56fe_20241024112458-18x6.jpg 18w, https:\/\/wxplastmachine.com\/wp-content\/uploads\/2024\/10\/\u5fae\u4fe1\u622a\u56fe_20241024112458-600x194.jpg 600w\" sizes=\"(max-width: 1000px) 100vw, 1000px\" \/> <img loading=\"lazy\" decoding=\"async\" class=\"alignnone size-full wp-image-3733\" src=\"https:\/\/wxplastmachine.com\/wp-content\/uploads\/2024\/10\/\u5fae\u4fe1\u622a\u56fe_20241024145808.jpg\" alt=\"\" width=\"999\" height=\"346\" srcset=\"https:\/\/wxplastmachine.com\/wp-content\/uploads\/2024\/10\/\u5fae\u4fe1\u622a\u56fe_20241024145808.jpg 999w, https:\/\/wxplastmachine.com\/wp-content\/uploads\/2024\/10\/\u5fae\u4fe1\u622a\u56fe_20241024145808-300x104.jpg 300w, https:\/\/wxplastmachine.com\/wp-content\/uploads\/2024\/10\/\u5fae\u4fe1\u622a\u56fe_20241024145808-768x266.jpg 768w, https:\/\/wxplastmachine.com\/wp-content\/uploads\/2024\/10\/\u5fae\u4fe1\u622a\u56fe_20241024145808-18x6.jpg 18w, https:\/\/wxplastmachine.com\/wp-content\/uploads\/2024\/10\/\u5fae\u4fe1\u622a\u56fe_20241024145808-600x208.jpg 600w\" sizes=\"(max-width: 999px) 100vw, 999px\" \/> <img loading=\"lazy\" decoding=\"async\" class=\"alignnone size-full wp-image-3734\" src=\"https:\/\/wxplastmachine.com\/wp-content\/uploads\/2024\/10\/\u5fae\u4fe1\u622a\u56fe_20241024145833.jpg\" alt=\"\" width=\"997\" height=\"365\" srcset=\"https:\/\/wxplastmachine.com\/wp-content\/uploads\/2024\/10\/\u5fae\u4fe1\u622a\u56fe_20241024145833.jpg 997w, https:\/\/wxplastmachine.com\/wp-content\/uploads\/2024\/10\/\u5fae\u4fe1\u622a\u56fe_20241024145833-300x110.jpg 300w, https:\/\/wxplastmachine.com\/wp-content\/uploads\/2024\/10\/\u5fae\u4fe1\u622a\u56fe_20241024145833-768x281.jpg 768w, https:\/\/wxplastmachine.com\/wp-content\/uploads\/2024\/10\/\u5fae\u4fe1\u622a\u56fe_20241024145833-18x7.jpg 18w, https:\/\/wxplastmachine.com\/wp-content\/uploads\/2024\/10\/\u5fae\u4fe1\u622a\u56fe_20241024145833-600x220.jpg 600w\" sizes=\"(max-width: 997px) 100vw, 997px\" \/> <img loading=\"lazy\" decoding=\"async\" class=\"alignnone size-full wp-image-3728\" src=\"https:\/\/wxplastmachine.com\/wp-content\/uploads\/2024\/10\/\u5fae\u4fe1\u622a\u56fe_20241024112009.png\" alt=\"\" width=\"800\" height=\"800\" srcset=\"https:\/\/wxplastmachine.com\/wp-content\/uploads\/2024\/10\/\u5fae\u4fe1\u622a\u56fe_20241024112009.png 800w, https:\/\/wxplastmachine.com\/wp-content\/uploads\/2024\/10\/\u5fae\u4fe1\u622a\u56fe_20241024112009-300x300.png 300w, https:\/\/wxplastmachine.com\/wp-content\/uploads\/2024\/10\/\u5fae\u4fe1\u622a\u56fe_20241024112009-150x150.png 150w, https:\/\/wxplastmachine.com\/wp-content\/uploads\/2024\/10\/\u5fae\u4fe1\u622a\u56fe_20241024112009-768x768.png 768w, https:\/\/wxplastmachine.com\/wp-content\/uploads\/2024\/10\/\u5fae\u4fe1\u622a\u56fe_20241024112009-12x12.png 12w, https:\/\/wxplastmachine.com\/wp-content\/uploads\/2024\/10\/\u5fae\u4fe1\u622a\u56fe_20241024112009-600x600.png 600w, https:\/\/wxplastmachine.com\/wp-content\/uploads\/2024\/10\/\u5fae\u4fe1\u622a\u56fe_20241024112009-100x100.png 100w\" sizes=\"(max-width: 800px) 100vw, 800px\" \/><\/p>","protected":false},"excerpt":{"rendered":"<p>This Machine\u00a0is suitable for producing different sizes of paper straws, such as 5mm; 6mm; 8mm; 10mm,12mm etc.\u00a0The\u00a0stable working speed: 35-45m\/min. The machine with protection cover. Features: 1. Adopted with human-machine operation interface, main motor is equipped with variable frequency speed regulation, Easy for parameters setting &amp; operating. 2.Paper reeling stand, slitting rolls are easily placed [&hellip;]<\/p>","protected":false},"featured_media":3726,"comment_status":"open","ping_status":"closed","template":"","meta":{"site-sidebar-layout":"default","site-content-layout":"","ast-site-content-layout":"default","site-content-style":"default","site-sidebar-style":"default","ast-global-header-display":"","ast-banner-title-visibility":"","ast-main-header-display":"","ast-hfb-above-header-display":"","ast-hfb-below-header-display":"","ast-hfb-mobile-header-display":"","site-post-title":"","ast-breadcrumbs-content":"","ast-featured-img":"","footer-sml-layout":"","theme-transparent-header-meta":"default","adv-header-id-meta":"","stick-header-meta":"","header-above-stick-meta":"","header-main-stick-meta":"","header-below-stick-meta":"","astra-migrate-meta-layouts":"set","ast-page-background-enabled":"default","ast-page-background-meta":{"desktop":{"background-color":"","background-image":"","background-repeat":"repeat","background-position":"center center","background-size":"auto","background-attachment":"scroll","background-type":"","background-media":"","overlay-type":"","overlay-color":"","overlay-gradient":""},"tablet":{"background-color":"","background-image":"","background-repeat":"repeat","background-position":"center center","background-size":"auto","background-attachment":"scroll","background-type":"","background-media":"","overlay-type":"","overlay-color":"","overlay-gradient":""},"mobile":{"background-color":"","background-image":"","background-repeat":"repeat","background-position":"center center","background-size":"auto","background-attachment":"scroll","background-type":"","background-media":"","overlay-type":"","overlay-color":"","overlay-gradient":""}},"ast-content-background-meta":{"desktop":{"background-color":"var(--ast-global-color-5)","background-image":"","background-repeat":"repeat","background-position":"center center","background-size":"auto","background-attachment":"scroll","background-type":"","background-media":"","overlay-type":"","overlay-color":"","overlay-gradient":""},"tablet":{"background-color":"var(--ast-global-color-5)","background-image":"","background-repeat":"repeat","background-position":"center center","background-size":"auto","background-attachment":"scroll","background-type":"","background-media":"","overlay-type":"","overlay-color":"","overlay-gradient":""},"mobile":{"background-color":"var(--ast-global-color-5)","background-image":"","background-repeat":"repeat","background-position":"center center","background-size":"auto","background-attachment":"scroll","background-type":"","background-media":"","overlay-type":"","overlay-color":"","overlay-gradient":""}}},"product_cat":[191,208],"product_tag":[],"jetpack_sharing_enabled":true,"_links":{"self":[{"href":"https:\/\/wxplastmachine.com\/tr\/wp-json\/wp\/v2\/product\/3725"}],"collection":[{"href":"https:\/\/wxplastmachine.com\/tr\/wp-json\/wp\/v2\/product"}],"about":[{"href":"https:\/\/wxplastmachine.com\/tr\/wp-json\/wp\/v2\/types\/product"}],"replies":[{"embeddable":true,"href":"https:\/\/wxplastmachine.com\/tr\/wp-json\/wp\/v2\/comments?post=3725"}],"wp:featuredmedia":[{"embeddable":true,"href":"https:\/\/wxplastmachine.com\/tr\/wp-json\/wp\/v2\/media\/3726"}],"wp:attachment":[{"href":"https:\/\/wxplastmachine.com\/tr\/wp-json\/wp\/v2\/media?parent=3725"}],"wp:term":[{"taxonomy":"product_cat","embeddable":true,"href":"https:\/\/wxplastmachine.com\/tr\/wp-json\/wp\/v2\/product_cat?post=3725"},{"taxonomy":"product_tag","embeddable":true,"href":"https:\/\/wxplastmachine.com\/tr\/wp-json\/wp\/v2\/product_tag?post=3725"}],"curies":[{"name":"wp","href":"https:\/\/api.w.org\/{rel}","templated":true}]}}