{"id":3746,"date":"2024-10-28T20:08:59","date_gmt":"2024-10-28T12:08:59","guid":{"rendered":"https:\/\/wxplastmachine.com\/?post_type=product&#038;p=3746"},"modified":"2024-10-29T16:06:36","modified_gmt":"2024-10-29T08:06:36","slug":"high-precision-central-drum-impression-ci-type-flexographic-printing-machine","status":"publish","type":"product","link":"https:\/\/wxplastmachine.com\/tr\/urun\/high-precision-central-drum-impression-ci-type-flexographic-printing-machine","title":{"rendered":"Y\u00fcksek Hassasiyetli Merkezi Tambur Bask\u0131 CI Tipi Fleksografik Bask\u0131 Makinesi"},"content":{"rendered":"<p><strong><b>Kullan:<\/b><\/strong><\/p>\n<p>Bu merkezi bask\u0131 (merkezi tambur) fleksografik bask\u0131 makinesi, polietilen, polietilen plastik torba, cam ka\u011f\u0131t ve rulo ka\u011f\u0131t gibi ambalaj malzemelerinin bas\u0131m\u0131 i\u00e7in uygundur. Ve g\u0131da, s\u00fcpermarket el \u00e7antas\u0131, dokuma olmayan \u00e7anta, yelek \u00e7antas\u0131 ve giysi \u00e7antas\u0131 vb. i\u00e7in ka\u011f\u0131t ambalaj po\u015feti \u00fcretmek i\u00e7in ideal bir bask\u0131 ekipman\u0131 t\u00fcr\u00fcd\u00fcr.<\/p>\n<p>Uygun Malzeme: Plastik Film, Ka\u011f\u0131t, Dokumas\u0131z Kuma\u015f, PP Dokuma Kuma\u015f, Al\u00fcminyum Folyo ve Di\u011fer Benzer Rulo Tipi Malzemeler<\/p>\n<p><strong><b>\u00d6zellikleri:<\/b><\/strong><\/p>\n<p>1. Daha iyi renk kayd\u0131na sahip merkezi bask\u0131 tipi bask\u0131 makinesi. B\u00fcy\u00fck tambur sayesinde, bas\u0131l\u0131 malzeme b\u00fcy\u00fck tambur taraf\u0131ndan desteklenir ve \u00f6zellikle geni\u015fletilebilir malzemelerle renk kayd\u0131n\u0131 b\u00fcy\u00fck \u00f6l\u00e7\u00fcde iyile\u015ftirir.<\/p>\n<p>2. Merkezi tambur taraf\u0131ndan tahrik edilen t\u00fcm renk bask\u0131 istasyonu, daha az di\u015fli aktar\u0131m\u0131 nedeniyle daha az aktar\u0131m hatas\u0131, kay\u0131t hassasiyetini art\u0131r\u0131r.<\/p>\n<p>3. Y\u00fcksek kaliteli motor, y\u00fcksek kaliteli invert\u00f6r benimsemek, elektrik tasarrufu sa\u011flamak, \u00e7al\u0131\u015fma dalgalanmas\u0131n\u0131 azaltmak.<\/p>\n<p>4. Makine \u00e7al\u0131\u015fmay\u0131 durdurdu\u011funda, bask\u0131 rulolar\u0131 hala hareket etmeye devam eder; bask\u0131 silindiri y\u00fckseldi\u011finde, m\u00fcrekkep motoru otomatik olarak \u00e7al\u0131\u015f\u0131r; bask\u0131 silindiri d\u00fc\u015ft\u00fc\u011f\u00fcnde, m\u00fcrekkep motoru otomatik olarak \u00e7al\u0131\u015fmay\u0131 durdurur.<\/p>\n<p>5. Makine \u00fcfleyici ve \u0131s\u0131t\u0131c\u0131 ile donat\u0131lm\u0131\u015ft\u0131r; ve \u0131s\u0131t\u0131c\u0131 merkezi s\u0131cakl\u0131k kontrol sistemi, otomatik s\u0131cakl\u0131k kontrol\u00f6r\u00fc ve ayr\u0131 \u0131s\u0131 kayna\u011f\u0131 kullanm\u0131\u015ft\u0131r.<\/p>\n<p>6. Bireysel kurutma f\u0131r\u0131n\u0131 ve so\u011fuk r\u00fczgar sisteminin kullan\u0131lmas\u0131, bask\u0131dan sonra m\u00fcrekkep yap\u0131\u015fmas\u0131n\u0131 etkili bir \u015fekilde \u00f6nleyebilir.<\/p>\n<p>7. Silindir \u00f6zel \u00e7elik i\u015flemeyi benimser ve \u00f6zel i\u015flemle dayak aral\u0131\u011f\u0131n\u0131 b\u00fcy\u00fck \u00f6l\u00e7\u00fcde azalt\u0131r.<\/p>\n<p>8. Bask\u0131 silindiri statik denge ve dinamik denge i\u015fleme, sert anot oksidasyon i\u015flemi, k\u00fc\u00e7\u00fck diren\u00e7, k\u00fc\u00e7\u00fck dayak kullan\u0131r, sonunda m\u00fckemmel bask\u0131 etkisi sa\u011flar.<\/p>\n<p>9. \u00d6zel di\u015fli aktar\u0131m cihaz\u0131 ile elde edilen do\u011fru bask\u0131 etkisi.<\/p>\n<p>10. Bask\u0131 makinesinin t\u00fcm\u00fc, y\u00fcksek kalite, y\u00fcksek \u00e7\u00f6z\u00fcn\u00fcrl\u00fckl\u00fc efekt elde etmek i\u00e7in geli\u015fmi\u015f konfig\u00fcrasyonlar\u0131 se\u00e7ebilir.<\/p>\n<table>\n<tbody>\n<tr>\n<td width=\"39.4200%\">Model<\/td>\n<td width=\"31.3000%\">WXCI8<\/td>\n<td width=\"29.2600%\">WXCI6<\/td>\n<\/tr>\n<tr>\n<td width=\"39.4200%\">Bask\u0131 Rengi<\/td>\n<td width=\"31.3000%\">8 Renk<\/td>\n<td width=\"29.2600%\">6 Renk<\/td>\n<\/tr>\n<tr>\n<td width=\"39.4200%\">Maksimum Malzeme Geni\u015fli\u011fi<\/td>\n<td width=\"31.3000%\">1200mm<\/td>\n<td width=\"29.2600%\">1200mm<\/td>\n<\/tr>\n<tr>\n<td width=\"39.4200%\">Maksimum Bask\u0131 Geni\u015fli\u011fi<\/td>\n<td width=\"31.3000%\">1160mm<\/td>\n<td width=\"29.2600%\">1160mm<\/td>\n<\/tr>\n<tr>\n<td width=\"39.4200%\">Uygun Malzeme<\/td>\n<td colspan=\"2\" width=\"60.5600%\">ka\u011f\u0131t, film, plastik, dokuma olmayan, kuma\u015f, folyolar<\/td>\n<\/tr>\n<tr>\n<td width=\"39.4200%\">Maksimum Bask\u0131 H\u0131z\u0131<\/td>\n<td colspan=\"2\" width=\"60.5600%\">250m\/dak<\/td>\n<\/tr>\n<tr>\n<td width=\"39.4200%\">Makine A\u011f\u0131rl\u0131\u011f\u0131<\/td>\n<td width=\"31.3000%\">17000kgs<\/td>\n<td width=\"29.2600%\">15000kgs<\/td>\n<\/tr>\n<tr>\n<td width=\"39.4200%\">Makine Boyutlar\u0131 (L \u00d7 W \u00d7 H)<\/td>\n<td width=\"31.3000%\">11000x3600x4300mm<\/td>\n<td width=\"29.2600%\">9500\u00d73600\u00d73600mm<\/td>\n<\/tr>\n<tr>\n<td width=\"39.4200%\">Makine G\u00fcc\u00fc<\/td>\n<td width=\"31.3000%\">380V, 3PH, 50HZ<\/td>\n<td width=\"29.2600%\">380V, 3PH, 50HZ<\/td>\n<\/tr>\n<\/tbody>\n<\/table>\n<p><img fetchpriority=\"high\" decoding=\"async\" class=\"alignnone size-full wp-image-3748\" src=\"https:\/\/wxplastmachine.com\/wp-content\/uploads\/2024\/10\/\u5fae\u4fe1\u622a\u56fe_20241028160641.jpg\" alt=\"\" width=\"756\" height=\"555\" srcset=\"https:\/\/wxplastmachine.com\/wp-content\/uploads\/2024\/10\/\u5fae\u4fe1\u622a\u56fe_20241028160641.jpg 756w, https:\/\/wxplastmachine.com\/wp-content\/uploads\/2024\/10\/\u5fae\u4fe1\u622a\u56fe_20241028160641-300x220.jpg 300w, https:\/\/wxplastmachine.com\/wp-content\/uploads\/2024\/10\/\u5fae\u4fe1\u622a\u56fe_20241028160641-16x12.jpg 16w, https:\/\/wxplastmachine.com\/wp-content\/uploads\/2024\/10\/\u5fae\u4fe1\u622a\u56fe_20241028160641-600x440.jpg 600w\" sizes=\"(max-width: 756px) 100vw, 756px\" \/> <img decoding=\"async\" class=\"alignnone size-full wp-image-3750\" src=\"https:\/\/wxplastmachine.com\/wp-content\/uploads\/2024\/10\/\u5fae\u4fe1\u622a\u56fe_20241028161051.jpg\" alt=\"\" width=\"745\" height=\"495\" srcset=\"https:\/\/wxplastmachine.com\/wp-content\/uploads\/2024\/10\/\u5fae\u4fe1\u622a\u56fe_20241028161051.jpg 745w, https:\/\/wxplastmachine.com\/wp-content\/uploads\/2024\/10\/\u5fae\u4fe1\u622a\u56fe_20241028161051-300x199.jpg 300w, https:\/\/wxplastmachine.com\/wp-content\/uploads\/2024\/10\/\u5fae\u4fe1\u622a\u56fe_20241028161051-18x12.jpg 18w, https:\/\/wxplastmachine.com\/wp-content\/uploads\/2024\/10\/\u5fae\u4fe1\u622a\u56fe_20241028161051-600x399.jpg 600w\" sizes=\"(max-width: 745px) 100vw, 745px\" \/><\/p>\n<p><strong>Se\u00e7iminiz i\u00e7in Makinemiz:<\/strong><\/p>\n<p><img decoding=\"async\" class=\"alignnone size-full wp-image-3751\" src=\"https:\/\/wxplastmachine.com\/wp-content\/uploads\/2024\/10\/\u5fae\u4fe1\u622a\u56fe_20241028161238.jpg\" alt=\"\" width=\"747\" height=\"185\" srcset=\"https:\/\/wxplastmachine.com\/wp-content\/uploads\/2024\/10\/\u5fae\u4fe1\u622a\u56fe_20241028161238.jpg 747w, https:\/\/wxplastmachine.com\/wp-content\/uploads\/2024\/10\/\u5fae\u4fe1\u622a\u56fe_20241028161238-300x74.jpg 300w, https:\/\/wxplastmachine.com\/wp-content\/uploads\/2024\/10\/\u5fae\u4fe1\u622a\u56fe_20241028161238-18x4.jpg 18w, https:\/\/wxplastmachine.com\/wp-content\/uploads\/2024\/10\/\u5fae\u4fe1\u622a\u56fe_20241028161238-600x149.jpg 600w\" sizes=\"(max-width: 747px) 100vw, 747px\" \/> <img loading=\"lazy\" decoding=\"async\" class=\"alignnone size-full wp-image-3752\" src=\"https:\/\/wxplastmachine.com\/wp-content\/uploads\/2024\/10\/\u5fae\u4fe1\u622a\u56fe_20241028161302.jpg\" alt=\"\" width=\"747\" height=\"174\" srcset=\"https:\/\/wxplastmachine.com\/wp-content\/uploads\/2024\/10\/\u5fae\u4fe1\u622a\u56fe_20241028161302.jpg 747w, https:\/\/wxplastmachine.com\/wp-content\/uploads\/2024\/10\/\u5fae\u4fe1\u622a\u56fe_20241028161302-300x70.jpg 300w, https:\/\/wxplastmachine.com\/wp-content\/uploads\/2024\/10\/\u5fae\u4fe1\u622a\u56fe_20241028161302-18x4.jpg 18w, https:\/\/wxplastmachine.com\/wp-content\/uploads\/2024\/10\/\u5fae\u4fe1\u622a\u56fe_20241028161302-600x140.jpg 600w\" sizes=\"(max-width: 747px) 100vw, 747px\" \/> <img loading=\"lazy\" decoding=\"async\" class=\"alignnone size-full wp-image-3761\" src=\"https:\/\/wxplastmachine.com\/wp-content\/uploads\/2024\/10\/\u5fae\u4fe1\u622a\u56fe_202.jpg\" alt=\"\" width=\"747\" height=\"437\" srcset=\"https:\/\/wxplastmachine.com\/wp-content\/uploads\/2024\/10\/\u5fae\u4fe1\u622a\u56fe_202.jpg 747w, https:\/\/wxplastmachine.com\/wp-content\/uploads\/2024\/10\/\u5fae\u4fe1\u622a\u56fe_202-300x176.jpg 300w, https:\/\/wxplastmachine.com\/wp-content\/uploads\/2024\/10\/\u5fae\u4fe1\u622a\u56fe_202-18x12.jpg 18w, https:\/\/wxplastmachine.com\/wp-content\/uploads\/2024\/10\/\u5fae\u4fe1\u622a\u56fe_202-600x351.jpg 600w\" sizes=\"(max-width: 747px) 100vw, 747px\" \/><img loading=\"lazy\" decoding=\"async\" class=\"alignnone size-full wp-image-3749\" src=\"https:\/\/wxplastmachine.com\/wp-content\/uploads\/2024\/10\/\u5fae\u4fe1\u622a\u56fe_20241028161018.jpg\" alt=\"\" width=\"605\" height=\"602\" srcset=\"https:\/\/wxplastmachine.com\/wp-content\/uploads\/2024\/10\/\u5fae\u4fe1\u622a\u56fe_20241028161018.jpg 605w, https:\/\/wxplastmachine.com\/wp-content\/uploads\/2024\/10\/\u5fae\u4fe1\u622a\u56fe_20241028161018-300x300.jpg 300w, https:\/\/wxplastmachine.com\/wp-content\/uploads\/2024\/10\/\u5fae\u4fe1\u622a\u56fe_20241028161018-150x150.jpg 150w, https:\/\/wxplastmachine.com\/wp-content\/uploads\/2024\/10\/\u5fae\u4fe1\u622a\u56fe_20241028161018-12x12.jpg 12w, https:\/\/wxplastmachine.com\/wp-content\/uploads\/2024\/10\/\u5fae\u4fe1\u622a\u56fe_20241028161018-600x597.jpg 600w, https:\/\/wxplastmachine.com\/wp-content\/uploads\/2024\/10\/\u5fae\u4fe1\u622a\u56fe_20241028161018-100x100.jpg 100w\" sizes=\"(max-width: 605px) 100vw, 605px\" \/><\/p>\n<p>&nbsp;<\/p>","protected":false},"excerpt":{"rendered":"<p>Use: This\u00a0central impression (central drum)flexographic printing\u00a0machine is suitable for printing such packing materials as polyethylene, polyethylene plastic bag glass paper and roll paper etc. And it is a kind of ideal printing equipment for producing paper packing bag for food, supermarket handbag,\u00a0non-woven bag,\u00a0vest bag and clothes bag, etc. Suitable Material: Plastic Film, Paper, Non Woven [&hellip;]<\/p>","protected":false},"featured_media":3747,"comment_status":"open","ping_status":"closed","template":"","meta":{"site-sidebar-layout":"default","site-content-layout":"","ast-site-content-layout":"default","site-content-style":"default","site-sidebar-style":"default","ast-global-header-display":"","ast-banner-title-visibility":"","ast-main-header-display":"","ast-hfb-above-header-display":"","ast-hfb-below-header-display":"","ast-hfb-mobile-header-display":"","site-post-title":"","ast-breadcrumbs-content":"","ast-featured-img":"","footer-sml-layout":"","theme-transparent-header-meta":"default","adv-header-id-meta":"","stick-header-meta":"","header-above-stick-meta":"","header-main-stick-meta":"","header-below-stick-meta":"","astra-migrate-meta-layouts":"set","ast-page-background-enabled":"default","ast-page-background-meta":{"desktop":{"background-color":"","background-image":"","background-repeat":"repeat","background-position":"center center","background-size":"auto","background-attachment":"scroll","background-type":"","background-media":"","overlay-type":"","overlay-color":"","overlay-gradient":""},"tablet":{"background-color":"","background-image":"","background-repeat":"repeat","background-position":"center center","background-size":"auto","background-attachment":"scroll","background-type":"","background-media":"","overlay-type":"","overlay-color":"","overlay-gradient":""},"mobile":{"background-color":"","background-image":"","background-repeat":"repeat","background-position":"center center","background-size":"auto","background-attachment":"scroll","background-type":"","background-media":"","overlay-type":"","overlay-color":"","overlay-gradient":""}},"ast-content-background-meta":{"desktop":{"background-color":"var(--ast-global-color-5)","background-image":"","background-repeat":"repeat","background-position":"center center","background-size":"auto","background-attachment":"scroll","background-type":"","background-media":"","overlay-type":"","overlay-color":"","overlay-gradient":""},"tablet":{"background-color":"var(--ast-global-color-5)","background-image":"","background-repeat":"repeat","background-position":"center center","background-size":"auto","background-attachment":"scroll","background-type":"","background-media":"","overlay-type":"","overlay-color":"","overlay-gradient":""},"mobile":{"background-color":"var(--ast-global-color-5)","background-image":"","background-repeat":"repeat","background-position":"center center","background-size":"auto","background-attachment":"scroll","background-type":"","background-media":"","overlay-type":"","overlay-color":"","overlay-gradient":""}}},"product_cat":[209,188,150],"product_tag":[],"jetpack_sharing_enabled":true,"_links":{"self":[{"href":"https:\/\/wxplastmachine.com\/tr\/wp-json\/wp\/v2\/product\/3746"}],"collection":[{"href":"https:\/\/wxplastmachine.com\/tr\/wp-json\/wp\/v2\/product"}],"about":[{"href":"https:\/\/wxplastmachine.com\/tr\/wp-json\/wp\/v2\/types\/product"}],"replies":[{"embeddable":true,"href":"https:\/\/wxplastmachine.com\/tr\/wp-json\/wp\/v2\/comments?post=3746"}],"wp:featuredmedia":[{"embeddable":true,"href":"https:\/\/wxplastmachine.com\/tr\/wp-json\/wp\/v2\/media\/3747"}],"wp:attachment":[{"href":"https:\/\/wxplastmachine.com\/tr\/wp-json\/wp\/v2\/media?parent=3746"}],"wp:term":[{"taxonomy":"product_cat","embeddable":true,"href":"https:\/\/wxplastmachine.com\/tr\/wp-json\/wp\/v2\/product_cat?post=3746"},{"taxonomy":"product_tag","embeddable":true,"href":"https:\/\/wxplastmachine.com\/tr\/wp-json\/wp\/v2\/product_tag?post=3746"}],"curies":[{"name":"wp","href":"https:\/\/api.w.org\/{rel}","templated":true}]}}