{"id":3808,"date":"2024-10-30T16:46:51","date_gmt":"2024-10-30T08:46:51","guid":{"rendered":"https:\/\/wxplastmachine.com\/?post_type=product&#038;p=3808"},"modified":"2024-11-01T11:15:18","modified_gmt":"2024-11-01T03:15:18","slug":"automatic-opp-pe-pa-pvc-film-jumbo-roll-nylon-craft-paper-aluminum-foil-vertical-slitting-rewinding-machine","status":"publish","type":"product","link":"https:\/\/wxplastmachine.com\/tr\/urun\/automatic-opp-pe-pa-pvc-film-jumbo-roll-nylon-craft-paper-aluminum-foil-vertical-slitting-rewinding-machine","title":{"rendered":"Otomatik OPP PE PA PVC Film Jumbo Rulo Naylon Craft Ka\u011f\u0131t Al\u00fcminyum Folyo Dikey Dilme Sarma Makinesi"},"content":{"rendered":"<p>Makine, her t\u00fcrl\u00fc film, PVC shrink film, etiket, al\u00fcminyum folyo, ka\u011f\u0131t, kraft ka\u011f\u0131t, dokuma olmayan vb. dilme sarma i\u00e7in uygundur.<\/p>\n<p><strong><b>Ana \u00d6zellikler<\/b><\/strong><strong><b>:<\/b><\/strong><\/p>\n<p>1. T\u00fcm makine \u00e7er\u00e7evesi, son derece y\u00fcksek hassasiyet ve stabiliteye sahip demir plakadan yap\u0131lm\u0131\u015ft\u0131r.<br \/>\nAna motor tek fazl\u0131 asenkron motor kullan\u0131r.<br \/>\n2. FotoelektrikEPC sistemi.<br \/>\n3. \u0130nvert\u00f6r: Delta<br \/>\n4. Manyetik toz freni ve debriyaj ile \u00e7\u00f6zme ve geri sarma i\u00e7in otomatik sabit gerilim.<br \/>\n5. Geri sarma ve \u00e7\u00f6zme haval\u0131 \u015faft kullan\u0131r.<br \/>\n6. K\u0131lavuz makara sert krom ile kaplanm\u0131\u015ft\u0131r, bu da k\u0131lavuz makaray\u0131 sert, a\u015f\u0131nmaya dayan\u0131kl\u0131, yumu\u015fak ve korozyona dayan\u0131kl\u0131 hale getirir<br \/>\n7. Elektrikli ekipman<br \/>\n8. Standart makine 1 set (10 adet) dairesel b\u0131\u00e7ak ile donat\u0131lm\u0131\u015ft\u0131r, t\u0131ra\u015f b\u0131\u00e7a\u011f\u0131 iste\u011fe ba\u011fl\u0131d\u0131r.<br \/>\n9. Makine, otomatik sayma \u00f6l\u00e7er, acil durdurma, alarm vb. gibi otomatik i\u015flevlere sahiptir.<\/p>\n<table>\n<tbody>\n<tr>\n<td width=\"33.6400%\">Makine Modeli<\/td>\n<td width=\"66.3400%\">DBFQT200<\/td>\n<\/tr>\n<tr>\n<td width=\"33.6400%\">Tip<\/td>\n<td width=\"66.3400%\">\u00c7\u00f6zme k\u0131sm\u0131 ve geri sarma k\u0131sm\u0131 ayn\u0131 taraftad\u0131r<\/td>\n<\/tr>\n<tr>\n<td width=\"33.6400%\">Uygun Dilme malzemesi<\/td>\n<td width=\"66.3400%\">PE, BOPP, OPP, ka\u011f\u0131t, dokuma olmayan kuma\u015f ve al\u00fcminyum folyo, vb.<\/td>\n<\/tr>\n<tr>\n<td width=\"33.6400%\">Maks. Sarma malzemesi geni\u015fli\u011fi<\/td>\n<td width=\"66.3400%\">1100mm<\/td>\n<\/tr>\n<tr>\n<td width=\"33.6400%\">Maks. \u00c7\u00f6zme \u00e7ap\u0131<\/td>\n<td width=\"66.3400%\">600mm<\/td>\n<\/tr>\n<tr>\n<td width=\"33.6400%\">Dilme geni\u015fli\u011fi<\/td>\n<td width=\"66.3400%\">50mm-1100mm<\/td>\n<\/tr>\n<tr>\n<td width=\"33.6400%\">Dilme h\u0131z\u0131<\/td>\n<td width=\"66.3400%\">10-200m\/dak (farkl\u0131 malzemeye g\u00f6re de\u011fi\u015fir)<\/td>\n<\/tr>\n<tr>\n<td width=\"33.6400%\">Maks. Sarma \u00e7ap\u0131<\/td>\n<td width=\"66.3400%\">\u03a6450mm<\/td>\n<\/tr>\n<tr>\n<td width=\"33.6400%\">Ka\u011f\u0131t \u00e7ekirde\u011fin i\u00e7 \u00e7ap\u0131<\/td>\n<td width=\"66.3400%\">3\"<\/td>\n<\/tr>\n<tr>\n<td width=\"33.6400%\">Gerilim<\/td>\n<td width=\"66.3400%\">380V, 3P, 50HZ<\/td>\n<\/tr>\n<tr>\n<td width=\"33.6400%\">Makine boyutu (L*W*H)<\/td>\n<td width=\"66.3400%\">1.3\u00d72.36\u00d71.4m<\/td>\n<\/tr>\n<tr>\n<td width=\"33.6400%\">Makine a\u011f\u0131rl\u0131\u011f\u0131<\/td>\n<td width=\"66.3400%\">1200kg<\/td>\n<\/tr>\n<\/tbody>\n<\/table>\n<p><img fetchpriority=\"high\" decoding=\"async\" class=\"alignnone size-full wp-image-3814\" src=\"https:\/\/wxplastmachine.com\/wp-content\/uploads\/2024\/10\/\u5fae\u4fe1\u622a\u56fe_20241030163637.png\" alt=\"\" width=\"800\" height=\"800\" srcset=\"https:\/\/wxplastmachine.com\/wp-content\/uploads\/2024\/10\/\u5fae\u4fe1\u622a\u56fe_20241030163637.png 800w, https:\/\/wxplastmachine.com\/wp-content\/uploads\/2024\/10\/\u5fae\u4fe1\u622a\u56fe_20241030163637-300x300.png 300w, https:\/\/wxplastmachine.com\/wp-content\/uploads\/2024\/10\/\u5fae\u4fe1\u622a\u56fe_20241030163637-150x150.png 150w, https:\/\/wxplastmachine.com\/wp-content\/uploads\/2024\/10\/\u5fae\u4fe1\u622a\u56fe_20241030163637-768x768.png 768w, https:\/\/wxplastmachine.com\/wp-content\/uploads\/2024\/10\/\u5fae\u4fe1\u622a\u56fe_20241030163637-12x12.png 12w, https:\/\/wxplastmachine.com\/wp-content\/uploads\/2024\/10\/\u5fae\u4fe1\u622a\u56fe_20241030163637-600x600.png 600w, https:\/\/wxplastmachine.com\/wp-content\/uploads\/2024\/10\/\u5fae\u4fe1\u622a\u56fe_20241030163637-100x100.png 100w\" sizes=\"(max-width: 800px) 100vw, 800px\" \/> <img decoding=\"async\" class=\"alignnone size-full wp-image-3815\" src=\"https:\/\/wxplastmachine.com\/wp-content\/uploads\/2024\/10\/\u5fae\u4fe1\u622a\u56fe_20241030163657.png\" alt=\"\" width=\"800\" height=\"800\" srcset=\"https:\/\/wxplastmachine.com\/wp-content\/uploads\/2024\/10\/\u5fae\u4fe1\u622a\u56fe_20241030163657.png 800w, https:\/\/wxplastmachine.com\/wp-content\/uploads\/2024\/10\/\u5fae\u4fe1\u622a\u56fe_20241030163657-300x300.png 300w, https:\/\/wxplastmachine.com\/wp-content\/uploads\/2024\/10\/\u5fae\u4fe1\u622a\u56fe_20241030163657-150x150.png 150w, https:\/\/wxplastmachine.com\/wp-content\/uploads\/2024\/10\/\u5fae\u4fe1\u622a\u56fe_20241030163657-768x768.png 768w, https:\/\/wxplastmachine.com\/wp-content\/uploads\/2024\/10\/\u5fae\u4fe1\u622a\u56fe_20241030163657-12x12.png 12w, https:\/\/wxplastmachine.com\/wp-content\/uploads\/2024\/10\/\u5fae\u4fe1\u622a\u56fe_20241030163657-600x600.png 600w, https:\/\/wxplastmachine.com\/wp-content\/uploads\/2024\/10\/\u5fae\u4fe1\u622a\u56fe_20241030163657-100x100.png 100w\" sizes=\"(max-width: 800px) 100vw, 800px\" \/> <img decoding=\"async\" class=\"alignnone size-full wp-image-3813\" src=\"https:\/\/wxplastmachine.com\/wp-content\/uploads\/2024\/10\/\u5fae\u4fe1\u622a\u56fe_20241030163426.jpg\" alt=\"\" width=\"747\" height=\"283\" srcset=\"https:\/\/wxplastmachine.com\/wp-content\/uploads\/2024\/10\/\u5fae\u4fe1\u622a\u56fe_20241030163426.jpg 747w, https:\/\/wxplastmachine.com\/wp-content\/uploads\/2024\/10\/\u5fae\u4fe1\u622a\u56fe_20241030163426-300x114.jpg 300w, https:\/\/wxplastmachine.com\/wp-content\/uploads\/2024\/10\/\u5fae\u4fe1\u622a\u56fe_20241030163426-18x7.jpg 18w, https:\/\/wxplastmachine.com\/wp-content\/uploads\/2024\/10\/\u5fae\u4fe1\u622a\u56fe_20241030163426-600x227.jpg 600w\" sizes=\"(max-width: 747px) 100vw, 747px\" \/><\/p>\n<p>&nbsp;<\/p>","protected":false},"excerpt":{"rendered":"<p>The machine is suitable for slitting rewinding all kinds of film, PVC shrink film, label, aluminum foil, paper, kraft paper, non woven etc. Main Features: 1.The whole machine frame is made of iron plate, with extremely high precision and stability. Main motor adopts single-phase asynchronous motor. 2.PhotoelectricEPC system. 3.Inverter : Delta 4.Automatic constant tension of [&hellip;]<\/p>","protected":false},"featured_media":3809,"comment_status":"open","ping_status":"closed","template":"","meta":{"site-sidebar-layout":"default","site-content-layout":"","ast-site-content-layout":"default","site-content-style":"default","site-sidebar-style":"default","ast-global-header-display":"","ast-banner-title-visibility":"","ast-main-header-display":"","ast-hfb-above-header-display":"","ast-hfb-below-header-display":"","ast-hfb-mobile-header-display":"","site-post-title":"","ast-breadcrumbs-content":"","ast-featured-img":"","footer-sml-layout":"","theme-transparent-header-meta":"default","adv-header-id-meta":"","stick-header-meta":"","header-above-stick-meta":"","header-main-stick-meta":"","header-below-stick-meta":"","astra-migrate-meta-layouts":"set","ast-page-background-enabled":"default","ast-page-background-meta":{"desktop":{"background-color":"","background-image":"","background-repeat":"repeat","background-position":"center center","background-size":"auto","background-attachment":"scroll","background-type":"","background-media":"","overlay-type":"","overlay-color":"","overlay-gradient":""},"tablet":{"background-color":"","background-image":"","background-repeat":"repeat","background-position":"center center","background-size":"auto","background-attachment":"scroll","background-type":"","background-media":"","overlay-type":"","overlay-color":"","overlay-gradient":""},"mobile":{"background-color":"","background-image":"","background-repeat":"repeat","background-position":"center center","background-size":"auto","background-attachment":"scroll","background-type":"","background-media":"","overlay-type":"","overlay-color":"","overlay-gradient":""}},"ast-content-background-meta":{"desktop":{"background-color":"var(--ast-global-color-5)","background-image":"","background-repeat":"repeat","background-position":"center center","background-size":"auto","background-attachment":"scroll","background-type":"","background-media":"","overlay-type":"","overlay-color":"","overlay-gradient":""},"tablet":{"background-color":"var(--ast-global-color-5)","background-image":"","background-repeat":"repeat","background-position":"center center","background-size":"auto","background-attachment":"scroll","background-type":"","background-media":"","overlay-type":"","overlay-color":"","overlay-gradient":""},"mobile":{"background-color":"var(--ast-global-color-5)","background-image":"","background-repeat":"repeat","background-position":"center center","background-size":"auto","background-attachment":"scroll","background-type":"","background-media":"","overlay-type":"","overlay-color":"","overlay-gradient":""}}},"product_cat":[203,204],"product_tag":[],"jetpack_sharing_enabled":true,"_links":{"self":[{"href":"https:\/\/wxplastmachine.com\/tr\/wp-json\/wp\/v2\/product\/3808"}],"collection":[{"href":"https:\/\/wxplastmachine.com\/tr\/wp-json\/wp\/v2\/product"}],"about":[{"href":"https:\/\/wxplastmachine.com\/tr\/wp-json\/wp\/v2\/types\/product"}],"replies":[{"embeddable":true,"href":"https:\/\/wxplastmachine.com\/tr\/wp-json\/wp\/v2\/comments?post=3808"}],"wp:featuredmedia":[{"embeddable":true,"href":"https:\/\/wxplastmachine.com\/tr\/wp-json\/wp\/v2\/media\/3809"}],"wp:attachment":[{"href":"https:\/\/wxplastmachine.com\/tr\/wp-json\/wp\/v2\/media?parent=3808"}],"wp:term":[{"taxonomy":"product_cat","embeddable":true,"href":"https:\/\/wxplastmachine.com\/tr\/wp-json\/wp\/v2\/product_cat?post=3808"},{"taxonomy":"product_tag","embeddable":true,"href":"https:\/\/wxplastmachine.com\/tr\/wp-json\/wp\/v2\/product_tag?post=3808"}],"curies":[{"name":"wp","href":"https:\/\/api.w.org\/{rel}","templated":true}]}}