{"id":3824,"date":"2024-10-31T21:38:38","date_gmt":"2024-10-31T13:38:38","guid":{"rendered":"https:\/\/wxplastmachine.com\/?post_type=product&#038;p=3824"},"modified":"2024-11-01T11:20:13","modified_gmt":"2024-11-01T03:20:13","slug":"high-speed-automatic-cutting-bopp-pe-pvc-film-foil-paper-fabric-jumbo-roll-slitting-rewinding-machine-400m-min","status":"publish","type":"product","link":"https:\/\/wxplastmachine.com\/tr\/urun\/high-speed-automatic-cutting-bopp-pe-pvc-film-foil-paper-fabric-jumbo-roll-slitting-rewinding-machine-400m-min","title":{"rendered":"Y\u00fcksek H\u0131zl\u0131 Otomatik BOPP PE PVC Film Folyo Ka\u011f\u0131t Kuma\u015f Jumbo Rulo Dilme Sarma Makinesi 400m \/ dak"},"content":{"rendered":"<p><strong><b>Konfig\u00fcrasyon<\/b><\/strong><strong><b>:<\/b><\/strong><\/p>\n<p>Gev\u015feyin<\/p>\n<ol>\n<li>\u00c7\u00f6zme gerginli\u011fini hassas bir \u015fekilde kontrol etmek i\u00e7in pn\u00f6matik fren sistemi<\/li>\n<li>\u015eafts\u0131z \u00e7\u00f6zme, 3 ve 6 in\u00e7 ka\u011f\u0131t g\u00f6be\u011fi.<\/li>\n<li>Hidrolik y\u00fckleme<\/li>\n<li>Kenar ayar silindiri.<\/li>\n<li>Kenar veya \u00e7izgiyi kontrol etmek i\u00e7in LPC\/EPC, LPC sens\u00f6r\u00fcn\u00fcn konumu tutamak taraf\u0131nda k\u00fc\u00e7\u00fck ayarlanabilir.<\/li>\n<li>Kesim masas\u0131: Sabit ekleme masas\u0131.<\/li>\n<li>Makineyi arka \u00e7al\u0131\u015ft\u0131rma paneli ile \u00e7\u00f6zme taraf\u0131nda \u00e7al\u0131\u015ft\u0131r\u0131n.<\/li>\n<li>\u00c7\u00f6zme makaras\u0131n\u0131n \u00e7ap\u0131 ayar\u0131n\u0131za ula\u015ft\u0131\u011f\u0131nda otomatik durma.<\/li>\n<\/ol>\n<p>S\u00fcr\u00fc\u015f sistemi<\/p>\n<ol>\n<li>Nip s\u00fcr\u00fcc\u00fc<\/li>\n<li>S\u00fcr\u00fc\u015f motoru: Servo motor<\/li>\n<\/ol>\n<p>Kesme sistemi<\/p>\n<ol>\n<li>Pn\u00f6matik kesici<\/li>\n<li>Kesme derinli\u011fini el \u00e7ark\u0131 ile ayarlayabilirsiniz.<\/li>\n<li>\u0130ki dilme modeli: D\u00fcz b\u0131\u00e7ak veya d\u00f6ner b\u0131\u00e7ak.<\/li>\n<\/ol>\n<p>Geri sarma sistemi<\/p>\n<ol>\n<li>3 in\u00e7 pn\u00f6matik diferansiyel s\u00fcrt\u00fcnme milleri, gerginli\u011fi sabit hale getirir.<\/li>\n<li>350mm geni\u015fli\u011finde 4 adet ana presleme silindiri.<\/li>\n<li>\u015eaft.<\/li>\n<li>Bir servo motor kontrol\u00fcn\u00fcn uzunlu\u011fu iki geri sarma ayar\u0131n\u0131za ula\u015ft\u0131\u011f\u0131nda otomatik durma.<\/li>\n<li>T\u00fcm makine PLC kontrol\u00fc, t\u00fcm i\u015flemleri uygun olan dokunmatik ekranla yapabilirsiniz.<\/li>\n<li>Ka\u011f\u0131t \u00e7ekirdek aser konumland\u0131rma<\/li>\n<li>Statik elektri\u011fi ortadan kald\u0131rmak i\u00e7in statik f\u0131r\u00e7a.<\/li>\n<\/ol>\n<p>Bo\u015faltma sistemi<\/p>\n<p>Kullan\u0131\u015fl\u0131 bo\u015faltma tutucusu.<\/p>\n<p>Trim sistemi<\/p>\n<p>Trim \u00fcfleyici 1 set 1.1kw<\/p>\n<p>&nbsp;<\/p>\n<p><strong><b>Ana Teknoloji<\/b><\/strong><strong><b>nical <\/b><\/strong><strong><b>Parametre<\/b><\/strong><strong><b>s:<\/b><\/strong><\/p>\n<table>\n<tbody>\n<tr>\n<td>Maks. dilme malzemesi geni\u015fli\u011fi<\/td>\n<td>1300mm<\/td>\n<\/tr>\n<tr>\n<td>Min. dilme malzemesi geni\u015fli\u011fi<\/td>\n<td>30mm<\/td>\n<\/tr>\n<tr>\n<td>Maks. dilme h\u0131z\u0131<\/td>\n<td>400m\/dak.<\/td>\n<\/tr>\n<tr>\n<td>Maks. \u00e7\u00f6zme \u00e7ap\u0131<\/td>\n<td>\u03a6 800mm<\/td>\n<\/tr>\n<tr>\n<td>Maks. geri sarma \u00e7ap\u0131<\/td>\n<td>\u03a6 600mm<\/td>\n<\/tr>\n<tr>\n<td>Makine g\u00fcc\u00fc<\/td>\n<td>Maks. 11kw<\/td>\n<\/tr>\n<tr>\n<td>Genel boyut<\/td>\n<td>4200*2200*1800mm<\/td>\n<\/tr>\n<tr>\n<td>Net a\u011f\u0131rl\u0131k<\/td>\n<td>3800kg<\/td>\n<\/tr>\n<tr>\n<td>Makine gerilimi<\/td>\n<td>380\/220V veya \u00f6zelle\u015ftirilmi\u015f<\/td>\n<\/tr>\n<\/tbody>\n<\/table>\n<p><img fetchpriority=\"high\" decoding=\"async\" class=\"alignnone size-full wp-image-3831\" src=\"https:\/\/wxplastmachine.com\/wp-content\/uploads\/2024\/10\/\u5fae\u4fe1\u622a\u56fe_20241031204152.png\" alt=\"\" width=\"800\" height=\"800\" srcset=\"https:\/\/wxplastmachine.com\/wp-content\/uploads\/2024\/10\/\u5fae\u4fe1\u622a\u56fe_20241031204152.png 800w, https:\/\/wxplastmachine.com\/wp-content\/uploads\/2024\/10\/\u5fae\u4fe1\u622a\u56fe_20241031204152-300x300.png 300w, https:\/\/wxplastmachine.com\/wp-content\/uploads\/2024\/10\/\u5fae\u4fe1\u622a\u56fe_20241031204152-150x150.png 150w, https:\/\/wxplastmachine.com\/wp-content\/uploads\/2024\/10\/\u5fae\u4fe1\u622a\u56fe_20241031204152-768x768.png 768w, https:\/\/wxplastmachine.com\/wp-content\/uploads\/2024\/10\/\u5fae\u4fe1\u622a\u56fe_20241031204152-12x12.png 12w, https:\/\/wxplastmachine.com\/wp-content\/uploads\/2024\/10\/\u5fae\u4fe1\u622a\u56fe_20241031204152-600x600.png 600w, https:\/\/wxplastmachine.com\/wp-content\/uploads\/2024\/10\/\u5fae\u4fe1\u622a\u56fe_20241031204152-100x100.png 100w\" sizes=\"(max-width: 800px) 100vw, 800px\" \/> <img decoding=\"async\" class=\"alignnone size-full wp-image-3826\" src=\"https:\/\/wxplastmachine.com\/wp-content\/uploads\/2024\/10\/\u5fae\u4fe1\u622a\u56fe_20241031202148.png\" alt=\"\" width=\"800\" height=\"800\" srcset=\"https:\/\/wxplastmachine.com\/wp-content\/uploads\/2024\/10\/\u5fae\u4fe1\u622a\u56fe_20241031202148.png 800w, https:\/\/wxplastmachine.com\/wp-content\/uploads\/2024\/10\/\u5fae\u4fe1\u622a\u56fe_20241031202148-300x300.png 300w, https:\/\/wxplastmachine.com\/wp-content\/uploads\/2024\/10\/\u5fae\u4fe1\u622a\u56fe_20241031202148-150x150.png 150w, https:\/\/wxplastmachine.com\/wp-content\/uploads\/2024\/10\/\u5fae\u4fe1\u622a\u56fe_20241031202148-768x768.png 768w, https:\/\/wxplastmachine.com\/wp-content\/uploads\/2024\/10\/\u5fae\u4fe1\u622a\u56fe_20241031202148-12x12.png 12w, https:\/\/wxplastmachine.com\/wp-content\/uploads\/2024\/10\/\u5fae\u4fe1\u622a\u56fe_20241031202148-600x600.png 600w, https:\/\/wxplastmachine.com\/wp-content\/uploads\/2024\/10\/\u5fae\u4fe1\u622a\u56fe_20241031202148-100x100.png 100w\" sizes=\"(max-width: 800px) 100vw, 800px\" \/> <img decoding=\"async\" class=\"alignnone size-full wp-image-3835\" src=\"https:\/\/wxplastmachine.com\/wp-content\/uploads\/2024\/10\/\u5fae\u4fe1\u622a\u56fe_20241031213648.jpg\" alt=\"\" width=\"686\" height=\"482\" srcset=\"https:\/\/wxplastmachine.com\/wp-content\/uploads\/2024\/10\/\u5fae\u4fe1\u622a\u56fe_20241031213648.jpg 686w, https:\/\/wxplastmachine.com\/wp-content\/uploads\/2024\/10\/\u5fae\u4fe1\u622a\u56fe_20241031213648-300x211.jpg 300w, https:\/\/wxplastmachine.com\/wp-content\/uploads\/2024\/10\/\u5fae\u4fe1\u622a\u56fe_20241031213648-18x12.jpg 18w, https:\/\/wxplastmachine.com\/wp-content\/uploads\/2024\/10\/\u5fae\u4fe1\u622a\u56fe_20241031213648-600x422.jpg 600w\" sizes=\"(max-width: 686px) 100vw, 686px\" \/><\/p>\n<p>&nbsp;<\/p>","protected":false},"excerpt":{"rendered":"<p>Configuration: Unwind Pneumatic brake system to control\u00a0the unwinding tension precisely Shaftless unwinding, 3 and 6 inch\u00a0paper core. Hydraulic loading Edge adjustment roller. LPC\/EPC to control the edge or line,\u00a0position of the LPC sensor can be\u00a0small adjusted in handle side. Cutting table: Fixed splicing table. Operate the machine in unwinding side with rear operation panel. Automatic [&hellip;]<\/p>","protected":false},"featured_media":3827,"comment_status":"open","ping_status":"closed","template":"","meta":{"site-sidebar-layout":"default","site-content-layout":"","ast-site-content-layout":"default","site-content-style":"default","site-sidebar-style":"default","ast-global-header-display":"","ast-banner-title-visibility":"","ast-main-header-display":"","ast-hfb-above-header-display":"","ast-hfb-below-header-display":"","ast-hfb-mobile-header-display":"","site-post-title":"","ast-breadcrumbs-content":"","ast-featured-img":"","footer-sml-layout":"","theme-transparent-header-meta":"default","adv-header-id-meta":"","stick-header-meta":"","header-above-stick-meta":"","header-main-stick-meta":"","header-below-stick-meta":"","astra-migrate-meta-layouts":"set","ast-page-background-enabled":"default","ast-page-background-meta":{"desktop":{"background-color":"","background-image":"","background-repeat":"repeat","background-position":"center center","background-size":"auto","background-attachment":"scroll","background-type":"","background-media":"","overlay-type":"","overlay-color":"","overlay-gradient":""},"tablet":{"background-color":"","background-image":"","background-repeat":"repeat","background-position":"center center","background-size":"auto","background-attachment":"scroll","background-type":"","background-media":"","overlay-type":"","overlay-color":"","overlay-gradient":""},"mobile":{"background-color":"","background-image":"","background-repeat":"repeat","background-position":"center center","background-size":"auto","background-attachment":"scroll","background-type":"","background-media":"","overlay-type":"","overlay-color":"","overlay-gradient":""}},"ast-content-background-meta":{"desktop":{"background-color":"var(--ast-global-color-5)","background-image":"","background-repeat":"repeat","background-position":"center center","background-size":"auto","background-attachment":"scroll","background-type":"","background-media":"","overlay-type":"","overlay-color":"","overlay-gradient":""},"tablet":{"background-color":"var(--ast-global-color-5)","background-image":"","background-repeat":"repeat","background-position":"center center","background-size":"auto","background-attachment":"scroll","background-type":"","background-media":"","overlay-type":"","overlay-color":"","overlay-gradient":""},"mobile":{"background-color":"var(--ast-global-color-5)","background-image":"","background-repeat":"repeat","background-position":"center center","background-size":"auto","background-attachment":"scroll","background-type":"","background-media":"","overlay-type":"","overlay-color":"","overlay-gradient":""}}},"product_cat":[213,203],"product_tag":[],"jetpack_sharing_enabled":true,"_links":{"self":[{"href":"https:\/\/wxplastmachine.com\/tr\/wp-json\/wp\/v2\/product\/3824"}],"collection":[{"href":"https:\/\/wxplastmachine.com\/tr\/wp-json\/wp\/v2\/product"}],"about":[{"href":"https:\/\/wxplastmachine.com\/tr\/wp-json\/wp\/v2\/types\/product"}],"replies":[{"embeddable":true,"href":"https:\/\/wxplastmachine.com\/tr\/wp-json\/wp\/v2\/comments?post=3824"}],"wp:featuredmedia":[{"embeddable":true,"href":"https:\/\/wxplastmachine.com\/tr\/wp-json\/wp\/v2\/media\/3827"}],"wp:attachment":[{"href":"https:\/\/wxplastmachine.com\/tr\/wp-json\/wp\/v2\/media?parent=3824"}],"wp:term":[{"taxonomy":"product_cat","embeddable":true,"href":"https:\/\/wxplastmachine.com\/tr\/wp-json\/wp\/v2\/product_cat?post=3824"},{"taxonomy":"product_tag","embeddable":true,"href":"https:\/\/wxplastmachine.com\/tr\/wp-json\/wp\/v2\/product_tag?post=3824"}],"curies":[{"name":"wp","href":"https:\/\/api.w.org\/{rel}","templated":true}]}}