{"id":3836,"date":"2024-11-01T10:48:05","date_gmt":"2024-11-01T02:48:05","guid":{"rendered":"https:\/\/wxplastmachine.com\/?post_type=product&#038;p=3836"},"modified":"2024-11-01T11:27:31","modified_gmt":"2024-11-01T03:27:31","slug":"full-automatic-bopp-adhesive-tape-coating-machine-bopp-tape-jumbo-roll-coating-machine","status":"publish","type":"product","link":"https:\/\/wxplastmachine.com\/tr\/urun\/full-automatic-bopp-adhesive-tape-coating-machine-bopp-tape-jumbo-roll-coating-machine","title":{"rendered":"Tam Otomatik BOPP Yap\u0131\u015fkan Bant Kaplama Makinesi Bopp Bant Jumbo Rulo Kaplama Makinesi"},"content":{"rendered":"<p>Pvc bant\u3001medikal bant\u3001bopp bant\u3001\u00e7ift tarafl\u0131 bant\u3001ka\u011f\u0131t maskeleme band\u0131 vb. i\u00e7in uygundur<strong><b>\u00a0<\/b><\/strong><\/p>\n<p><strong><b>Makine <\/b><\/strong><strong><b>Tan\u0131mlama:<\/b><\/strong><\/p>\n<p>1. T\u00fcm makine 5 frekans d\u00f6n\u00fc\u015ft\u00fcrme motoru taraf\u0131ndan kontrol edilir ve t\u00fcm makinenin gerginli\u011fi (\u00e7\u00f6zme, kaplama, \u00e7ekme ve sarma) Western door PLC sistemi taraf\u0131ndan otomatik olarak kontrol edilir. T\u00fcm makinenin gerginli\u011finin g\u00fcvenilirli\u011fi, insan-makine aray\u00fcz\u00fc dokunmatik ekran kontrol\u00fc ve ekran\u0131 ile geli\u015ftirilmi\u015ftir.<\/p>\n<p>2. Bo\u015faltma raf\u0131, hidrolik kald\u0131rma tek istasyon \u015feklindedir ve manyetik toz otomatik gerginlik kontrol\u00fcn\u00fc benimser.<\/p>\n<p>3. Virg\u00fcl kaz\u0131y\u0131c\u0131 rulonun debriyaj ayar\u0131 pn\u00f6matik sal\u0131ncak kolu tipini benimser. Sal\u0131ncak kolu, kontrol i\u00e7in mikro ayar cihaz\u0131 ile donat\u0131lm\u0131\u015ft\u0131r ve tutkal kal\u0131nl\u0131\u011f\u0131, kal\u0131nl\u0131k \u00f6l\u00e7er ile kontrol edilir.<\/p>\n<p>4. Aniloks kaplama modu: kaplama s\u0131y\u0131r\u0131c\u0131 mili, a\u011f\u0131r hizmet tipi \u00e7ift \u015faftl\u0131 mekanik ba\u011f\u0131ms\u0131z y\u00fczmeyi benimser. S\u0131y\u0131r\u0131c\u0131 ayar modu pn\u00f6matik ile manueldir ve a\u00e7\u0131 iste\u011fe g\u00f6re ayarlanabilir. Kaplama miktar\u0131, aniloks rulonun a\u011f \u00e7izgisine ba\u011fl\u0131d\u0131r. Farkl\u0131 \u00f6rg\u00fc \u00e7izgisine sahip aniloks rulo, farkl\u0131 kaplama miktar\u0131 i\u00e7in de\u011fi\u015ftirilebilir.<\/p>\n<p>5. F\u0131r\u0131n, 9 b\u00f6l\u00fcmde ba\u011f\u0131ms\u0131z s\u0131cakl\u0131k kontrol\u00fc ile 18m'dir. Is\u0131tma, \u0131s\u0131 transfer ya\u011f\u0131 sirk\u00fclasyonlu \u0131s\u0131tma, kurutma sistemine giren s\u0131cak hava ve ayarlanabilir i\u00e7 sirk\u00fclasyon emme ve egzoz cihaz\u0131n\u0131 benimser. Hava giri\u015fi ve egzoz r\u00fczgar\u0131 g\u00fc\u00e7l\u00fcd\u00fcr ve kurutma tamamlanm\u0131\u015ft\u0131r.<\/p>\n<p>6. F\u0131r\u0131ndaki k\u0131lavuz tekerlek, ana makine ile aktif olarak senkronize edilir ve \u015fanz\u0131man, malzeme gerginli\u011fini ve deformasyonu azaltmak i\u00e7in senkron kay\u0131\u015f tekerle\u011fi iletimini benimser. Hava silindiri \u00fcst\u00fc a\u00e7\u0131k f\u0131r\u0131n ve membran delici \u00e7al\u0131\u015fma platformu operat\u00f6rlerin \u00e7al\u0131\u015fmas\u0131n\u0131 kolayla\u015ft\u0131r\u0131r.<\/p>\n<p>7. Kaplama rulosu - \u00e7eki\u015f \u00e7eli\u011fi rulosunun ara gerilimi, PLC taraf\u0131ndan otomatik olarak kontrol edilen y\u00fczer d\u00f6ner kol tipi ile senkronize edilir;<\/p>\n<p>8. Otomatik saya\u00e7 h\u0131z kontrol cihaz\u0131;<\/p>\n<p>9.EPC kenar d\u00fczeltme makinesi, malzeme sar\u0131m\u0131n\u0131n d\u00fczenli olmas\u0131n\u0131 sa\u011flamak i\u00e7in sapma d\u00fczeltmesi i\u00e7in kullan\u0131l\u0131r.<\/p>\n<p>10. Anahtar tipi \u015fi\u015firilebilir \u015faft, y\u00fckleme ve bo\u015faltma i\u015flemi i\u00e7in uygun olan geri \u00e7ekme ve serbest b\u0131rakma i\u00e7in kullan\u0131l\u0131r.<\/p>\n<p>11. Y\u00fcksek hassasiyetli yukar\u0131 bas\u0131n\u00e7l\u0131 \u00e7eki\u015f cihaz\u0131, \u00e7elik rulo so\u011futmas\u0131 i\u00e7in su sirk\u00fclasyon tipi benimsenmi\u015ftir ve film daha p\u00fcr\u00fczs\u00fczd\u00fcr, daha fazla kaz\u0131n\u0131r ve so\u011futma rulosu arac\u0131l\u0131\u011f\u0131yla daha fazla so\u011futma etkisi elde edilir.<\/p>\n<p>12. Malzeme alma raf\u0131, hidrolik kald\u0131rma tek istasyon \u015feklindedir. Sarg\u0131, frekans d\u00f6n\u00fc\u015ft\u00fcrme motorunu benimser ve vekt\u00f6r frekans d\u00f6n\u00fc\u015ft\u00fcr\u00fcc\u00fc PLC bilgisayar sistemi taraf\u0131ndan kontrol edilir<\/p>\n<table>\n<tbody>\n<tr>\n<td width=\"25.0400%\">Model<\/td>\n<td width=\"74.9400%\">TB600-2500 BOPP kaplama makinesi<\/td>\n<\/tr>\n<tr>\n<td width=\"25.0400%\">Kaplama y\u00f6ntemi<\/td>\n<td width=\"74.9400%\">virg\u00fcl b\u0131\u00e7ak kaplama \/ grav\u00fcr silindir kaplama \/ mayer \u00e7ubuk kaplama \/ hava b\u0131\u00e7a\u011f\u0131 kaplama \/ be\u015f silindir kaplama \/ b\u0131\u00e7ak kaplama \/ slot kal\u0131p kaplama \/ mikro grav\u00fcr kaplama \uff08\u00d6zelle\u015ftirilebilir\uff09<\/td>\n<\/tr>\n<tr>\n<td width=\"25.0400%\">Kaplama geni\u015fli\u011fi<\/td>\n<td width=\"74.9400%\">600-2500MM \uff08\u00d6zelle\u015ftirilebilir\uff09<\/td>\n<\/tr>\n<tr>\n<td width=\"25.0400%\">\u00c7\u00f6zme \u00e7ap\u0131<\/td>\n<td width=\"74.9400%\">600-1500MM \uff08\u00d6zelle\u015ftirilebilir\uff09<\/td>\n<\/tr>\n<tr>\n<td width=\"25.0400%\">Sarg\u0131 \u00e7ap\u0131<\/td>\n<td width=\"74.9400%\">600-1500MM \uff08\u00d6zelle\u015ftirilebilir\uff09<\/td>\n<\/tr>\n<tr>\n<td width=\"25.0400%\">Kaplama kal\u0131nl\u0131\u011f\u0131<\/td>\n<td width=\"74.9400%\">2-300g\/metrekare<\/td>\n<\/tr>\n<tr>\n<td width=\"25.0400%\">Kaplama h\u0131z\u0131<\/td>\n<td width=\"74.9400%\">10-300m \/ dak (malzemeye ba\u011fl\u0131 olarak)<\/td>\n<\/tr>\n<tr>\n<td width=\"25.0400%\">Is\u0131tma y\u00f6ntemi<\/td>\n<td width=\"74.9400%\">Elektrikli \u0131s\u0131tma, ya\u011fl\u0131 \u0131s\u0131tma ve do\u011fal gazl\u0131 \u0131s\u0131tma<\/td>\n<\/tr>\n<\/tbody>\n<\/table>\n<p>M\u00fc\u015fterilerin farkl\u0131 gereksinimlerine g\u00f6re \u00f6zelle\u015ftirilmi\u015f makine (600-2500mm s\u0131n\u0131rl\u0131 geni\u015flik)<\/p>\n<p><img fetchpriority=\"high\" decoding=\"async\" class=\"alignnone size-full wp-image-3838\" src=\"https:\/\/wxplastmachine.com\/wp-content\/uploads\/2024\/11\/mtxx02.png\" alt=\"\" width=\"800\" height=\"800\" srcset=\"https:\/\/wxplastmachine.com\/wp-content\/uploads\/2024\/11\/mtxx02.png 800w, https:\/\/wxplastmachine.com\/wp-content\/uploads\/2024\/11\/mtxx02-300x300.png 300w, https:\/\/wxplastmachine.com\/wp-content\/uploads\/2024\/11\/mtxx02-150x150.png 150w, https:\/\/wxplastmachine.com\/wp-content\/uploads\/2024\/11\/mtxx02-768x768.png 768w, https:\/\/wxplastmachine.com\/wp-content\/uploads\/2024\/11\/mtxx02-12x12.png 12w, https:\/\/wxplastmachine.com\/wp-content\/uploads\/2024\/11\/mtxx02-600x600.png 600w, https:\/\/wxplastmachine.com\/wp-content\/uploads\/2024\/11\/mtxx02-100x100.png 100w\" sizes=\"(max-width: 800px) 100vw, 800px\" \/> <img decoding=\"async\" class=\"alignnone size-full wp-image-3843\" src=\"https:\/\/wxplastmachine.com\/wp-content\/uploads\/2024\/11\/mtxx07.png\" alt=\"\" width=\"800\" height=\"800\" srcset=\"https:\/\/wxplastmachine.com\/wp-content\/uploads\/2024\/11\/mtxx07.png 800w, https:\/\/wxplastmachine.com\/wp-content\/uploads\/2024\/11\/mtxx07-300x300.png 300w, https:\/\/wxplastmachine.com\/wp-content\/uploads\/2024\/11\/mtxx07-150x150.png 150w, https:\/\/wxplastmachine.com\/wp-content\/uploads\/2024\/11\/mtxx07-768x768.png 768w, https:\/\/wxplastmachine.com\/wp-content\/uploads\/2024\/11\/mtxx07-12x12.png 12w, https:\/\/wxplastmachine.com\/wp-content\/uploads\/2024\/11\/mtxx07-600x600.png 600w, https:\/\/wxplastmachine.com\/wp-content\/uploads\/2024\/11\/mtxx07-100x100.png 100w\" sizes=\"(max-width: 800px) 100vw, 800px\" \/><\/p>\n<p><img decoding=\"async\" class=\"alignnone size-full wp-image-3850\" src=\"https:\/\/wxplastmachine.com\/wp-content\/uploads\/2024\/11\/\u5fae\u4fe1\u622a\u56fe_20241101094458.jpg\" alt=\"\" width=\"838\" height=\"356\" srcset=\"https:\/\/wxplastmachine.com\/wp-content\/uploads\/2024\/11\/\u5fae\u4fe1\u622a\u56fe_20241101094458.jpg 838w, https:\/\/wxplastmachine.com\/wp-content\/uploads\/2024\/11\/\u5fae\u4fe1\u622a\u56fe_20241101094458-300x127.jpg 300w, https:\/\/wxplastmachine.com\/wp-content\/uploads\/2024\/11\/\u5fae\u4fe1\u622a\u56fe_20241101094458-768x326.jpg 768w, https:\/\/wxplastmachine.com\/wp-content\/uploads\/2024\/11\/\u5fae\u4fe1\u622a\u56fe_20241101094458-18x8.jpg 18w, https:\/\/wxplastmachine.com\/wp-content\/uploads\/2024\/11\/\u5fae\u4fe1\u622a\u56fe_20241101094458-600x255.jpg 600w\" sizes=\"(max-width: 838px) 100vw, 838px\" \/> <img loading=\"lazy\" decoding=\"async\" class=\"alignnone size-full wp-image-3849\" src=\"https:\/\/wxplastmachine.com\/wp-content\/uploads\/2024\/11\/\u5fae\u4fe1\u622a\u56fe_20241101094226.jpg\" alt=\"\" width=\"1362\" height=\"542\" srcset=\"https:\/\/wxplastmachine.com\/wp-content\/uploads\/2024\/11\/\u5fae\u4fe1\u622a\u56fe_20241101094226.jpg 1362w, https:\/\/wxplastmachine.com\/wp-content\/uploads\/2024\/11\/\u5fae\u4fe1\u622a\u56fe_20241101094226-300x119.jpg 300w, https:\/\/wxplastmachine.com\/wp-content\/uploads\/2024\/11\/\u5fae\u4fe1\u622a\u56fe_20241101094226-1024x407.jpg 1024w, https:\/\/wxplastmachine.com\/wp-content\/uploads\/2024\/11\/\u5fae\u4fe1\u622a\u56fe_20241101094226-768x306.jpg 768w, https:\/\/wxplastmachine.com\/wp-content\/uploads\/2024\/11\/\u5fae\u4fe1\u622a\u56fe_20241101094226-18x7.jpg 18w, https:\/\/wxplastmachine.com\/wp-content\/uploads\/2024\/11\/\u5fae\u4fe1\u622a\u56fe_20241101094226-600x239.jpg 600w\" sizes=\"(max-width: 1362px) 100vw, 1362px\" \/><\/p>","protected":false},"excerpt":{"rendered":"<p>Suitable for pvc tape\u3001medical tape\u3001bopp tape\u3001double side tape\u3001paper masking tape and so on\u00a0 Machine Discription: 1.The whole machine is controlled by 5 frequency conversion motor, and the tension of the whole machine (unwinding, coating, traction and winding) is automatically controlled by Western door PLC system. The reliability of the tension of the whole machine is [&hellip;]<\/p>","protected":false},"featured_media":3837,"comment_status":"open","ping_status":"closed","template":"","meta":{"site-sidebar-layout":"default","site-content-layout":"","ast-site-content-layout":"default","site-content-style":"default","site-sidebar-style":"default","ast-global-header-display":"","ast-banner-title-visibility":"","ast-main-header-display":"","ast-hfb-above-header-display":"","ast-hfb-below-header-display":"","ast-hfb-mobile-header-display":"","site-post-title":"","ast-breadcrumbs-content":"","ast-featured-img":"","footer-sml-layout":"","theme-transparent-header-meta":"default","adv-header-id-meta":"","stick-header-meta":"","header-above-stick-meta":"","header-main-stick-meta":"","header-below-stick-meta":"","astra-migrate-meta-layouts":"set","ast-page-background-enabled":"default","ast-page-background-meta":{"desktop":{"background-color":"","background-image":"","background-repeat":"repeat","background-position":"center center","background-size":"auto","background-attachment":"scroll","background-type":"","background-media":"","overlay-type":"","overlay-color":"","overlay-gradient":""},"tablet":{"background-color":"","background-image":"","background-repeat":"repeat","background-position":"center center","background-size":"auto","background-attachment":"scroll","background-type":"","background-media":"","overlay-type":"","overlay-color":"","overlay-gradient":""},"mobile":{"background-color":"","background-image":"","background-repeat":"repeat","background-position":"center center","background-size":"auto","background-attachment":"scroll","background-type":"","background-media":"","overlay-type":"","overlay-color":"","overlay-gradient":""}},"ast-content-background-meta":{"desktop":{"background-color":"var(--ast-global-color-5)","background-image":"","background-repeat":"repeat","background-position":"center center","background-size":"auto","background-attachment":"scroll","background-type":"","background-media":"","overlay-type":"","overlay-color":"","overlay-gradient":""},"tablet":{"background-color":"var(--ast-global-color-5)","background-image":"","background-repeat":"repeat","background-position":"center center","background-size":"auto","background-attachment":"scroll","background-type":"","background-media":"","overlay-type":"","overlay-color":"","overlay-gradient":""},"mobile":{"background-color":"var(--ast-global-color-5)","background-image":"","background-repeat":"repeat","background-position":"center center","background-size":"auto","background-attachment":"scroll","background-type":"","background-media":"","overlay-type":"","overlay-color":"","overlay-gradient":""}}},"product_cat":[200,199],"product_tag":[],"jetpack_sharing_enabled":true,"_links":{"self":[{"href":"https:\/\/wxplastmachine.com\/tr\/wp-json\/wp\/v2\/product\/3836"}],"collection":[{"href":"https:\/\/wxplastmachine.com\/tr\/wp-json\/wp\/v2\/product"}],"about":[{"href":"https:\/\/wxplastmachine.com\/tr\/wp-json\/wp\/v2\/types\/product"}],"replies":[{"embeddable":true,"href":"https:\/\/wxplastmachine.com\/tr\/wp-json\/wp\/v2\/comments?post=3836"}],"wp:featuredmedia":[{"embeddable":true,"href":"https:\/\/wxplastmachine.com\/tr\/wp-json\/wp\/v2\/media\/3837"}],"wp:attachment":[{"href":"https:\/\/wxplastmachine.com\/tr\/wp-json\/wp\/v2\/media?parent=3836"}],"wp:term":[{"taxonomy":"product_cat","embeddable":true,"href":"https:\/\/wxplastmachine.com\/tr\/wp-json\/wp\/v2\/product_cat?post=3836"},{"taxonomy":"product_tag","embeddable":true,"href":"https:\/\/wxplastmachine.com\/tr\/wp-json\/wp\/v2\/product_tag?post=3836"}],"curies":[{"name":"wp","href":"https:\/\/api.w.org\/{rel}","templated":true}]}}