{"id":3867,"date":"2024-11-06T21:20:42","date_gmt":"2024-11-06T13:20:42","guid":{"rendered":"https:\/\/wxplastmachine.com\/?post_type=product&#038;p=3867"},"modified":"2024-11-06T21:20:42","modified_gmt":"2024-11-06T13:20:42","slug":"automatic-aluminum-foil-coating-machine-lacquer-coating-machine","status":"publish","type":"product","link":"https:\/\/wxplastmachine.com\/tr\/urun\/automatic-aluminum-foil-coating-machine-lacquer-coating-machine","title":{"rendered":"Otomatik Al\u00fcminyum Folyo Kaplama Makinesi Lake Kaplama Makinesi"},"content":{"rendered":"<p><strong><b>Makine <\/b><\/strong><strong><b>Tan\u0131mlama<\/b><\/strong><strong><b>:<\/b><\/strong><\/p>\n<ol>\n<li>T\u00fcm makine 5 frekans d\u00f6n\u00fc\u015ft\u00fcrme motoru taraf\u0131ndan kontrol edilir ve t\u00fcm makinenin gerginli\u011fi (\u00e7\u00f6zme, kaplama, \u00e7ekme ve sarma) Western door PLC sistemi taraf\u0131ndan otomatik olarak kontrol edilir. T\u00fcm makinenin gerginli\u011finin g\u00fcvenilirli\u011fi, insan-makine aray\u00fcz\u00fc dokunmatik ekran kontrol\u00fc ve ekran\u0131 ile geli\u015ftirilmi\u015ftir.<\/li>\n<li>Bo\u015faltma raf\u0131 hidrolik kald\u0131rma tek istasyon \u015feklindedir ve manyetik toz otomatik gerginlik kontrol\u00fcn\u00fc benimser.<\/li>\n<li>Virg\u00fcl s\u0131y\u0131r\u0131c\u0131 merdanenin debriyaj ayar\u0131 pn\u00f6matik sal\u0131ncak kolu tipini benimser. Sal\u0131ncak kolu kontrol i\u00e7in mikro ayar cihaz\u0131 ile donat\u0131lm\u0131\u015ft\u0131r ve tutkal kal\u0131nl\u0131\u011f\u0131 sentil ile kontrol edilir.<\/li>\n<li>Aniloks kaplama modu: kaplama s\u0131y\u0131r\u0131c\u0131 mili, a\u011f\u0131r hizmet tipi \u00e7ift \u015faftl\u0131 mekanik ba\u011f\u0131ms\u0131z y\u00fczmeyi benimser. S\u0131y\u0131r\u0131c\u0131 ayar modu pn\u00f6matik ile manueldir ve a\u00e7\u0131 iste\u011fe g\u00f6re ayarlanabilir. Kaplama miktar\u0131, aniloks rulonun a\u011f \u00e7izgisine ba\u011fl\u0131d\u0131r. Farkl\u0131 \u00f6rg\u00fc \u00e7izgisine sahip aniloks rulo, farkl\u0131 kaplama miktar\u0131 i\u00e7in de\u011fi\u015ftirilebilir.<\/li>\n<li>F\u0131r\u0131n, 9 b\u00f6l\u00fcmde ba\u011f\u0131ms\u0131z s\u0131cakl\u0131k kontrol\u00fc ile 18 m'dir. Is\u0131tma, \u0131s\u0131 transfer ya\u011f\u0131 sirk\u00fclasyonlu \u0131s\u0131tma, kurutma sistemine giren s\u0131cak hava ve ayarlanabilir i\u00e7 sirk\u00fclasyon emme ve egzoz cihaz\u0131n\u0131 benimser. Hava giri\u015fi ve egzoz r\u00fczgar\u0131 g\u00fc\u00e7l\u00fcd\u00fcr ve kurutma tamamlanm\u0131\u015ft\u0131r.<\/li>\n<li>F\u0131r\u0131ndaki k\u0131lavuz tekerlek, ana makine ile aktif olarak senkronize edilir ve \u015fanz\u0131man, malzeme gerginli\u011fini ve deformasyonu azaltmak i\u00e7in senkron kay\u0131\u015f tekerle\u011fi iletimini benimser. Hava silindirli \u00fcst\u00fc a\u00e7\u0131k f\u0131r\u0131n ve membran delici \u00e7al\u0131\u015fma platformu operat\u00f6rlerin \u00e7al\u0131\u015fmas\u0131n\u0131 kolayla\u015ft\u0131r\u0131r.<\/li>\n<li>Kaplama rulosu - \u00e7eki\u015f \u00e7eli\u011fi rulosunun ara gerilimi, PLC taraf\u0131ndan otomatik olarak kontrol edilen y\u00fczer d\u00f6ner kol tipi ile senkronize edilir;<\/li>\n<li>Otomatik saya\u00e7 h\u0131z kontrol cihaz\u0131;<\/li>\n<li>EPC kenar d\u00fczeltme makinesi, malzeme sar\u0131m\u0131n\u0131n d\u00fczenli olmas\u0131n\u0131 sa\u011flamak i\u00e7in sapma d\u00fczeltme i\u00e7in kullan\u0131l\u0131r.<\/li>\n<li>Anahtar tipi \u015fi\u015firilebilir \u015faft, y\u00fckleme ve bo\u015faltma i\u015flemi i\u00e7in uygun olan geri \u00e7ekme ve serbest b\u0131rakma i\u00e7in kullan\u0131l\u0131r.<\/li>\n<li>Y\u00fcksek hassasiyetli yukar\u0131 bas\u0131n\u00e7l\u0131 \u00e7eki\u015f cihaz\u0131, \u00e7elik rulo so\u011futmas\u0131 i\u00e7in su sirk\u00fclasyon tipi benimsenmi\u015ftir ve film daha p\u00fcr\u00fczs\u00fczd\u00fcr, daha fazla kaz\u0131n\u0131r ve so\u011futma rulosu arac\u0131l\u0131\u011f\u0131yla daha fazla so\u011futma etkisi elde edilir.<\/li>\n<li>Malzeme alma raf\u0131 hidrolik kald\u0131rma tek istasyon \u015feklindedir. Sarg\u0131, frekans d\u00f6n\u00fc\u015ft\u00fcrme motorunu benimser ve vekt\u00f6r frekans d\u00f6n\u00fc\u015ft\u00fcr\u00fcc\u00fc PLC bilgisayar sistemi taraf\u0131ndan kontrol edilir.<\/li>\n<\/ol>\n<table>\n<tbody>\n<tr>\n<td width=\"14.6400%\">Model<\/td>\n<td width=\"85.3400%\">TB600-2500 al\u00fcminyum folyo cila kaplama makinesi<\/td>\n<\/tr>\n<tr>\n<td width=\"14.6400%\">Kaplama y\u00f6ntemi<\/td>\n<td width=\"85.3400%\">virg\u00fcl b\u0131\u00e7ak kaplama \/ grav\u00fcr silindir kaplama \/ mayer \u00e7ubuk kaplama \/ hava b\u0131\u00e7a\u011f\u0131 kaplama \/ be\u015f silindir kaplama \/ b\u0131\u00e7ak kaplama \/ slot kal\u0131p kaplama \/ mikro grav\u00fcr kaplama \uff08\u00d6zelle\u015ftirilebilir\uff09<\/td>\n<\/tr>\n<tr>\n<td width=\"14.6400%\">Kaplama geni\u015fli\u011fi<\/td>\n<td width=\"85.3400%\">600-2500MM \uff08\u00d6zelle\u015ftirilebilir\uff09<\/td>\n<\/tr>\n<tr>\n<td width=\"14.6400%\">\u00c7\u00f6zme \u00e7ap\u0131<\/td>\n<td width=\"85.3400%\">600-1500MM \uff08\u00d6zelle\u015ftirilebilir\uff09<\/td>\n<\/tr>\n<tr>\n<td width=\"14.6400%\">Sarg\u0131 \u00e7ap\u0131<\/td>\n<td width=\"85.3400%\">600-1500MM \uff08\u00d6zelle\u015ftirilebilir\uff09<\/td>\n<\/tr>\n<tr>\n<td width=\"14.6400%\">Kaplama kal\u0131nl\u0131\u011f\u0131<\/td>\n<td width=\"85.3400%\">2-300g\/metrekare<\/td>\n<\/tr>\n<tr>\n<td width=\"14.6400%\">Kaplama h\u0131z\u0131<\/td>\n<td width=\"85.3400%\">10-300m \/ dak (malzemeye ba\u011fl\u0131 olarak)<\/td>\n<\/tr>\n<tr>\n<td width=\"14.6400%\">Is\u0131tma y\u00f6ntemi<\/td>\n<td width=\"85.3400%\">Elektrikli \u0131s\u0131tma, ya\u011fl\u0131 \u0131s\u0131tma ve do\u011fal gazl\u0131 \u0131s\u0131tma<\/td>\n<\/tr>\n<\/tbody>\n<\/table>\n<p>&nbsp;<\/p>","protected":false},"excerpt":{"rendered":"<p>Machine Discription: The whole machine is controlled by 5 frequency conversion motor, and the tension of the whole machine (unwinding, coating, traction and winding) is automatically controlled by Western door PLC system. The reliability of the tension of the whole machine is improved through man-machine interface touch screen control and display. The discharge rack is [&hellip;]<\/p>","protected":false},"featured_media":3868,"comment_status":"open","ping_status":"closed","template":"","meta":{"site-sidebar-layout":"default","site-content-layout":"","ast-site-content-layout":"default","site-content-style":"default","site-sidebar-style":"default","ast-global-header-display":"","ast-banner-title-visibility":"","ast-main-header-display":"","ast-hfb-above-header-display":"","ast-hfb-below-header-display":"","ast-hfb-mobile-header-display":"","site-post-title":"","ast-breadcrumbs-content":"","ast-featured-img":"","footer-sml-layout":"","theme-transparent-header-meta":"default","adv-header-id-meta":"","stick-header-meta":"","header-above-stick-meta":"","header-main-stick-meta":"","header-below-stick-meta":"","astra-migrate-meta-layouts":"set","ast-page-background-enabled":"default","ast-page-background-meta":{"desktop":{"background-color":"","background-image":"","background-repeat":"repeat","background-position":"center center","background-size":"auto","background-attachment":"scroll","background-type":"","background-media":"","overlay-type":"","overlay-color":"","overlay-gradient":""},"tablet":{"background-color":"","background-image":"","background-repeat":"repeat","background-position":"center center","background-size":"auto","background-attachment":"scroll","background-type":"","background-media":"","overlay-type":"","overlay-color":"","overlay-gradient":""},"mobile":{"background-color":"","background-image":"","background-repeat":"repeat","background-position":"center center","background-size":"auto","background-attachment":"scroll","background-type":"","background-media":"","overlay-type":"","overlay-color":"","overlay-gradient":""}},"ast-content-background-meta":{"desktop":{"background-color":"var(--ast-global-color-5)","background-image":"","background-repeat":"repeat","background-position":"center center","background-size":"auto","background-attachment":"scroll","background-type":"","background-media":"","overlay-type":"","overlay-color":"","overlay-gradient":""},"tablet":{"background-color":"var(--ast-global-color-5)","background-image":"","background-repeat":"repeat","background-position":"center center","background-size":"auto","background-attachment":"scroll","background-type":"","background-media":"","overlay-type":"","overlay-color":"","overlay-gradient":""},"mobile":{"background-color":"var(--ast-global-color-5)","background-image":"","background-repeat":"repeat","background-position":"center center","background-size":"auto","background-attachment":"scroll","background-type":"","background-media":"","overlay-type":"","overlay-color":"","overlay-gradient":""}}},"product_cat":[201,199],"product_tag":[],"jetpack_sharing_enabled":true,"_links":{"self":[{"href":"https:\/\/wxplastmachine.com\/tr\/wp-json\/wp\/v2\/product\/3867"}],"collection":[{"href":"https:\/\/wxplastmachine.com\/tr\/wp-json\/wp\/v2\/product"}],"about":[{"href":"https:\/\/wxplastmachine.com\/tr\/wp-json\/wp\/v2\/types\/product"}],"replies":[{"embeddable":true,"href":"https:\/\/wxplastmachine.com\/tr\/wp-json\/wp\/v2\/comments?post=3867"}],"wp:featuredmedia":[{"embeddable":true,"href":"https:\/\/wxplastmachine.com\/tr\/wp-json\/wp\/v2\/media\/3868"}],"wp:attachment":[{"href":"https:\/\/wxplastmachine.com\/tr\/wp-json\/wp\/v2\/media?parent=3867"}],"wp:term":[{"taxonomy":"product_cat","embeddable":true,"href":"https:\/\/wxplastmachine.com\/tr\/wp-json\/wp\/v2\/product_cat?post=3867"},{"taxonomy":"product_tag","embeddable":true,"href":"https:\/\/wxplastmachine.com\/tr\/wp-json\/wp\/v2\/product_tag?post=3867"}],"curies":[{"name":"wp","href":"https:\/\/api.w.org\/{rel}","templated":true}]}}