{"id":3875,"date":"2024-11-06T21:46:25","date_gmt":"2024-11-06T13:46:25","guid":{"rendered":"https:\/\/wxplastmachine.com\/?post_type=product&#038;p=3875"},"modified":"2024-11-06T21:46:25","modified_gmt":"2024-11-06T13:46:25","slug":"release-pe-pet-protective-film-coating-machine-release-film-coating-machine","status":"publish","type":"product","link":"https:\/\/wxplastmachine.com\/tr\/urun\/release-pe-pet-protective-film-coating-machine-release-film-coating-machine","title":{"rendered":"Serbest B\u0131rakma PE PET Koruyucu Film Kaplama Makinesi Serbest B\u0131rakma Film Kaplama Makinesi"},"content":{"rendered":"<p><strong><b>PE Koruyucu Film Kaplama Makinesi<\/b><\/strong><\/p>\n<p>Bu Makine PE koruyucu film jumbo rulolar\u0131 \u00fcretmek i\u00e7in kullan\u0131l\u0131r.<\/p>\n<p>Yap\u0131 malzemeleri, ev aletleri, elektronik \u00fcr\u00fcnler i\u00e7in y\u00fczey koruyucu<\/p>\n<p>a) Al\u00fcminyum ala\u015f\u0131ml\u0131 kap\u0131 ve pencereler, \u00c7elik levha y\u00fczey korumas\u0131, Al\u00fcminyum kompozit levha<br \/>\nb) Buzdolab\u0131, TV, klima vb.<br \/>\nc) Elektronik \u00fcr\u00fcn ekran\u0131n\u0131n ge\u00e7ici olarak korunmas\u0131 vb.<\/p>\n<p>Ana yap\u0131lar \u00e7\u00f6z\u00fcc\u00fc, kaplay\u0131c\u0131, kurutma f\u0131r\u0131nlar\u0131, so\u011futma silindiri \u00fcnitesi, geri sar\u0131c\u0131, \u00e7er\u00e7eve, kanal, elektrik sistemidir.<\/p>\n<h3><strong><b>Fonksiyon tan\u0131t\u0131m\u0131<\/b><\/strong><\/h3>\n<ol>\n<li>A\u00e7\u0131c\u0131: PE bo\u015f filmi serbest b\u0131rak\u0131n, manuel\/otomatik olarak yeni bo\u015f film rulosunu al\u0131n.<br \/>\n2. Kaplay\u0131c\u0131: bo\u015f film \u00fczerine yap\u0131\u015ft\u0131r\u0131c\u0131 s\u00fcr\u00fcn, kaplama y\u00f6ntemi grav\u00fcr rulo kaplay\u0131c\u0131 kullan\u0131n.<br \/>\n3. Kurutma f\u0131r\u0131nlar\u0131: Malzemelerin kurutulmas\u0131, s\u0131cak hava sistemi, \u0131s\u0131 kayna\u011f\u0131 kullan\u0131c\u0131 taraf\u0131ndan sa\u011flan\u0131r. Buhar kazan\u0131, S\u0131cak \u00fcflemeli soba,<br \/>\nIs\u0131 transfer ya\u011f kazan\u0131, elektrikli olanlardan biridir. F\u0131r\u0131n\u0131n uzunlu\u011fu, kullan\u0131c\u0131n\u0131n ihtiya\u00e7 duydu\u011fu maksimum kapasiteye g\u00f6re belirlenir.<br \/>\n4. So\u011futma silindiri \u00fcnitesi: Y\u00fcksek s\u0131cakl\u0131kta kurutmadan sonra hammadde h\u0131zla so\u011futulabilir.<br \/>\n5. Sar\u0131c\u0131: malzemeyi bir ruloya geri sararak PE koruyucu film jumbo rulosunu elde etti.<br \/>\n6. Referans i\u00e7in Makine \u00c7izimi, gereksinimlere g\u00f6re \u00f6zelle\u015ftirilebilir.<\/li>\n<\/ol>\n<h3><strong><b>PE Koruyucu film \u00fcretim s\u00fcreci<\/b><\/strong><\/h3>\n<p>1. Kaplama yap\u0131\u015ft\u0131r\u0131c\u0131s\u0131<\/p>\n<p>2. Geri Sarma<\/p>\n<p>3.Kesme<\/p>\n<p><strong><b>Teknik Parametreler:<\/b><\/strong><\/p>\n<table>\n<tbody>\n<tr>\n<td width=\"21.1600%\">&nbsp;<\/td>\n<td width=\"19.4200%\">Model 800<\/td>\n<td width=\"20.5400%\">Model 1000<\/td>\n<td width=\"19.4200%\">Model 1300<\/td>\n<td width=\"19.4200%\">Model 1600<\/td>\n<\/tr>\n<tr>\n<td width=\"21.1600%\">\u00c7al\u0131\u015fma geni\u015fli\u011fi:<\/td>\n<td width=\"19.4200%\">Maks. 800 mm<\/td>\n<td width=\"20.5400%\">Maks. 1000 mm<\/td>\n<td width=\"19.4200%\">Maks.1300mm<\/td>\n<td width=\"19.4200%\">Maks. 1600 mm<\/td>\n<\/tr>\n<tr>\n<td width=\"21.1600%\">\u00dcretim h\u0131z\u0131: (\u00d6zelle\u015ftirilmi\u015f)<\/td>\n<td width=\"19.4200%\">60~100M\/dak<\/td>\n<td width=\"20.5400%\">60~100M\/dak<\/td>\n<td width=\"19.4200%\">60~100M\/dak<\/td>\n<td width=\"19.4200%\">60~100M\/dak<\/td>\n<\/tr>\n<tr>\n<td width=\"21.1600%\">\u00dcretim kapasitesi: 8 saat<\/td>\n<td width=\"19.4200%\">25000~35000 metrekare<\/td>\n<td width=\"20.5400%\">28000~38000 metrekare<\/td>\n<td width=\"19.4200%\">37000~49000 metrekare<\/td>\n<td width=\"19.4200%\">43000~57000 metrekare<\/td>\n<\/tr>\n<tr>\n<td width=\"21.1600%\">Saat ba\u015f\u0131na \u0131s\u0131 t\u00fcketimi:<\/td>\n<td width=\"19.4200%\">Maks. 400000 kcal<\/td>\n<td width=\"20.5400%\">Maks. 400000 kcal<\/td>\n<td width=\"19.4200%\">Maks. 600000 kcal<\/td>\n<td width=\"19.4200%\">Maks. 600000 kcal<\/td>\n<\/tr>\n<tr>\n<td width=\"21.1600%\">\u0130\u015f\u00e7i :<\/td>\n<td width=\"19.4200%\">2~3 i\u015f\u00e7i<\/td>\n<td width=\"20.5400%\">2~3 i\u015f\u00e7i<\/td>\n<td width=\"19.4200%\">2~3 i\u015f\u00e7i<\/td>\n<td width=\"19.4200%\">2~3 i\u015f\u00e7i<\/td>\n<\/tr>\n<\/tbody>\n<\/table>\n<p><img fetchpriority=\"high\" decoding=\"async\" class=\"alignnone size-full wp-image-3876\" src=\"https:\/\/wxplastmachine.com\/wp-content\/uploads\/2024\/11\/\u5fae\u4fe1\u622a\u56fe_20241105160504.jpg\" alt=\"\" width=\"800\" height=\"800\" srcset=\"https:\/\/wxplastmachine.com\/wp-content\/uploads\/2024\/11\/\u5fae\u4fe1\u622a\u56fe_20241105160504.jpg 800w, https:\/\/wxplastmachine.com\/wp-content\/uploads\/2024\/11\/\u5fae\u4fe1\u622a\u56fe_20241105160504-300x300.jpg 300w, https:\/\/wxplastmachine.com\/wp-content\/uploads\/2024\/11\/\u5fae\u4fe1\u622a\u56fe_20241105160504-150x150.jpg 150w, https:\/\/wxplastmachine.com\/wp-content\/uploads\/2024\/11\/\u5fae\u4fe1\u622a\u56fe_20241105160504-768x768.jpg 768w, https:\/\/wxplastmachine.com\/wp-content\/uploads\/2024\/11\/\u5fae\u4fe1\u622a\u56fe_20241105160504-12x12.jpg 12w, https:\/\/wxplastmachine.com\/wp-content\/uploads\/2024\/11\/\u5fae\u4fe1\u622a\u56fe_20241105160504-600x600.jpg 600w, https:\/\/wxplastmachine.com\/wp-content\/uploads\/2024\/11\/\u5fae\u4fe1\u622a\u56fe_20241105160504-100x100.jpg 100w\" sizes=\"(max-width: 800px) 100vw, 800px\" \/> <img decoding=\"async\" class=\"alignnone size-full wp-image-3878\" src=\"https:\/\/wxplastmachine.com\/wp-content\/uploads\/2024\/11\/\u5fae\u4fe1\u622a\u56fe_20241105161121.jpg\" alt=\"\" width=\"1363\" height=\"594\" srcset=\"https:\/\/wxplastmachine.com\/wp-content\/uploads\/2024\/11\/\u5fae\u4fe1\u622a\u56fe_20241105161121.jpg 1363w, https:\/\/wxplastmachine.com\/wp-content\/uploads\/2024\/11\/\u5fae\u4fe1\u622a\u56fe_20241105161121-300x131.jpg 300w, https:\/\/wxplastmachine.com\/wp-content\/uploads\/2024\/11\/\u5fae\u4fe1\u622a\u56fe_20241105161121-1024x446.jpg 1024w, https:\/\/wxplastmachine.com\/wp-content\/uploads\/2024\/11\/\u5fae\u4fe1\u622a\u56fe_20241105161121-768x335.jpg 768w, https:\/\/wxplastmachine.com\/wp-content\/uploads\/2024\/11\/\u5fae\u4fe1\u622a\u56fe_20241105161121-18x8.jpg 18w, https:\/\/wxplastmachine.com\/wp-content\/uploads\/2024\/11\/\u5fae\u4fe1\u622a\u56fe_20241105161121-600x261.jpg 600w\" sizes=\"(max-width: 1363px) 100vw, 1363px\" \/> <img decoding=\"async\" class=\"alignnone size-full wp-image-3880\" src=\"https:\/\/wxplastmachine.com\/wp-content\/uploads\/2024\/11\/\u5fae\u4fe1\u622a\u56fe_20241105161411.png\" alt=\"\" width=\"800\" height=\"800\" srcset=\"https:\/\/wxplastmachine.com\/wp-content\/uploads\/2024\/11\/\u5fae\u4fe1\u622a\u56fe_20241105161411.png 800w, https:\/\/wxplastmachine.com\/wp-content\/uploads\/2024\/11\/\u5fae\u4fe1\u622a\u56fe_20241105161411-300x300.png 300w, https:\/\/wxplastmachine.com\/wp-content\/uploads\/2024\/11\/\u5fae\u4fe1\u622a\u56fe_20241105161411-150x150.png 150w, https:\/\/wxplastmachine.com\/wp-content\/uploads\/2024\/11\/\u5fae\u4fe1\u622a\u56fe_20241105161411-768x768.png 768w, https:\/\/wxplastmachine.com\/wp-content\/uploads\/2024\/11\/\u5fae\u4fe1\u622a\u56fe_20241105161411-12x12.png 12w, https:\/\/wxplastmachine.com\/wp-content\/uploads\/2024\/11\/\u5fae\u4fe1\u622a\u56fe_20241105161411-600x600.png 600w, https:\/\/wxplastmachine.com\/wp-content\/uploads\/2024\/11\/\u5fae\u4fe1\u622a\u56fe_20241105161411-100x100.png 100w\" sizes=\"(max-width: 800px) 100vw, 800px\" \/><\/p>","protected":false},"excerpt":{"rendered":"<p>PE Protective film Coating Machine This Machine used to produce PE protective film jumbo rolls. Surface protective for building materials, household appliances, electronic products a)Aluminum alloy doors and windows, Steel plate surface protection, Aluminum composite plate b)Refrigerator, TV, air conditioner etc. c)Temporary protection of electronic product screen etc. The main structures are unwinder , coater, [&hellip;]<\/p>","protected":false},"featured_media":3877,"comment_status":"open","ping_status":"closed","template":"","meta":{"site-sidebar-layout":"default","site-content-layout":"","ast-site-content-layout":"default","site-content-style":"default","site-sidebar-style":"default","ast-global-header-display":"","ast-banner-title-visibility":"","ast-main-header-display":"","ast-hfb-above-header-display":"","ast-hfb-below-header-display":"","ast-hfb-mobile-header-display":"","site-post-title":"","ast-breadcrumbs-content":"","ast-featured-img":"","footer-sml-layout":"","theme-transparent-header-meta":"default","adv-header-id-meta":"","stick-header-meta":"","header-above-stick-meta":"","header-main-stick-meta":"","header-below-stick-meta":"","astra-migrate-meta-layouts":"set","ast-page-background-enabled":"default","ast-page-background-meta":{"desktop":{"background-color":"","background-image":"","background-repeat":"repeat","background-position":"center center","background-size":"auto","background-attachment":"scroll","background-type":"","background-media":"","overlay-type":"","overlay-color":"","overlay-gradient":""},"tablet":{"background-color":"","background-image":"","background-repeat":"repeat","background-position":"center center","background-size":"auto","background-attachment":"scroll","background-type":"","background-media":"","overlay-type":"","overlay-color":"","overlay-gradient":""},"mobile":{"background-color":"","background-image":"","background-repeat":"repeat","background-position":"center center","background-size":"auto","background-attachment":"scroll","background-type":"","background-media":"","overlay-type":"","overlay-color":"","overlay-gradient":""}},"ast-content-background-meta":{"desktop":{"background-color":"var(--ast-global-color-5)","background-image":"","background-repeat":"repeat","background-position":"center center","background-size":"auto","background-attachment":"scroll","background-type":"","background-media":"","overlay-type":"","overlay-color":"","overlay-gradient":""},"tablet":{"background-color":"var(--ast-global-color-5)","background-image":"","background-repeat":"repeat","background-position":"center center","background-size":"auto","background-attachment":"scroll","background-type":"","background-media":"","overlay-type":"","overlay-color":"","overlay-gradient":""},"mobile":{"background-color":"var(--ast-global-color-5)","background-image":"","background-repeat":"repeat","background-position":"center center","background-size":"auto","background-attachment":"scroll","background-type":"","background-media":"","overlay-type":"","overlay-color":"","overlay-gradient":""}}},"product_cat":[199,214],"product_tag":[],"jetpack_sharing_enabled":true,"_links":{"self":[{"href":"https:\/\/wxplastmachine.com\/tr\/wp-json\/wp\/v2\/product\/3875"}],"collection":[{"href":"https:\/\/wxplastmachine.com\/tr\/wp-json\/wp\/v2\/product"}],"about":[{"href":"https:\/\/wxplastmachine.com\/tr\/wp-json\/wp\/v2\/types\/product"}],"replies":[{"embeddable":true,"href":"https:\/\/wxplastmachine.com\/tr\/wp-json\/wp\/v2\/comments?post=3875"}],"wp:featuredmedia":[{"embeddable":true,"href":"https:\/\/wxplastmachine.com\/tr\/wp-json\/wp\/v2\/media\/3877"}],"wp:attachment":[{"href":"https:\/\/wxplastmachine.com\/tr\/wp-json\/wp\/v2\/media?parent=3875"}],"wp:term":[{"taxonomy":"product_cat","embeddable":true,"href":"https:\/\/wxplastmachine.com\/tr\/wp-json\/wp\/v2\/product_cat?post=3875"},{"taxonomy":"product_tag","embeddable":true,"href":"https:\/\/wxplastmachine.com\/tr\/wp-json\/wp\/v2\/product_tag?post=3875"}],"curies":[{"name":"wp","href":"https:\/\/api.w.org\/{rel}","templated":true}]}}