{"id":3900,"date":"2024-11-06T22:49:43","date_gmt":"2024-11-06T14:49:43","guid":{"rendered":"https:\/\/wxplastmachine.com\/?post_type=product&#038;p=3900"},"modified":"2024-11-06T22:49:43","modified_gmt":"2024-11-06T14:49:43","slug":"high-speed-dry-laminating-machine-for-plastic-film-paper-aluminum-foil","status":"publish","type":"product","link":"https:\/\/wxplastmachine.com\/tr\/urun\/high-speed-dry-laminating-machine-for-plastic-film-paper-aluminum-foil","title":{"rendered":"Plastik Film Ka\u011f\u0131t Al\u00fcminyum Folyo \u0130\u00e7in Y\u00fcksek H\u0131zl\u0131 Kuru Laminasyon Makinesi"},"content":{"rendered":"<p>Y\u00fcksek H\u0131zl\u0131 Kuru Laminasyon Makinesi, bopp, pet, cpp, pe, ka\u011f\u0131t, al\u00fcminyum folyo, dokunmam\u0131\u015f vb. laminasyon yapmak i\u00e7in kullan\u0131l\u0131r, 120m \/ dk'ya kadar i\u015fleyebilir, verimli ve h\u0131zl\u0131 \u00fcretim sa\u011flar, yiyecek ve i\u00e7ecek gibi b\u00fcy\u00fck \u00f6l\u00e7ekli end\u00fcstriler i\u00e7in idealdir yumu\u015fak ambalaj ve matbaalar vb.<\/p>\n<h3><strong><b>Ana \u00f6zellikleri:<\/b><\/strong><\/h3>\n<p>1. tutkal ve laminasyon kayna\u011f\u0131 \u00e7ift motor kullan\u0131r, \u00e7ift invert\u00f6r senkronlar\u0131 h\u0131z\u0131 ayarlar<\/p>\n<p>2. filmi sorunsuz bir \u015fekilde sar\u0131n, hat h\u0131z\u0131n\u0131 senkronize edin<\/p>\n<p>3. brige tipi \u0131s\u0131 f\u0131r\u0131n\u0131, d\u00f6rt segmentli ayr\u0131 sabit \u0131s\u0131tma sistemi. (se\u00e7enekler: \u0131s\u0131 f\u0131r\u0131n\u0131 ay\u0131nda otomatik d\u00fczeltme ekleyin)<\/p>\n<p>4. tutkal ve laminasyon tedariki pn\u00f6matik tip pres silindiri kullan\u0131n<\/p>\n<p>5. tutkal sa\u011flamak i\u00e7in iki y\u00f6ntem: b\u0131\u00e7ak ve s\u0131kma, \u00fcretimlere ba\u011fl\u0131 olarak se\u00e7ebilirsiniz 6. \u00e7\u00f6zme ve geri sarma toz gerginlik kontrol\u00fc kullan\u0131n<\/p>\n<p>7. Segment sistemini kullanarak s\u0131cakl\u0131\u011f\u0131 en iyi istasyonda kontrol edebilir<\/p>\n<p>8. ilk \u00e7\u00f6zme kullan\u0131m\u0131 otomatik d\u00fczeltme<\/p>\n<p>9. ikinci \u00e7\u00f6zme \u00e7ift \u00e7al\u0131\u015fma istasyonu kullan\u0131n<\/p>\n<p><strong><b>Teknik Parametreler:<\/b><\/strong><\/p>\n<table>\n<tbody>\n<tr>\n<td width=\"41.8600%\">Model<\/td>\n<td width=\"58.1200%\">GF-1100<\/td>\n<\/tr>\n<tr>\n<td width=\"41.8600%\">Uygun malzeme<\/td>\n<td width=\"58.1200%\">BOPP, PET, PE, Al\u00fcminyum folyo, Ka\u011f\u0131t vb.<\/td>\n<\/tr>\n<tr>\n<td width=\"41.8600%\">Maksimum yap\u0131\u015ft\u0131rma silindiri geni\u015fli\u011fi<\/td>\n<td width=\"58.1200%\">1050 mm<\/td>\n<\/tr>\n<tr>\n<td width=\"41.8600%\">Maksimum laminasyon silindiri geni\u015fli\u011fi<\/td>\n<td width=\"58.1200%\">1050 mm<\/td>\n<\/tr>\n<tr>\n<td width=\"41.8600%\">Maksimum laminasyon geni\u015fli\u011fi<\/td>\n<td width=\"58.1200%\">1100 mm<\/td>\n<\/tr>\n<tr>\n<td width=\"41.8600%\">Laminasyon katmanlar\u0131<\/td>\n<td width=\"58.1200%\">2 kat<\/td>\n<\/tr>\n<tr>\n<td width=\"41.8600%\">Mekanik h\u0131z<\/td>\n<td width=\"58.1200%\">10-140 m\/dak<\/td>\n<\/tr>\n<tr>\n<td width=\"41.8600%\">Laminasyon h\u0131z\u0131<\/td>\n<td width=\"58.1200%\">10-120 m\/dak<\/td>\n<\/tr>\n<tr>\n<td width=\"41.8600%\">\u00c7\u00f6zme \u00e7ap\u0131<\/td>\n<td width=\"58.1200%\">\u03a6 600 mm<\/td>\n<\/tr>\n<tr>\n<td width=\"41.8600%\">Geri sarma \u00e7ap\u0131<\/td>\n<td width=\"58.1200%\">\u03a6 600 mm<\/td>\n<\/tr>\n<tr>\n<td width=\"41.8600%\">Is\u0131tma uzunlu\u011fu<\/td>\n<td width=\"58.1200%\">8 m<\/td>\n<\/tr>\n<tr>\n<td width=\"41.8600%\">F\u0131r\u0131n s\u0131cakl\u0131\u011f\u0131<\/td>\n<td width=\"58.1200%\">120\u2103<\/td>\n<\/tr>\n<tr>\n<td width=\"41.8600%\">K\u0131lavuz silindir geni\u015fli\u011fi<\/td>\n<td width=\"58.1200%\">1030 mm<\/td>\n<\/tr>\n<tr>\n<td width=\"41.8600%\">Makine g\u00f6vdesi geni\u015fli\u011fi<\/td>\n<td width=\"58.1200%\">1280 mm<\/td>\n<\/tr>\n<tr>\n<td width=\"41.8600%\">Toplam g\u00fc\u00e7<\/td>\n<td width=\"58.1200%\">Yakla\u015f\u0131k 78 kw<\/td>\n<\/tr>\n<tr>\n<td width=\"41.8600%\">A\u011f\u0131rl\u0131k<\/td>\n<td width=\"58.1200%\">Yakla\u015f\u0131k 7 Ton<\/td>\n<\/tr>\n<tr>\n<td width=\"41.8600%\">Genel boyutlar<\/td>\n<td width=\"58.1200%\">9600(L)\u00d72260(W)\u00d73150(H) mm<\/td>\n<\/tr>\n<tr>\n<td width=\"41.8600%\">Makine rengi<\/td>\n<td width=\"58.1200%\">beyaz<\/td>\n<\/tr>\n<\/tbody>\n<\/table>\n<p>HANGI T\u00dcR MAKINELERIN SIZIN I\u00c7IN UYGUN OLDU\u011eUNU NASIL TEYIT EDEBILIRSINIZ: L\u00dcTFEN A\u015eA\u011eIDAKI SORULARI YANITLAMAYA \u00c7ALI\u015eIN<\/p>\n<p>1. NE T\u00dcR \u00dcR\u00dcNLER \u00dcRETMEK ISTIYORSUNUZ?<\/p>\n<p>2. ORIJINAL JUMBO SILINDIR GENI\u015eLI\u011eINIZ NEDIR?<\/p>\n<p>3. NE KADAR MAKINE HIZINA IHTIYACINIZ VAR?<\/p>\n<p>4. \u00dcR\u00dcNLERINIZIN \u00d6ZELLIKLERI NEDIR? GEN\u0130\u015eL\u0130K? KALINLIK? GER\u00c7EK FOTO\u011eRAF? VEYA \u00c7I\u0307ZI\u0307MLER?<\/p>\n<p>5. FILM KALINLI\u011eINIZ NEDIR?<\/p>\n<p>6. NE T\u00dcR YAPI\u015eTIRICILARINIZ VAR? SOLVENT? VEYA \u00c7\u00d6Z\u00dcC\u00dcS\u00dcZ? SU BAZLI YAPI\u015eTIRICI? YA\u011e BAZLI YAPI\u015eTIRICI? (TUTKAL \u00d6ZELLIKLERI. AYRINTILI OLARAK DAHA IYI OLACAKTIR)<\/p>\n<p>Makinemiz:<\/p>\n<p>1.1 TEK KATMANLI FILM KAPLAMA MAKINESI.  \u00c7\u00d6ZME \u00dcNITESI - KAPLAMA \u00dcNITESI - KURU FIRIN \u00dcNITESI - SO\u011eUTMA \u00dcNITESI - GERI SARMA \u00dcNITESI I\u00c7ERIR<\/p>\n<p>2.2-7 KAT KAPLAMA LAMINAT MAKINESI. \u00c7\u00d6ZME \u00dcNITESI-KAPLAMA \u00dcNITESI-LAMINAT \u00dcNITESI-KURU FIRIN \u00dcNITESI-SO\u011eUTMA \u00dcNITESI-GERI SARMA \u00dcNITESI I\u00c7ERIR<\/p>\n<p>3. KAPLAMA LAMINAT MAKINESI \u015eUNLARI I\u00c7ERIR: SOLVENT MAKINESI VE SOLVENTSIZ MAKINE<\/p>\n<p>4. SOLVENT MAKINESI \u015eUNLARI I\u00c7ERIR: KURU TASARIM MAKINESI VE ISLAK TASARIM MAKINESI<\/p>\n<p>5. FARKLI MAKINE TASARIM TEKNOLOJISINE BA\u011eLI OLARAK FARKLI TUTKAL YAPI\u015eTIRICI<\/p>\n<p>6. FARKLI FILM \u00d6ZELLIKLERI FARKLI MAKINE \u00d6ZELLIKLERINE BA\u011eLIDIR.<\/p>\n<p><img fetchpriority=\"high\" decoding=\"async\" class=\"alignnone size-full wp-image-3910\" src=\"https:\/\/wxplastmachine.com\/wp-content\/uploads\/2024\/11\/\u5fae\u4fe1\u622a\u56fe_20241106165209.jpg\" alt=\"\" width=\"718\" height=\"398\" srcset=\"https:\/\/wxplastmachine.com\/wp-content\/uploads\/2024\/11\/\u5fae\u4fe1\u622a\u56fe_20241106165209.jpg 718w, https:\/\/wxplastmachine.com\/wp-content\/uploads\/2024\/11\/\u5fae\u4fe1\u622a\u56fe_20241106165209-300x166.jpg 300w, https:\/\/wxplastmachine.com\/wp-content\/uploads\/2024\/11\/\u5fae\u4fe1\u622a\u56fe_20241106165209-18x10.jpg 18w, https:\/\/wxplastmachine.com\/wp-content\/uploads\/2024\/11\/\u5fae\u4fe1\u622a\u56fe_20241106165209-600x333.jpg 600w\" sizes=\"(max-width: 718px) 100vw, 718px\" \/> <img decoding=\"async\" class=\"alignnone size-full wp-image-3904\" src=\"https:\/\/wxplastmachine.com\/wp-content\/uploads\/2024\/11\/\u5fae\u4fe1\u622a\u56fe_20241106162830.jpg\" alt=\"\" width=\"1347\" height=\"532\" srcset=\"https:\/\/wxplastmachine.com\/wp-content\/uploads\/2024\/11\/\u5fae\u4fe1\u622a\u56fe_20241106162830.jpg 1347w, https:\/\/wxplastmachine.com\/wp-content\/uploads\/2024\/11\/\u5fae\u4fe1\u622a\u56fe_20241106162830-300x118.jpg 300w, https:\/\/wxplastmachine.com\/wp-content\/uploads\/2024\/11\/\u5fae\u4fe1\u622a\u56fe_20241106162830-1024x404.jpg 1024w, https:\/\/wxplastmachine.com\/wp-content\/uploads\/2024\/11\/\u5fae\u4fe1\u622a\u56fe_20241106162830-768x303.jpg 768w, https:\/\/wxplastmachine.com\/wp-content\/uploads\/2024\/11\/\u5fae\u4fe1\u622a\u56fe_20241106162830-18x7.jpg 18w, https:\/\/wxplastmachine.com\/wp-content\/uploads\/2024\/11\/\u5fae\u4fe1\u622a\u56fe_20241106162830-600x237.jpg 600w\" sizes=\"(max-width: 1347px) 100vw, 1347px\" \/> <img decoding=\"async\" class=\"alignnone size-full wp-image-3907\" src=\"https:\/\/wxplastmachine.com\/wp-content\/uploads\/2024\/11\/\u5fae\u4fe1\u622a\u56fe_20241106164503.jpg\" alt=\"\" width=\"1290\" height=\"598\" srcset=\"https:\/\/wxplastmachine.com\/wp-content\/uploads\/2024\/11\/\u5fae\u4fe1\u622a\u56fe_20241106164503.jpg 1290w, https:\/\/wxplastmachine.com\/wp-content\/uploads\/2024\/11\/\u5fae\u4fe1\u622a\u56fe_20241106164503-300x139.jpg 300w, https:\/\/wxplastmachine.com\/wp-content\/uploads\/2024\/11\/\u5fae\u4fe1\u622a\u56fe_20241106164503-1024x475.jpg 1024w, https:\/\/wxplastmachine.com\/wp-content\/uploads\/2024\/11\/\u5fae\u4fe1\u622a\u56fe_20241106164503-768x356.jpg 768w, https:\/\/wxplastmachine.com\/wp-content\/uploads\/2024\/11\/\u5fae\u4fe1\u622a\u56fe_20241106164503-18x8.jpg 18w, https:\/\/wxplastmachine.com\/wp-content\/uploads\/2024\/11\/\u5fae\u4fe1\u622a\u56fe_20241106164503-600x278.jpg 600w\" sizes=\"(max-width: 1290px) 100vw, 1290px\" \/><\/p>","protected":false},"excerpt":{"rendered":"<p>High Speed Dry Laminating Machine\u00a0is used to laminate bopp, pet, cpp, pe, paper, aluminum foil, non-woven ect.,\u00a0It can process up to 120m\/min, ensuring efficient and rapid production, ideal for large-scale industries such as food &amp; beverage soft packaging,\u00a0and printing shops,etc. Main characteristics: 1.supply glue and laminating use double motor,double inverter synchronos adjust speed 2.wind film [&hellip;]<\/p>","protected":false},"featured_media":3901,"comment_status":"open","ping_status":"closed","template":"","meta":{"site-sidebar-layout":"default","site-content-layout":"","ast-site-content-layout":"default","site-content-style":"default","site-sidebar-style":"default","ast-global-header-display":"","ast-banner-title-visibility":"","ast-main-header-display":"","ast-hfb-above-header-display":"","ast-hfb-below-header-display":"","ast-hfb-mobile-header-display":"","site-post-title":"","ast-breadcrumbs-content":"","ast-featured-img":"","footer-sml-layout":"","theme-transparent-header-meta":"default","adv-header-id-meta":"","stick-header-meta":"","header-above-stick-meta":"","header-main-stick-meta":"","header-below-stick-meta":"","astra-migrate-meta-layouts":"set","ast-page-background-enabled":"default","ast-page-background-meta":{"desktop":{"background-color":"","background-image":"","background-repeat":"repeat","background-position":"center center","background-size":"auto","background-attachment":"scroll","background-type":"","background-media":"","overlay-type":"","overlay-color":"","overlay-gradient":""},"tablet":{"background-color":"","background-image":"","background-repeat":"repeat","background-position":"center center","background-size":"auto","background-attachment":"scroll","background-type":"","background-media":"","overlay-type":"","overlay-color":"","overlay-gradient":""},"mobile":{"background-color":"","background-image":"","background-repeat":"repeat","background-position":"center center","background-size":"auto","background-attachment":"scroll","background-type":"","background-media":"","overlay-type":"","overlay-color":"","overlay-gradient":""}},"ast-content-background-meta":{"desktop":{"background-color":"var(--ast-global-color-5)","background-image":"","background-repeat":"repeat","background-position":"center center","background-size":"auto","background-attachment":"scroll","background-type":"","background-media":"","overlay-type":"","overlay-color":"","overlay-gradient":""},"tablet":{"background-color":"var(--ast-global-color-5)","background-image":"","background-repeat":"repeat","background-position":"center center","background-size":"auto","background-attachment":"scroll","background-type":"","background-media":"","overlay-type":"","overlay-color":"","overlay-gradient":""},"mobile":{"background-color":"var(--ast-global-color-5)","background-image":"","background-repeat":"repeat","background-position":"center center","background-size":"auto","background-attachment":"scroll","background-type":"","background-media":"","overlay-type":"","overlay-color":"","overlay-gradient":""}}},"product_cat":[202,199],"product_tag":[],"jetpack_sharing_enabled":true,"_links":{"self":[{"href":"https:\/\/wxplastmachine.com\/tr\/wp-json\/wp\/v2\/product\/3900"}],"collection":[{"href":"https:\/\/wxplastmachine.com\/tr\/wp-json\/wp\/v2\/product"}],"about":[{"href":"https:\/\/wxplastmachine.com\/tr\/wp-json\/wp\/v2\/types\/product"}],"replies":[{"embeddable":true,"href":"https:\/\/wxplastmachine.com\/tr\/wp-json\/wp\/v2\/comments?post=3900"}],"wp:featuredmedia":[{"embeddable":true,"href":"https:\/\/wxplastmachine.com\/tr\/wp-json\/wp\/v2\/media\/3901"}],"wp:attachment":[{"href":"https:\/\/wxplastmachine.com\/tr\/wp-json\/wp\/v2\/media?parent=3900"}],"wp:term":[{"taxonomy":"product_cat","embeddable":true,"href":"https:\/\/wxplastmachine.com\/tr\/wp-json\/wp\/v2\/product_cat?post=3900"},{"taxonomy":"product_tag","embeddable":true,"href":"https:\/\/wxplastmachine.com\/tr\/wp-json\/wp\/v2\/product_tag?post=3900"}],"curies":[{"name":"wp","href":"https:\/\/api.w.org\/{rel}","templated":true}]}}