{"id":2661,"date":"2024-07-16T10:44:50","date_gmt":"2024-07-16T02:44:50","guid":{"rendered":"https:\/\/wxplastmachine.com\/?post_type=product&#038;p=2661"},"modified":"2024-08-03T03:07:10","modified_gmt":"2024-08-02T19:07:10","slug":"wx-ab50-55-60-two-layer-co-extrusion-film-blowing-machine","status":"publish","type":"product","link":"https:\/\/wxplastmachine.com\/zh\/product\/wx-ab50-55-60-two-layer-co-extrusion-film-blowing-machine","title":{"rendered":"WX-AB50\/55\/60 \u4e24\u5c42\u5171\u6324\u5439\u819c\u673a"},"content":{"rendered":"<p><strong><b>\u4ea7\u54c1\u8bf4\u660e<\/b><\/strong><\/p>\n<p>\u6211\u516c\u53f8\u751f\u4ea7\u7684 AB \u578b\u53cc\u5c42\u5171\u6324\u5439\u819c\u673a\u751f\u4ea7\u7ebf\u9002\u7528\u4e8e\u5439\u5236\u9ad8\u5bc6\u5ea6\u805a\u4e59\u70ef\u3001\u4f4e\u5bc6\u5ea6\u805a\u4e59\u70ef\u548c\u7ebf\u578b\u4f4e\u5bc6\u5ea6\u805a\u4e59\u70ef\u3002\u4ea7\u54c1\u5e7f\u6cdb\u5e94\u7528\u4e8e\u5730\u819c\u3001\u519c\u819c\u3001\u8f6f\u5305\u88c5\u819c\u7b49\u9886\u57df\u3002<\/p>\n<p><strong><b>\u4e3b\u8981\u6280\u672f\u53c2\u6570<\/b><\/strong><\/p>\n<table>\n<tbody>\n<tr>\n<td width=\"148\">\u6a21\u578b<\/td>\n<td width=\"94\">WX-AB50\/800<\/td>\n<td width=\"88\">WX-AB55\/1000<\/td>\n<td width=\"88\">WX-AB60\/1200<\/td>\n<\/tr>\n<tr>\n<td width=\"148\">\u87ba\u4e1d\u76f4\u5f84<\/td>\n<td width=\"94\">50\u00d7 2<\/td>\n<td width=\"88\">55\u00d7 2<\/td>\n<td width=\"88\">60\u00d7 2<\/td>\n<\/tr>\n<tr>\n<td width=\"148\">L\/D<\/td>\n<td width=\"94\">28: 1<\/td>\n<td width=\"88\">28: 1<\/td>\n<td width=\"88\">28: 1<\/td>\n<\/tr>\n<tr>\n<td width=\"148\">\u7f29\u5c0f\u7684\u8584\u819c\u76f4\u5f84\uff08\u6beb\u7c73\uff09<\/td>\n<td width=\"94\">800<\/td>\n<td width=\"88\">1000<\/td>\n<td width=\"88\">1200<\/td>\n<\/tr>\n<tr>\n<td width=\"148\">\u5355\u9762 \u8584\u819c\u539a\u5ea6\uff08\u6beb\u7c73\uff09<\/td>\n<td width=\"94\">0.015-0.10<\/td>\n<td width=\"88\">0.015-0.10<\/td>\n<td width=\"88\">0.015-0.10<\/td>\n<\/tr>\n<tr>\n<td width=\"148\">\u6700\u5927\u8f93\u51fa\u4ea7\u91cf\uff08\u516c\u65a4\/\u5c0f\u65f6\uff09<\/td>\n<td width=\"94\">40<\/td>\n<td width=\"88\">65<\/td>\n<td width=\"88\">80<\/td>\n<\/tr>\n<tr>\n<td width=\"148\">\u4e3b\u7535\u673a\u529f\u7387\uff08\u5343\u74e6\uff09<\/td>\n<td width=\"94\">11\u00d7 2<\/td>\n<td width=\"88\">15\u00d7 2<\/td>\n<td width=\"88\">18.5\u00d7 2<\/td>\n<\/tr>\n<tr>\n<td width=\"148\">\u52a0\u70ed\u529f\u7387\uff08\u5343\u74e6\uff09<\/td>\n<td width=\"94\">26<\/td>\n<td width=\"88\">30<\/td>\n<td width=\"88\">42<\/td>\n<\/tr>\n<tr>\n<td width=\"148\">\u5916\u5f62\u76f4\u5f84\uff08\u957f\u00d7\u5bbd\u00d7\u9ad8\uff09\uff08\u6beb\u7c73\uff09<\/td>\n<td width=\"94\">4200\u00d7 2200\u00d7 4000<\/td>\n<td width=\"88\">4600\u00d7 2400\u00d7 4600<\/td>\n<td width=\"88\">5000\u00d7 2800\u00d7 5000<\/td>\n<\/tr>\n<tr>\n<td width=\"148\">\u91cd\u91cf\uff08T\uff09<\/td>\n<td width=\"94\">4<\/td>\n<td width=\"88\">5<\/td>\n<td width=\"88\">6<\/td>\n<\/tr>\n<\/tbody>\n<\/table>\n<p><strong><b>\u5e38\u89c1\u95ee\u9898\uff1a<\/b><\/strong><\/p>\n<p>1.\u8d35\u516c\u53f8\u7684\u4ea7\u54c1\u8d28\u4fdd\u5982\u4f55\uff1f<br \/>\n\u4fdd\u4fee\u671f\u4e3a\u4e00\u5e74\uff0812 \u4e2a\u6708\uff09\uff0c\u4ece\u96c6\u88c5\u7bb1\u5230\u8fbe\u5ba2\u6237\u5de5\u5382\u4e4b\u65e5\u8d77\u8ba1\u7b97\u3002\u5728\u4fdd\u4fee\u671f\u5185\uff0c\u5982\u679c\u673a\u5668\u96f6\u4ef6\u56e0\u8d28\u91cf\u95ee\u9898\u800c\u635f\u574f\uff0c\u6211\u4eec\u5c06\u514d\u8d39\u5bc4\u9001\u65b0\u96f6\u4ef6\uff08\u4efb\u4f55\u4eba\u4e3a\u8bef\u64cd\u4f5c\u6216\u9884\u5148\u7834\u574f\u5747\u4e0d\u5728\u8d28\u91cf\u4fdd\u8bc1\u8303\u56f4\u5185\uff09\u3002<\/p>\n<p>2.\u4f60\u4eec\u7684\u4ed8\u6b3e\u548c\u4ea4\u8d27\u6761\u6b3e\u662f\u4ec0\u4e48\uff1f<br \/>\n\u4ed8\u6b3e\u671f\u9650\uff1a<br \/>\n1) T\/T, 30% \u4f5c\u4e3a\u9884\u4ed8\u6b3e\uff0c70% \u5728\u4ea4\u8d27\u524d\u652f\u4ed8\u3002<br \/>\n2) \u4fe1\u7528\u8bc1\uff0c30% \u4e3a\u7535\u6c47\uff0c70% \u4e3a\u89c1\u7968\u5373\u4ed8\u3002<br \/>\n\u4ea4\u8d27\u65f6\u95f4\uff1a\u6807\u51c6\u4e3a 30-40 \u4e2a\u5de5\u4f5c\u65e5<\/p>\n<p>3.\u5982\u679c\u8ba2\u8d2d\u673a\u5668\uff0c\u6211\u4eec\u53ef\u4ee5\u83b7\u5f97\u54ea\u4e9b\u6280\u672f\u652f\u6301\uff1f<br \/>\n\u6211\u4eec\u53ef\u4ee5\u63d0\u4f9b\u5b89\u88c5\u56fe\u7eb8\u3001\u57fa\u672c\u64cd\u4f5c\u6307\u5357\u3001\u89c6\u9891\u548c\u56fe\u7247\u64cd\u4f5c\u8bf4\u660e\uff0c\u5fc5\u8981\u65f6\u8fd8\u53ef\u4ee5\u63d0\u4f9b\u5728\u7ebf\u89c6\u9891\u7535\u8bdd\u6280\u672f\u652f\u6301\u3002<\/p>","protected":false},"excerpt":{"rendered":"<p>Product Description: The\u00a0production line of AB two-layer co-extrusion blown film machines produced by our company is suitable for blowing high-density polyethylene, low-density polyethylene and linear low-density polyethylene. The products are widely used in Mulch film,agricultural film, flexible packaging film. Main Technical Parameters: Model WX-AB50\/800 WX-AB55\/1000 WX-AB60\/1200 Diameter of screw 50\u00d7 2 55\u00d7 2 60\u00d7 2 [&hellip;]<\/p>","protected":false},"featured_media":2898,"comment_status":"open","ping_status":"closed","template":"","meta":{"site-sidebar-layout":"default","site-content-layout":"","ast-site-content-layout":"default","site-content-style":"default","site-sidebar-style":"default","ast-global-header-display":"","ast-banner-title-visibility":"","ast-main-header-display":"","ast-hfb-above-header-display":"","ast-hfb-below-header-display":"","ast-hfb-mobile-header-display":"","site-post-title":"","ast-breadcrumbs-content":"","ast-featured-img":"","footer-sml-layout":"","theme-transparent-header-meta":"default","adv-header-id-meta":"","stick-header-meta":"","header-above-stick-meta":"","header-main-stick-meta":"","header-below-stick-meta":"","astra-migrate-meta-layouts":"set","ast-page-background-enabled":"default","ast-page-background-meta":{"desktop":{"background-color":"","background-image":"","background-repeat":"repeat","background-position":"center center","background-size":"auto","background-attachment":"scroll","background-type":"","background-media":"","overlay-type":"","overlay-color":"","overlay-gradient":""},"tablet":{"background-color":"","background-image":"","background-repeat":"repeat","background-position":"center center","background-size":"auto","background-attachment":"scroll","background-type":"","background-media":"","overlay-type":"","overlay-color":"","overlay-gradient":""},"mobile":{"background-color":"","background-image":"","background-repeat":"repeat","background-position":"center center","background-size":"auto","background-attachment":"scroll","background-type":"","background-media":"","overlay-type":"","overlay-color":"","overlay-gradient":""}},"ast-content-background-meta":{"desktop":{"background-color":"var(--ast-global-color-5)","background-image":"","background-repeat":"repeat","background-position":"center center","background-size":"auto","background-attachment":"scroll","background-type":"","background-media":"","overlay-type":"","overlay-color":"","overlay-gradient":""},"tablet":{"background-color":"var(--ast-global-color-5)","background-image":"","background-repeat":"repeat","background-position":"center center","background-size":"auto","background-attachment":"scroll","background-type":"","background-media":"","overlay-type":"","overlay-color":"","overlay-gradient":""},"mobile":{"background-color":"var(--ast-global-color-5)","background-image":"","background-repeat":"repeat","background-position":"center center","background-size":"auto","background-attachment":"scroll","background-type":"","background-media":"","overlay-type":"","overlay-color":"","overlay-gradient":""}}},"product_cat":[23,126,129],"product_tag":[],"jetpack_sharing_enabled":true,"_links":{"self":[{"href":"https:\/\/wxplastmachine.com\/zh\/wp-json\/wp\/v2\/product\/2661"}],"collection":[{"href":"https:\/\/wxplastmachine.com\/zh\/wp-json\/wp\/v2\/product"}],"about":[{"href":"https:\/\/wxplastmachine.com\/zh\/wp-json\/wp\/v2\/types\/product"}],"replies":[{"embeddable":true,"href":"https:\/\/wxplastmachine.com\/zh\/wp-json\/wp\/v2\/comments?post=2661"}],"wp:featuredmedia":[{"embeddable":true,"href":"https:\/\/wxplastmachine.com\/zh\/wp-json\/wp\/v2\/media\/2898"}],"wp:attachment":[{"href":"https:\/\/wxplastmachine.com\/zh\/wp-json\/wp\/v2\/media?parent=2661"}],"wp:term":[{"taxonomy":"product_cat","embeddable":true,"href":"https:\/\/wxplastmachine.com\/zh\/wp-json\/wp\/v2\/product_cat?post=2661"},{"taxonomy":"product_tag","embeddable":true,"href":"https:\/\/wxplastmachine.com\/zh\/wp-json\/wp\/v2\/product_tag?post=2661"}],"curies":[{"name":"wp","href":"https:\/\/api.w.org\/{rel}","templated":true}]}}